{"id":1829,"date":"2024-12-31T01:46:32","date_gmt":"2024-12-31T01:46:32","guid":{"rendered":"https:\/\/youertejx.com\/?post_type=product&#038;p=1829"},"modified":"2025-03-14T02:39:09","modified_gmt":"2025-03-14T02:39:09","slug":"bagger-baggerlader-leistungsstarker-lader-baggerlader","status":"publish","type":"product","link":"https:\/\/youertejx.com\/de\/product\/backhoe-excavator-loader-powerful-loader-backhoe\/","title":{"rendered":"Baggerlader"},"content":{"rendered":"<h5>HEISSER, neuer Mehrzweck-Baggerlader und -Lader mit Allradantrieb, 3 bis 5 Tonnen, neuer Baggerlader zu verkaufen.<\/h5>\n<p><iframe loading=\"lazy\" title=\"Baggerlader\" width=\"1500\" height=\"844\" src=\"https:\/\/www.youtube.com\/embed\/5FOKFi1JodA?feature=oembed\" frameborder=\"0\" allow=\"accelerometer; autoplay; clipboard-write; encrypted-media; gyroscope; picture-in-picture; web-share\" referrerpolicy=\"strict-origin-when-cross-origin\" allowfullscreen><\/iframe><\/p>\n<div class=\"magic-7\">\n<div class=\"magic-8\">\n<div class=\"magic-9\"><img loading=\"lazy\" decoding=\"async\" class=\"alignnone wp-image-1835\" src=\"https:\/\/youertejx.com\/wp-content\/uploads\/2024\/12\/BLxqy-300x110.jpg\" alt=\"\" width=\"750\" height=\"275\" srcset=\"https:\/\/youertejx.com\/wp-content\/uploads\/2024\/12\/BLxqy-300x110.jpg 300w, https:\/\/youertejx.com\/wp-content\/uploads\/2024\/12\/BLxqy-18x7.jpg 18w, https:\/\/youertejx.com\/wp-content\/uploads\/2024\/12\/BLxqy-600x219.jpg 600w, https:\/\/youertejx.com\/wp-content\/uploads\/2024\/12\/BLxqy.jpg 750w\" sizes=\"auto, (max-width: 750px) 100vw, 750px\" \/><\/div>\n<div>\n<h3 class=\"magic-5\" data-spm-anchor-id=\"a2700.details.0.i70.92f914b3IRJcaF\"><span class=\"magic-6\" style=\"color: #c4433c;\">Wir bieten allen Kunden au\u00dferdem (kostenlos):<\/span><\/h3>\n<div class=\"magic-7\">\n<div class=\"magic-8\">\n<div class=\"magic-9\">1.Video-Chat \u00fcber Maschinendetails (Sondermodell)<\/div>\n<div class=\"magic-9\">2. Benutzeranleitungsvideo\/Benutzerhandbuch f\u00fcr Sondermodelle\/spezielle OEM-Anforderungen an die Maschine.<\/div>\n<div class=\"magic-9\">3.Standardpaket exportieren<\/div>\n<div class=\"magic-9\">4. Dach (zwei oder vier Beine oder Stabilisatorbalken)<\/div>\n<div class=\"magic-9\">5. Ein Werkzeugkasten und ein (vielleicht zwei:) zus\u00e4tzliche Motorfilter<\/div>\n<div class=\"magic-9\">6.Wenn ein spezielles Teil w\u00e4hrend des Versands besch\u00e4digt wird, stellen wir es kostenlos zur Verf\u00fcgung<\/div>\n<div class=\"magic-9\">7. Anzahlung (30%) und Restzahlung nach Videobest\u00e4tigung aller Bestellpositionen<\/div>\n<div><img loading=\"lazy\" decoding=\"async\" class=\"alignnone wp-image-1836\" src=\"https:\/\/youertejx.com\/wp-content\/uploads\/2024\/12\/BLxqy1-300x300.jpg\" alt=\"\" width=\"750\" height=\"750\" srcset=\"https:\/\/youertejx.com\/wp-content\/uploads\/2024\/12\/BLxqy1-300x300.jpg 300w, https:\/\/youertejx.com\/wp-content\/uploads\/2024\/12\/BLxqy1-150x150.jpg 150w, https:\/\/youertejx.com\/wp-content\/uploads\/2024\/12\/BLxqy1-12x12.jpg 12w, https:\/\/youertejx.com\/wp-content\/uploads\/2024\/12\/BLxqy1-500x500.jpg 500w, https:\/\/youertejx.com\/wp-content\/uploads\/2024\/12\/BLxqy1-100x100.jpg 100w\" sizes=\"auto, (max-width: 750px) 100vw, 750px\" \/><\/div>\n<\/div>\n<\/div>\n<\/div>\n<\/div>\n<\/div>\n<p><img loading=\"lazy\" decoding=\"async\" class=\"alignnone wp-image-1837\" src=\"https:\/\/youertejx.com\/wp-content\/uploads\/2024\/12\/BLxqy2-300x300.jpg\" alt=\"\" width=\"750\" height=\"750\" srcset=\"https:\/\/youertejx.com\/wp-content\/uploads\/2024\/12\/BLxqy2-300x300.jpg 300w, https:\/\/youertejx.com\/wp-content\/uploads\/2024\/12\/BLxqy2-150x150.jpg 150w, https:\/\/youertejx.com\/wp-content\/uploads\/2024\/12\/BLxqy2-12x12.jpg 12w, https:\/\/youertejx.com\/wp-content\/uploads\/2024\/12\/BLxqy2-500x500.jpg 500w, https:\/\/youertejx.com\/wp-content\/uploads\/2024\/12\/BLxqy2-100x100.jpg 100w\" sizes=\"auto, (max-width: 750px) 100vw, 750px\" \/><\/p>\n<p>Details Bilder<\/p>\n<p><img loading=\"lazy\" decoding=\"async\" class=\"alignnone wp-image-1838\" src=\"https:\/\/youertejx.com\/wp-content\/uploads\/2024\/12\/BLxqy3-300x169.jpg\" alt=\"\" width=\"753\" height=\"424\" srcset=\"https:\/\/youertejx.com\/wp-content\/uploads\/2024\/12\/BLxqy3-300x169.jpg 300w, https:\/\/youertejx.com\/wp-content\/uploads\/2024\/12\/BLxqy3-18x10.jpg 18w, https:\/\/youertejx.com\/wp-content\/uploads\/2024\/12\/BLxqy3-600x338.jpg 600w, https:\/\/youertejx.com\/wp-content\/uploads\/2024\/12\/BLxqy3.jpg 750w\" sizes=\"auto, (max-width: 753px) 100vw, 753px\" \/><\/p>\n<table style=\"border-collapse: collapse; width: 746px; height: 91px;\" border=\"0\" width=\"579\" cellspacing=\"0\" cellpadding=\"0\">\n<tbody>\n<tr style=\"height: 13.50pt;\">\n<td class=\"et2\" style=\"height: 13.50pt; width: 194.25pt;\" width=\"259\" height=\"18\">Drehwinkel<\/td>\n<td class=\"et2\" style=\"width: 240.00pt;\" width=\"320\">36<\/td>\n<\/tr>\n<tr style=\"height: 13.50pt;\">\n<td class=\"et2\" style=\"height: 13.50pt;\" height=\"18\">Wenderadius<\/td>\n<td class=\"et2\">6581 mm<\/td>\n<\/tr>\n<tr style=\"height: 13.50pt;\">\n<td class=\"et2\" style=\"height: 13.50pt;\" height=\"18\">Systemdruck<\/td>\n<td class=\"et2\">12 MPa<\/td>\n<\/tr>\n<tr style=\"height: 13.50pt;\">\n<td class=\"et2\" style=\"height: 13.50pt;\" height=\"18\">Typ<\/td>\n<td class=\"et2\">Machtverschiebung<\/td>\n<\/tr>\n<\/tbody>\n<\/table>\n<p><img loading=\"lazy\" decoding=\"async\" class=\"alignnone wp-image-1839\" src=\"https:\/\/youertejx.com\/wp-content\/uploads\/2024\/12\/BLxqy4-241x300.jpg\" alt=\"\" width=\"745\" height=\"927\" srcset=\"https:\/\/youertejx.com\/wp-content\/uploads\/2024\/12\/BLxqy4-241x300.jpg 241w, https:\/\/youertejx.com\/wp-content\/uploads\/2024\/12\/BLxqy4-10x12.jpg 10w, https:\/\/youertejx.com\/wp-content\/uploads\/2024\/12\/BLxqy4-600x747.jpg 600w, https:\/\/youertejx.com\/wp-content\/uploads\/2024\/12\/BLxqy4.jpg 750w\" sizes=\"auto, (max-width: 745px) 100vw, 745px\" \/><\/p>\n<p><img loading=\"lazy\" decoding=\"async\" class=\"alignnone wp-image-1840\" src=\"https:\/\/youertejx.com\/wp-content\/uploads\/2024\/12\/BLxqy5-201x300.jpg\" alt=\"\" width=\"745\" height=\"1112\" srcset=\"https:\/\/youertejx.com\/wp-content\/uploads\/2024\/12\/BLxqy5-201x300.jpg 201w, https:\/\/youertejx.com\/wp-content\/uploads\/2024\/12\/BLxqy5-687x1024.jpg 687w, https:\/\/youertejx.com\/wp-content\/uploads\/2024\/12\/BLxqy5-8x12.jpg 8w, https:\/\/youertejx.com\/wp-content\/uploads\/2024\/12\/BLxqy5.jpg 750w\" sizes=\"auto, (max-width: 745px) 100vw, 745px\" \/><\/p>\n<p><img loading=\"lazy\" decoding=\"async\" class=\"alignnone wp-image-1841\" src=\"https:\/\/youertejx.com\/wp-content\/uploads\/2024\/12\/BLxqy6-300x172.jpg\" alt=\"\" width=\"741\" height=\"425\" srcset=\"https:\/\/youertejx.com\/wp-content\/uploads\/2024\/12\/BLxqy6-300x172.jpg 300w, https:\/\/youertejx.com\/wp-content\/uploads\/2024\/12\/BLxqy6-18x10.jpg 18w, https:\/\/youertejx.com\/wp-content\/uploads\/2024\/12\/BLxqy6-600x345.jpg 600w, https:\/\/youertejx.com\/wp-content\/uploads\/2024\/12\/BLxqy6.jpg 750w\" sizes=\"auto, (max-width: 741px) 100vw, 741px\" \/><\/p>\n<p><img loading=\"lazy\" decoding=\"async\" class=\"alignnone wp-image-1842\" src=\"https:\/\/youertejx.com\/wp-content\/uploads\/2024\/12\/BLxqy7-300x246.jpg\" alt=\"\" width=\"722\" height=\"592\" srcset=\"https:\/\/youertejx.com\/wp-content\/uploads\/2024\/12\/BLxqy7-300x246.jpg 300w, https:\/\/youertejx.com\/wp-content\/uploads\/2024\/12\/BLxqy7-15x12.jpg 15w, https:\/\/youertejx.com\/wp-content\/uploads\/2024\/12\/BLxqy7-600x493.jpg 600w, https:\/\/youertejx.com\/wp-content\/uploads\/2024\/12\/BLxqy7.jpg 750w\" sizes=\"auto, (max-width: 722px) 100vw, 722px\" \/><\/p>\n<p><img loading=\"lazy\" decoding=\"async\" class=\"alignnone wp-image-1987\" src=\"https:\/\/youertejx.com\/wp-content\/uploads\/2024\/12\/Loader21-300x197.jpg\" alt=\"\" width=\"713\" height=\"468\" srcset=\"https:\/\/youertejx.com\/wp-content\/uploads\/2024\/12\/Loader21-300x197.jpg 300w, https:\/\/youertejx.com\/wp-content\/uploads\/2024\/12\/Loader21-18x12.jpg 18w, https:\/\/youertejx.com\/wp-content\/uploads\/2024\/12\/Loader21-600x394.jpg 600w, https:\/\/youertejx.com\/wp-content\/uploads\/2024\/12\/Loader21.jpg 750w\" sizes=\"auto, (max-width: 713px) 100vw, 713px\" \/><\/p>\n<p><img loading=\"lazy\" decoding=\"async\" class=\"alignnone wp-image-1986\" src=\"https:\/\/youertejx.com\/wp-content\/uploads\/2024\/12\/Loader20-300x239.jpg\" alt=\"\" width=\"714\" height=\"569\" srcset=\"https:\/\/youertejx.com\/wp-content\/uploads\/2024\/12\/Loader20-300x239.jpg 300w, https:\/\/youertejx.com\/wp-content\/uploads\/2024\/12\/Loader20-1024x816.jpg 1024w, https:\/\/youertejx.com\/wp-content\/uploads\/2024\/12\/Loader20-768x612.jpg 768w, https:\/\/youertejx.com\/wp-content\/uploads\/2024\/12\/Loader20-15x12.jpg 15w, https:\/\/youertejx.com\/wp-content\/uploads\/2024\/12\/Loader20-600x478.jpg 600w, https:\/\/youertejx.com\/wp-content\/uploads\/2024\/12\/Loader20.jpg 1200w\" sizes=\"auto, (max-width: 714px) 100vw, 714px\" \/><\/p>\n<p><strong><span class=\"magic-30\" style=\"color: #d67b03;\" data-spm-anchor-id=\"a2700.details.0.i75.92f914b3IRJcaF\">Wir haben eine strenge After-Sales-Garantie. Wenn die Teile w\u00e4hrend des Transports besch\u00e4digt werden, <\/span><\/strong><\/p>\n<p><strong><span class=\"magic-30\" style=\"color: #d67b03;\" data-spm-anchor-id=\"a2700.details.0.i75.92f914b3IRJcaF\">Wir k\u00f6nnen sie kostenlos zur Verf\u00fcgung stellen. In der Zwischenzeit bieten wir After-Sales-Service f\u00fcr <\/span><\/strong><\/p>\n<p><strong><span class=\"magic-30\" style=\"color: #d67b03;\" data-spm-anchor-id=\"a2700.details.0.i75.92f914b3IRJcaF\">unsere Produkte innerhalb eines Jahres. Bevor wir die Fabrik verlassen, k\u00f6nnen wir Video unterst\u00fctzen <\/span><\/strong><\/p>\n<p><strong><span class=\"magic-30\" style=\"color: #d67b03;\" data-spm-anchor-id=\"a2700.details.0.i75.92f914b3IRJcaF\">Dienstleistungen f\u00fcr <\/span><span class=\"magic-30\" style=\"color: #d67b03;\" data-spm-anchor-id=\"a2700.details.0.i75.92f914b3IRJcaF\">Sicherstellung der Produktqualit\u00e4t.<\/span><\/strong><\/p>\n<p><img loading=\"lazy\" decoding=\"async\" class=\"alignnone wp-image-1844\" src=\"https:\/\/youertejx.com\/wp-content\/uploads\/2024\/12\/BLxqy9-212x300.jpg\" alt=\"\" width=\"702\" height=\"993\" srcset=\"https:\/\/youertejx.com\/wp-content\/uploads\/2024\/12\/BLxqy9-212x300.jpg 212w, https:\/\/youertejx.com\/wp-content\/uploads\/2024\/12\/BLxqy9-725x1024.jpg 725w, https:\/\/youertejx.com\/wp-content\/uploads\/2024\/12\/BLxqy9-8x12.jpg 8w\" sizes=\"auto, (max-width: 702px) 100vw, 702px\" \/><\/p>\n<p><img loading=\"lazy\" decoding=\"async\" class=\"alignnone wp-image-1845\" src=\"https:\/\/youertejx.com\/wp-content\/uploads\/2024\/12\/BLxqy10-300x295.jpg\" alt=\"\" width=\"701\" height=\"689\" srcset=\"https:\/\/youertejx.com\/wp-content\/uploads\/2024\/12\/BLxqy10-300x295.jpg 300w, https:\/\/youertejx.com\/wp-content\/uploads\/2024\/12\/BLxqy10-12x12.jpg 12w, https:\/\/youertejx.com\/wp-content\/uploads\/2024\/12\/BLxqy10-600x590.jpg 600w, https:\/\/youertejx.com\/wp-content\/uploads\/2024\/12\/BLxqy10.jpg 750w\" sizes=\"auto, (max-width: 701px) 100vw, 701px\" \/><\/p>\n<p>&nbsp;<\/p>\n<p><img loading=\"lazy\" decoding=\"async\" class=\"alignnone wp-image-1847\" src=\"https:\/\/youertejx.com\/wp-content\/uploads\/2024\/12\/BLxqy12-300x239.jpg\" alt=\"\" width=\"668\" height=\"532\" srcset=\"https:\/\/youertejx.com\/wp-content\/uploads\/2024\/12\/BLxqy12-300x239.jpg 300w, https:\/\/youertejx.com\/wp-content\/uploads\/2024\/12\/BLxqy12-15x12.jpg 15w, https:\/\/youertejx.com\/wp-content\/uploads\/2024\/12\/BLxqy12-600x478.jpg 600w, https:\/\/youertejx.com\/wp-content\/uploads\/2024\/12\/BLxqy12.jpg 750w\" sizes=\"auto, (max-width: 668px) 100vw, 668px\" \/><\/p>\n<p><img loading=\"lazy\" decoding=\"async\" class=\"alignnone wp-image-1848\" src=\"https:\/\/youertejx.com\/wp-content\/uploads\/2024\/12\/BLxqy13-300x108.jpg\" alt=\"\" width=\"661\" height=\"238\" srcset=\"https:\/\/youertejx.com\/wp-content\/uploads\/2024\/12\/BLxqy13-300x108.jpg 300w, https:\/\/youertejx.com\/wp-content\/uploads\/2024\/12\/BLxqy13-18x6.jpg 18w, https:\/\/youertejx.com\/wp-content\/uploads\/2024\/12\/BLxqy13-600x215.jpg 600w, https:\/\/youertejx.com\/wp-content\/uploads\/2024\/12\/BLxqy13.jpg 750w\" sizes=\"auto, (max-width: 661px) 100vw, 661px\" \/><\/p>\n<p>&nbsp;<\/p>","protected":false},"excerpt":{"rendered":"<p>HOT multi-purpose 4 wheel drive new backhoe and Loader 3 Tton 5 ton New Backhoe Loader price for sale. We Also Provide to all of the customers(Free): 1.Video chatting about machine details(special model) 2.User instructional video\/User Manual of special model\/special OEM requirements about the machine. 3.Exporting standard package 4.Roof(two or 4 legs or anti-roller beams) [&hellip;]<\/p>\n","protected":false},"featured_media":1830,"template":"","meta":{"_gspb_post_css":""},"product_brand":[],"product_cat":[47],"product_tag":[],"class_list":{"0":"post-1829","1":"product","2":"type-product","3":"status-publish","4":"has-post-thumbnail","6":"product_cat-backhoe-loader","8":"first","9":"instock","10":"shipping-taxable","11":"product-type-simple"},"_links":{"self":[{"href":"https:\/\/youertejx.com\/de\/wp-json\/wp\/v2\/product\/1829","targetHints":{"allow":["GET"]}}],"collection":[{"href":"https:\/\/youertejx.com\/de\/wp-json\/wp\/v2\/product"}],"about":[{"href":"https:\/\/youertejx.com\/de\/wp-json\/wp\/v2\/types\/product"}],"wp:featuredmedia":[{"embeddable":true,"href":"https:\/\/youertejx.com\/de\/wp-json\/wp\/v2\/media\/1830"}],"wp:attachment":[{"href":"https:\/\/youertejx.com\/de\/wp-json\/wp\/v2\/media?parent=1829"}],"wp:term":[{"taxonomy":"product_brand","embeddable":true,"href":"https:\/\/youertejx.com\/de\/wp-json\/wp\/v2\/product_brand?post=1829"},{"taxonomy":"product_cat","embeddable":true,"href":"https:\/\/youertejx.com\/de\/wp-json\/wp\/v2\/product_cat?post=1829"},{"taxonomy":"product_tag","embeddable":true,"href":"https:\/\/youertejx.com\/de\/wp-json\/wp\/v2\/product_tag?post=1829"}],"curies":[{"name":"wp","href":"https:\/\/api.w.org\/{rel}","templated":true}]}}