{"id":1943,"date":"2024-12-31T08:23:47","date_gmt":"2024-12-31T08:23:47","guid":{"rendered":"https:\/\/youertejx.com\/?post_type=product&#038;p=1943"},"modified":"2025-03-14T02:39:44","modified_gmt":"2025-03-14T02:39:44","slug":"60-tonnen-grosbagger","status":"publish","type":"product","link":"https:\/\/youertejx.com\/de\/product\/60-ton-large-excavator\/","title":{"rendered":"6 Tonnen gro\u00dfer Bagger"},"content":{"rendered":"<h5>Der Bagger bietet sichere Leistung und ist handlich. Er ist mit dem einzigartigen japanischen Yanmar-Motor ausgestattet, der die Abgasnormen f\u00fcr Privathaushalte erf\u00fcllt. Er ist mit einem neuartigen L\u00fcfter und einem gro\u00dfen Schalld\u00e4mpfer ausgestattet. Der umweltfreundliche Motor erf\u00fcllt die europ\u00e4ischen L\u00e4rmnormen uneingeschr\u00e4nkt. Ber\u00fccksichtigen Sie bei der Arbeit die Verbesserung des st\u00e4dtischen Umweltschutzes.<\/h5>\n<p><iframe loading=\"lazy\" title=\"Gro\u00dfer Bagger\" width=\"1500\" height=\"844\" src=\"https:\/\/www.youtube.com\/embed\/wRShvTkssUI?feature=oembed\" frameborder=\"0\" allow=\"accelerometer; autoplay; clipboard-write; encrypted-media; gyroscope; picture-in-picture; web-share\" referrerpolicy=\"strict-origin-when-cross-origin\" allowfullscreen><\/iframe><\/p>\n<p><img loading=\"lazy\" decoding=\"async\" class=\"alignnone wp-image-1962\" src=\"https:\/\/youertejx.com\/wp-content\/uploads\/2024\/12\/U605-300x172.jpg\" alt=\"\" width=\"750\" height=\"430\" srcset=\"https:\/\/youertejx.com\/wp-content\/uploads\/2024\/12\/U605-300x172.jpg 300w, https:\/\/youertejx.com\/wp-content\/uploads\/2024\/12\/U605-18x10.jpg 18w, https:\/\/youertejx.com\/wp-content\/uploads\/2024\/12\/U605-600x345.jpg 600w, https:\/\/youertejx.com\/wp-content\/uploads\/2024\/12\/U605.jpg 750w\" sizes=\"auto, (max-width: 750px) 100vw, 750px\" \/><\/p>\n<h3 class=\"magic-4\"><span class=\"magic-5\">Schwerer hydraulischer Raupenbagger Konstruktionsraupen<\/span><\/h3>\n<div class=\"magic-6\">\n<div class=\"magic-7\">\n<div class=\"magic-8\"><span class=\"magic-9\">Der schwere Raupenbagger bietet eine stabile Leistung und eine komfortable Bedienung. <\/span><\/div>\n<div class=\"magic-8\"><span class=\"magic-9\">Es verwendet den originalen Yanmar-Motor, erf\u00fcllt die nationalen Abgasnormen und ist ausgestattet mit einem <\/span><\/div>\n<div class=\"magic-8\"><span class=\"magic-9\">neuer K\u00fchlerl\u00fcfter und ein gro\u00dfer Schalld\u00e4mpfer. Es ist ein umweltfreundlicher Motor, der die europ\u00e4ischen <\/span><\/div>\n<div class=\"magic-8\"><span class=\"magic-9\">Sprachstandards. Bei der Arbeit wird auch die Entwicklung des st\u00e4dtischen Umweltschutzes ber\u00fccksichtigt. <\/span><\/div>\n<div class=\"magic-8\"><span class=\"magic-9\">Flexible Bedienbarkeit ist der Kern des Betriebs. Der schwere Raupenbagger verwendet das beste Hydrauliksystem. <\/span><\/div>\n<div class=\"magic-8\"><span class=\"magic-9\">Der Fahrer kann das \u00d6l entsprechend den Betriebsanforderungen gleichm\u00e4\u00dfig verteilen, sodass der Kraftarm, <\/span><\/div>\n<div class=\"magic-8\"><span class=\"magic-9\">Bucket und Bucket k\u00f6nnen flexible, schnelle und effiziente Operationen durchf\u00fchren. Es hat wahre Freiheit erreicht.<\/span><\/div>\n<\/div>\n<\/div>\n<p><img loading=\"lazy\" decoding=\"async\" class=\"alignnone wp-image-1961\" src=\"https:\/\/youertejx.com\/wp-content\/uploads\/2024\/12\/U606-300x300.jpg\" alt=\"\" width=\"749\" height=\"749\" srcset=\"https:\/\/youertejx.com\/wp-content\/uploads\/2024\/12\/U606-300x300.jpg 300w, https:\/\/youertejx.com\/wp-content\/uploads\/2024\/12\/U606-150x150.jpg 150w, https:\/\/youertejx.com\/wp-content\/uploads\/2024\/12\/U606-12x12.jpg 12w, https:\/\/youertejx.com\/wp-content\/uploads\/2024\/12\/U606-100x100.jpg 100w, https:\/\/youertejx.com\/wp-content\/uploads\/2024\/12\/U606.jpg 500w\" sizes=\"auto, (max-width: 749px) 100vw, 749px\" \/><\/p>\n<p><img loading=\"lazy\" decoding=\"async\" class=\"alignnone wp-image-1960\" src=\"https:\/\/youertejx.com\/wp-content\/uploads\/2024\/12\/U607-300x300.jpg\" alt=\"\" width=\"750\" height=\"750\" srcset=\"https:\/\/youertejx.com\/wp-content\/uploads\/2024\/12\/U607-300x300.jpg 300w, https:\/\/youertejx.com\/wp-content\/uploads\/2024\/12\/U607-150x150.jpg 150w, https:\/\/youertejx.com\/wp-content\/uploads\/2024\/12\/U607-12x12.jpg 12w, https:\/\/youertejx.com\/wp-content\/uploads\/2024\/12\/U607-100x100.jpg 100w, https:\/\/youertejx.com\/wp-content\/uploads\/2024\/12\/U607.jpg 500w\" sizes=\"auto, (max-width: 750px) 100vw, 750px\" \/><\/p>\n<p><img loading=\"lazy\" decoding=\"async\" class=\"alignnone wp-image-1959\" src=\"https:\/\/youertejx.com\/wp-content\/uploads\/2024\/12\/U608-300x300.jpg\" alt=\"\" width=\"751\" height=\"751\" srcset=\"https:\/\/youertejx.com\/wp-content\/uploads\/2024\/12\/U608-300x300.jpg 300w, https:\/\/youertejx.com\/wp-content\/uploads\/2024\/12\/U608-150x150.jpg 150w, https:\/\/youertejx.com\/wp-content\/uploads\/2024\/12\/U608-12x12.jpg 12w, https:\/\/youertejx.com\/wp-content\/uploads\/2024\/12\/U608-100x100.jpg 100w, https:\/\/youertejx.com\/wp-content\/uploads\/2024\/12\/U608.jpg 500w\" sizes=\"auto, (max-width: 751px) 100vw, 751px\" \/><\/p>\n<p><img loading=\"lazy\" decoding=\"async\" class=\"alignnone wp-image-1958\" src=\"https:\/\/youertejx.com\/wp-content\/uploads\/2024\/12\/U609-282x300.jpg\" alt=\"\" width=\"768\" height=\"817\" srcset=\"https:\/\/youertejx.com\/wp-content\/uploads\/2024\/12\/U609-282x300.jpg 282w, https:\/\/youertejx.com\/wp-content\/uploads\/2024\/12\/U609-11x12.jpg 11w, https:\/\/youertejx.com\/wp-content\/uploads\/2024\/12\/U609-600x639.jpg 600w, https:\/\/youertejx.com\/wp-content\/uploads\/2024\/12\/U609.jpg 750w\" sizes=\"auto, (max-width: 768px) 100vw, 768px\" \/><\/p>\n<p>Die \u00fcbliche Baggerstruktur umfasst Antriebsvorrichtung, Arbeitsvorrichtung, Drehmechanismus, Steuermechanismus,<br \/>\n\u00dcbertragungsmechanismus, Gehmechanismus und Zusatzeinrichtungen. Der Antriebsmechanismus \u00fcbertr\u00e4gt die<br \/>\nLeistung des Motors an die Aktuatoren wie den Hydraulikmotor und den Hydraulikzylinder durch die<br \/>\nHydraulikpumpe und f\u00f6rdert die Wirkung des Arbeitsger\u00e4ts und f\u00fchrt so verschiedene Vorg\u00e4nge aus.<\/p>\n<p><img loading=\"lazy\" decoding=\"async\" class=\"alignnone wp-image-1957\" src=\"https:\/\/youertejx.com\/wp-content\/uploads\/2024\/12\/U6010-300x156.jpg\" alt=\"\" width=\"783\" height=\"407\" srcset=\"https:\/\/youertejx.com\/wp-content\/uploads\/2024\/12\/U6010-300x156.jpg 300w, https:\/\/youertejx.com\/wp-content\/uploads\/2024\/12\/U6010-1024x533.jpg 1024w, https:\/\/youertejx.com\/wp-content\/uploads\/2024\/12\/U6010-768x400.jpg 768w, https:\/\/youertejx.com\/wp-content\/uploads\/2024\/12\/U6010-18x9.jpg 18w, https:\/\/youertejx.com\/wp-content\/uploads\/2024\/12\/U6010-600x313.jpg 600w, https:\/\/youertejx.com\/wp-content\/uploads\/2024\/12\/U6010.jpg 1200w\" sizes=\"auto, (max-width: 783px) 100vw, 783px\" \/><\/p>\n<p><img loading=\"lazy\" decoding=\"async\" class=\"alignnone wp-image-1956\" src=\"https:\/\/youertejx.com\/wp-content\/uploads\/2024\/12\/U6011-254x300.jpg\" alt=\"\" width=\"769\" height=\"908\" srcset=\"https:\/\/youertejx.com\/wp-content\/uploads\/2024\/12\/U6011-254x300.jpg 254w, https:\/\/youertejx.com\/wp-content\/uploads\/2024\/12\/U6011-10x12.jpg 10w, https:\/\/youertejx.com\/wp-content\/uploads\/2024\/12\/U6011-600x708.jpg 600w, https:\/\/youertejx.com\/wp-content\/uploads\/2024\/12\/U6011.jpg 750w\" sizes=\"auto, (max-width: 769px) 100vw, 769px\" \/><\/p>\n<p><img loading=\"lazy\" decoding=\"async\" class=\"alignnone wp-image-1955\" src=\"https:\/\/youertejx.com\/wp-content\/uploads\/2024\/12\/U6012-300x169.jpg\" alt=\"\" width=\"756\" height=\"426\" srcset=\"https:\/\/youertejx.com\/wp-content\/uploads\/2024\/12\/U6012-300x169.jpg 300w, https:\/\/youertejx.com\/wp-content\/uploads\/2024\/12\/U6012-18x10.jpg 18w, https:\/\/youertejx.com\/wp-content\/uploads\/2024\/12\/U6012-600x338.jpg 600w, https:\/\/youertejx.com\/wp-content\/uploads\/2024\/12\/U6012.jpg 750w\" sizes=\"auto, (max-width: 756px) 100vw, 756px\" \/><\/p>\n<p><img loading=\"lazy\" decoding=\"async\" class=\"alignnone wp-image-1954\" src=\"https:\/\/youertejx.com\/wp-content\/uploads\/2024\/12\/U6013-300x169.jpg\" alt=\"\" width=\"753\" height=\"424\" srcset=\"https:\/\/youertejx.com\/wp-content\/uploads\/2024\/12\/U6013-300x169.jpg 300w, https:\/\/youertejx.com\/wp-content\/uploads\/2024\/12\/U6013-18x10.jpg 18w, https:\/\/youertejx.com\/wp-content\/uploads\/2024\/12\/U6013-600x338.jpg 600w, https:\/\/youertejx.com\/wp-content\/uploads\/2024\/12\/U6013.jpg 750w\" sizes=\"auto, (max-width: 753px) 100vw, 753px\" \/><\/p>\n<p><img loading=\"lazy\" decoding=\"async\" class=\"alignnone wp-image-1953\" src=\"https:\/\/youertejx.com\/wp-content\/uploads\/2024\/12\/U6014-300x169.jpg\" alt=\"\" width=\"751\" height=\"423\" srcset=\"https:\/\/youertejx.com\/wp-content\/uploads\/2024\/12\/U6014-300x169.jpg 300w, https:\/\/youertejx.com\/wp-content\/uploads\/2024\/12\/U6014-18x10.jpg 18w, https:\/\/youertejx.com\/wp-content\/uploads\/2024\/12\/U6014-600x338.jpg 600w, https:\/\/youertejx.com\/wp-content\/uploads\/2024\/12\/U6014.jpg 750w\" sizes=\"auto, (max-width: 751px) 100vw, 751px\" \/><\/p>\n<table style=\"border-collapse: collapse; width: 754px; height: 128px;\" border=\"0\" width=\"714\" cellspacing=\"0\" cellpadding=\"0\">\n<tbody>\n<tr style=\"height: 14.25pt;\">\n<td class=\"et2\" style=\"height: 14.25pt; width: 200.25pt;\" width=\"267\" height=\"19\">Arbeitsgewicht (kg)<\/td>\n<td class=\"et3\" style=\"width: 81.00pt;\" width=\"108\">8202<\/td>\n<td class=\"et2\" style=\"width: 150.75pt;\" width=\"201\">Gesamttransportl\u00e4nge (mm)<\/td>\n<td class=\"et3\" style=\"width: 103.50pt;\" width=\"138\">6146<\/td>\n<\/tr>\n<tr style=\"height: 14.25pt;\">\n<td class=\"et2\" style=\"height: 14.25pt; width: 200.25pt;\" width=\"267\" height=\"19\">Schaufelinhalt (m\u00b3)<\/td>\n<td class=\"et3\" style=\"width: 81.00pt;\" width=\"108\">0.27-0.33<\/td>\n<td class=\"et2\" style=\"width: 150.75pt;\" width=\"201\">Gesamttransportbreite (mm)<\/td>\n<td class=\"et3\" style=\"width: 103.50pt;\" width=\"138\">2242<\/td>\n<\/tr>\n<tr style=\"height: 14.25pt;\">\n<td class=\"et2\" style=\"height: 14.25pt; width: 200.25pt;\" width=\"267\" height=\"19\">Bewegungswegl\u00e4nge (mm)<\/td>\n<td class=\"et3\" style=\"width: 81.00pt;\" width=\"108\">3722<\/td>\n<td class=\"et2\" style=\"width: 150.75pt;\" width=\"201\">Gesamttransporth\u00f6he (mm)<\/td>\n<td class=\"et3\" style=\"width: 103.50pt;\" width=\"138\">2662<\/td>\n<\/tr>\n<tr style=\"height: 14.25pt;\">\n<td class=\"et2\" style=\"height: 14.25pt; width: 200.25pt;\" width=\"267\" height=\"19\">Spikel\u00e4nge (mm)<\/td>\n<td class=\"et3\" style=\"width: 81.00pt;\" width=\"108\">1672<\/td>\n<td class=\"et2\" style=\"width: 150.75pt;\" width=\"201\">Breite an Bord (mm)<\/td>\n<td class=\"et3\" style=\"width: 103.50pt;\" width=\"138\">2242<\/td>\n<\/tr>\n<tr style=\"height: 14.25pt;\">\n<td class=\"et2\" style=\"height: 14.25pt; width: 200.25pt;\" width=\"267\" height=\"19\">Gleisl\u00e4nge (mm)<\/td>\n<td class=\"et3\" style=\"width: 81.00pt;\" width=\"108\">3352<\/td>\n<td class=\"et2\" style=\"width: 150.75pt;\" width=\"201\">Gesamtl\u00e4nge der Schiene (mm)<\/td>\n<td class=\"et3\" style=\"width: 103.50pt;\" width=\"138\">2752<\/td>\n<\/tr>\n<\/tbody>\n<\/table>\n<p><img loading=\"lazy\" decoding=\"async\" class=\"alignnone wp-image-1952\" src=\"https:\/\/youertejx.com\/wp-content\/uploads\/2024\/12\/U6015-300x228.jpg\" alt=\"\" width=\"763\" height=\"580\" srcset=\"https:\/\/youertejx.com\/wp-content\/uploads\/2024\/12\/U6015-300x228.jpg 300w, https:\/\/youertejx.com\/wp-content\/uploads\/2024\/12\/U6015-16x12.jpg 16w, https:\/\/youertejx.com\/wp-content\/uploads\/2024\/12\/U6015-600x456.jpg 600w, https:\/\/youertejx.com\/wp-content\/uploads\/2024\/12\/U6015.jpg 750w\" sizes=\"auto, (max-width: 763px) 100vw, 763px\" \/><\/p>\n<p><img loading=\"lazy\" decoding=\"async\" class=\"alignnone wp-image-1951\" src=\"https:\/\/youertejx.com\/wp-content\/uploads\/2024\/12\/U6016-300x244.jpg\" alt=\"\" width=\"751\" height=\"611\" srcset=\"https:\/\/youertejx.com\/wp-content\/uploads\/2024\/12\/U6016-300x244.jpg 300w, https:\/\/youertejx.com\/wp-content\/uploads\/2024\/12\/U6016-15x12.jpg 15w, https:\/\/youertejx.com\/wp-content\/uploads\/2024\/12\/U6016-600x489.jpg 600w, https:\/\/youertejx.com\/wp-content\/uploads\/2024\/12\/U6016.jpg 750w\" sizes=\"auto, (max-width: 751px) 100vw, 751px\" \/><\/p>\n<p><img loading=\"lazy\" decoding=\"async\" class=\"alignnone wp-image-1950\" src=\"https:\/\/youertejx.com\/wp-content\/uploads\/2024\/12\/U6017-300x101.jpg\" alt=\"\" width=\"763\" height=\"257\" srcset=\"https:\/\/youertejx.com\/wp-content\/uploads\/2024\/12\/U6017-300x101.jpg 300w, https:\/\/youertejx.com\/wp-content\/uploads\/2024\/12\/U6017-1024x345.jpg 1024w, https:\/\/youertejx.com\/wp-content\/uploads\/2024\/12\/U6017-768x259.jpg 768w, https:\/\/youertejx.com\/wp-content\/uploads\/2024\/12\/U6017-18x6.jpg 18w, https:\/\/youertejx.com\/wp-content\/uploads\/2024\/12\/U6017-600x202.jpg 600w, https:\/\/youertejx.com\/wp-content\/uploads\/2024\/12\/U6017.jpg 1200w\" sizes=\"auto, (max-width: 763px) 100vw, 763px\" \/><\/p>\n<p><img loading=\"lazy\" decoding=\"async\" class=\"alignnone wp-image-1949\" src=\"https:\/\/youertejx.com\/wp-content\/uploads\/2024\/12\/U6018-300x118.jpg\" alt=\"\" width=\"765\" height=\"301\" srcset=\"https:\/\/youertejx.com\/wp-content\/uploads\/2024\/12\/U6018-300x118.jpg 300w, https:\/\/youertejx.com\/wp-content\/uploads\/2024\/12\/U6018-18x7.jpg 18w, https:\/\/youertejx.com\/wp-content\/uploads\/2024\/12\/U6018-600x236.jpg 600w, https:\/\/youertejx.com\/wp-content\/uploads\/2024\/12\/U6018.jpg 750w\" sizes=\"auto, (max-width: 765px) 100vw, 765px\" \/><\/p>\n<p>Sie k\u00f6nnen auf die Zuverl\u00e4ssigkeit der Maschine vertrauen. Unsere Maschine ist fantastisch. Anpassung der Anbauger\u00e4te:<br \/>\nkann Ihre Anforderungen f\u00fcr jedes Modell, jede Tonnage und Farbe erf\u00fcllen. Erf\u00fcllung aller Ihrer Bed\u00fcrfnisse<br \/>\nmit exzellentem Support: Unser professionelles Support-Team ist rund um die Uhr online verf\u00fcgbar, um<br \/>\nhelfen Ihnen, alle Probleme oder Bedenken zu l\u00f6sen und Ihre Zufriedenheit sicherzustellen. Bevor Sie das<br \/>\nFabrik, wir k\u00f6nnen Videodienste unterst\u00fctzen, um die Produktqualit\u00e4t sicherzustellen.<\/p>\n<p><img loading=\"lazy\" decoding=\"async\" class=\"alignnone wp-image-1844\" src=\"https:\/\/youertejx.com\/wp-content\/uploads\/2024\/12\/BLxqy9-212x300.jpg\" alt=\"\" width=\"702\" height=\"993\" srcset=\"https:\/\/youertejx.com\/wp-content\/uploads\/2024\/12\/BLxqy9-212x300.jpg 212w, https:\/\/youertejx.com\/wp-content\/uploads\/2024\/12\/BLxqy9-725x1024.jpg 725w, https:\/\/youertejx.com\/wp-content\/uploads\/2024\/12\/BLxqy9-8x12.jpg 8w\" sizes=\"auto, (max-width: 702px) 100vw, 702px\" \/><\/p>\n<p><img loading=\"lazy\" decoding=\"async\" class=\"alignnone wp-image-1845\" src=\"https:\/\/youertejx.com\/wp-content\/uploads\/2024\/12\/BLxqy10-300x295.jpg\" alt=\"\" width=\"701\" height=\"689\" srcset=\"https:\/\/youertejx.com\/wp-content\/uploads\/2024\/12\/BLxqy10-300x295.jpg 300w, https:\/\/youertejx.com\/wp-content\/uploads\/2024\/12\/BLxqy10-12x12.jpg 12w, https:\/\/youertejx.com\/wp-content\/uploads\/2024\/12\/BLxqy10-600x590.jpg 600w, https:\/\/youertejx.com\/wp-content\/uploads\/2024\/12\/BLxqy10.jpg 750w\" sizes=\"auto, (max-width: 701px) 100vw, 701px\" \/><\/p>\n<p>&nbsp;<\/p>\n<p><img loading=\"lazy\" decoding=\"async\" class=\"alignnone wp-image-1847\" src=\"https:\/\/youertejx.com\/wp-content\/uploads\/2024\/12\/BLxqy12-300x239.jpg\" alt=\"\" width=\"668\" height=\"532\" srcset=\"https:\/\/youertejx.com\/wp-content\/uploads\/2024\/12\/BLxqy12-300x239.jpg 300w, https:\/\/youertejx.com\/wp-content\/uploads\/2024\/12\/BLxqy12-15x12.jpg 15w, https:\/\/youertejx.com\/wp-content\/uploads\/2024\/12\/BLxqy12-600x478.jpg 600w, https:\/\/youertejx.com\/wp-content\/uploads\/2024\/12\/BLxqy12.jpg 750w\" sizes=\"auto, (max-width: 668px) 100vw, 668px\" \/><\/p>\n<p><img loading=\"lazy\" decoding=\"async\" class=\"alignnone wp-image-1848\" src=\"https:\/\/youertejx.com\/wp-content\/uploads\/2024\/12\/BLxqy13-300x108.jpg\" alt=\"\" width=\"661\" height=\"238\" srcset=\"https:\/\/youertejx.com\/wp-content\/uploads\/2024\/12\/BLxqy13-300x108.jpg 300w, https:\/\/youertejx.com\/wp-content\/uploads\/2024\/12\/BLxqy13-18x6.jpg 18w, https:\/\/youertejx.com\/wp-content\/uploads\/2024\/12\/BLxqy13-600x215.jpg 600w, https:\/\/youertejx.com\/wp-content\/uploads\/2024\/12\/BLxqy13.jpg 750w\" sizes=\"auto, (max-width: 661px) 100vw, 661px\" \/><\/p>","protected":false},"excerpt":{"rendered":"<p>Excavator has secure overall performance and handy operation. \u00a0It adopts the unique Japanese Yanmar engine to meet the home exhaust emission standards. \u00a0It is geared up with a new kind of cooling fan and a giant muffler, It is an environmentally pleasant engine that absolutely meets the European noise standards. \u00a0While working, take into account [&hellip;]<\/p>\n","protected":false},"featured_media":1944,"template":"","meta":{"_gspb_post_css":""},"product_brand":[],"product_cat":[29,30],"product_tag":[],"class_list":{"0":"post-1943","1":"product","2":"type-product","3":"status-publish","4":"has-post-thumbnail","6":"product_cat-large-excavator","7":"product_cat-u-60","9":"first","10":"instock","11":"shipping-taxable","12":"product-type-simple"},"_links":{"self":[{"href":"https:\/\/youertejx.com\/de\/wp-json\/wp\/v2\/product\/1943","targetHints":{"allow":["GET"]}}],"collection":[{"href":"https:\/\/youertejx.com\/de\/wp-json\/wp\/v2\/product"}],"about":[{"href":"https:\/\/youertejx.com\/de\/wp-json\/wp\/v2\/types\/product"}],"wp:featuredmedia":[{"embeddable":true,"href":"https:\/\/youertejx.com\/de\/wp-json\/wp\/v2\/media\/1944"}],"wp:attachment":[{"href":"https:\/\/youertejx.com\/de\/wp-json\/wp\/v2\/media?parent=1943"}],"wp:term":[{"taxonomy":"product_brand","embeddable":true,"href":"https:\/\/youertejx.com\/de\/wp-json\/wp\/v2\/product_brand?post=1943"},{"taxonomy":"product_cat","embeddable":true,"href":"https:\/\/youertejx.com\/de\/wp-json\/wp\/v2\/product_cat?post=1943"},{"taxonomy":"product_tag","embeddable":true,"href":"https:\/\/youertejx.com\/de\/wp-json\/wp\/v2\/product_tag?post=1943"}],"curies":[{"name":"wp","href":"https:\/\/api.w.org\/{rel}","templated":true}]}}