{"id":1964,"date":"2024-12-31T08:35:36","date_gmt":"2024-12-31T08:35:36","guid":{"rendered":"https:\/\/youertejx.com\/?post_type=product&#038;p=1964"},"modified":"2025-03-14T02:24:31","modified_gmt":"2025-03-14T02:24:31","slug":"radlader-zu-verkaufen","status":"publish","type":"product","link":"https:\/\/youertejx.com\/de\/product\/wheel-loader-for-sale\/","title":{"rendered":"Radlader zu verkaufen"},"content":{"rendered":"<h5>Bietet eine Vielzahl von Ladern, um den Anforderungen unterschiedlicher Kunden gerecht zu werden. Ob kleines Projekt oder gro\u00dfes Bauvorhaben, unsere Lader bieten effiziente L\u00f6sungen.<\/h5>\n<p><iframe loading=\"lazy\" title=\"Lader\" width=\"1500\" height=\"844\" src=\"https:\/\/www.youtube.com\/embed\/w7gvZhaveHc?feature=oembed\" frameborder=\"0\" allow=\"accelerometer; autoplay; clipboard-write; encrypted-media; gyroscope; picture-in-picture; web-share\" referrerpolicy=\"strict-origin-when-cross-origin\" allowfullscreen><\/iframe><\/p>\n<p><img loading=\"lazy\" decoding=\"async\" class=\"alignnone wp-image-1977\" src=\"https:\/\/youertejx.com\/wp-content\/uploads\/2024\/12\/Loader6-300x89.jpg\" alt=\"\" width=\"752\" height=\"223\" srcset=\"https:\/\/youertejx.com\/wp-content\/uploads\/2024\/12\/Loader6-300x89.jpg 300w, https:\/\/youertejx.com\/wp-content\/uploads\/2024\/12\/Loader6-1024x303.jpg 1024w, https:\/\/youertejx.com\/wp-content\/uploads\/2024\/12\/Loader6-768x227.jpg 768w, https:\/\/youertejx.com\/wp-content\/uploads\/2024\/12\/Loader6-18x5.jpg 18w, https:\/\/youertejx.com\/wp-content\/uploads\/2024\/12\/Loader6-600x178.jpg 600w, https:\/\/youertejx.com\/wp-content\/uploads\/2024\/12\/Loader6.jpg 1200w\" sizes=\"auto, (max-width: 752px) 100vw, 752px\" \/><\/p>\n<h3 class=\"magic-5\"><span class=\"magic-6\" style=\"color: #c4433c;\" data-spm-anchor-id=\"a2700.details.0.i72.1d042d56FB9Ucm\">Was kann unser Lader f\u00fcr Sie tun?<\/span><\/h3>\n<div class=\"magic-7\">\n<div class=\"magic-8\">\n<div class=\"magic-9\"><span class=\"magic-10\"> Radlader ist eine Art von Erdbaumaschinen weit verbreitet in Autobahn, Eisenbahn, Bau, <\/span><\/div>\n<div class=\"magic-9\"><span class=\"magic-10\">Wasserkraft, Hafen, Bergwerk und andere Bauprojekte. Es wird haupts\u00e4chlich zum Schaufeln von Sch\u00fcttg\u00fctern wie <\/span><\/div>\n<div class=\"magic-9\"><span class=\"magic-10\">Erde, Sand, Kalk, Kohle usw. Es kann auch zum leichten Schaufeln und Ausheben von Erzen, harten B\u00f6den usw. verwendet werden. <\/span><\/div>\n<div class=\"magic-9\"><span class=\"magic-10\">Verschiedene Zusatzarbeitsger\u00e4te k\u00f6nnen auch zum Planieren, Heben und Be- und Entladen von verwendet werden <\/span><\/div>\n<div class=\"magic-9\"><span class=\"magic-10\">andere Materialien wie Holz.<\/span><\/div>\n<\/div>\n<\/div>\n<p><img loading=\"lazy\" decoding=\"async\" class=\"alignnone wp-image-1976\" src=\"https:\/\/youertejx.com\/wp-content\/uploads\/2024\/12\/Loader7-300x300.jpg\" alt=\"\" width=\"751\" height=\"751\" srcset=\"https:\/\/youertejx.com\/wp-content\/uploads\/2024\/12\/Loader7-300x300.jpg 300w, https:\/\/youertejx.com\/wp-content\/uploads\/2024\/12\/Loader7-150x150.jpg 150w, https:\/\/youertejx.com\/wp-content\/uploads\/2024\/12\/Loader7-12x12.jpg 12w, https:\/\/youertejx.com\/wp-content\/uploads\/2024\/12\/Loader7-100x100.jpg 100w, https:\/\/youertejx.com\/wp-content\/uploads\/2024\/12\/Loader7.jpg 500w\" sizes=\"auto, (max-width: 751px) 100vw, 751px\" \/><\/p>\n<p><img loading=\"lazy\" decoding=\"async\" class=\"alignnone wp-image-1975\" src=\"https:\/\/youertejx.com\/wp-content\/uploads\/2024\/12\/Loader8-300x300.jpg\" alt=\"\" width=\"752\" height=\"752\" srcset=\"https:\/\/youertejx.com\/wp-content\/uploads\/2024\/12\/Loader8-300x300.jpg 300w, https:\/\/youertejx.com\/wp-content\/uploads\/2024\/12\/Loader8-150x150.jpg 150w, https:\/\/youertejx.com\/wp-content\/uploads\/2024\/12\/Loader8-12x12.jpg 12w, https:\/\/youertejx.com\/wp-content\/uploads\/2024\/12\/Loader8-100x100.jpg 100w, https:\/\/youertejx.com\/wp-content\/uploads\/2024\/12\/Loader8.jpg 500w\" sizes=\"auto, (max-width: 752px) 100vw, 752px\" \/><\/p>\n<p><img loading=\"lazy\" decoding=\"async\" class=\"alignnone wp-image-1974\" src=\"https:\/\/youertejx.com\/wp-content\/uploads\/2024\/12\/Loader9-300x300.jpg\" alt=\"\" width=\"750\" height=\"750\" srcset=\"https:\/\/youertejx.com\/wp-content\/uploads\/2024\/12\/Loader9-300x300.jpg 300w, https:\/\/youertejx.com\/wp-content\/uploads\/2024\/12\/Loader9-150x150.jpg 150w, https:\/\/youertejx.com\/wp-content\/uploads\/2024\/12\/Loader9-12x12.jpg 12w, https:\/\/youertejx.com\/wp-content\/uploads\/2024\/12\/Loader9-100x100.jpg 100w, https:\/\/youertejx.com\/wp-content\/uploads\/2024\/12\/Loader9.jpg 500w\" sizes=\"auto, (max-width: 750px) 100vw, 750px\" \/><\/p>\n<p><img loading=\"lazy\" decoding=\"async\" class=\"alignnone wp-image-1972\" src=\"https:\/\/youertejx.com\/wp-content\/uploads\/2024\/12\/Loader11-300x300.jpg\" alt=\"\" width=\"371\" height=\"371\" srcset=\"https:\/\/youertejx.com\/wp-content\/uploads\/2024\/12\/Loader11-300x300.jpg 300w, https:\/\/youertejx.com\/wp-content\/uploads\/2024\/12\/Loader11-150x150.jpg 150w, https:\/\/youertejx.com\/wp-content\/uploads\/2024\/12\/Loader11-12x12.jpg 12w, https:\/\/youertejx.com\/wp-content\/uploads\/2024\/12\/Loader11-100x100.jpg 100w, https:\/\/youertejx.com\/wp-content\/uploads\/2024\/12\/Loader11.jpg 500w\" sizes=\"auto, (max-width: 371px) 100vw, 371px\" \/> <img loading=\"lazy\" decoding=\"async\" class=\"alignnone wp-image-1973\" src=\"https:\/\/youertejx.com\/wp-content\/uploads\/2024\/12\/Loader10-300x300.jpg\" alt=\"\" width=\"372\" height=\"372\" srcset=\"https:\/\/youertejx.com\/wp-content\/uploads\/2024\/12\/Loader10-300x300.jpg 300w, https:\/\/youertejx.com\/wp-content\/uploads\/2024\/12\/Loader10-150x150.jpg 150w, https:\/\/youertejx.com\/wp-content\/uploads\/2024\/12\/Loader10-12x12.jpg 12w, https:\/\/youertejx.com\/wp-content\/uploads\/2024\/12\/Loader10-100x100.jpg 100w, https:\/\/youertejx.com\/wp-content\/uploads\/2024\/12\/Loader10.jpg 500w\" sizes=\"auto, (max-width: 372px) 100vw, 372px\" \/><\/p>\n<p><img loading=\"lazy\" decoding=\"async\" class=\"alignnone wp-image-1971\" src=\"https:\/\/youertejx.com\/wp-content\/uploads\/2024\/12\/Loader12-242x300.jpg\" alt=\"\" width=\"747\" height=\"926\" srcset=\"https:\/\/youertejx.com\/wp-content\/uploads\/2024\/12\/Loader12-242x300.jpg 242w, https:\/\/youertejx.com\/wp-content\/uploads\/2024\/12\/Loader12-10x12.jpg 10w, https:\/\/youertejx.com\/wp-content\/uploads\/2024\/12\/Loader12-600x745.jpg 600w, https:\/\/youertejx.com\/wp-content\/uploads\/2024\/12\/Loader12.jpg 680w\" sizes=\"auto, (max-width: 747px) 100vw, 747px\" \/><\/p>\n<p><img loading=\"lazy\" decoding=\"async\" class=\"alignnone wp-image-1970\" src=\"https:\/\/youertejx.com\/wp-content\/uploads\/2024\/12\/Loader13-242x300.jpg\" alt=\"\" width=\"749\" height=\"929\" srcset=\"https:\/\/youertejx.com\/wp-content\/uploads\/2024\/12\/Loader13-242x300.jpg 242w, https:\/\/youertejx.com\/wp-content\/uploads\/2024\/12\/Loader13-10x12.jpg 10w, https:\/\/youertejx.com\/wp-content\/uploads\/2024\/12\/Loader13-600x745.jpg 600w, https:\/\/youertejx.com\/wp-content\/uploads\/2024\/12\/Loader13.jpg 680w\" sizes=\"auto, (max-width: 749px) 100vw, 749px\" \/><\/p>\n<p><img loading=\"lazy\" decoding=\"async\" class=\"alignnone wp-image-1969\" src=\"https:\/\/youertejx.com\/wp-content\/uploads\/2024\/12\/Loader14-242x300.jpg\" alt=\"\" width=\"749\" height=\"929\" srcset=\"https:\/\/youertejx.com\/wp-content\/uploads\/2024\/12\/Loader14-242x300.jpg 242w, https:\/\/youertejx.com\/wp-content\/uploads\/2024\/12\/Loader14-10x12.jpg 10w, https:\/\/youertejx.com\/wp-content\/uploads\/2024\/12\/Loader14-600x745.jpg 600w, https:\/\/youertejx.com\/wp-content\/uploads\/2024\/12\/Loader14.jpg 680w\" sizes=\"auto, (max-width: 749px) 100vw, 749px\" \/><\/p>\n<p><img loading=\"lazy\" decoding=\"async\" class=\"alignnone wp-image-1968\" src=\"https:\/\/youertejx.com\/wp-content\/uploads\/2024\/12\/Loader15-202x300.jpg\" alt=\"\" width=\"765\" height=\"1136\" srcset=\"https:\/\/youertejx.com\/wp-content\/uploads\/2024\/12\/Loader15-202x300.jpg 202w, https:\/\/youertejx.com\/wp-content\/uploads\/2024\/12\/Loader15-689x1024.jpg 689w, https:\/\/youertejx.com\/wp-content\/uploads\/2024\/12\/Loader15-8x12.jpg 8w, https:\/\/youertejx.com\/wp-content\/uploads\/2024\/12\/Loader15-600x891.jpg 600w, https:\/\/youertejx.com\/wp-content\/uploads\/2024\/12\/Loader15.jpg 750w\" sizes=\"auto, (max-width: 765px) 100vw, 765px\" \/><\/p>\n<p><img loading=\"lazy\" decoding=\"async\" class=\"alignnone wp-image-1967\" src=\"https:\/\/youertejx.com\/wp-content\/uploads\/2024\/12\/Loader16-300x250.jpg\" alt=\"\" width=\"761\" height=\"634\" srcset=\"https:\/\/youertejx.com\/wp-content\/uploads\/2024\/12\/Loader16-300x250.jpg 300w, https:\/\/youertejx.com\/wp-content\/uploads\/2024\/12\/Loader16-14x12.jpg 14w, https:\/\/youertejx.com\/wp-content\/uploads\/2024\/12\/Loader16-600x500.jpg 600w, https:\/\/youertejx.com\/wp-content\/uploads\/2024\/12\/Loader16.jpg 750w\" sizes=\"auto, (max-width: 761px) 100vw, 761px\" \/><\/p>\n<table class=\"all magic-27\">\n<tbody>\n<tr>\n<td colspan=\"1\" rowspan=\"1\">\n<div class=\"magic-28\">\n<div class=\"magic-29\" data-spm-anchor-id=\"a2700.custom-template.0.i267.4c113333QBsBZd\">Modell<\/div>\n<\/div>\n<\/td>\n<td colspan=\"1\" rowspan=\"1\">\n<div class=\"magic-30\">\n<div class=\"magic-29\">Abmessungen (L*B*H)<\/div>\n<\/div>\n<\/td>\n<td colspan=\"1\" rowspan=\"1\">\n<div class=\"magic-31\">\n<div class=\"magic-29\">Abmessungen (L*B*H)<\/div>\n<\/div>\n<\/td>\n<td colspan=\"1\" rowspan=\"1\">\n<div class=\"magic-32\">\n<div class=\"magic-29\">Nennlast<\/div>\n<\/div>\n<\/td>\n<td colspan=\"1\" rowspan=\"1\">\n<div class=\"magic-33\">\n<div class=\"magic-29\">Betriebsgewicht<\/div>\n<\/div>\n<\/td>\n<\/tr>\n<tr>\n<td colspan=\"1\" rowspan=\"1\">\n<div class=\"magic-28\">\n<div class=\"magic-29\">U-300<\/div>\n<\/div>\n<\/td>\n<td colspan=\"1\" rowspan=\"1\">\n<div class=\"magic-30\">\n<div class=\"magic-29\">4300*1300*2150 mm<\/div>\n<\/div>\n<\/td>\n<td colspan=\"1\" rowspan=\"1\">\n<div class=\"magic-31\">\n<div class=\"magic-29\">0,3 m\u00b3<\/div>\n<\/div>\n<\/td>\n<td colspan=\"1\" rowspan=\"1\">\n<div class=\"magic-32\">\n<div class=\"magic-29\">300 kg<\/div>\n<\/div>\n<\/td>\n<td colspan=\"1\" rowspan=\"1\">\n<div class=\"magic-33\">\n<div class=\"magic-29\">2000 kg<\/div>\n<\/div>\n<\/td>\n<\/tr>\n<tr>\n<td colspan=\"1\" rowspan=\"1\">\n<div class=\"magic-28\">\n<div class=\"magic-29\">U-918<\/div>\n<\/div>\n<\/td>\n<td colspan=\"1\" rowspan=\"1\">\n<div class=\"magic-30\">\n<div class=\"magic-29\">4400*1400*2150 mm<\/div>\n<\/div>\n<\/td>\n<td colspan=\"1\" rowspan=\"1\">\n<div class=\"magic-31\">\n<div class=\"magic-29\">0,5 m\u00b3<\/div>\n<\/div>\n<\/td>\n<td colspan=\"1\" rowspan=\"1\">\n<div class=\"magic-32\">\n<div class=\"magic-29\">600 kg<\/div>\n<\/div>\n<\/td>\n<td colspan=\"1\" rowspan=\"1\">\n<div class=\"magic-33\">\n<div class=\"magic-29\">2500 kg<\/div>\n<\/div>\n<\/td>\n<\/tr>\n<tr>\n<td colspan=\"1\" rowspan=\"1\">\n<div class=\"magic-28\">\n<div class=\"magic-29\" data-spm-anchor-id=\"a2700.custom-template.0.i1.4c113333QZ3EYg\">U-932 (kurz)<\/div>\n<\/div>\n<\/td>\n<td colspan=\"1\" rowspan=\"1\">\n<div class=\"magic-30\">\n<div class=\"magic-29\">5600*1800*2150 mm<\/div>\n<\/div>\n<\/td>\n<td colspan=\"1\" rowspan=\"1\">\n<div class=\"magic-31\">\n<div class=\"magic-29\">0,78 m\u00b3<\/div>\n<\/div>\n<\/td>\n<td colspan=\"1\" rowspan=\"1\">\n<div class=\"magic-32\">\n<div class=\"magic-29\">800 kg<\/div>\n<\/div>\n<\/td>\n<td colspan=\"1\" rowspan=\"1\">\n<div class=\"magic-33\">\n<div class=\"magic-29\">3400 kg<\/div>\n<\/div>\n<\/td>\n<\/tr>\n<tr>\n<td colspan=\"1\" rowspan=\"1\">\n<div class=\"magic-28\">\n<div class=\"magic-29\" data-spm-anchor-id=\"0.0.0.i0.439d4f051Q5Xox\">U-936 (kurz)<\/div>\n<\/div>\n<\/td>\n<td colspan=\"1\" rowspan=\"1\">\n<div class=\"magic-30\">\n<div class=\"magic-29\">5600*1800*2150 mm<\/div>\n<\/div>\n<\/td>\n<td colspan=\"1\" rowspan=\"1\">\n<div class=\"magic-31\">\n<div class=\"magic-29\">0,78 m\u00b3<\/div>\n<\/div>\n<\/td>\n<td colspan=\"1\" rowspan=\"1\">\n<div class=\"magic-32\">\n<div class=\"magic-29\">900 kg<\/div>\n<\/div>\n<\/td>\n<td colspan=\"1\" rowspan=\"1\">\n<div class=\"magic-33\">\n<div class=\"magic-29\">3400 kg<\/div>\n<\/div>\n<\/td>\n<\/tr>\n<tr>\n<td colspan=\"1\" rowspan=\"1\">\n<div class=\"magic-28\">\n<div class=\"magic-29\">U-920<\/div>\n<\/div>\n<\/td>\n<td colspan=\"1\" rowspan=\"1\">\n<div class=\"magic-30\">\n<div class=\"magic-29\" data-spm-anchor-id=\"a2700.custom-template.0.i269.4c113333QBsBZd\">5500*1800*2700 mm<\/div>\n<\/div>\n<\/td>\n<td colspan=\"1\" rowspan=\"1\">\n<div class=\"magic-31\">\n<div class=\"magic-29\">0,78 m\u00b3<\/div>\n<\/div>\n<\/td>\n<td colspan=\"1\" rowspan=\"1\">\n<div class=\"magic-32\">\n<div class=\"magic-29\">800 kg<\/div>\n<\/div>\n<\/td>\n<td colspan=\"1\" rowspan=\"1\">\n<div class=\"magic-33\">\n<div class=\"magic-29\">3400 kg<\/div>\n<\/div>\n<\/td>\n<\/tr>\n<tr>\n<td colspan=\"1\" rowspan=\"1\">\n<div class=\"magic-28\">\n<div class=\"magic-29\">U-932<\/div>\n<\/div>\n<\/td>\n<td colspan=\"1\" rowspan=\"1\">\n<div class=\"magic-30\">\n<div class=\"magic-29\">5500*1800*2700 mm<\/div>\n<\/div>\n<\/td>\n<td colspan=\"1\" rowspan=\"1\">\n<div class=\"magic-31\">\n<div class=\"magic-29\">0,78 m\u00b3<\/div>\n<\/div>\n<\/td>\n<td colspan=\"1\" rowspan=\"1\">\n<div class=\"magic-32\">\n<div class=\"magic-29\">900 kg<\/div>\n<\/div>\n<\/td>\n<td colspan=\"1\" rowspan=\"1\">\n<div class=\"magic-33\">\n<div class=\"magic-29\">3400 kg<\/div>\n<\/div>\n<\/td>\n<\/tr>\n<tr>\n<td colspan=\"1\" rowspan=\"1\">\n<div class=\"magic-28\">\n<div class=\"magic-29\">U-936<\/div>\n<\/div>\n<\/td>\n<td colspan=\"1\" rowspan=\"1\">\n<div class=\"magic-30\">\n<div class=\"magic-29\">5500*1800*2700 mm<\/div>\n<\/div>\n<\/td>\n<td colspan=\"1\" rowspan=\"1\">\n<div class=\"magic-31\">\n<div class=\"magic-29\">0,78 m\u00b3<\/div>\n<\/div>\n<\/td>\n<td colspan=\"1\" rowspan=\"1\">\n<div class=\"magic-32\">\n<div class=\"magic-29\">1000 kg<\/div>\n<\/div>\n<\/td>\n<td colspan=\"1\" rowspan=\"1\">\n<div class=\"magic-33\">\n<div class=\"magic-29\">3500 kg<\/div>\n<\/div>\n<\/td>\n<\/tr>\n<tr>\n<td colspan=\"1\" rowspan=\"1\">\n<div class=\"magic-28\">\n<div class=\"magic-29\">U-940<\/div>\n<\/div>\n<\/td>\n<td colspan=\"1\" rowspan=\"1\">\n<div class=\"magic-30\">\n<div class=\"magic-29\">6000*2000*2850 mm<\/div>\n<\/div>\n<\/td>\n<td colspan=\"1\" rowspan=\"1\">\n<div class=\"magic-31\">\n<div class=\"magic-29\">1,2 m\u00b3<\/div>\n<\/div>\n<\/td>\n<td colspan=\"1\" rowspan=\"1\">\n<div class=\"magic-32\">\n<div class=\"magic-29\">1300 kg<\/div>\n<\/div>\n<\/td>\n<td colspan=\"1\" rowspan=\"1\">\n<div class=\"magic-33\">\n<div class=\"magic-29\">4500 kg<\/div>\n<\/div>\n<\/td>\n<\/tr>\n<tr>\n<td colspan=\"1\" rowspan=\"1\">\n<div class=\"magic-28\">\n<div class=\"magic-29\">U-946<\/div>\n<\/div>\n<\/td>\n<td colspan=\"1\" rowspan=\"1\">\n<div class=\"magic-30\">\n<div class=\"magic-29\">6000*2000*2850 mm<\/div>\n<\/div>\n<\/td>\n<td colspan=\"1\" rowspan=\"1\">\n<div class=\"magic-31\">\n<div class=\"magic-29\">1,2 m\u00b3<\/div>\n<\/div>\n<\/td>\n<td colspan=\"1\" rowspan=\"1\">\n<div class=\"magic-32\">\n<div class=\"magic-29\">1600 kg<\/div>\n<\/div>\n<\/td>\n<td colspan=\"1\" rowspan=\"1\">\n<div class=\"magic-33\">\n<div class=\"magic-29\">4800 kg<\/div>\n<\/div>\n<\/td>\n<\/tr>\n<tr>\n<td colspan=\"1\" rowspan=\"1\">\n<div class=\"magic-28\">\n<div class=\"magic-29\">U-958<\/div>\n<\/div>\n<\/td>\n<td colspan=\"1\" rowspan=\"1\">\n<div class=\"magic-30\">\n<div class=\"magic-29\">6200*2100*2900 mm<\/div>\n<\/div>\n<\/td>\n<td colspan=\"1\" rowspan=\"1\">\n<div class=\"magic-31\">\n<div class=\"magic-29\">1,3 m\u00b3<\/div>\n<\/div>\n<\/td>\n<td colspan=\"1\" rowspan=\"1\">\n<div class=\"magic-32\">\n<div class=\"magic-29\">2000 kg<\/div>\n<\/div>\n<\/td>\n<td colspan=\"1\" rowspan=\"1\">\n<div class=\"magic-33\">\n<div class=\"magic-29\">5000 kg<\/div>\n<\/div>\n<\/td>\n<\/tr>\n<tr>\n<td colspan=\"1\" rowspan=\"1\">\n<div class=\"magic-28\">\n<div class=\"magic-29\">U-968<\/div>\n<\/div>\n<\/td>\n<td colspan=\"1\" rowspan=\"1\">\n<div class=\"magic-30\">\n<div class=\"magic-29\">7100*2100*3100 mm<\/div>\n<\/div>\n<\/td>\n<td colspan=\"1\" rowspan=\"1\">\n<div class=\"magic-31\">\n<div class=\"magic-29\">2m\u00b3<\/div>\n<\/div>\n<\/td>\n<td colspan=\"1\" rowspan=\"1\">\n<div class=\"magic-32\">\n<div class=\"magic-29\">3000 kg<\/div>\n<\/div>\n<\/td>\n<td colspan=\"1\" rowspan=\"1\">\n<div class=\"magic-33\">\n<div class=\"magic-29\">8000 kg<\/div>\n<\/div>\n<\/td>\n<\/tr>\n<\/tbody>\n<\/table>\n<p>&nbsp;<\/p>\n<h5><img loading=\"lazy\" decoding=\"async\" class=\"alignnone wp-image-1987\" src=\"https:\/\/youertejx.com\/wp-content\/uploads\/2024\/12\/Loader21-300x197.jpg\" alt=\"\" width=\"707\" height=\"464\" srcset=\"https:\/\/youertejx.com\/wp-content\/uploads\/2024\/12\/Loader21-300x197.jpg 300w, https:\/\/youertejx.com\/wp-content\/uploads\/2024\/12\/Loader21-18x12.jpg 18w, https:\/\/youertejx.com\/wp-content\/uploads\/2024\/12\/Loader21-600x394.jpg 600w, https:\/\/youertejx.com\/wp-content\/uploads\/2024\/12\/Loader21.jpg 750w\" sizes=\"auto, (max-width: 707px) 100vw, 707px\" \/><img loading=\"lazy\" decoding=\"async\" class=\"alignnone wp-image-1986\" src=\"https:\/\/youertejx.com\/wp-content\/uploads\/2024\/12\/Loader20-300x239.jpg\" alt=\"\" width=\"709\" height=\"565\" srcset=\"https:\/\/youertejx.com\/wp-content\/uploads\/2024\/12\/Loader20-300x239.jpg 300w, https:\/\/youertejx.com\/wp-content\/uploads\/2024\/12\/Loader20-1024x816.jpg 1024w, https:\/\/youertejx.com\/wp-content\/uploads\/2024\/12\/Loader20-768x612.jpg 768w, https:\/\/youertejx.com\/wp-content\/uploads\/2024\/12\/Loader20-15x12.jpg 15w, https:\/\/youertejx.com\/wp-content\/uploads\/2024\/12\/Loader20-600x478.jpg 600w, https:\/\/youertejx.com\/wp-content\/uploads\/2024\/12\/Loader20.jpg 1200w\" sizes=\"auto, (max-width: 709px) 100vw, 709px\" \/><\/h5>\n<p><img loading=\"lazy\" decoding=\"async\" class=\"alignnone wp-image-1965\" src=\"https:\/\/youertejx.com\/wp-content\/uploads\/2024\/12\/Loader18-300x254.jpg\" alt=\"\" width=\"690\" height=\"584\" srcset=\"https:\/\/youertejx.com\/wp-content\/uploads\/2024\/12\/Loader18-300x254.jpg 300w, https:\/\/youertejx.com\/wp-content\/uploads\/2024\/12\/Loader18-14x12.jpg 14w, https:\/\/youertejx.com\/wp-content\/uploads\/2024\/12\/Loader18-600x507.jpg 600w, https:\/\/youertejx.com\/wp-content\/uploads\/2024\/12\/Loader18.jpg 750w\" sizes=\"auto, (max-width: 690px) 100vw, 690px\" \/><\/p>\n<p><b><span class=\"magic-39\" style=\"color: #d67b03;\" data-spm-anchor-id=\"a2700.details.0.i70.1d042d56FB9Ucm\">Wir bieten eine strenge After-Sales-Garantie. Sollten die Teile w\u00e4hrend des Transports besch\u00e4digt werden, stellen wir sie kostenlos zur Verf\u00fcgung. Dar\u00fcber hinaus bieten wir innerhalb eines Jahres einen After-Sales-Service f\u00fcr unsere Produkte an. Vor Verlassen des Werks k\u00f6nnen wir Videodienste unterst\u00fctzen, um die Produktqualit\u00e4t sicherzustellen.<\/span><\/b><\/p>\n<p><img loading=\"lazy\" decoding=\"async\" class=\"alignnone wp-image-1844\" src=\"https:\/\/youertejx.com\/wp-content\/uploads\/2024\/12\/BLxqy9-212x300.jpg\" alt=\"\" width=\"702\" height=\"993\" srcset=\"https:\/\/youertejx.com\/wp-content\/uploads\/2024\/12\/BLxqy9-212x300.jpg 212w, https:\/\/youertejx.com\/wp-content\/uploads\/2024\/12\/BLxqy9-725x1024.jpg 725w, https:\/\/youertejx.com\/wp-content\/uploads\/2024\/12\/BLxqy9-8x12.jpg 8w\" sizes=\"auto, (max-width: 702px) 100vw, 702px\" \/><\/p>\n<p><img loading=\"lazy\" decoding=\"async\" class=\"alignnone wp-image-1845\" src=\"https:\/\/youertejx.com\/wp-content\/uploads\/2024\/12\/BLxqy10-300x295.jpg\" alt=\"\" width=\"701\" height=\"689\" srcset=\"https:\/\/youertejx.com\/wp-content\/uploads\/2024\/12\/BLxqy10-300x295.jpg 300w, https:\/\/youertejx.com\/wp-content\/uploads\/2024\/12\/BLxqy10-12x12.jpg 12w, https:\/\/youertejx.com\/wp-content\/uploads\/2024\/12\/BLxqy10-600x590.jpg 600w, https:\/\/youertejx.com\/wp-content\/uploads\/2024\/12\/BLxqy10.jpg 750w\" sizes=\"auto, (max-width: 701px) 100vw, 701px\" \/><\/p>\n<p>&nbsp;<\/p>\n<p><img loading=\"lazy\" decoding=\"async\" class=\"alignnone wp-image-1847\" src=\"https:\/\/youertejx.com\/wp-content\/uploads\/2024\/12\/BLxqy12-300x239.jpg\" alt=\"\" width=\"668\" height=\"532\" srcset=\"https:\/\/youertejx.com\/wp-content\/uploads\/2024\/12\/BLxqy12-300x239.jpg 300w, https:\/\/youertejx.com\/wp-content\/uploads\/2024\/12\/BLxqy12-15x12.jpg 15w, https:\/\/youertejx.com\/wp-content\/uploads\/2024\/12\/BLxqy12-600x478.jpg 600w, https:\/\/youertejx.com\/wp-content\/uploads\/2024\/12\/BLxqy12.jpg 750w\" sizes=\"auto, (max-width: 668px) 100vw, 668px\" \/><\/p>\n<p><img loading=\"lazy\" decoding=\"async\" class=\"alignnone wp-image-1848\" src=\"https:\/\/youertejx.com\/wp-content\/uploads\/2024\/12\/BLxqy13-300x108.jpg\" alt=\"\" width=\"661\" height=\"238\" srcset=\"https:\/\/youertejx.com\/wp-content\/uploads\/2024\/12\/BLxqy13-300x108.jpg 300w, https:\/\/youertejx.com\/wp-content\/uploads\/2024\/12\/BLxqy13-18x6.jpg 18w, https:\/\/youertejx.com\/wp-content\/uploads\/2024\/12\/BLxqy13-600x215.jpg 600w, https:\/\/youertejx.com\/wp-content\/uploads\/2024\/12\/BLxqy13.jpg 750w\" sizes=\"auto, (max-width: 661px) 100vw, 661px\" \/><\/p>","protected":false},"excerpt":{"rendered":"<p>Provides a variety of loaders to meet the needs of different customers. \u00a0Whether it is a small project or a large construction project, our loaders can provide efficient solutions. What can our loader do for you? Wheel Loader is a kind of earthwork construction machinery\u00a0widely used in highway, railway, construction, hydropower, port, mine and other [&hellip;]<\/p>\n","protected":false},"featured_media":1978,"template":"","meta":{"_gspb_post_css":""},"product_brand":[],"product_cat":[48],"product_tag":[],"class_list":{"0":"post-1964","1":"product","2":"type-product","3":"status-publish","4":"has-post-thumbnail","6":"product_cat-loader","8":"first","9":"instock","10":"shipping-taxable","11":"product-type-simple"},"_links":{"self":[{"href":"https:\/\/youertejx.com\/de\/wp-json\/wp\/v2\/product\/1964","targetHints":{"allow":["GET"]}}],"collection":[{"href":"https:\/\/youertejx.com\/de\/wp-json\/wp\/v2\/product"}],"about":[{"href":"https:\/\/youertejx.com\/de\/wp-json\/wp\/v2\/types\/product"}],"wp:featuredmedia":[{"embeddable":true,"href":"https:\/\/youertejx.com\/de\/wp-json\/wp\/v2\/media\/1978"}],"wp:attachment":[{"href":"https:\/\/youertejx.com\/de\/wp-json\/wp\/v2\/media?parent=1964"}],"wp:term":[{"taxonomy":"product_brand","embeddable":true,"href":"https:\/\/youertejx.com\/de\/wp-json\/wp\/v2\/product_brand?post=1964"},{"taxonomy":"product_cat","embeddable":true,"href":"https:\/\/youertejx.com\/de\/wp-json\/wp\/v2\/product_cat?post=1964"},{"taxonomy":"product_tag","embeddable":true,"href":"https:\/\/youertejx.com\/de\/wp-json\/wp\/v2\/product_tag?post=1964"}],"curies":[{"name":"wp","href":"https:\/\/api.w.org\/{rel}","templated":true}]}}