{"id":2007,"date":"2025-01-03T07:29:42","date_gmt":"2025-01-03T07:29:42","guid":{"rendered":"https:\/\/youertejx.com\/?post_type=product&#038;p=2007"},"modified":"2025-03-27T08:18:15","modified_gmt":"2025-03-27T08:18:15","slug":"gabelstaplergabeln-15-tonnen-zu-verkaufen","status":"publish","type":"product","link":"https:\/\/youertejx.com\/de\/product\/forklift-forks-1-5ton-for-sale\/","title":{"rendered":"1,5 Tonnen Elektro-Gabelstapler"},"content":{"rendered":"<h3><span style=\"color: #123596;\"><strong>WAS K\u00d6NNEN UNSERE PRODUKTE F\u00dcR SIE TUN?<\/strong><\/span><\/h3>\n<p>Der 1,5-Tonnen-Elektrostapler ist f\u00fcr effizienten Materialumschlag konzipiert. Sein elektrischer Antrieb ist arbeitssparend und umweltfreundlich, da er keine Abgase emittiert, wodurch er sich besonders f\u00fcr den Innenbereich eignet. Dank der einfachen und intuitiven Steuerung ist der Bediener schnell einsatzbereit, was die Schulungskosten reduziert. Gleichzeitig verf\u00fcgt er \u00fcber eine flexible Lenkung und einen kleinen Wenderadius, wodurch er sich in engen Lagerg\u00e4ngen, \u00fcberf\u00fcllten Werkst\u00e4tten und anderen R\u00e4umen leicht bewegen und wenden l\u00e4sst.<\/p>\n<ul>\n<li>Starke Leistung: 3 kW Hubmotor, bew\u00e4ltigt problemlos 1500 kg Nennlast, effizienter Betrieb.<\/li>\n<li>Flexible Steuerung: Der minimale Wenderadius betr\u00e4gt nur 2020 mm, und er kann in engen R\u00e4umen flexibel wenden, und die Bedienung ist bequem.<\/li>\n<li>Hervorragende Hubleistung: 3000 mm Hubh\u00f6he, 120 mm\/s Hubgeschwindigkeit, um verschiedene Be- und Entladeanforderungen zu erf\u00fcllen.<\/li>\n<li>Stabil und sicher: 25\u00b0 Mastneigungswinkel, kombiniert mit einem angemessenen Radstanddesign, um Betriebsstabilit\u00e4t zu gew\u00e4hrleisten.<\/li>\n<li>Spezifikationsanpassung: 650 \u2013 10 Vorderradspezifikationen mit 1560 mm Radstand, geeignet f\u00fcr verschiedene Arbeitsbedingungen und Stra\u00dfenoberfl\u00e4chen.<\/li>\n<\/ul>\n<p><iframe loading=\"lazy\" title=\"YouTube-Videoplayer\" src=\"https:\/\/www.youtube.com\/embed\/DkSAd_A3RK0?si=rdcVV0LMqEHwVtnF\" width=\"750\" height=\"421\" frameborder=\"0\" allowfullscreen=\"allowfullscreen\"><\/iframe><\/p>\n<h3><span style=\"color: #123596;\"><strong>ZERTIFIZIERUNG<\/strong><\/span><\/h3>\n<p><img loading=\"lazy\" decoding=\"async\" class=\"alignnone size-full wp-image-2397\" src=\"https:\/\/youertejx.com\/wp-content\/uploads\/2025\/01\/\u5fae\u4fe1\u56fe\u7247_20250322153012.jpg\" alt=\"\" width=\"750\" height=\"688\" srcset=\"https:\/\/youertejx.com\/wp-content\/uploads\/2025\/01\/\u5fae\u4fe1\u56fe\u7247_20250322153012.jpg 750w, https:\/\/youertejx.com\/wp-content\/uploads\/2025\/01\/\u5fae\u4fe1\u56fe\u7247_20250322153012-300x275.jpg 300w, https:\/\/youertejx.com\/wp-content\/uploads\/2025\/01\/\u5fae\u4fe1\u56fe\u7247_20250322153012-13x12.jpg 13w, https:\/\/youertejx.com\/wp-content\/uploads\/2025\/01\/\u5fae\u4fe1\u56fe\u7247_20250322153012-600x550.jpg 600w\" sizes=\"auto, (max-width: 750px) 100vw, 750px\" \/><\/p>\n<h3><span style=\"color: #123596;\"><strong>FABRIK<\/strong><\/span><\/h3>\n<p><img loading=\"lazy\" decoding=\"async\" class=\"alignnone size-full wp-image-2400\" src=\"https:\/\/youertejx.com\/wp-content\/uploads\/2025\/03\/\u5fae\u4fe1\u56fe\u7247_20250322155120.jpg\" alt=\"\" width=\"750\" height=\"556\" srcset=\"https:\/\/youertejx.com\/wp-content\/uploads\/2025\/03\/\u5fae\u4fe1\u56fe\u7247_20250322155120.jpg 750w, https:\/\/youertejx.com\/wp-content\/uploads\/2025\/03\/\u5fae\u4fe1\u56fe\u7247_20250322155120-300x222.jpg 300w, https:\/\/youertejx.com\/wp-content\/uploads\/2025\/03\/\u5fae\u4fe1\u56fe\u7247_20250322155120-16x12.jpg 16w, https:\/\/youertejx.com\/wp-content\/uploads\/2025\/03\/\u5fae\u4fe1\u56fe\u7247_20250322155120-600x445.jpg 600w\" sizes=\"auto, (max-width: 750px) 100vw, 750px\" \/><\/p>\n<p><img loading=\"lazy\" decoding=\"async\" class=\"alignnone size-full wp-image-2401\" src=\"https:\/\/youertejx.com\/wp-content\/uploads\/2025\/01\/\u5fae\u4fe1\u56fe\u7247_20250322144247-1.jpg\" alt=\"\" width=\"750\" height=\"597\" srcset=\"https:\/\/youertejx.com\/wp-content\/uploads\/2025\/01\/\u5fae\u4fe1\u56fe\u7247_20250322144247-1.jpg 750w, https:\/\/youertejx.com\/wp-content\/uploads\/2025\/01\/\u5fae\u4fe1\u56fe\u7247_20250322144247-1-300x239.jpg 300w, https:\/\/youertejx.com\/wp-content\/uploads\/2025\/01\/\u5fae\u4fe1\u56fe\u7247_20250322144247-1-15x12.jpg 15w, https:\/\/youertejx.com\/wp-content\/uploads\/2025\/01\/\u5fae\u4fe1\u56fe\u7247_20250322144247-1-600x478.jpg 600w\" sizes=\"auto, (max-width: 750px) 100vw, 750px\" \/><\/p>\n<h3><span style=\"color: #123596;\"><strong>UNSERE DIENSTLEISTUNGEN<\/strong><\/span><\/h3>\n<ul>\n<li>Wir haben eine strenge After-Sales-Garantie. Sollten die Teile w\u00e4hrend des Transports besch\u00e4digt werden, stellen wir sie kostenlos zur Verf\u00fcgung. Gleichzeitig bieten wir innerhalb eines Jahres einen After-Sales-Service f\u00fcr unsere Produkte an.<\/li>\n<li>Bevor wir das Werk verlassen, k\u00f6nnen wir einen Videoservice unterst\u00fctzen, um die Produktqualit\u00e4t sicherzustellen.<\/li>\n<li>Unterst\u00fctzt benutzerdefinierte Farben und Produktmarken. Je nach Kunde k\u00f6nnen unterschiedliche Produkte entwickelt werden.<\/li>\n<li>Unsere Elektro-Gabelstaplerprodukte haben die CE-Zertifizierung bestanden und erf\u00fcllen europ\u00e4ische und amerikanische Standards.<\/li>\n<li>Gabelh\u00fclsen und Werkzeugk\u00e4sten gibt es gratis dazu und die Ladestation kann sich den Stecker aussuchen.<\/li>\n<\/ul>","protected":false},"excerpt":{"rendered":"<p>WHAT CAN OUR PRODUCTS DO FOR YOU? The 1.5-ton electric forklift is designed for efficient material handling. Its electric drive system is labor-saving and environmentally friendly, with no exhaust emissions, making it particularly suitable for indoor operations. Equipped with simple and intuitive controls, operators can quickly get started, reducing training costs. At the same time, [&hellip;]<\/p>\n","protected":false},"featured_media":2395,"template":"","meta":{"_gspb_post_css":""},"product_brand":[],"product_cat":[34,32],"product_tag":[],"class_list":{"0":"post-2007","1":"product","2":"type-product","3":"status-publish","4":"has-post-thumbnail","6":"product_cat-cpd-15","7":"product_cat-electric-forklift","9":"first","10":"instock","11":"shipping-taxable","12":"product-type-simple"},"_links":{"self":[{"href":"https:\/\/youertejx.com\/de\/wp-json\/wp\/v2\/product\/2007","targetHints":{"allow":["GET"]}}],"collection":[{"href":"https:\/\/youertejx.com\/de\/wp-json\/wp\/v2\/product"}],"about":[{"href":"https:\/\/youertejx.com\/de\/wp-json\/wp\/v2\/types\/product"}],"wp:featuredmedia":[{"embeddable":true,"href":"https:\/\/youertejx.com\/de\/wp-json\/wp\/v2\/media\/2395"}],"wp:attachment":[{"href":"https:\/\/youertejx.com\/de\/wp-json\/wp\/v2\/media?parent=2007"}],"wp:term":[{"taxonomy":"product_brand","embeddable":true,"href":"https:\/\/youertejx.com\/de\/wp-json\/wp\/v2\/product_brand?post=2007"},{"taxonomy":"product_cat","embeddable":true,"href":"https:\/\/youertejx.com\/de\/wp-json\/wp\/v2\/product_cat?post=2007"},{"taxonomy":"product_tag","embeddable":true,"href":"https:\/\/youertejx.com\/de\/wp-json\/wp\/v2\/product_tag?post=2007"}],"curies":[{"name":"wp","href":"https:\/\/api.w.org\/{rel}","templated":true}]}}