{"id":2044,"date":"2025-01-03T08:52:11","date_gmt":"2025-01-03T08:52:11","guid":{"rendered":"https:\/\/youertejx.com\/?post_type=product&#038;p=2044"},"modified":"2025-03-27T08:01:51","modified_gmt":"2025-03-27T08:01:51","slug":"elektrischer-gabelstapler-35-tonnen","status":"publish","type":"product","link":"https:\/\/youertejx.com\/de\/product\/electric-lift-truck-3-5ton\/","title":{"rendered":"3,5-Tonnen-Elektro-Gabelstapler"},"content":{"rendered":"<h3><span style=\"color: #123596;\">Produkteigenschaften<\/span><\/h3>\n<ul>\n<li>Das ergonomisch gestaltete Lenkrad mit kleinem Durchmesser und einstellbarer Neigung liegt dem Fahrer gut in der Hand.<\/li>\n<li>Hohe Systemeffizienz, umfassende Schutzfunktionen, eingebauter Drehzahlsensor, Temperatursensor, Zuverl\u00e4ssigkeit und Lebensdauer.<\/li>\n<li>Das kompakte Karosseriedesign und das sanfte Ladungsinduktionslenksystem verf\u00fcgen \u00fcber einen kleinen Wenderadius, der f\u00fcr den Einsatz in engen Lagergassen geeignet ist.<\/li>\n<li>Die Verkleidungsteile bestehen alle aus einteiligen Metallstanzteilen, sind sch\u00f6n und praktisch, stabil und zuverl\u00e4ssig.<\/li>\n<li>Neues Konzeptdesign, die Batterie muss nicht mehr aus der oberen L\u00fccke des Dachschutzes heraush\u00e4ngen und kann schnell ausgetauscht werden.<\/li>\n<\/ul>\n<p><iframe loading=\"lazy\" title=\"YouTube-Videoplayer\" src=\"https:\/\/www.youtube.com\/embed\/ark9w9J-0pw?si=9IMFxCZL-wjG1c0a\" width=\"750\" height=\"421\" frameborder=\"0\" allowfullscreen=\"allowfullscreen\"><\/iframe><\/p>\n<h3><span style=\"color: #123596;\"><strong>ZERTIFIZIERUNG<\/strong><\/span><\/h3>\n<p><img loading=\"lazy\" decoding=\"async\" class=\"alignnone size-full wp-image-2397\" src=\"https:\/\/youertejx.com\/wp-content\/uploads\/2025\/01\/%E5%BE%AE%E4%BF%A1%E5%9B%BE%E7%89%87_20250322153012.jpg\" sizes=\"auto, (max-width: 750px) 100vw, 750px\" srcset=\"https:\/\/youertejx.com\/wp-content\/uploads\/2025\/01\/\u5fae\u4fe1\u56fe\u7247_20250322153012.jpg.webp 750w, https:\/\/youertejx.com\/wp-content\/uploads\/2025\/01\/\u5fae\u4fe1\u56fe\u7247_20250322153012-300x275.jpg.webp 300w, https:\/\/youertejx.com\/wp-content\/uploads\/2025\/01\/\u5fae\u4fe1\u56fe\u7247_20250322153012-13x12.jpg.webp 13w, https:\/\/youertejx.com\/wp-content\/uploads\/2025\/01\/\u5fae\u4fe1\u56fe\u7247_20250322153012-600x550.jpg.webp 600w\" alt=\"\" width=\"750\" height=\"688\" \/><\/p>\n<h3><span style=\"color: #123596;\"><strong>FABRIK<\/strong><\/span><\/h3>\n<p><img loading=\"lazy\" decoding=\"async\" class=\"alignnone size-full wp-image-2400\" src=\"https:\/\/youertejx.com\/wp-content\/uploads\/2025\/03\/%E5%BE%AE%E4%BF%A1%E5%9B%BE%E7%89%87_20250322155120.jpg\" sizes=\"auto, (max-width: 750px) 100vw, 750px\" srcset=\"https:\/\/youertejx.com\/wp-content\/uploads\/2025\/03\/\u5fae\u4fe1\u56fe\u7247_20250322155120.jpg.webp 750w, https:\/\/youertejx.com\/wp-content\/uploads\/2025\/03\/\u5fae\u4fe1\u56fe\u7247_20250322155120-300x222.jpg.webp 300w, https:\/\/youertejx.com\/wp-content\/uploads\/2025\/03\/\u5fae\u4fe1\u56fe\u7247_20250322155120-16x12.jpg.webp 16w, https:\/\/youertejx.com\/wp-content\/uploads\/2025\/03\/\u5fae\u4fe1\u56fe\u7247_20250322155120-600x445.jpg.webp 600w\" alt=\"\" width=\"750\" height=\"556\" \/><\/p>\n<p><img loading=\"lazy\" decoding=\"async\" class=\"alignnone size-full wp-image-2401\" src=\"https:\/\/youertejx.com\/wp-content\/uploads\/2025\/01\/%E5%BE%AE%E4%BF%A1%E5%9B%BE%E7%89%87_20250322144247-1.jpg\" sizes=\"auto, (max-width: 750px) 100vw, 750px\" srcset=\"https:\/\/youertejx.com\/wp-content\/uploads\/2025\/01\/\u5fae\u4fe1\u56fe\u7247_20250322144247-1.jpg.webp 750w, https:\/\/youertejx.com\/wp-content\/uploads\/2025\/01\/\u5fae\u4fe1\u56fe\u7247_20250322144247-1-300x239.jpg.webp 300w, https:\/\/youertejx.com\/wp-content\/uploads\/2025\/01\/\u5fae\u4fe1\u56fe\u7247_20250322144247-1-15x12.jpg.webp 15w, https:\/\/youertejx.com\/wp-content\/uploads\/2025\/01\/\u5fae\u4fe1\u56fe\u7247_20250322144247-1-600x478.jpg.webp 600w\" alt=\"\" width=\"750\" height=\"597\" \/><\/p>\n<h3><span style=\"color: #123596;\"><strong>UNSERE DIENSTLEISTUNGEN<\/strong><\/span><\/h3>\n<ul>\n<li>Wir haben eine strenge After-Sales-Garantie. Sollten die Teile w\u00e4hrend des Transports besch\u00e4digt werden, stellen wir sie kostenlos zur Verf\u00fcgung. Gleichzeitig bieten wir innerhalb eines Jahres einen After-Sales-Service f\u00fcr unsere Produkte an.<\/li>\n<li>Bevor wir das Werk verlassen, k\u00f6nnen wir einen Videoservice unterst\u00fctzen, um die Produktqualit\u00e4t sicherzustellen.<\/li>\n<li>Unterst\u00fctzt benutzerdefinierte Farben und Produktmarken. Je nach Kunde k\u00f6nnen unterschiedliche Produkte entwickelt werden.<\/li>\n<li>Unsere Elektro-Gabelstaplerprodukte haben die CE-Zertifizierung bestanden und erf\u00fcllen europ\u00e4ische und amerikanische Standards.<\/li>\n<li>Gabelh\u00fclsen und Werkzeugk\u00e4sten gibt es gratis dazu und die Ladestation kann sich den Stecker aussuchen.<\/li>\n<\/ul>\n<div class=\"J_module\">\n<div class=\"detail-decorate-json-renderer-container\">\n<div class=\"magic-3\">\n<div class=\"magic-6\">\n<div class=\"magic-7\">\n<div>\n<p>&nbsp;<\/p>\n<\/div>\n<\/div>\n<\/div>\n<\/div>\n<\/div>\n<\/div>","protected":false},"excerpt":{"rendered":"<p>Product Features Ergonomically designed small-diameter steering wheel with adjustable inclination feels good to the driver. High system efficiency, complete protection functions, built-in speed sensor, temperature sensor, reliability and service life. The compact body design and the smooth cargo induction steering system have a small turning radius, which can work in narrow storage lanes. Covering parts [&hellip;]<\/p>\n","protected":false},"featured_media":2466,"template":"","meta":{"_gspb_post_css":""},"product_brand":[],"product_cat":[38,32],"product_tag":[],"class_list":{"0":"post-2044","1":"product","2":"type-product","3":"status-publish","4":"has-post-thumbnail","6":"product_cat-cpd-35","7":"product_cat-electric-forklift","9":"first","10":"instock","11":"shipping-taxable","12":"product-type-simple"},"_links":{"self":[{"href":"https:\/\/youertejx.com\/de\/wp-json\/wp\/v2\/product\/2044","targetHints":{"allow":["GET"]}}],"collection":[{"href":"https:\/\/youertejx.com\/de\/wp-json\/wp\/v2\/product"}],"about":[{"href":"https:\/\/youertejx.com\/de\/wp-json\/wp\/v2\/types\/product"}],"wp:featuredmedia":[{"embeddable":true,"href":"https:\/\/youertejx.com\/de\/wp-json\/wp\/v2\/media\/2466"}],"wp:attachment":[{"href":"https:\/\/youertejx.com\/de\/wp-json\/wp\/v2\/media?parent=2044"}],"wp:term":[{"taxonomy":"product_brand","embeddable":true,"href":"https:\/\/youertejx.com\/de\/wp-json\/wp\/v2\/product_brand?post=2044"},{"taxonomy":"product_cat","embeddable":true,"href":"https:\/\/youertejx.com\/de\/wp-json\/wp\/v2\/product_cat?post=2044"},{"taxonomy":"product_tag","embeddable":true,"href":"https:\/\/youertejx.com\/de\/wp-json\/wp\/v2\/product_tag?post=2044"}],"curies":[{"name":"wp","href":"https:\/\/api.w.org\/{rel}","templated":true}]}}