{"id":2050,"date":"2025-01-03T09:14:50","date_gmt":"2025-01-03T09:14:50","guid":{"rendered":"https:\/\/youertejx.com\/?post_type=product&#038;p=2050"},"modified":"2025-03-27T07:45:43","modified_gmt":"2025-03-27T07:45:43","slug":"elektro-gabelstapler-4-tonnen","status":"publish","type":"product","link":"https:\/\/youertejx.com\/de\/product\/electric-forklift-4ton\/","title":{"rendered":"4-Tonnen-Elektro-Gabelstapler"},"content":{"rendered":"<h3><span style=\"color: #123596;\">Produkteigenschaften<\/span><\/h3>\n<ul>\n<li>Das System verf\u00fcgt \u00fcber eine hohe Effizienz, umfassende Schutzfunktionen und ist mit Geschwindigkeits- und Temperatursensoren ausgestattet, was die Zuverl\u00e4ssigkeit und Lebensdauer erheblich verbessert.<\/li>\n<li>Die vollst\u00e4ndig ge\u00f6ffnete Motorhaube, Batterie, Motor, Steuerung usw. sind an einer sinnvollen Position und einfach zu bedienen.<\/li>\n<li>Bei den wichtigsten elektrischen Komponenten handelt es sich ausschlie\u00dflich um Produkte bekannter Marken mit stabiler Leistung und zuverl\u00e4ssiger Qualit\u00e4t.<\/li>\n<li>Ausgestattet mit einem fortschrittlichen Energier\u00fcckgewinnungssystem, energiesparend und hocheffizient, lange Batterielebensdauer.<\/li>\n<\/ul>\n<p><iframe loading=\"lazy\" title=\"YouTube-Videoplayer\" src=\"https:\/\/www.youtube.com\/embed\/whcudO_tzXg?si=TE4Qs5ChByu_fLJF\" width=\"750\" height=\"421\" frameborder=\"0\" allowfullscreen=\"allowfullscreen\"><\/iframe><\/p>\n<h3><span style=\"color: #123596;\"><strong>ZERTIFIZIERUNG<\/strong><\/span><\/h3>\n<p><img loading=\"lazy\" decoding=\"async\" class=\"alignnone size-full wp-image-2397\" src=\"https:\/\/youertejx.com\/wp-content\/uploads\/2025\/01\/%E5%BE%AE%E4%BF%A1%E5%9B%BE%E7%89%87_20250322153012.jpg\" sizes=\"auto, (max-width: 750px) 100vw, 750px\" srcset=\"https:\/\/youertejx.com\/wp-content\/uploads\/2025\/01\/\u5fae\u4fe1\u56fe\u7247_20250322153012.jpg.webp 750w, https:\/\/youertejx.com\/wp-content\/uploads\/2025\/01\/\u5fae\u4fe1\u56fe\u7247_20250322153012-300x275.jpg.webp 300w, https:\/\/youertejx.com\/wp-content\/uploads\/2025\/01\/\u5fae\u4fe1\u56fe\u7247_20250322153012-13x12.jpg.webp 13w, https:\/\/youertejx.com\/wp-content\/uploads\/2025\/01\/\u5fae\u4fe1\u56fe\u7247_20250322153012-600x550.jpg.webp 600w\" alt=\"\" width=\"750\" height=\"688\" \/><\/p>\n<h3><span style=\"color: #123596;\"><strong>FABRIK<\/strong><\/span><\/h3>\n<p><img loading=\"lazy\" decoding=\"async\" class=\"alignnone size-full wp-image-2400\" src=\"https:\/\/youertejx.com\/wp-content\/uploads\/2025\/03\/%E5%BE%AE%E4%BF%A1%E5%9B%BE%E7%89%87_20250322155120.jpg\" sizes=\"auto, (max-width: 750px) 100vw, 750px\" srcset=\"https:\/\/youertejx.com\/wp-content\/uploads\/2025\/03\/\u5fae\u4fe1\u56fe\u7247_20250322155120.jpg.webp 750w, https:\/\/youertejx.com\/wp-content\/uploads\/2025\/03\/\u5fae\u4fe1\u56fe\u7247_20250322155120-300x222.jpg.webp 300w, https:\/\/youertejx.com\/wp-content\/uploads\/2025\/03\/\u5fae\u4fe1\u56fe\u7247_20250322155120-16x12.jpg.webp 16w, https:\/\/youertejx.com\/wp-content\/uploads\/2025\/03\/\u5fae\u4fe1\u56fe\u7247_20250322155120-600x445.jpg.webp 600w\" alt=\"\" width=\"750\" height=\"556\" \/><\/p>\n<p><img loading=\"lazy\" decoding=\"async\" class=\"alignnone size-full wp-image-2401\" src=\"https:\/\/youertejx.com\/wp-content\/uploads\/2025\/01\/%E5%BE%AE%E4%BF%A1%E5%9B%BE%E7%89%87_20250322144247-1.jpg\" sizes=\"auto, (max-width: 750px) 100vw, 750px\" srcset=\"https:\/\/youertejx.com\/wp-content\/uploads\/2025\/01\/\u5fae\u4fe1\u56fe\u7247_20250322144247-1.jpg.webp 750w, https:\/\/youertejx.com\/wp-content\/uploads\/2025\/01\/\u5fae\u4fe1\u56fe\u7247_20250322144247-1-300x239.jpg.webp 300w, https:\/\/youertejx.com\/wp-content\/uploads\/2025\/01\/\u5fae\u4fe1\u56fe\u7247_20250322144247-1-15x12.jpg.webp 15w, https:\/\/youertejx.com\/wp-content\/uploads\/2025\/01\/\u5fae\u4fe1\u56fe\u7247_20250322144247-1-600x478.jpg.webp 600w\" alt=\"\" width=\"750\" height=\"597\" \/><\/p>\n<h3><span style=\"color: #123596;\"><strong>UNSERE DIENSTLEISTUNGEN<\/strong><\/span><\/h3>\n<ul>\n<li>Wir haben eine strenge After-Sales-Garantie. Sollten die Teile w\u00e4hrend des Transports besch\u00e4digt werden, stellen wir sie kostenlos zur Verf\u00fcgung. Gleichzeitig bieten wir innerhalb eines Jahres einen After-Sales-Service f\u00fcr unsere Produkte an.<\/li>\n<li>Bevor wir das Werk verlassen, k\u00f6nnen wir einen Videoservice unterst\u00fctzen, um die Produktqualit\u00e4t sicherzustellen.<\/li>\n<li>Unterst\u00fctzt benutzerdefinierte Farben und Produktmarken. Je nach Kunde k\u00f6nnen unterschiedliche Produkte entwickelt werden.<\/li>\n<li>Unsere Elektro-Gabelstaplerprodukte haben die CE-Zertifizierung bestanden und erf\u00fcllen europ\u00e4ische und amerikanische Standards.<\/li>\n<li>Gabelh\u00fclsen und Werkzeugk\u00e4sten gibt es gratis dazu und die Ladestation kann sich den Stecker aussuchen.<\/li>\n<\/ul>","protected":false},"excerpt":{"rendered":"<p>Product Features The system has high efficiency, complete protection functions, and comes with speed sensing and temperature sensors, which greatly improves reliability and life. The full-open hood, battery, motor, controller, etc. are located ina reasonable position and easy. The main electrical components are all well-known brandproducts, with stable performance and reliable quality. Equipped with advanced [&hellip;]<\/p>\n","protected":false},"featured_media":2475,"template":"","meta":{"_gspb_post_css":""},"product_brand":[],"product_cat":[39,32],"product_tag":[],"class_list":{"0":"post-2050","1":"product","2":"type-product","3":"status-publish","4":"has-post-thumbnail","6":"product_cat-cpd-40","7":"product_cat-electric-forklift","9":"first","10":"instock","11":"shipping-taxable","12":"product-type-simple"},"_links":{"self":[{"href":"https:\/\/youertejx.com\/de\/wp-json\/wp\/v2\/product\/2050","targetHints":{"allow":["GET"]}}],"collection":[{"href":"https:\/\/youertejx.com\/de\/wp-json\/wp\/v2\/product"}],"about":[{"href":"https:\/\/youertejx.com\/de\/wp-json\/wp\/v2\/types\/product"}],"wp:featuredmedia":[{"embeddable":true,"href":"https:\/\/youertejx.com\/de\/wp-json\/wp\/v2\/media\/2475"}],"wp:attachment":[{"href":"https:\/\/youertejx.com\/de\/wp-json\/wp\/v2\/media?parent=2050"}],"wp:term":[{"taxonomy":"product_brand","embeddable":true,"href":"https:\/\/youertejx.com\/de\/wp-json\/wp\/v2\/product_brand?post=2050"},{"taxonomy":"product_cat","embeddable":true,"href":"https:\/\/youertejx.com\/de\/wp-json\/wp\/v2\/product_cat?post=2050"},{"taxonomy":"product_tag","embeddable":true,"href":"https:\/\/youertejx.com\/de\/wp-json\/wp\/v2\/product_tag?post=2050"}],"curies":[{"name":"wp","href":"https:\/\/api.w.org\/{rel}","templated":true}]}}