{"id":2100,"date":"2025-01-06T08:39:48","date_gmt":"2025-01-06T08:39:48","guid":{"rendered":"https:\/\/youertejx.com\/?post_type=product&#038;p=2100"},"modified":"2025-03-27T05:51:10","modified_gmt":"2025-03-27T05:51:10","slug":"08-tonnen-1-tonne-12-tonnen-13-tonnen-mini-raupenbagger","status":"publish","type":"product","link":"https:\/\/youertejx.com\/de\/product\/0-8ton-1ton-1-2ton-1-3ton-mini-crawler-excavator\/","title":{"rendered":"1,3-Tonnen-Minibagger"},"content":{"rendered":"<h2><span style=\"color: #123596;\">Merkmale<\/span><\/h2>\n<ul class=\"detail_advance\">\n<li>\u00b7 Optionaler Euro V-Motor, EPA-Motor, Kubota-Motor.<\/li>\n<li>\u00b7 Jetzt im Angebot<\/li>\n<li>\u00b7 Geeignet f\u00fcr verschiedene komplexe Umweltoperationen<\/li>\n<\/ul>\n<h3><iframe loading=\"lazy\" title=\"YouTube-Videoplayer\" src=\"https:\/\/www.youtube.com\/embed\/r2pdCYayD4I?si=LWJ77eKoBrA_nZph\" width=\"750\" height=\"421\" frameborder=\"0\" allowfullscreen=\"allowfullscreen\"><\/iframe><\/h3>\n<h3><span style=\"color: #123596;\"><strong>ZERTIFIZIERUNG<\/strong><\/span><\/h3>\n<p><img loading=\"lazy\" decoding=\"async\" class=\"alignnone size-full wp-image-2397\" src=\"https:\/\/youertejx.com\/wp-content\/uploads\/2025\/01\/%E5%BE%AE%E4%BF%A1%E5%9B%BE%E7%89%87_20250322153012.jpg.webp\" sizes=\"auto, (max-width: 750px) 100vw, 750px\" srcset=\"https:\/\/youertejx.com\/wp-content\/uploads\/2025\/01\/\u5fae\u4fe1\u56fe\u7247_20250322153012.jpg.webp 750w, https:\/\/youertejx.com\/wp-content\/uploads\/2025\/01\/\u5fae\u4fe1\u56fe\u7247_20250322153012-300x275.jpg.webp 300w, https:\/\/youertejx.com\/wp-content\/uploads\/2025\/01\/\u5fae\u4fe1\u56fe\u7247_20250322153012-13x12.jpg.webp 13w, https:\/\/youertejx.com\/wp-content\/uploads\/2025\/01\/\u5fae\u4fe1\u56fe\u7247_20250322153012-600x550.jpg.webp 600w\" alt=\"\" width=\"750\" height=\"688\" \/><\/p>\n<h3><span style=\"color: #123596;\"><strong>FABRIK<\/strong><\/span><\/h3>\n<p><img loading=\"lazy\" decoding=\"async\" class=\"alignnone size-full wp-image-2509\" src=\"https:\/\/youertejx.com\/wp-content\/uploads\/2025\/01\/1-6.jpg\" alt=\"\" width=\"750\" height=\"556\" srcset=\"https:\/\/youertejx.com\/wp-content\/uploads\/2025\/01\/1-6.jpg 750w, https:\/\/youertejx.com\/wp-content\/uploads\/2025\/01\/1-6-300x222.jpg 300w, https:\/\/youertejx.com\/wp-content\/uploads\/2025\/01\/1-6-16x12.jpg 16w, https:\/\/youertejx.com\/wp-content\/uploads\/2025\/01\/1-6-600x445.jpg 600w\" sizes=\"auto, (max-width: 750px) 100vw, 750px\" \/><\/p>\n<p><img loading=\"lazy\" decoding=\"async\" class=\"alignnone size-full wp-image-2401\" src=\"https:\/\/youertejx.com\/wp-content\/uploads\/2025\/01\/%E5%BE%AE%E4%BF%A1%E5%9B%BE%E7%89%87_20250322144247-1.jpg.webp\" sizes=\"auto, (max-width: 750px) 100vw, 750px\" srcset=\"https:\/\/youertejx.com\/wp-content\/uploads\/2025\/01\/\u5fae\u4fe1\u56fe\u7247_20250322144247-1.jpg.webp 750w, https:\/\/youertejx.com\/wp-content\/uploads\/2025\/01\/\u5fae\u4fe1\u56fe\u7247_20250322144247-1-300x239.jpg.webp 300w, https:\/\/youertejx.com\/wp-content\/uploads\/2025\/01\/\u5fae\u4fe1\u56fe\u7247_20250322144247-1-15x12.jpg.webp 15w, https:\/\/youertejx.com\/wp-content\/uploads\/2025\/01\/\u5fae\u4fe1\u56fe\u7247_20250322144247-1-600x478.jpg.webp 600w\" alt=\"\" width=\"750\" height=\"597\" \/><\/p>\n<h3><span style=\"color: #123596;\"><strong>UNSERE DIENSTLEISTUNGEN<\/strong><\/span><\/h3>\n<ul>\n<li>Wir haben eine strenge After-Sales-Garantie. Sollten die Teile w\u00e4hrend des Transports besch\u00e4digt werden, stellen wir sie kostenlos zur Verf\u00fcgung. Gleichzeitig bieten wir innerhalb eines Jahres einen After-Sales-Service f\u00fcr unsere Produkte an.<\/li>\n<li>Bevor wir das Werk verlassen, k\u00f6nnen wir einen Videoservice unterst\u00fctzen, um die Produktqualit\u00e4t sicherzustellen.<\/li>\n<li>Unterst\u00fctzt benutzerdefinierte Farben und Produktmarken. Je nach Kunde k\u00f6nnen unterschiedliche Produkte entwickelt werden.<\/li>\n<li>Unsere Minibaggerprodukte haben die CE-Zertifizierung bestanden und erf\u00fcllen europ\u00e4ische und amerikanische Standards.<\/li>\n<li>Gabelh\u00fclsen und Werkzeugk\u00e4sten gibt es gratis dazu und die Ladestation kann sich den Stecker aussuchen.<\/li>\n<\/ul>","protected":false},"excerpt":{"rendered":"<p>Features \u00b7 Optional Euro V engine, EPA engine, Kubota engine. \u00b7 Now on sale \u00b7 Suitable for various complex environmental operations CERTIFICATION FACTORY OUR SERVICES We have strict after-sales guarantee. If the parts are damaged during transportation, we can provide them for free. At the same time, we will provide after-sales service for our products [&hellip;]<\/p>\n","protected":false},"featured_media":2459,"template":"","meta":{"_gspb_post_css":""},"product_brand":[],"product_cat":[17,23],"product_tag":[],"class_list":{"0":"post-2100","1":"product","2":"type-product","3":"status-publish","4":"has-post-thumbnail","6":"product_cat-mini-excavator","7":"product_cat-u-13","9":"first","10":"instock","11":"shipping-taxable","12":"product-type-simple"},"_links":{"self":[{"href":"https:\/\/youertejx.com\/de\/wp-json\/wp\/v2\/product\/2100","targetHints":{"allow":["GET"]}}],"collection":[{"href":"https:\/\/youertejx.com\/de\/wp-json\/wp\/v2\/product"}],"about":[{"href":"https:\/\/youertejx.com\/de\/wp-json\/wp\/v2\/types\/product"}],"wp:featuredmedia":[{"embeddable":true,"href":"https:\/\/youertejx.com\/de\/wp-json\/wp\/v2\/media\/2459"}],"wp:attachment":[{"href":"https:\/\/youertejx.com\/de\/wp-json\/wp\/v2\/media?parent=2100"}],"wp:term":[{"taxonomy":"product_brand","embeddable":true,"href":"https:\/\/youertejx.com\/de\/wp-json\/wp\/v2\/product_brand?post=2100"},{"taxonomy":"product_cat","embeddable":true,"href":"https:\/\/youertejx.com\/de\/wp-json\/wp\/v2\/product_cat?post=2100"},{"taxonomy":"product_tag","embeddable":true,"href":"https:\/\/youertejx.com\/de\/wp-json\/wp\/v2\/product_tag?post=2100"}],"curies":[{"name":"wp","href":"https:\/\/api.w.org\/{rel}","templated":true}]}}