{"id":2150,"date":"2025-01-07T07:07:51","date_gmt":"2025-01-07T07:07:51","guid":{"rendered":"https:\/\/youertejx.com\/?post_type=product&#038;p=2150"},"modified":"2025-03-27T07:18:09","modified_gmt":"2025-03-27T07:18:09","slug":"gabelstaplergabeln-1-tonne-zu-verkaufen","status":"publish","type":"product","link":"https:\/\/youertejx.com\/de\/product\/forklift-forks-1ton-for-sale\/","title":{"rendered":"1-Tonnen-Elektro-Gabelstapler"},"content":{"rendered":"<h3><strong><span style=\"color: #123596;\">WAS K\u00d6NNEN UNSERE PRODUKTE F\u00dcR SIE TUN?<\/span><\/strong><\/h3>\n<p>Der 1-Tonnen-Elektrostapler arbeitet effizient, erf\u00fcllt die t\u00e4glichen Handhabungsanforderungen pr\u00e4zise und verf\u00fcgt \u00fcber ein hervorragendes Hydrauliksystem. Er ist umweltfreundlich, abgasfrei und ger\u00e4uscharm. Er ist kompakt und flexibel und verf\u00fcgt \u00fcber einen kleinen Wendekreis. Er ist sicher und komfortabel und verf\u00fcgt \u00fcber durchdachte Details. Er kann auf Anfrage individuell angepasst werden.<\/p>\n<ul>\n<li>Die Nennhubkapazit\u00e4t betr\u00e4gt 1000 kg und deckt damit die meisten Anforderungen an die t\u00e4gliche Frachthandhabung ab.<\/li>\n<li>3-kW-Hebemotor, starke Leistung, hohe Hebeeffizienz.<\/li>\n<li>Der Mast verf\u00fcgt \u00fcber einen Neigungswinkel von 25\u00b0, ist flexibel bedienbar und passt sich an unterschiedliche Be- und Entladesituationen an.<\/li>\n<li>3000 mm Hubh\u00f6he, geeignet f\u00fcr verschiedene Regalh\u00f6hen.<\/li>\n<li>Der minimale Wenderadius betr\u00e4gt 1980 mm, sodass das Fahrzeug problemlos in engen R\u00e4umen wenden kann.<\/li>\n<\/ul>\n<p><iframe loading=\"lazy\" title=\"YouTube-Videoplayer\" src=\"https:\/\/www.youtube.com\/embed\/Av0BXWsWL7c?si=cRDyRLlEkSLQocS2\" width=\"750\" height=\"421\" frameborder=\"0\" allowfullscreen=\"allowfullscreen\"><\/iframe><\/p>\n<h3><span style=\"color: #123596;\"><strong>ZERTIFIZIERUNG<\/strong><\/span><\/h3>\n<p><img loading=\"lazy\" decoding=\"async\" class=\"alignnone size-full wp-image-2397\" src=\"https:\/\/youertejx.com\/wp-content\/uploads\/2025\/01\/\u5fae\u4fe1\u56fe\u7247_20250322153012.jpg\" alt=\"\" width=\"750\" height=\"688\" srcset=\"https:\/\/youertejx.com\/wp-content\/uploads\/2025\/01\/\u5fae\u4fe1\u56fe\u7247_20250322153012.jpg 750w, https:\/\/youertejx.com\/wp-content\/uploads\/2025\/01\/\u5fae\u4fe1\u56fe\u7247_20250322153012-300x275.jpg 300w, https:\/\/youertejx.com\/wp-content\/uploads\/2025\/01\/\u5fae\u4fe1\u56fe\u7247_20250322153012-13x12.jpg 13w, https:\/\/youertejx.com\/wp-content\/uploads\/2025\/01\/\u5fae\u4fe1\u56fe\u7247_20250322153012-600x550.jpg 600w\" sizes=\"auto, (max-width: 750px) 100vw, 750px\" \/><\/p>\n<h3><span style=\"color: #123596;\"><strong>FABRIK<\/strong><\/span><\/h3>\n<p><img loading=\"lazy\" decoding=\"async\" class=\"alignnone size-full wp-image-2400\" src=\"https:\/\/youertejx.com\/wp-content\/uploads\/2025\/03\/\u5fae\u4fe1\u56fe\u7247_20250322155120.jpg\" alt=\"\" width=\"750\" height=\"556\" srcset=\"https:\/\/youertejx.com\/wp-content\/uploads\/2025\/03\/\u5fae\u4fe1\u56fe\u7247_20250322155120.jpg 750w, https:\/\/youertejx.com\/wp-content\/uploads\/2025\/03\/\u5fae\u4fe1\u56fe\u7247_20250322155120-300x222.jpg 300w, https:\/\/youertejx.com\/wp-content\/uploads\/2025\/03\/\u5fae\u4fe1\u56fe\u7247_20250322155120-16x12.jpg 16w, https:\/\/youertejx.com\/wp-content\/uploads\/2025\/03\/\u5fae\u4fe1\u56fe\u7247_20250322155120-600x445.jpg 600w\" sizes=\"auto, (max-width: 750px) 100vw, 750px\" \/> <img loading=\"lazy\" decoding=\"async\" class=\"alignnone size-full wp-image-2401\" src=\"https:\/\/youertejx.com\/wp-content\/uploads\/2025\/01\/\u5fae\u4fe1\u56fe\u7247_20250322144247-1.jpg\" alt=\"\" width=\"750\" height=\"597\" srcset=\"https:\/\/youertejx.com\/wp-content\/uploads\/2025\/01\/\u5fae\u4fe1\u56fe\u7247_20250322144247-1.jpg 750w, https:\/\/youertejx.com\/wp-content\/uploads\/2025\/01\/\u5fae\u4fe1\u56fe\u7247_20250322144247-1-300x239.jpg 300w, https:\/\/youertejx.com\/wp-content\/uploads\/2025\/01\/\u5fae\u4fe1\u56fe\u7247_20250322144247-1-15x12.jpg 15w, https:\/\/youertejx.com\/wp-content\/uploads\/2025\/01\/\u5fae\u4fe1\u56fe\u7247_20250322144247-1-600x478.jpg 600w\" sizes=\"auto, (max-width: 750px) 100vw, 750px\" \/><\/p>\n<h3><strong><span style=\"color: #123596;\">UNSERE DIENSTLEISTUNGEN<\/span><\/strong><\/h3>\n<ul>\n<li>Wir haben eine strenge After-Sales-Garantie. Sollten die Teile w\u00e4hrend des Transports besch\u00e4digt werden, stellen wir sie kostenlos zur Verf\u00fcgung. Gleichzeitig bieten wir innerhalb eines Jahres einen After-Sales-Service f\u00fcr unsere Produkte an.<\/li>\n<li>Bevor wir das Werk verlassen, k\u00f6nnen wir einen Videoservice unterst\u00fctzen, um die Produktqualit\u00e4t sicherzustellen.<\/li>\n<li>Unterst\u00fctzt benutzerdefinierte Farben und Produktmarken. Je nach Kunde k\u00f6nnen unterschiedliche Produkte entwickelt werden.<\/li>\n<li>Unsere Elektro-Gabelstaplerprodukte haben die CE-Zertifizierung bestanden und erf\u00fcllen europ\u00e4ische und amerikanische Standards.<\/li>\n<li>Gabelh\u00fclsen und Werkzeugk\u00e4sten gibt es gratis dazu und die Ladestation kann sich den Stecker aussuchen.<\/li>\n<\/ul>","protected":false},"excerpt":{"rendered":"<p>WHAT CAN OUR PRODUCTS DO FOR YOU? 1 ton electric forklift operates efficiently, accurately matches daily handling needs, and has an excellent hydraulic system. It is green and environmentally friendly, has no exhaust gas and low noise. It is compact and flexible with a small turning radius. It is safe and comfortable, with thoughtful details. [&hellip;]<\/p>\n","protected":false},"featured_media":2389,"template":"","meta":{"_gspb_post_css":""},"product_brand":[],"product_cat":[33,32],"product_tag":[],"class_list":{"0":"post-2150","1":"product","2":"type-product","3":"status-publish","4":"has-post-thumbnail","6":"product_cat-cpd-10","7":"product_cat-electric-forklift","9":"first","10":"instock","11":"shipping-taxable","12":"product-type-simple"},"_links":{"self":[{"href":"https:\/\/youertejx.com\/de\/wp-json\/wp\/v2\/product\/2150","targetHints":{"allow":["GET"]}}],"collection":[{"href":"https:\/\/youertejx.com\/de\/wp-json\/wp\/v2\/product"}],"about":[{"href":"https:\/\/youertejx.com\/de\/wp-json\/wp\/v2\/types\/product"}],"wp:featuredmedia":[{"embeddable":true,"href":"https:\/\/youertejx.com\/de\/wp-json\/wp\/v2\/media\/2389"}],"wp:attachment":[{"href":"https:\/\/youertejx.com\/de\/wp-json\/wp\/v2\/media?parent=2150"}],"wp:term":[{"taxonomy":"product_brand","embeddable":true,"href":"https:\/\/youertejx.com\/de\/wp-json\/wp\/v2\/product_brand?post=2150"},{"taxonomy":"product_cat","embeddable":true,"href":"https:\/\/youertejx.com\/de\/wp-json\/wp\/v2\/product_cat?post=2150"},{"taxonomy":"product_tag","embeddable":true,"href":"https:\/\/youertejx.com\/de\/wp-json\/wp\/v2\/product_tag?post=2150"}],"curies":[{"name":"wp","href":"https:\/\/api.w.org\/{rel}","templated":true}]}}