{"id":2198,"date":"2025-01-23T07:13:09","date_gmt":"2025-01-23T07:13:09","guid":{"rendered":"https:\/\/youertejx.com\/?post_type=product&#038;p=2198"},"modified":"2026-04-04T01:44:54","modified_gmt":"2026-04-04T01:44:54","slug":"chinesischer-minibagger-zum-verkauf-2t","status":"publish","type":"product","link":"https:\/\/youertejx.com\/de\/product\/chinese-mini-excavator-for-sale-2ton\/","title":{"rendered":"2-Tonnen-Minibagger"},"content":{"rendered":"<h2><span style=\"color: #123596;\">Merkmale<\/span><\/h2>\n<ul>\n<li>Der Kubota-Motor hat sich mit seiner hohen Effizienz und dem energiesparenden Kraftstoffverbrauch, seiner starken und zuverl\u00e4ssigen Leistungsabgabe, seiner guten Haltbarkeit und seiner F\u00e4higkeit, sich an komplexe Arbeitsbedingungen anzupassen, zur idealen Antriebsl\u00f6sung f\u00fcr kleine und mittelgro\u00dfe Bagger entwickelt.<\/li>\n<li>Wenn das System eine ungew\u00f6hnliche Situation erkennt (wie etwa \u00dcberlastung, \u00dcberhitzung, niedriger \u00d6ldruck usw.), gibt der gro\u00dfe Bildschirm sofort einen Alarm aus und der Bediener kann sofort Ma\u00dfnahmen ergreifen, um Ger\u00e4tesch\u00e4den zu verhindern.<\/li>\n<li>Der intelligente Gro\u00dfbildschirm kann die verschiedenen Betriebsparameter des Baggers in Echtzeit anzeigen, wie etwa Motorstatus, \u00d6ldruck, Status des Hydrauliksystems, Kraftstoffverbrauch und Temperatur usw., und hilft dem Bediener, den Arbeitsstatus der Ausr\u00fcstung jederzeit zu kontrollieren.<\/li>\n<\/ul>\n<p><iframe loading=\"lazy\" title=\"YouTube-Videoplayer\" src=\"https:\/\/www.youtube.com\/embed\/KmzomC7ZoSg?si=FLz5V7cIPjSuS9qx\" width=\"750\" height=\"421\" frameborder=\"0\" allowfullscreen=\"allowfullscreen\"><\/iframe><\/p>\n<h3><span style=\"color: #123596;\"><strong>ZERTIFIZIERUNG<\/strong><\/span><\/h3>\n<p><img loading=\"lazy\" decoding=\"async\" class=\"alignnone size-full wp-image-2397\" src=\"https:\/\/youertejx.com\/wp-content\/uploads\/2025\/01\/%E5%BE%AE%E4%BF%A1%E5%9B%BE%E7%89%87_20250322153012.jpg.webp\" sizes=\"auto, (max-width: 750px) 100vw, 750px\" srcset=\"https:\/\/youertejx.com\/wp-content\/uploads\/2025\/01\/\u5fae\u4fe1\u56fe\u7247_20250322153012.jpg.webp 750w, https:\/\/youertejx.com\/wp-content\/uploads\/2025\/01\/\u5fae\u4fe1\u56fe\u7247_20250322153012-300x275.jpg.webp 300w, https:\/\/youertejx.com\/wp-content\/uploads\/2025\/01\/\u5fae\u4fe1\u56fe\u7247_20250322153012-13x12.jpg.webp 13w, https:\/\/youertejx.com\/wp-content\/uploads\/2025\/01\/\u5fae\u4fe1\u56fe\u7247_20250322153012-600x550.jpg.webp 600w\" alt=\"\" width=\"750\" height=\"688\" \/><\/p>\n<h3><span style=\"color: #123596;\"><strong>FABRIK<\/strong><\/span><\/h3>\n<p><img loading=\"lazy\" decoding=\"async\" class=\"alignnone size-full wp-image-2493\" src=\"https:\/\/youertejx.com\/wp-content\/uploads\/2025\/03\/1-1.jpg\" alt=\"\" width=\"750\" height=\"556\" srcset=\"https:\/\/youertejx.com\/wp-content\/uploads\/2025\/03\/1-1.jpg 750w, https:\/\/youertejx.com\/wp-content\/uploads\/2025\/03\/1-1-300x222.jpg 300w, https:\/\/youertejx.com\/wp-content\/uploads\/2025\/03\/1-1-16x12.jpg 16w, https:\/\/youertejx.com\/wp-content\/uploads\/2025\/03\/1-1-600x445.jpg 600w\" sizes=\"auto, (max-width: 750px) 100vw, 750px\" \/><\/p>\n<p><img loading=\"lazy\" decoding=\"async\" class=\"alignnone size-full wp-image-2401\" src=\"https:\/\/youertejx.com\/wp-content\/uploads\/2025\/01\/%E5%BE%AE%E4%BF%A1%E5%9B%BE%E7%89%87_20250322144247-1.jpg.webp\" sizes=\"auto, (max-width: 750px) 100vw, 750px\" srcset=\"https:\/\/youertejx.com\/wp-content\/uploads\/2025\/01\/\u5fae\u4fe1\u56fe\u7247_20250322144247-1.jpg.webp 750w, https:\/\/youertejx.com\/wp-content\/uploads\/2025\/01\/\u5fae\u4fe1\u56fe\u7247_20250322144247-1-300x239.jpg.webp 300w, https:\/\/youertejx.com\/wp-content\/uploads\/2025\/01\/\u5fae\u4fe1\u56fe\u7247_20250322144247-1-15x12.jpg.webp 15w, https:\/\/youertejx.com\/wp-content\/uploads\/2025\/01\/\u5fae\u4fe1\u56fe\u7247_20250322144247-1-600x478.jpg.webp 600w\" alt=\"\" width=\"750\" height=\"597\" \/><\/p>\n<h3><span style=\"color: #123596;\"><strong>UNSERE DIENSTLEISTUNGEN<\/strong><\/span><\/h3>\n<ul>\n<li>Wir haben eine strenge After-Sales-Garantie. Sollten die Teile w\u00e4hrend des Transports besch\u00e4digt werden, stellen wir sie kostenlos zur Verf\u00fcgung. Gleichzeitig bieten wir innerhalb eines Jahres einen After-Sales-Service f\u00fcr unsere Produkte an.<\/li>\n<li>Bevor wir das Werk verlassen, k\u00f6nnen wir einen Videoservice unterst\u00fctzen, um die Produktqualit\u00e4t sicherzustellen.<\/li>\n<li>Unterst\u00fctzt benutzerdefinierte Farben und Produktmarken. Je nach Kunde k\u00f6nnen unterschiedliche Produkte entwickelt werden.<\/li>\n<li>Unsere Minibaggerprodukte haben die CE-Zertifizierung bestanden und erf\u00fcllen europ\u00e4ische und amerikanische Standards.<\/li>\n<li>Gabelh\u00fclsen und Werkzeugk\u00e4sten gibt es gratis dazu und die Ladestation kann sich den Stecker aussuchen.<\/li>\n<\/ul>","protected":false},"excerpt":{"rendered":"<p>Features Kubota engine has become an ideal power choice for small and medium-sized excavators with its high efficiency and energy-saving fuel economy, strong and reliable power output, good durability and ability to adapt to complex working conditions. When the system detects an abnormal situation (such as overload, overheating, low oil pressure, etc.), the large screen [&hellip;]<\/p>\n","protected":false},"featured_media":2473,"template":"","meta":{"_gspb_post_css":""},"product_brand":[],"product_cat":[17,19],"product_tag":[],"class_list":{"0":"post-2198","1":"product","2":"type-product","3":"status-publish","4":"has-post-thumbnail","6":"product_cat-mini-excavator","7":"product_cat-u-20","9":"first","10":"instock","11":"shipping-taxable","12":"product-type-simple"},"_links":{"self":[{"href":"https:\/\/youertejx.com\/de\/wp-json\/wp\/v2\/product\/2198","targetHints":{"allow":["GET"]}}],"collection":[{"href":"https:\/\/youertejx.com\/de\/wp-json\/wp\/v2\/product"}],"about":[{"href":"https:\/\/youertejx.com\/de\/wp-json\/wp\/v2\/types\/product"}],"wp:featuredmedia":[{"embeddable":true,"href":"https:\/\/youertejx.com\/de\/wp-json\/wp\/v2\/media\/2473"}],"wp:attachment":[{"href":"https:\/\/youertejx.com\/de\/wp-json\/wp\/v2\/media?parent=2198"}],"wp:term":[{"taxonomy":"product_brand","embeddable":true,"href":"https:\/\/youertejx.com\/de\/wp-json\/wp\/v2\/product_brand?post=2198"},{"taxonomy":"product_cat","embeddable":true,"href":"https:\/\/youertejx.com\/de\/wp-json\/wp\/v2\/product_cat?post=2198"},{"taxonomy":"product_tag","embeddable":true,"href":"https:\/\/youertejx.com\/de\/wp-json\/wp\/v2\/product_tag?post=2198"}],"curies":[{"name":"wp","href":"https:\/\/api.w.org\/{rel}","templated":true}]}}