{"id":2293,"date":"2025-03-14T02:48:35","date_gmt":"2025-03-14T02:48:35","guid":{"rendered":"https:\/\/youertejx.com\/?post_type=product&#038;p=2293"},"modified":"2025-03-26T06:20:19","modified_gmt":"2025-03-26T06:20:19","slug":"1-5-tonnen-minibagger","status":"publish","type":"product","link":"https:\/\/youertejx.com\/de\/product\/1-5-ton-mini-excavator\/","title":{"rendered":"1,5-Tonnen-Minibagger"},"content":{"rendered":"<h3><span style=\"color: #123596;\">Merkmale<\/span><\/h3>\n<ul>\n<li>Ausgestattet mit einem Kubota 1505-Motor zeichnet er sich durch hohe Effizienz, geringe Ger\u00e4uschentwicklung und geringe Emissionen aus und erf\u00fcllt die Umweltstandards EPA4 und Euro 5.<\/li>\n<li>Der Tmini-Bagger verf\u00fcgt \u00fcber eine Dach- und Schutznetzstruktur aus hochfestem Stahl, um der Wucht herabfallender Gegenst\u00e4nde wirksam standzuhalten und die pers\u00f6nliche Sicherheit des Bedieners zu gew\u00e4hrleisten.<\/li>\n<li>Die Mastneigung von 25\u00b0 verbessert die betriebliche Flexibilit\u00e4t und erleichtert das Be- und Entladen sowie Stapeln von Fracht.<\/li>\n<li>Das Pilot-Lock-Design verhindert versehentliche Ber\u00fchrungen und verbessert die Betriebssicherheit. Es beschleunigt die Betriebsreaktion. Modus zum Austauschen von Zusatzger\u00e4ten: Durch einfaches Dr\u00fccken einer Taste k\u00f6nnen Sie Zusatzger\u00e4te wie hydraulische Schnellverbinder, Brechh\u00e4mmer, Holzgreifschaufeln usw. bequem und schnell austauschen.<\/li>\n<\/ul>\n<p><iframe loading=\"lazy\" title=\"YouTube-Videoplayer\" src=\"https:\/\/www.youtube.com\/embed\/qpe9bARH8nA?si=0JAQJ68R5Mf8nQBc\" width=\"750\" height=\"421\" frameborder=\"0\" allowfullscreen=\"allowfullscreen\"><\/iframe><\/p>\n<h3><span style=\"color: #123596;\"><strong>ZERTIFIZIERUNG<\/strong><\/span><\/h3>\n<p><img loading=\"lazy\" decoding=\"async\" class=\"alignnone size-full wp-image-2397\" src=\"https:\/\/youertejx.com\/wp-content\/uploads\/2025\/01\/%E5%BE%AE%E4%BF%A1%E5%9B%BE%E7%89%87_20250322153012.jpg.webp\" sizes=\"auto, (max-width: 750px) 100vw, 750px\" srcset=\"https:\/\/youertejx.com\/wp-content\/uploads\/2025\/01\/\u5fae\u4fe1\u56fe\u7247_20250322153012.jpg.webp 750w, https:\/\/youertejx.com\/wp-content\/uploads\/2025\/01\/\u5fae\u4fe1\u56fe\u7247_20250322153012-300x275.jpg.webp 300w, https:\/\/youertejx.com\/wp-content\/uploads\/2025\/01\/\u5fae\u4fe1\u56fe\u7247_20250322153012-13x12.jpg.webp 13w, https:\/\/youertejx.com\/wp-content\/uploads\/2025\/01\/\u5fae\u4fe1\u56fe\u7247_20250322153012-600x550.jpg.webp 600w\" alt=\"\" width=\"750\" height=\"688\" \/><\/p>\n<h3><span style=\"color: #123596;\"><strong>FABRIK<\/strong><\/span><\/h3>\n<p><img loading=\"lazy\" decoding=\"async\" class=\"alignnone size-full wp-image-2493\" src=\"https:\/\/youertejx.com\/wp-content\/uploads\/2025\/03\/1-1.jpg\" alt=\"\" width=\"750\" height=\"556\" srcset=\"https:\/\/youertejx.com\/wp-content\/uploads\/2025\/03\/1-1.jpg 750w, https:\/\/youertejx.com\/wp-content\/uploads\/2025\/03\/1-1-300x222.jpg 300w, https:\/\/youertejx.com\/wp-content\/uploads\/2025\/03\/1-1-16x12.jpg 16w, https:\/\/youertejx.com\/wp-content\/uploads\/2025\/03\/1-1-600x445.jpg 600w\" sizes=\"auto, (max-width: 750px) 100vw, 750px\" \/><\/p>\n<p><img loading=\"lazy\" decoding=\"async\" class=\"alignnone size-full wp-image-2401\" src=\"https:\/\/youertejx.com\/wp-content\/uploads\/2025\/01\/%E5%BE%AE%E4%BF%A1%E5%9B%BE%E7%89%87_20250322144247-1.jpg.webp\" sizes=\"auto, (max-width: 750px) 100vw, 750px\" srcset=\"https:\/\/youertejx.com\/wp-content\/uploads\/2025\/01\/\u5fae\u4fe1\u56fe\u7247_20250322144247-1.jpg.webp 750w, https:\/\/youertejx.com\/wp-content\/uploads\/2025\/01\/\u5fae\u4fe1\u56fe\u7247_20250322144247-1-300x239.jpg.webp 300w, https:\/\/youertejx.com\/wp-content\/uploads\/2025\/01\/\u5fae\u4fe1\u56fe\u7247_20250322144247-1-15x12.jpg.webp 15w, https:\/\/youertejx.com\/wp-content\/uploads\/2025\/01\/\u5fae\u4fe1\u56fe\u7247_20250322144247-1-600x478.jpg.webp 600w\" alt=\"\" width=\"750\" height=\"597\" \/><\/p>\n<h3><span style=\"color: #123596;\"><strong>UNSERE DIENSTLEISTUNGEN<\/strong><\/span><\/h3>\n<ul>\n<li>Wir haben eine strenge After-Sales-Garantie. Sollten die Teile w\u00e4hrend des Transports besch\u00e4digt werden, stellen wir sie kostenlos zur Verf\u00fcgung. Gleichzeitig bieten wir innerhalb eines Jahres einen After-Sales-Service f\u00fcr unsere Produkte an.<\/li>\n<li>Bevor wir das Werk verlassen, k\u00f6nnen wir einen Videoservice unterst\u00fctzen, um die Produktqualit\u00e4t sicherzustellen.<\/li>\n<li>Unterst\u00fctzt benutzerdefinierte Farben und Produktmarken. Je nach Kunde k\u00f6nnen unterschiedliche Produkte entwickelt werden.<\/li>\n<li>Unsere Minibaggerprodukte haben die CE-Zertifizierung bestanden und erf\u00fcllen europ\u00e4ische und amerikanische Standards.<\/li>\n<li>Gabelh\u00fclsen und Werkzeugk\u00e4sten gibt es gratis dazu und die Ladestation kann sich den Stecker aussuchen.<\/li>\n<\/ul>","protected":false},"excerpt":{"rendered":"<p>Features Equipped with Kubota 1505 engine, it has the characteristics of high efficiency, low noise and low emission, and complies with EPA4 and Euro 5 environmental standards Tmini excavator uses a roof and protective net structure made of high-strength steel to effectively resist the impact of falling objects and ensure the personal safety of the [&hellip;]<\/p>\n","protected":false},"featured_media":2462,"template":"","meta":{"_gspb_post_css":""},"product_brand":[],"product_cat":[17,24],"product_tag":[],"class_list":{"0":"post-2293","1":"product","2":"type-product","3":"status-publish","4":"has-post-thumbnail","6":"product_cat-mini-excavator","7":"product_cat-u-15","9":"first","10":"instock","11":"shipping-taxable","12":"product-type-simple"},"_links":{"self":[{"href":"https:\/\/youertejx.com\/de\/wp-json\/wp\/v2\/product\/2293","targetHints":{"allow":["GET"]}}],"collection":[{"href":"https:\/\/youertejx.com\/de\/wp-json\/wp\/v2\/product"}],"about":[{"href":"https:\/\/youertejx.com\/de\/wp-json\/wp\/v2\/types\/product"}],"wp:featuredmedia":[{"embeddable":true,"href":"https:\/\/youertejx.com\/de\/wp-json\/wp\/v2\/media\/2462"}],"wp:attachment":[{"href":"https:\/\/youertejx.com\/de\/wp-json\/wp\/v2\/media?parent=2293"}],"wp:term":[{"taxonomy":"product_brand","embeddable":true,"href":"https:\/\/youertejx.com\/de\/wp-json\/wp\/v2\/product_brand?post=2293"},{"taxonomy":"product_cat","embeddable":true,"href":"https:\/\/youertejx.com\/de\/wp-json\/wp\/v2\/product_cat?post=2293"},{"taxonomy":"product_tag","embeddable":true,"href":"https:\/\/youertejx.com\/de\/wp-json\/wp\/v2\/product_tag?post=2293"}],"curies":[{"name":"wp","href":"https:\/\/api.w.org\/{rel}","templated":true}]}}