{"id":2305,"date":"2025-03-14T06:08:12","date_gmt":"2025-03-14T06:08:12","guid":{"rendered":"https:\/\/youertejx.com\/?post_type=product&#038;p=2305"},"modified":"2025-05-24T07:29:19","modified_gmt":"2025-05-24T07:29:19","slug":"2-tonnen-elektrogabelstapler","status":"publish","type":"product","link":"https:\/\/youertejx.com\/de\/product\/2-ton-electric-forklift\/","title":{"rendered":"2-Tonnen-Elektro-Gabelstapler"},"content":{"rendered":"<h3><span style=\"color: #123596;\"><strong>WAS K\u00d6NNEN UNSERE PRODUKTE F\u00dcR SIE TUN?<\/strong><\/span><\/h3>\n<p>Der 2-Tonnen-Elektrostapler eignet sich f\u00fcr die meisten Handhabungsszenarien. Er verf\u00fcgt \u00fcber einen Hochleistungsmotor, eine kompakte Karosserie, einen minimalen Wenderadius von etwa 2 Metern, eine einfache elektrische Servolenkung, angemessene Hub- und Fahrgeschwindigkeiten sowie einen effizienten Betrieb. Er verf\u00fcgt \u00fcber empfindliche Bremsen und die elektrische Signalsteuerung reagiert schnell und sorgt so f\u00fcr Sicherheit.<\/p>\n<ul>\n<li>Die Nennhubkapazit\u00e4t betr\u00e4gt 2 Tonnen, was den meisten Anforderungen an den t\u00e4glichen G\u00fcterumschlag entspricht und in vielen Szenarien anwendbar ist.<\/li>\n<li>Der 4-kW-Motor ist leistungsstark und kann unter verschiedenen Arbeitsbedingungen effizient arbeiten.<\/li>\n<li>Die Mastneigung von 25\u00b0 verbessert die betriebliche Flexibilit\u00e4t und erleichtert das Be- und Entladen sowie Stapeln von Fracht.<\/li>\n<li>Die maximale Hubh\u00f6he betr\u00e4gt 3000 mm, wodurch die Handhabung der Ladung auf h\u00f6heren Regalen m\u00f6glich ist und die Lagerraumausnutzung erweitert werden kann.<\/li>\n<li>Ausgestattet mit Vorderr\u00e4dern der Spezifikation 650-10, kombiniert mit einem geeigneten Radstand, sorgt es f\u00fcr stabiles Fahren, einen kleinen minimalen Wenderadius und kann sich an Eins\u00e4tze in engen R\u00e4umen anpassen.<\/li>\n<\/ul>\n<p><iframe loading=\"lazy\" title=\"YouTube-Videoplayer\" src=\"https:\/\/www.youtube.com\/embed\/Q4ccgMaeQVA?si=ADtrqylgWHJny_zX\" width=\"750\" height=\"421\" frameborder=\"0\" allowfullscreen=\"allowfullscreen\"><\/iframe><\/p>\n<h3><span style=\"color: #123596;\"><strong>ZERTIFIZIERUNG<\/strong><\/span><\/h3>\n<p><img loading=\"lazy\" decoding=\"async\" class=\"alignnone  wp-image-2397\" src=\"https:\/\/youertejx.com\/wp-content\/uploads\/2025\/01\/\u5fae\u4fe1\u56fe\u7247_20250322153012.jpg\" alt=\"\" width=\"750\" height=\"688\" srcset=\"https:\/\/youertejx.com\/wp-content\/uploads\/2025\/01\/\u5fae\u4fe1\u56fe\u7247_20250322153012.jpg 750w, https:\/\/youertejx.com\/wp-content\/uploads\/2025\/01\/\u5fae\u4fe1\u56fe\u7247_20250322153012-300x275.jpg 300w, https:\/\/youertejx.com\/wp-content\/uploads\/2025\/01\/\u5fae\u4fe1\u56fe\u7247_20250322153012-13x12.jpg 13w, https:\/\/youertejx.com\/wp-content\/uploads\/2025\/01\/\u5fae\u4fe1\u56fe\u7247_20250322153012-600x550.jpg 600w\" sizes=\"auto, (max-width: 750px) 100vw, 750px\" \/><\/p>\n<h3><span style=\"color: #123596;\"><strong>FABRIK<\/strong><\/span><\/h3>\n<p><img loading=\"lazy\" decoding=\"async\" class=\"alignnone size-full wp-image-2400\" src=\"https:\/\/youertejx.com\/wp-content\/uploads\/2025\/03\/\u5fae\u4fe1\u56fe\u7247_20250322155120.jpg\" alt=\"\" width=\"750\" height=\"556\" srcset=\"https:\/\/youertejx.com\/wp-content\/uploads\/2025\/03\/\u5fae\u4fe1\u56fe\u7247_20250322155120.jpg 750w, https:\/\/youertejx.com\/wp-content\/uploads\/2025\/03\/\u5fae\u4fe1\u56fe\u7247_20250322155120-300x222.jpg 300w, https:\/\/youertejx.com\/wp-content\/uploads\/2025\/03\/\u5fae\u4fe1\u56fe\u7247_20250322155120-16x12.jpg 16w, https:\/\/youertejx.com\/wp-content\/uploads\/2025\/03\/\u5fae\u4fe1\u56fe\u7247_20250322155120-600x445.jpg 600w\" sizes=\"auto, (max-width: 750px) 100vw, 750px\" \/><\/p>\n<p><img loading=\"lazy\" decoding=\"async\" class=\"alignnone size-full wp-image-2401\" src=\"https:\/\/youertejx.com\/wp-content\/uploads\/2025\/01\/\u5fae\u4fe1\u56fe\u7247_20250322144247-1.jpg\" alt=\"\" width=\"750\" height=\"597\" srcset=\"https:\/\/youertejx.com\/wp-content\/uploads\/2025\/01\/\u5fae\u4fe1\u56fe\u7247_20250322144247-1.jpg 750w, https:\/\/youertejx.com\/wp-content\/uploads\/2025\/01\/\u5fae\u4fe1\u56fe\u7247_20250322144247-1-300x239.jpg 300w, https:\/\/youertejx.com\/wp-content\/uploads\/2025\/01\/\u5fae\u4fe1\u56fe\u7247_20250322144247-1-15x12.jpg 15w, https:\/\/youertejx.com\/wp-content\/uploads\/2025\/01\/\u5fae\u4fe1\u56fe\u7247_20250322144247-1-600x478.jpg 600w\" sizes=\"auto, (max-width: 750px) 100vw, 750px\" \/><\/p>\n<h3><span style=\"color: #123596;\"><strong>UNSERE DIENSTLEISTUNGEN<\/strong><\/span><\/h3>\n<ul>\n<li>Wir haben eine strenge After-Sales-Garantie. Sollten die Teile w\u00e4hrend des Transports besch\u00e4digt werden, stellen wir sie kostenlos zur Verf\u00fcgung. Gleichzeitig bieten wir innerhalb eines Jahres einen After-Sales-Service f\u00fcr unsere Produkte an.<\/li>\n<li>Bevor wir das Werk verlassen, k\u00f6nnen wir einen Videoservice unterst\u00fctzen, um die Produktqualit\u00e4t sicherzustellen.<\/li>\n<li>Unterst\u00fctzt benutzerdefinierte Farben und Produktmarken. Je nach Kunde k\u00f6nnen unterschiedliche Produkte entwickelt werden.<\/li>\n<li>Unsere Elektro-Gabelstaplerprodukte haben die CE-Zertifizierung bestanden und erf\u00fcllen europ\u00e4ische und amerikanische Standards.<\/li>\n<li>Gabelh\u00fclsen und Werkzeugk\u00e4sten gibt es gratis dazu und die Ladestation kann sich den Stecker aussuchen.<\/li>\n<\/ul>","protected":false},"excerpt":{"rendered":"<ul>\n<li>Die Nennhubkapazit\u00e4t betr\u00e4gt 2 Tonnen, was den meisten Anforderungen an den t\u00e4glichen G\u00fcterumschlag entspricht und in vielen Szenarien anwendbar ist.<\/li>\n<li>Der 4-kW-Motor ist leistungsstark und kann unter verschiedenen Arbeitsbedingungen effizient arbeiten.<\/li>\n<li>Die Mastneigung von 25\u00b0 verbessert die betriebliche Flexibilit\u00e4t und erleichtert das Be- und Entladen sowie Stapeln von Fracht.<\/li>\n<li>Die maximale Hubh\u00f6he betr\u00e4gt 3000 mm, wodurch die Handhabung der Ladung auf h\u00f6heren Regalen m\u00f6glich ist und die Lagerraumausnutzung erweitert werden kann.<\/li>\n<li>Ausgestattet mit Vorderr\u00e4dern der Spezifikation 650-10, kombiniert mit einem geeigneten Radstand, sorgt es f\u00fcr stabiles Fahren, einen kleinen minimalen Wenderadius und kann sich an Eins\u00e4tze in engen R\u00e4umen anpassen.<\/li>\n<\/ul>","protected":false},"featured_media":2402,"template":"","meta":{"_gspb_post_css":""},"product_brand":[],"product_cat":[35,32],"product_tag":[],"class_list":{"0":"post-2305","1":"product","2":"type-product","3":"status-publish","4":"has-post-thumbnail","6":"product_cat-cpd-20","7":"product_cat-electric-forklift","9":"first","10":"instock","11":"shipping-taxable","12":"product-type-simple"},"_links":{"self":[{"href":"https:\/\/youertejx.com\/de\/wp-json\/wp\/v2\/product\/2305","targetHints":{"allow":["GET"]}}],"collection":[{"href":"https:\/\/youertejx.com\/de\/wp-json\/wp\/v2\/product"}],"about":[{"href":"https:\/\/youertejx.com\/de\/wp-json\/wp\/v2\/types\/product"}],"wp:featuredmedia":[{"embeddable":true,"href":"https:\/\/youertejx.com\/de\/wp-json\/wp\/v2\/media\/2402"}],"wp:attachment":[{"href":"https:\/\/youertejx.com\/de\/wp-json\/wp\/v2\/media?parent=2305"}],"wp:term":[{"taxonomy":"product_brand","embeddable":true,"href":"https:\/\/youertejx.com\/de\/wp-json\/wp\/v2\/product_brand?post=2305"},{"taxonomy":"product_cat","embeddable":true,"href":"https:\/\/youertejx.com\/de\/wp-json\/wp\/v2\/product_cat?post=2305"},{"taxonomy":"product_tag","embeddable":true,"href":"https:\/\/youertejx.com\/de\/wp-json\/wp\/v2\/product_tag?post=2305"}],"curies":[{"name":"wp","href":"https:\/\/api.w.org\/{rel}","templated":true}]}}