{"id":2324,"date":"2025-03-14T08:33:58","date_gmt":"2025-03-14T08:33:58","guid":{"rendered":"https:\/\/youertejx.com\/?post_type=product&#038;p=2324"},"modified":"2025-06-09T08:01:48","modified_gmt":"2025-06-09T08:01:48","slug":"u60-bagger","status":"publish","type":"product","link":"https:\/\/youertejx.com\/de\/product\/u60-excavator\/","title":{"rendered":"U60 Bagger"},"content":{"rendered":"<p>Der Kleinbagger U60 bietet Vorteile in Leistung, Komfort, Wirtschaftlichkeit, Bequemlichkeit, Kundendienst,<\/p>\n<p>usw. und kann die vielf\u00e4ltigen Bed\u00fcrfnisse der Kunden auf dem internationalen Markt erf\u00fcllen.<\/p>\n<p><img loading=\"lazy\" decoding=\"async\" class=\"alignnone wp-image-2325 size-full\" src=\"https:\/\/youertejx.com\/wp-content\/uploads\/2025\/03\/29.jpg\" alt=\"\" width=\"1920\" height=\"650\" srcset=\"https:\/\/youertejx.com\/wp-content\/uploads\/2025\/03\/29.jpg 1920w, https:\/\/youertejx.com\/wp-content\/uploads\/2025\/03\/29-300x102.jpg 300w, https:\/\/youertejx.com\/wp-content\/uploads\/2025\/03\/29-1024x347.jpg 1024w, https:\/\/youertejx.com\/wp-content\/uploads\/2025\/03\/29-768x260.jpg 768w, https:\/\/youertejx.com\/wp-content\/uploads\/2025\/03\/29-1536x520.jpg 1536w, https:\/\/youertejx.com\/wp-content\/uploads\/2025\/03\/29-18x6.jpg 18w, https:\/\/youertejx.com\/wp-content\/uploads\/2025\/03\/29-600x203.jpg 600w\" sizes=\"auto, (max-width: 1920px) 100vw, 1920px\" \/><\/p>\n<p><img loading=\"lazy\" decoding=\"async\" class=\"alignnone wp-image-2326 size-full\" src=\"https:\/\/youertejx.com\/wp-content\/uploads\/2025\/03\/30.jpg\" alt=\"\" width=\"1920\" height=\"1080\" srcset=\"https:\/\/youertejx.com\/wp-content\/uploads\/2025\/03\/30.jpg 1920w, https:\/\/youertejx.com\/wp-content\/uploads\/2025\/03\/30-300x169.jpg 300w, https:\/\/youertejx.com\/wp-content\/uploads\/2025\/03\/30-1024x576.jpg 1024w, https:\/\/youertejx.com\/wp-content\/uploads\/2025\/03\/30-768x432.jpg 768w, https:\/\/youertejx.com\/wp-content\/uploads\/2025\/03\/30-1536x864.jpg 1536w, https:\/\/youertejx.com\/wp-content\/uploads\/2025\/03\/30-18x10.jpg 18w, https:\/\/youertejx.com\/wp-content\/uploads\/2025\/03\/30-600x338.jpg 600w\" sizes=\"auto, (max-width: 1920px) 100vw, 1920px\" \/><\/p>\n<p><img loading=\"lazy\" decoding=\"async\" class=\"alignnone wp-image-1956\" src=\"https:\/\/youertejx.com\/wp-content\/uploads\/2024\/12\/U6011-254x300.jpg\" alt=\"\" width=\"769\" height=\"908\" srcset=\"https:\/\/youertejx.com\/wp-content\/uploads\/2024\/12\/U6011-254x300.jpg 254w, https:\/\/youertejx.com\/wp-content\/uploads\/2024\/12\/U6011-10x12.jpg 10w, https:\/\/youertejx.com\/wp-content\/uploads\/2024\/12\/U6011-600x708.jpg 600w, https:\/\/youertejx.com\/wp-content\/uploads\/2024\/12\/U6011.jpg 750w\" sizes=\"auto, (max-width: 769px) 100vw, 769px\" \/><\/p>\n<p><strong>Energieeffizienter Motor<\/strong><br \/>\nAusgestattet mit einem Yanmar-Motor verf\u00fcgt es \u00fcber einen hohen Wirkungsgrad und eine stabile Leistung. Es hat sich auf dem Markt bew\u00e4hrt<\/p>\n<p>und bietet starke Kraftunterst\u00fctzung beim Fahren. Das elektronisch gesteuerte Hydrauliksystem ist angepasst, um<\/p>\n<p>reduzieren den Kraftstoffverbrauch um bis zu 7% und erreichen einen effizienten Kraftstoffverbrauch. Die Hauptpumpe und das Hauptventil sind<\/p>\n<p>elektronisch gesteuert, um eine pr\u00e4zise Steuerung der Hydraulikleistung zu erreichen und den Energieverbrauch des Systems zu reduzieren.<\/p>\n<p>und die Kraftstoffeffizienz des Baggers deutlich verbessern.<\/p>\n<p><strong>Intelligentes Steuerungssystem<\/strong><br \/>\nVollelektronische Bediengriffe und Pedale erm\u00f6glichen eine pr\u00e4zise und komfortable Bedienung. Elektronische R\u00fcckmeldesignale<\/p>\n<p>Verbessern Sie die Reaktionsgeschwindigkeit des Systems, reagieren Sie schnell auf Kundenanforderungen und verbessern Sie die Arbeitseffizienz.<\/p>\n<p><strong>Hauptpumpe<\/strong><br \/>\nDie Hydraulik\u00f6lpumpe und andere \u00d6lfiltersysteme verbessern die Kraftstofffilterleistung und verbessern<\/p>\n<p>die Kraftstoffeffizienz und Auslastung. Die Layoutstruktur ist kompakter und die Wartung ist bequemer.<\/p>\n<p><img loading=\"lazy\" decoding=\"async\" class=\"alignnone wp-image-1952\" src=\"https:\/\/youertejx.com\/wp-content\/uploads\/2024\/12\/U6015-300x228.jpg\" alt=\"\" width=\"763\" height=\"580\" srcset=\"https:\/\/youertejx.com\/wp-content\/uploads\/2024\/12\/U6015-300x228.jpg 300w, https:\/\/youertejx.com\/wp-content\/uploads\/2024\/12\/U6015-16x12.jpg 16w, https:\/\/youertejx.com\/wp-content\/uploads\/2024\/12\/U6015-600x456.jpg 600w, https:\/\/youertejx.com\/wp-content\/uploads\/2024\/12\/U6015.jpg 750w\" sizes=\"auto, (max-width: 763px) 100vw, 763px\" \/><\/p>\n<p><img loading=\"lazy\" decoding=\"async\" class=\"alignnone wp-image-2315\" src=\"https:\/\/youertejx.com\/wp-content\/uploads\/2025\/03\/\u5361\u72471-1-300x110.jpg\" alt=\"\" width=\"750\" height=\"275\" srcset=\"https:\/\/youertejx.com\/wp-content\/uploads\/2025\/03\/\u5361\u72471-1-300x110.jpg 300w, https:\/\/youertejx.com\/wp-content\/uploads\/2025\/03\/\u5361\u72471-1-1024x376.jpg 1024w, https:\/\/youertejx.com\/wp-content\/uploads\/2025\/03\/\u5361\u72471-1-768x282.jpg 768w, https:\/\/youertejx.com\/wp-content\/uploads\/2025\/03\/\u5361\u72471-1-18x7.jpg 18w, https:\/\/youertejx.com\/wp-content\/uploads\/2025\/03\/\u5361\u72471-1-600x220.jpg 600w, https:\/\/youertejx.com\/wp-content\/uploads\/2025\/03\/\u5361\u72471-1.jpg 1280w\" sizes=\"auto, (max-width: 750px) 100vw, 750px\" \/><\/p>","protected":false},"excerpt":{"rendered":"<p>The U60 small excavator has advantages in performance, comfort, economy, convenience, after-sales service, etc., and can meet the diverse needs of customers in the international market. Energy-efficient engine Equipped with Yanmar engine, it has high efficiency and stable performance. It has been proven by the market and provides strong power support for driving. The electronically [&hellip;]<\/p>\n","protected":false},"featured_media":2337,"template":"","meta":{"_gspb_post_css":""},"product_brand":[],"product_cat":[29,30],"product_tag":[],"class_list":{"0":"post-2324","1":"product","2":"type-product","3":"status-publish","4":"has-post-thumbnail","6":"product_cat-large-excavator","7":"product_cat-u-60","9":"first","10":"instock","11":"shipping-taxable","12":"product-type-simple"},"_links":{"self":[{"href":"https:\/\/youertejx.com\/de\/wp-json\/wp\/v2\/product\/2324","targetHints":{"allow":["GET"]}}],"collection":[{"href":"https:\/\/youertejx.com\/de\/wp-json\/wp\/v2\/product"}],"about":[{"href":"https:\/\/youertejx.com\/de\/wp-json\/wp\/v2\/types\/product"}],"wp:featuredmedia":[{"embeddable":true,"href":"https:\/\/youertejx.com\/de\/wp-json\/wp\/v2\/media\/2337"}],"wp:attachment":[{"href":"https:\/\/youertejx.com\/de\/wp-json\/wp\/v2\/media?parent=2324"}],"wp:term":[{"taxonomy":"product_brand","embeddable":true,"href":"https:\/\/youertejx.com\/de\/wp-json\/wp\/v2\/product_brand?post=2324"},{"taxonomy":"product_cat","embeddable":true,"href":"https:\/\/youertejx.com\/de\/wp-json\/wp\/v2\/product_cat?post=2324"},{"taxonomy":"product_tag","embeddable":true,"href":"https:\/\/youertejx.com\/de\/wp-json\/wp\/v2\/product_tag?post=2324"}],"curies":[{"name":"wp","href":"https:\/\/api.w.org\/{rel}","templated":true}]}}