{"id":674,"date":"2024-11-21T09:19:42","date_gmt":"2024-11-21T09:19:42","guid":{"rendered":"https:\/\/youertejx.com\/?post_type=product&#038;p=674"},"modified":"2026-04-04T01:49:01","modified_gmt":"2026-04-04T01:49:01","slug":"bagger-mini-groserer-bagger-raupenbagger-2ton","status":"publish","type":"product","link":"https:\/\/youertejx.com\/de\/product\/excavator-mini-bigger-bagger-crawler-2ton\/","title":{"rendered":"2-Tonnen-Minibagger"},"content":{"rendered":"<div class=\"magic-7\">\n<div class=\"magic-8\">\n<div id=\"features\" class=\"anchor_container\">\n<div class=\"anchor_detail_title\">\n<h2><span style=\"color: #123596;\">Merkmale<\/span><\/h2>\n<\/div>\n<\/div>\n<div class=\"features_item\">\n<ul class=\"info\">\n<li class=\"\"><span class=\"text\">Das Load-Sensing-System sorgt f\u00fcr die perfekte Abstimmung zwischen Motor und Hauptpumpe, gew\u00e4hrleistet einen pr\u00e4zisen Durchfluss, verbessert die Betriebseffizienz und spart Kraftstoff und Zeit.<\/span>\n<div class=\"clear\"><\/div>\n<\/li>\n<li class=\"\"><span class=\"text\">Integriertes verst\u00e4rktes Chassis, Roboterschwei\u00dfen, Schwei\u00dfnahtformung eliminiert den Einfluss menschlicher Faktoren vollst\u00e4ndig, stabiler Lichtbogen, kontrollierbare Eindringtiefe, sch\u00f6ne Formgebung.<\/span>\n<div class=\"clear\"><\/div>\n<\/li>\n<li class=\"\"><span class=\"text\">High-End-Konfiguration unter Verwendung international bekannter Hydraulikkomponenten, um eine hohe Zuverl\u00e4ssigkeit des Hydrauliksystems zu gew\u00e4hrleisten.<\/span>\n<div class=\"clear\"><\/div>\n<\/li>\n<li class=\"\"><span class=\"text\">Weit verbreitet bei Innenabbrucharbeiten, Obstplantagenbepflanzungen, Kommunaltechnik, Gew\u00e4chsh\u00e4usern, Landgewinnung, Grabenaushub und D\u00fcngung in Baumschulen, Rohrleitungen, Kellersanierung, unterirdischen Arbeiten usw.<\/span><\/li>\n<\/ul>\n<p><iframe loading=\"lazy\" title=\"YouTube-Videoplayer\" src=\"https:\/\/www.youtube.com\/embed\/0th2paOrKFo?si=Qq6dpVsWq_0EQYad\" width=\"750\" height=\"421\" frameborder=\"0\" allowfullscreen=\"allowfullscreen\"><\/iframe><\/p>\n<\/div>\n<h3><span style=\"color: #123596;\"><strong>ZERTIFIZIERUNG<\/strong><\/span><\/h3>\n<p><img loading=\"lazy\" decoding=\"async\" class=\"alignnone size-full wp-image-2397\" src=\"https:\/\/youertejx.com\/wp-content\/uploads\/2025\/01\/%E5%BE%AE%E4%BF%A1%E5%9B%BE%E7%89%87_20250322153012.jpg.webp\" sizes=\"auto, (max-width: 750px) 100vw, 750px\" srcset=\"https:\/\/youertejx.com\/wp-content\/uploads\/2025\/01\/\u5fae\u4fe1\u56fe\u7247_20250322153012.jpg.webp 750w, https:\/\/youertejx.com\/wp-content\/uploads\/2025\/01\/\u5fae\u4fe1\u56fe\u7247_20250322153012-300x275.jpg.webp 300w, https:\/\/youertejx.com\/wp-content\/uploads\/2025\/01\/\u5fae\u4fe1\u56fe\u7247_20250322153012-13x12.jpg.webp 13w, https:\/\/youertejx.com\/wp-content\/uploads\/2025\/01\/\u5fae\u4fe1\u56fe\u7247_20250322153012-600x550.jpg.webp 600w\" alt=\"\" width=\"750\" height=\"688\" \/><\/p>\n<h3><span style=\"color: #123596;\"><strong>FABRIK<\/strong><\/span><\/h3>\n<p><img loading=\"lazy\" decoding=\"async\" class=\"alignnone size-full wp-image-2509\" src=\"https:\/\/youertejx.com\/wp-content\/uploads\/2025\/01\/1-6.jpg\" alt=\"\" width=\"750\" height=\"556\" srcset=\"https:\/\/youertejx.com\/wp-content\/uploads\/2025\/01\/1-6.jpg 750w, https:\/\/youertejx.com\/wp-content\/uploads\/2025\/01\/1-6-300x222.jpg 300w, https:\/\/youertejx.com\/wp-content\/uploads\/2025\/01\/1-6-16x12.jpg 16w, https:\/\/youertejx.com\/wp-content\/uploads\/2025\/01\/1-6-600x445.jpg 600w\" sizes=\"auto, (max-width: 750px) 100vw, 750px\" \/><\/p>\n<p><img loading=\"lazy\" decoding=\"async\" class=\"alignnone size-full wp-image-2401\" src=\"https:\/\/youertejx.com\/wp-content\/uploads\/2025\/01\/%E5%BE%AE%E4%BF%A1%E5%9B%BE%E7%89%87_20250322144247-1.jpg.webp\" sizes=\"auto, (max-width: 750px) 100vw, 750px\" srcset=\"https:\/\/youertejx.com\/wp-content\/uploads\/2025\/01\/\u5fae\u4fe1\u56fe\u7247_20250322144247-1.jpg.webp 750w, https:\/\/youertejx.com\/wp-content\/uploads\/2025\/01\/\u5fae\u4fe1\u56fe\u7247_20250322144247-1-300x239.jpg.webp 300w, https:\/\/youertejx.com\/wp-content\/uploads\/2025\/01\/\u5fae\u4fe1\u56fe\u7247_20250322144247-1-15x12.jpg.webp 15w, https:\/\/youertejx.com\/wp-content\/uploads\/2025\/01\/\u5fae\u4fe1\u56fe\u7247_20250322144247-1-600x478.jpg.webp 600w\" alt=\"\" width=\"750\" height=\"597\" \/><\/p>\n<h3><span style=\"color: #123596;\"><strong>UNSERE DIENSTLEISTUNGEN<\/strong><\/span><\/h3>\n<ul>\n<li>Wir haben eine strenge After-Sales-Garantie. Sollten die Teile w\u00e4hrend des Transports besch\u00e4digt werden, stellen wir sie kostenlos zur Verf\u00fcgung. Gleichzeitig bieten wir innerhalb eines Jahres einen After-Sales-Service f\u00fcr unsere Produkte an.<\/li>\n<li>Bevor wir das Werk verlassen, k\u00f6nnen wir einen Videoservice unterst\u00fctzen, um die Produktqualit\u00e4t sicherzustellen.<\/li>\n<li>Unterst\u00fctzt benutzerdefinierte Farben und Produktmarken. Je nach Kunde k\u00f6nnen unterschiedliche Produkte entwickelt werden.<\/li>\n<li>Unsere Minibaggerprodukte haben die CE-Zertifizierung bestanden und erf\u00fcllen europ\u00e4ische und amerikanische Standards.<\/li>\n<li>Gabelh\u00fclsen und Werkzeugk\u00e4sten gibt es gratis dazu und die Ladestation kann sich den Stecker aussuchen.<\/li>\n<\/ul>\n<\/div>\n<\/div>","protected":false},"excerpt":{"rendered":"<p>Features The load sensing system realizes the perfect match between the engine and the main pump, provides accurate flow, improves operating efficiency, and saves fuel and time. Integral reinforced chassis, robot welding, welding seam forming completely eliminates the influence of human factors, stable arc, controllable depth of penetration, beautiful forming. High-end configuration, using international famous [&hellip;]<\/p>\n","protected":false},"featured_media":2477,"template":"","meta":{"_gspb_post_css":""},"product_brand":[],"product_cat":[17,19],"product_tag":[],"class_list":{"0":"post-674","1":"product","2":"type-product","3":"status-publish","4":"has-post-thumbnail","6":"product_cat-mini-excavator","7":"product_cat-u-20","9":"first","10":"instock","11":"shipping-taxable","12":"product-type-simple"},"_links":{"self":[{"href":"https:\/\/youertejx.com\/de\/wp-json\/wp\/v2\/product\/674","targetHints":{"allow":["GET"]}}],"collection":[{"href":"https:\/\/youertejx.com\/de\/wp-json\/wp\/v2\/product"}],"about":[{"href":"https:\/\/youertejx.com\/de\/wp-json\/wp\/v2\/types\/product"}],"wp:featuredmedia":[{"embeddable":true,"href":"https:\/\/youertejx.com\/de\/wp-json\/wp\/v2\/media\/2477"}],"wp:attachment":[{"href":"https:\/\/youertejx.com\/de\/wp-json\/wp\/v2\/media?parent=674"}],"wp:term":[{"taxonomy":"product_brand","embeddable":true,"href":"https:\/\/youertejx.com\/de\/wp-json\/wp\/v2\/product_brand?post=674"},{"taxonomy":"product_cat","embeddable":true,"href":"https:\/\/youertejx.com\/de\/wp-json\/wp\/v2\/product_cat?post=674"},{"taxonomy":"product_tag","embeddable":true,"href":"https:\/\/youertejx.com\/de\/wp-json\/wp\/v2\/product_tag?post=674"}],"curies":[{"name":"wp","href":"https:\/\/api.w.org\/{rel}","templated":true}]}}