{"id":1828,"date":"2024-12-27T08:24:01","date_gmt":"2024-12-27T08:24:01","guid":{"rendered":"https:\/\/youertejx.com\/?post_type=product&#038;p=1828"},"modified":"2025-03-27T06:20:00","modified_gmt":"2025-03-27T06:20:00","slug":"miniexcavadoras-sobre-orugas-usadas-de-china-farm","status":"publish","type":"product","link":"https:\/\/youertejx.com\/es\/product\/china-farm-used-digger-crawler-mini-excavators\/","title":{"rendered":"Miniexcavadora de 1,8 toneladas"},"content":{"rendered":"<section class=\"section_features\">\n<div id=\"features\" class=\"anchor_container\">\n<div class=\"anchor_detail_title\">\n<h2><span style=\"color: #123596;\">Caracter\u00edsticas<\/span><\/h2>\n<\/div>\n<\/div>\n<div class=\"features_item\">\n<ul class=\"info\">\n<li class=\"\"><span class=\"text\">Adopta un motor de marca de renombre internacional, que cumple con el est\u00e1ndar de emisiones Nacional IV, con gran torque, gran potencia, ahorro de energ\u00eda y ahorro de combustible.<\/span>\n<div class=\"clear\"><\/div>\n<\/li>\n<li class=\"\"><span class=\"text\">El sistema de detecci\u00f3n de carga logra la combinaci\u00f3n perfecta entre el motor y la bomba principal, proporciona un flujo preciso, mejora la eficiencia operativa y ahorra combustible y tiempo.<\/span>\n<div class=\"clear\"><\/div>\n<\/li>\n<li class=\"\"><span class=\"text\">Chasis reforzado integral, soldadura robotizada, formaci\u00f3n de costura de soldadura que elimina por completo la influencia de factores humanos, arco estable, profundidad de penetraci\u00f3n controlable, formaci\u00f3n hermosa.<\/span>\n<div class=\"clear\"><\/div>\n<\/li>\n<li class=\"\"><span class=\"text\">Configuraci\u00f3n de alta gama, utilizando componentes hidr\u00e1ulicos de marcas famosas internacionales para garantizar una alta confiabilidad del sistema hidr\u00e1ulico.<\/span>\n<div class=\"clear\"><\/div>\n<\/li>\n<li class=\"\"><span class=\"text\">Los productos son ampliamente utilizados en demolici\u00f3n de interiores, plantaci\u00f3n de huertos, ingenier\u00eda municipal, invernaderos, recuperaci\u00f3n de tierras, zanjas y fertilizaci\u00f3n de viveros, tuber\u00edas, renovaci\u00f3n de s\u00f3tanos, operaciones subterr\u00e1neas, etc.<\/span>\n<div class=\"clear\"><iframe loading=\"lazy\" title=\"Reproductor de v\u00eddeo de YouTube\" src=\"https:\/\/www.youtube.com\/embed\/db8_vVAB0Cc?si=gCLHGPbdW_OWZcTV\" width=\"750\" height=\"421\" frameborder=\"0\" allowfullscreen=\"allowfullscreen\"><\/iframe><\/div>\n<\/li>\n<\/ul>\n<\/div>\n<\/section>\n<section class=\"secton_spec_compare\"><\/section>\n<h3><span style=\"color: #123596;\"><strong>PROCESO DE DAR UN T\u00cdTULO<\/strong><\/span><\/h3>\n<p><img loading=\"lazy\" decoding=\"async\" class=\"alignnone size-full wp-image-2397\" src=\"https:\/\/youertejx.com\/wp-content\/uploads\/2025\/01\/%E5%BE%AE%E4%BF%A1%E5%9B%BE%E7%89%87_20250322153012.jpg.webp\" sizes=\"auto, (max-width: 750px) 100vw, 750px\" srcset=\"https:\/\/youertejx.com\/wp-content\/uploads\/2025\/01\/\u5fae\u4fe1\u56fe\u7247_20250322153012.jpg.webp 750w, https:\/\/youertejx.com\/wp-content\/uploads\/2025\/01\/\u5fae\u4fe1\u56fe\u7247_20250322153012-300x275.jpg.webp 300w, https:\/\/youertejx.com\/wp-content\/uploads\/2025\/01\/\u5fae\u4fe1\u56fe\u7247_20250322153012-13x12.jpg.webp 13w, https:\/\/youertejx.com\/wp-content\/uploads\/2025\/01\/\u5fae\u4fe1\u56fe\u7247_20250322153012-600x550.jpg.webp 600w\" alt=\"\" width=\"750\" height=\"688\" \/><\/p>\n<h3><span style=\"color: #123596;\"><strong>F\u00c1BRICA<\/strong><\/span><\/h3>\n<p><img loading=\"lazy\" decoding=\"async\" class=\"alignnone size-full wp-image-2509\" src=\"https:\/\/youertejx.com\/wp-content\/uploads\/2025\/01\/1-6.jpg\" alt=\"\" width=\"750\" height=\"556\" srcset=\"https:\/\/youertejx.com\/wp-content\/uploads\/2025\/01\/1-6.jpg 750w, https:\/\/youertejx.com\/wp-content\/uploads\/2025\/01\/1-6-300x222.jpg 300w, https:\/\/youertejx.com\/wp-content\/uploads\/2025\/01\/1-6-16x12.jpg 16w, https:\/\/youertejx.com\/wp-content\/uploads\/2025\/01\/1-6-600x445.jpg 600w\" sizes=\"auto, (max-width: 750px) 100vw, 750px\" \/><\/p>\n<p><img loading=\"lazy\" decoding=\"async\" class=\"alignnone size-full wp-image-2401\" src=\"https:\/\/youertejx.com\/wp-content\/uploads\/2025\/01\/%E5%BE%AE%E4%BF%A1%E5%9B%BE%E7%89%87_20250322144247-1.jpg.webp\" sizes=\"auto, (max-width: 750px) 100vw, 750px\" srcset=\"https:\/\/youertejx.com\/wp-content\/uploads\/2025\/01\/\u5fae\u4fe1\u56fe\u7247_20250322144247-1.jpg.webp 750w, https:\/\/youertejx.com\/wp-content\/uploads\/2025\/01\/\u5fae\u4fe1\u56fe\u7247_20250322144247-1-300x239.jpg.webp 300w, https:\/\/youertejx.com\/wp-content\/uploads\/2025\/01\/\u5fae\u4fe1\u56fe\u7247_20250322144247-1-15x12.jpg.webp 15w, https:\/\/youertejx.com\/wp-content\/uploads\/2025\/01\/\u5fae\u4fe1\u56fe\u7247_20250322144247-1-600x478.jpg.webp 600w\" alt=\"\" width=\"750\" height=\"597\" \/><\/p>\n<h3><span style=\"color: #123596;\"><strong>NUESTROS SERVICIOS<\/strong><\/span><\/h3>\n<ul>\n<li>Ofrecemos una estricta garant\u00eda posventa. Si las piezas se da\u00f1an durante el transporte, las proporcionamos sin costo. Asimismo, ofrecemos servicio posventa para nuestros productos en un plazo de un a\u00f1o.<\/li>\n<li>Antes de salir de f\u00e1brica, podemos brindar un servicio de video para garantizar la calidad del producto.<\/li>\n<li>Admite colores personalizados y marcas comerciales de productos, y se pueden desarrollar diferentes productos seg\u00fan los diferentes clientes.<\/li>\n<li>Nuestros productos de miniexcavadoras han pasado la certificaci\u00f3n CE y cumplen con los est\u00e1ndares europeos y americanos.<\/li>\n<li>Se agregan de forma gratuita manguitos de horquilla y cajas de herramientas, y la estaci\u00f3n de carga puede elegir el enchufe.<\/li>\n<\/ul>","protected":false},"excerpt":{"rendered":"<p>Features It adopts an internationally renowned brand engine, which meets the National IV emission standard, with large torque, strong power, energy saving and fuel saving. The load sensing system realizes the perfect match between the engine and the main pump, provides accurate flow, improves operating efficiency, and saves fuel and time. Integral reinforced chassis, robot [&hellip;]<\/p>\n","protected":false},"featured_media":2467,"template":"","meta":{"_gspb_post_css":""},"product_brand":[],"product_cat":[17,18],"product_tag":[],"class_list":{"0":"post-1828","1":"product","2":"type-product","3":"status-publish","4":"has-post-thumbnail","6":"product_cat-mini-excavator","7":"product_cat-u-18","9":"first","10":"instock","11":"shipping-taxable","12":"product-type-simple"},"_links":{"self":[{"href":"https:\/\/youertejx.com\/es\/wp-json\/wp\/v2\/product\/1828","targetHints":{"allow":["GET"]}}],"collection":[{"href":"https:\/\/youertejx.com\/es\/wp-json\/wp\/v2\/product"}],"about":[{"href":"https:\/\/youertejx.com\/es\/wp-json\/wp\/v2\/types\/product"}],"wp:featuredmedia":[{"embeddable":true,"href":"https:\/\/youertejx.com\/es\/wp-json\/wp\/v2\/media\/2467"}],"wp:attachment":[{"href":"https:\/\/youertejx.com\/es\/wp-json\/wp\/v2\/media?parent=1828"}],"wp:term":[{"taxonomy":"product_brand","embeddable":true,"href":"https:\/\/youertejx.com\/es\/wp-json\/wp\/v2\/product_brand?post=1828"},{"taxonomy":"product_cat","embeddable":true,"href":"https:\/\/youertejx.com\/es\/wp-json\/wp\/v2\/product_cat?post=1828"},{"taxonomy":"product_tag","embeddable":true,"href":"https:\/\/youertejx.com\/es\/wp-json\/wp\/v2\/product_tag?post=1828"}],"curies":[{"name":"wp","href":"https:\/\/api.w.org\/{rel}","templated":true}]}}