{"id":2007,"date":"2025-01-03T07:29:42","date_gmt":"2025-01-03T07:29:42","guid":{"rendered":"https:\/\/youertejx.com\/?post_type=product&#038;p=2007"},"modified":"2025-03-27T08:18:15","modified_gmt":"2025-03-27T08:18:15","slug":"venta-de-carretillas-elevadoras-1-5ton","status":"publish","type":"product","link":"https:\/\/youertejx.com\/es\/product\/forklift-forks-1-5ton-for-sale\/","title":{"rendered":"Carretilla elevadora el\u00e9ctrica de 1,5 toneladas"},"content":{"rendered":"<h3><span style=\"color: #123596;\"><strong>\u00bfQU\u00c9 PUEDEN HACER NUESTROS PRODUCTOS POR USTED?<\/strong><\/span><\/h3>\n<p>La carretilla elevadora el\u00e9ctrica de 1,5 toneladas est\u00e1 dise\u00f1ada para una manipulaci\u00f3n eficiente de materiales. Su sistema de accionamiento el\u00e9ctrico ahorra mano de obra y es ecol\u00f3gico, sin emisiones, lo que la hace especialmente adecuada para operaciones en interiores. Equipada con controles sencillos e intuitivos, los operadores pueden empezar a trabajar r\u00e1pidamente, lo que reduce los costes de formaci\u00f3n. Adem\u00e1s, su direcci\u00f3n flexible y su peque\u00f1o radio de giro facilitan el desplazamiento y los giros en pasillos estrechos de almac\u00e9n, talleres concurridos y otros espacios.<\/p>\n<ul>\n<li>Potente potencia: motor de elevaci\u00f3n de 3 kW, maneja f\u00e1cilmente una carga nominal de 1500 kg, funcionamiento eficiente.<\/li>\n<li>Control flexible: el radio de giro m\u00ednimo es de solo 2020 mm, y puede girar con flexibilidad en espacios estrechos y la operaci\u00f3n es conveniente.<\/li>\n<li>Excelente elevaci\u00f3n: altura de elevaci\u00f3n de 3000 mm, velocidad de elevaci\u00f3n de 120 mm\/s, para satisfacer diversas necesidades de carga y descarga.<\/li>\n<li>Estable y seguro: \u00e1ngulo de inclinaci\u00f3n del m\u00e1stil de 25\u00b0, combinado con un dise\u00f1o de distancia entre ejes razonable, para garantizar la estabilidad operativa.<\/li>\n<li>Adaptaci\u00f3n de especificaciones: 650 \u2013 10 especificaciones de ruedas delanteras con distancia entre ejes de 1560 mm, adecuadas para diversas condiciones de trabajo y superficies de la carretera.<\/li>\n<\/ul>\n<p><iframe loading=\"lazy\" title=\"Reproductor de v\u00eddeo de YouTube\" src=\"https:\/\/www.youtube.com\/embed\/DkSAd_A3RK0?si=rdcVV0LMqEHwVtnF\" width=\"750\" height=\"421\" frameborder=\"0\" allowfullscreen=\"allowfullscreen\"><\/iframe><\/p>\n<h3><span style=\"color: #123596;\"><strong>PROCESO DE DAR UN T\u00cdTULO<\/strong><\/span><\/h3>\n<p><img loading=\"lazy\" decoding=\"async\" class=\"alignnone size-full wp-image-2397\" src=\"https:\/\/youertejx.com\/wp-content\/uploads\/2025\/01\/\u5fae\u4fe1\u56fe\u7247_20250322153012.jpg\" alt=\"\" width=\"750\" height=\"688\" srcset=\"https:\/\/youertejx.com\/wp-content\/uploads\/2025\/01\/\u5fae\u4fe1\u56fe\u7247_20250322153012.jpg 750w, https:\/\/youertejx.com\/wp-content\/uploads\/2025\/01\/\u5fae\u4fe1\u56fe\u7247_20250322153012-300x275.jpg 300w, https:\/\/youertejx.com\/wp-content\/uploads\/2025\/01\/\u5fae\u4fe1\u56fe\u7247_20250322153012-13x12.jpg 13w, https:\/\/youertejx.com\/wp-content\/uploads\/2025\/01\/\u5fae\u4fe1\u56fe\u7247_20250322153012-600x550.jpg 600w\" sizes=\"auto, (max-width: 750px) 100vw, 750px\" \/><\/p>\n<h3><span style=\"color: #123596;\"><strong>F\u00c1BRICA<\/strong><\/span><\/h3>\n<p><img loading=\"lazy\" decoding=\"async\" class=\"alignnone size-full wp-image-2400\" src=\"https:\/\/youertejx.com\/wp-content\/uploads\/2025\/03\/\u5fae\u4fe1\u56fe\u7247_20250322155120.jpg\" alt=\"\" width=\"750\" height=\"556\" srcset=\"https:\/\/youertejx.com\/wp-content\/uploads\/2025\/03\/\u5fae\u4fe1\u56fe\u7247_20250322155120.jpg 750w, https:\/\/youertejx.com\/wp-content\/uploads\/2025\/03\/\u5fae\u4fe1\u56fe\u7247_20250322155120-300x222.jpg 300w, https:\/\/youertejx.com\/wp-content\/uploads\/2025\/03\/\u5fae\u4fe1\u56fe\u7247_20250322155120-16x12.jpg 16w, https:\/\/youertejx.com\/wp-content\/uploads\/2025\/03\/\u5fae\u4fe1\u56fe\u7247_20250322155120-600x445.jpg 600w\" sizes=\"auto, (max-width: 750px) 100vw, 750px\" \/><\/p>\n<p><img loading=\"lazy\" decoding=\"async\" class=\"alignnone size-full wp-image-2401\" src=\"https:\/\/youertejx.com\/wp-content\/uploads\/2025\/01\/\u5fae\u4fe1\u56fe\u7247_20250322144247-1.jpg\" alt=\"\" width=\"750\" height=\"597\" srcset=\"https:\/\/youertejx.com\/wp-content\/uploads\/2025\/01\/\u5fae\u4fe1\u56fe\u7247_20250322144247-1.jpg 750w, https:\/\/youertejx.com\/wp-content\/uploads\/2025\/01\/\u5fae\u4fe1\u56fe\u7247_20250322144247-1-300x239.jpg 300w, https:\/\/youertejx.com\/wp-content\/uploads\/2025\/01\/\u5fae\u4fe1\u56fe\u7247_20250322144247-1-15x12.jpg 15w, https:\/\/youertejx.com\/wp-content\/uploads\/2025\/01\/\u5fae\u4fe1\u56fe\u7247_20250322144247-1-600x478.jpg 600w\" sizes=\"auto, (max-width: 750px) 100vw, 750px\" \/><\/p>\n<h3><span style=\"color: #123596;\"><strong>NUESTROS SERVICIOS<\/strong><\/span><\/h3>\n<ul>\n<li>Ofrecemos una estricta garant\u00eda posventa. Si las piezas se da\u00f1an durante el transporte, las proporcionamos sin costo. Asimismo, ofrecemos servicio posventa para nuestros productos en un plazo de un a\u00f1o.<\/li>\n<li>Antes de salir de f\u00e1brica, podemos brindar un servicio de video para garantizar la calidad del producto.<\/li>\n<li>Admite colores personalizados y marcas comerciales de productos, y se pueden desarrollar diferentes productos seg\u00fan los diferentes clientes.<\/li>\n<li>Nuestros productos de carretillas elevadoras el\u00e9ctricas han pasado la certificaci\u00f3n CE y cumplen con los est\u00e1ndares europeos y americanos.<\/li>\n<li>Se agregan de forma gratuita manguitos de horquilla y cajas de herramientas, y la estaci\u00f3n de carga puede elegir el enchufe.<\/li>\n<\/ul>","protected":false},"excerpt":{"rendered":"<p>WHAT CAN OUR PRODUCTS DO FOR YOU? The 1.5-ton electric forklift is designed for efficient material handling. Its electric drive system is labor-saving and environmentally friendly, with no exhaust emissions, making it particularly suitable for indoor operations. Equipped with simple and intuitive controls, operators can quickly get started, reducing training costs. At the same time, [&hellip;]<\/p>\n","protected":false},"featured_media":2395,"template":"","meta":{"_gspb_post_css":""},"product_brand":[],"product_cat":[34,32],"product_tag":[],"class_list":{"0":"post-2007","1":"product","2":"type-product","3":"status-publish","4":"has-post-thumbnail","6":"product_cat-cpd-15","7":"product_cat-electric-forklift","9":"first","10":"instock","11":"shipping-taxable","12":"product-type-simple"},"_links":{"self":[{"href":"https:\/\/youertejx.com\/es\/wp-json\/wp\/v2\/product\/2007","targetHints":{"allow":["GET"]}}],"collection":[{"href":"https:\/\/youertejx.com\/es\/wp-json\/wp\/v2\/product"}],"about":[{"href":"https:\/\/youertejx.com\/es\/wp-json\/wp\/v2\/types\/product"}],"wp:featuredmedia":[{"embeddable":true,"href":"https:\/\/youertejx.com\/es\/wp-json\/wp\/v2\/media\/2395"}],"wp:attachment":[{"href":"https:\/\/youertejx.com\/es\/wp-json\/wp\/v2\/media?parent=2007"}],"wp:term":[{"taxonomy":"product_brand","embeddable":true,"href":"https:\/\/youertejx.com\/es\/wp-json\/wp\/v2\/product_brand?post=2007"},{"taxonomy":"product_cat","embeddable":true,"href":"https:\/\/youertejx.com\/es\/wp-json\/wp\/v2\/product_cat?post=2007"},{"taxonomy":"product_tag","embeddable":true,"href":"https:\/\/youertejx.com\/es\/wp-json\/wp\/v2\/product_tag?post=2007"}],"curies":[{"name":"wp","href":"https:\/\/api.w.org\/{rel}","templated":true}]}}