{"id":2038,"date":"2025-01-03T08:39:40","date_gmt":"2025-01-03T08:39:40","guid":{"rendered":"https:\/\/youertejx.com\/?post_type=product&#038;p=2038"},"modified":"2025-03-06T09:23:51","modified_gmt":"2025-03-06T09:23:51","slug":"gran-excavadora-en-venta-8ton","status":"publish","type":"product","link":"https:\/\/youertejx.com\/es\/product\/large-excavator-for-sale-8ton\/","title":{"rendered":"Excavadora grande de 8 toneladas"},"content":{"rendered":"<h5><\/h5>\n<p>La excavadora grande de 8 toneladas se ha convertido en la opci\u00f3n predilecta de los ingenieros por su excelente ahorro de combustible y mayor potencia. Gracias al sistema hidr\u00e1ulico controlado electr\u00f3nicamente FEm, este modelo ha logrado un asombroso ahorro de combustible (73%), buscando una alta eficiencia. El dise\u00f1o de control de se\u00f1al hidr\u00e1ulica total de la v\u00e1lvula principal de la bomba hidr\u00e1ulica acelera la acci\u00f3n, mejorando a\u00fan m\u00e1s la eficiencia y los beneficios del trabajo.<\/p>\n<p><iframe loading=\"lazy\" title=\"Excavadora grande\" width=\"1500\" height=\"844\" src=\"https:\/\/www.youtube.com\/embed\/wRShvTkssUI?feature=oembed\" frameborder=\"0\" allow=\"accelerometer; autoplay; clipboard-write; encrypted-media; gyroscope; picture-in-picture; web-share\" referrerpolicy=\"strict-origin-when-cross-origin\" allowfullscreen><\/iframe><\/p>\n<p><img loading=\"lazy\" decoding=\"async\" class=\"alignnone wp-image-1962\" src=\"https:\/\/youertejx.com\/wp-content\/uploads\/2024\/12\/U605-300x172.jpg\" alt=\"\" width=\"750\" height=\"430\" srcset=\"https:\/\/youertejx.com\/wp-content\/uploads\/2024\/12\/U605-300x172.jpg 300w, https:\/\/youertejx.com\/wp-content\/uploads\/2024\/12\/U605-18x10.jpg 18w, https:\/\/youertejx.com\/wp-content\/uploads\/2024\/12\/U605-600x345.jpg 600w, https:\/\/youertejx.com\/wp-content\/uploads\/2024\/12\/U605.jpg 750w\" sizes=\"auto, (max-width: 750px) 100vw, 750px\" \/><\/p>\n<h3 class=\"magic-4\"><span class=\"magic-5\">Excavadora hidr\u00e1ulica pesada sobre orugas para construcciones sobre orugas<\/span><\/h3>\n<div class=\"magic-6\">\n<div class=\"magic-7\">\n<div class=\"magic-8\"><span class=\"magic-9\">La excavadora de cadenas pesada tiene un rendimiento estable y un funcionamiento c\u00f3modo. <\/span><\/div>\n<div class=\"magic-8\"><span class=\"magic-9\">Utiliza el motor Yanmar original, cumple con los est\u00e1ndares nacionales de emisiones de escape y est\u00e1 equipado con un <\/span><\/div>\n<div class=\"magic-8\"><span class=\"magic-9\">Nuevo ventilador de refrigeraci\u00f3n y un silenciador de gran tama\u00f1o. Es un motor ecol\u00f3gico que cumple plenamente con la normativa europea. <\/span><\/div>\n<div class=\"magic-8\"><span class=\"magic-9\">Est\u00e1ndares de voz. Durante su funcionamiento, tambi\u00e9n se tiene en cuenta el desarrollo de la protecci\u00f3n ambiental urbana. <\/span><\/div>\n<div class=\"magic-8\"><span class=\"magic-9\">La flexibilidad operativa es fundamental. La excavadora de cadenas pesada utiliza el mejor sistema hidr\u00e1ulico. <\/span><\/div>\n<div class=\"magic-8\"><span class=\"magic-9\">El conductor puede distribuir uniformemente el aceite seg\u00fan los requisitos de operaci\u00f3n, de modo que el brazo de potencia, <\/span><\/div>\n<div class=\"magic-8\"><span class=\"magic-9\">El cubo y el cubo pueden realizar operaciones flexibles, r\u00e1pidas y eficientes. Ha alcanzado una verdadera libertad.<\/span><\/div>\n<\/div>\n<\/div>\n<p><img loading=\"lazy\" decoding=\"async\" class=\"alignnone wp-image-1961\" src=\"https:\/\/youertejx.com\/wp-content\/uploads\/2024\/12\/U606-300x300.jpg\" alt=\"\" width=\"749\" height=\"749\" srcset=\"https:\/\/youertejx.com\/wp-content\/uploads\/2024\/12\/U606-300x300.jpg 300w, https:\/\/youertejx.com\/wp-content\/uploads\/2024\/12\/U606-150x150.jpg 150w, https:\/\/youertejx.com\/wp-content\/uploads\/2024\/12\/U606-12x12.jpg 12w, https:\/\/youertejx.com\/wp-content\/uploads\/2024\/12\/U606-100x100.jpg 100w, https:\/\/youertejx.com\/wp-content\/uploads\/2024\/12\/U606.jpg 500w\" sizes=\"auto, (max-width: 749px) 100vw, 749px\" \/><\/p>\n<p><img loading=\"lazy\" decoding=\"async\" class=\"alignnone wp-image-1960\" src=\"https:\/\/youertejx.com\/wp-content\/uploads\/2024\/12\/U607-300x300.jpg\" alt=\"\" width=\"750\" height=\"750\" srcset=\"https:\/\/youertejx.com\/wp-content\/uploads\/2024\/12\/U607-300x300.jpg 300w, https:\/\/youertejx.com\/wp-content\/uploads\/2024\/12\/U607-150x150.jpg 150w, https:\/\/youertejx.com\/wp-content\/uploads\/2024\/12\/U607-12x12.jpg 12w, https:\/\/youertejx.com\/wp-content\/uploads\/2024\/12\/U607-100x100.jpg 100w, https:\/\/youertejx.com\/wp-content\/uploads\/2024\/12\/U607.jpg 500w\" sizes=\"auto, (max-width: 750px) 100vw, 750px\" \/><\/p>\n<p><img loading=\"lazy\" decoding=\"async\" class=\"alignnone wp-image-1959\" src=\"https:\/\/youertejx.com\/wp-content\/uploads\/2024\/12\/U608-300x300.jpg\" alt=\"\" width=\"751\" height=\"751\" srcset=\"https:\/\/youertejx.com\/wp-content\/uploads\/2024\/12\/U608-300x300.jpg 300w, https:\/\/youertejx.com\/wp-content\/uploads\/2024\/12\/U608-150x150.jpg 150w, https:\/\/youertejx.com\/wp-content\/uploads\/2024\/12\/U608-12x12.jpg 12w, https:\/\/youertejx.com\/wp-content\/uploads\/2024\/12\/U608-100x100.jpg 100w, https:\/\/youertejx.com\/wp-content\/uploads\/2024\/12\/U608.jpg 500w\" sizes=\"auto, (max-width: 751px) 100vw, 751px\" \/><\/p>\n<p><img loading=\"lazy\" decoding=\"async\" class=\"alignnone wp-image-1958\" src=\"https:\/\/youertejx.com\/wp-content\/uploads\/2024\/12\/U609-282x300.jpg\" alt=\"\" width=\"768\" height=\"817\" srcset=\"https:\/\/youertejx.com\/wp-content\/uploads\/2024\/12\/U609-282x300.jpg 282w, https:\/\/youertejx.com\/wp-content\/uploads\/2024\/12\/U609-11x12.jpg 11w, https:\/\/youertejx.com\/wp-content\/uploads\/2024\/12\/U609-600x639.jpg 600w, https:\/\/youertejx.com\/wp-content\/uploads\/2024\/12\/U609.jpg 750w\" sizes=\"auto, (max-width: 768px) 100vw, 768px\" \/><\/p>\n<p>La estructura com\u00fan de una excavadora incluye un dispositivo de potencia, un dispositivo de trabajo, un mecanismo giratorio y un mecanismo de control.<br \/>\nMecanismo de transmisi\u00f3n, mecanismo de marcha e instalaciones auxiliares. El mecanismo de accionamiento transmite la<br \/>\npotencia del motor a los actuadores como el motor hidr\u00e1ulico y el cilindro hidr\u00e1ulico a trav\u00e9s de la<br \/>\nbomba hidr\u00e1ulica, y promueve la acci\u00f3n del dispositivo de trabajo, completando as\u00ed diversas operaciones.<\/p>\n<p><img loading=\"lazy\" decoding=\"async\" class=\"alignnone wp-image-1957\" src=\"https:\/\/youertejx.com\/wp-content\/uploads\/2024\/12\/U6010-300x156.jpg\" alt=\"\" width=\"783\" height=\"407\" srcset=\"https:\/\/youertejx.com\/wp-content\/uploads\/2024\/12\/U6010-300x156.jpg 300w, https:\/\/youertejx.com\/wp-content\/uploads\/2024\/12\/U6010-1024x533.jpg 1024w, https:\/\/youertejx.com\/wp-content\/uploads\/2024\/12\/U6010-768x400.jpg 768w, https:\/\/youertejx.com\/wp-content\/uploads\/2024\/12\/U6010-18x9.jpg 18w, https:\/\/youertejx.com\/wp-content\/uploads\/2024\/12\/U6010-600x313.jpg 600w, https:\/\/youertejx.com\/wp-content\/uploads\/2024\/12\/U6010.jpg 1200w\" sizes=\"auto, (max-width: 783px) 100vw, 783px\" \/><\/p>\n<p><img loading=\"lazy\" decoding=\"async\" class=\"alignnone wp-image-1956\" src=\"https:\/\/youertejx.com\/wp-content\/uploads\/2024\/12\/U6011-254x300.jpg\" alt=\"\" width=\"769\" height=\"908\" srcset=\"https:\/\/youertejx.com\/wp-content\/uploads\/2024\/12\/U6011-254x300.jpg 254w, https:\/\/youertejx.com\/wp-content\/uploads\/2024\/12\/U6011-10x12.jpg 10w, https:\/\/youertejx.com\/wp-content\/uploads\/2024\/12\/U6011-600x708.jpg 600w, https:\/\/youertejx.com\/wp-content\/uploads\/2024\/12\/U6011.jpg 750w\" sizes=\"auto, (max-width: 769px) 100vw, 769px\" \/><\/p>\n<p><img loading=\"lazy\" decoding=\"async\" class=\"alignnone wp-image-1955\" src=\"https:\/\/youertejx.com\/wp-content\/uploads\/2024\/12\/U6012-300x169.jpg\" alt=\"\" width=\"756\" height=\"426\" srcset=\"https:\/\/youertejx.com\/wp-content\/uploads\/2024\/12\/U6012-300x169.jpg 300w, https:\/\/youertejx.com\/wp-content\/uploads\/2024\/12\/U6012-18x10.jpg 18w, https:\/\/youertejx.com\/wp-content\/uploads\/2024\/12\/U6012-600x338.jpg 600w, https:\/\/youertejx.com\/wp-content\/uploads\/2024\/12\/U6012.jpg 750w\" sizes=\"auto, (max-width: 756px) 100vw, 756px\" \/><\/p>\n<p><img loading=\"lazy\" decoding=\"async\" class=\"alignnone wp-image-1954\" src=\"https:\/\/youertejx.com\/wp-content\/uploads\/2024\/12\/U6013-300x169.jpg\" alt=\"\" width=\"753\" height=\"424\" srcset=\"https:\/\/youertejx.com\/wp-content\/uploads\/2024\/12\/U6013-300x169.jpg 300w, https:\/\/youertejx.com\/wp-content\/uploads\/2024\/12\/U6013-18x10.jpg 18w, https:\/\/youertejx.com\/wp-content\/uploads\/2024\/12\/U6013-600x338.jpg 600w, https:\/\/youertejx.com\/wp-content\/uploads\/2024\/12\/U6013.jpg 750w\" sizes=\"auto, (max-width: 753px) 100vw, 753px\" \/><\/p>\n<p><img loading=\"lazy\" decoding=\"async\" class=\"alignnone wp-image-1953\" src=\"https:\/\/youertejx.com\/wp-content\/uploads\/2024\/12\/U6014-300x169.jpg\" alt=\"\" width=\"751\" height=\"423\" srcset=\"https:\/\/youertejx.com\/wp-content\/uploads\/2024\/12\/U6014-300x169.jpg 300w, https:\/\/youertejx.com\/wp-content\/uploads\/2024\/12\/U6014-18x10.jpg 18w, https:\/\/youertejx.com\/wp-content\/uploads\/2024\/12\/U6014-600x338.jpg 600w, https:\/\/youertejx.com\/wp-content\/uploads\/2024\/12\/U6014.jpg 750w\" sizes=\"auto, (max-width: 751px) 100vw, 751px\" \/><\/p>\n<table style=\"border-collapse: collapse; width: 754px; height: 128px;\" border=\"0\" width=\"714\" cellspacing=\"0\" cellpadding=\"0\">\n<tbody>\n<tr style=\"height: 14.25pt;\">\n<td class=\"et2\" style=\"height: 14.25pt; width: 200.25pt;\" width=\"267\" height=\"19\">Peso de trabajo (kg)<\/td>\n<td class=\"et3\" style=\"width: 81.00pt;\" width=\"108\">8202<\/td>\n<td class=\"et2\" style=\"width: 150.75pt;\" width=\"201\">Longitud total de transporte (mm)<\/td>\n<td class=\"et3\" style=\"width: 103.50pt;\" width=\"138\">6146<\/td>\n<\/tr>\n<tr style=\"height: 14.25pt;\">\n<td class=\"et2\" style=\"height: 14.25pt; width: 200.25pt;\" width=\"267\" height=\"19\">Capacidad del cuchar\u00f3n (m\u00b3)<\/td>\n<td class=\"et3\" style=\"width: 81.00pt;\" width=\"108\">0.27-0.33<\/td>\n<td class=\"et2\" style=\"width: 150.75pt;\" width=\"201\">Ancho total de transporte (mm)<\/td>\n<td class=\"et3\" style=\"width: 103.50pt;\" width=\"138\">2242<\/td>\n<\/tr>\n<tr style=\"height: 14.25pt;\">\n<td class=\"et2\" style=\"height: 14.25pt; width: 200.25pt;\" width=\"267\" height=\"19\">Longitud de la trayectoria m\u00f3vil (mm)<\/td>\n<td class=\"et3\" style=\"width: 81.00pt;\" width=\"108\">3722<\/td>\n<td class=\"et2\" style=\"width: 150.75pt;\" width=\"201\">Altura total de transporte (mm)<\/td>\n<td class=\"et3\" style=\"width: 103.50pt;\" width=\"138\">2662<\/td>\n<\/tr>\n<tr style=\"height: 14.25pt;\">\n<td class=\"et2\" style=\"height: 14.25pt; width: 200.25pt;\" width=\"267\" height=\"19\">Longitud de la espiga (mmn)<\/td>\n<td class=\"et3\" style=\"width: 81.00pt;\" width=\"108\">1672<\/td>\n<td class=\"et2\" style=\"width: 150.75pt;\" width=\"201\">Ancho a bordo (mm)<\/td>\n<td class=\"et3\" style=\"width: 103.50pt;\" width=\"138\">2242<\/td>\n<\/tr>\n<tr style=\"height: 14.25pt;\">\n<td class=\"et2\" style=\"height: 14.25pt; width: 200.25pt;\" width=\"267\" height=\"19\">Longitud de la pista (mmn)<\/td>\n<td class=\"et3\" style=\"width: 81.00pt;\" width=\"108\">3352<\/td>\n<td class=\"et2\" style=\"width: 150.75pt;\" width=\"201\">Longitud total de la pista (mm)<\/td>\n<td class=\"et3\" style=\"width: 103.50pt;\" width=\"138\">2752<\/td>\n<\/tr>\n<\/tbody>\n<\/table>\n<p><img loading=\"lazy\" decoding=\"async\" class=\"alignnone wp-image-1952\" src=\"https:\/\/youertejx.com\/wp-content\/uploads\/2024\/12\/U6015-300x228.jpg\" alt=\"\" width=\"763\" height=\"580\" srcset=\"https:\/\/youertejx.com\/wp-content\/uploads\/2024\/12\/U6015-300x228.jpg 300w, https:\/\/youertejx.com\/wp-content\/uploads\/2024\/12\/U6015-16x12.jpg 16w, https:\/\/youertejx.com\/wp-content\/uploads\/2024\/12\/U6015-600x456.jpg 600w, https:\/\/youertejx.com\/wp-content\/uploads\/2024\/12\/U6015.jpg 750w\" sizes=\"auto, (max-width: 763px) 100vw, 763px\" \/><\/p>\n<p><img loading=\"lazy\" decoding=\"async\" class=\"alignnone wp-image-1951\" src=\"https:\/\/youertejx.com\/wp-content\/uploads\/2024\/12\/U6016-300x244.jpg\" alt=\"\" width=\"751\" height=\"611\" srcset=\"https:\/\/youertejx.com\/wp-content\/uploads\/2024\/12\/U6016-300x244.jpg 300w, https:\/\/youertejx.com\/wp-content\/uploads\/2024\/12\/U6016-15x12.jpg 15w, https:\/\/youertejx.com\/wp-content\/uploads\/2024\/12\/U6016-600x489.jpg 600w, https:\/\/youertejx.com\/wp-content\/uploads\/2024\/12\/U6016.jpg 750w\" sizes=\"auto, (max-width: 751px) 100vw, 751px\" \/><\/p>\n<p><img loading=\"lazy\" decoding=\"async\" class=\"alignnone wp-image-1950\" src=\"https:\/\/youertejx.com\/wp-content\/uploads\/2024\/12\/U6017-300x101.jpg\" alt=\"\" width=\"763\" height=\"257\" srcset=\"https:\/\/youertejx.com\/wp-content\/uploads\/2024\/12\/U6017-300x101.jpg 300w, https:\/\/youertejx.com\/wp-content\/uploads\/2024\/12\/U6017-1024x345.jpg 1024w, https:\/\/youertejx.com\/wp-content\/uploads\/2024\/12\/U6017-768x259.jpg 768w, https:\/\/youertejx.com\/wp-content\/uploads\/2024\/12\/U6017-18x6.jpg 18w, https:\/\/youertejx.com\/wp-content\/uploads\/2024\/12\/U6017-600x202.jpg 600w, https:\/\/youertejx.com\/wp-content\/uploads\/2024\/12\/U6017.jpg 1200w\" sizes=\"auto, (max-width: 763px) 100vw, 763px\" \/><\/p>\n<p><img loading=\"lazy\" decoding=\"async\" class=\"alignnone wp-image-1949\" src=\"https:\/\/youertejx.com\/wp-content\/uploads\/2024\/12\/U6018-300x118.jpg\" alt=\"\" width=\"765\" height=\"301\" srcset=\"https:\/\/youertejx.com\/wp-content\/uploads\/2024\/12\/U6018-300x118.jpg 300w, https:\/\/youertejx.com\/wp-content\/uploads\/2024\/12\/U6018-18x7.jpg 18w, https:\/\/youertejx.com\/wp-content\/uploads\/2024\/12\/U6018-600x236.jpg 600w, https:\/\/youertejx.com\/wp-content\/uploads\/2024\/12\/U6018.jpg 750w\" sizes=\"auto, (max-width: 765px) 100vw, 765px\" \/><\/p>\n<p>Puede confiar en la fiabilidad de la m\u00e1quina Nuestra m\u00e1quina es fant\u00e1stica Personalizaci\u00f3n de accesorios:<br \/>\nPodemos satisfacer sus necesidades de cualquier modelo, tonelaje y color. Cubrimos todas sus necesidades.<br \/>\ncon excelente soporte: Nuestro equipo de soporte profesional est\u00e1 disponible en l\u00ednea las 24 horas, los 7 d\u00edas de la semana para<br \/>\nLe ayudaremos a resolver cualquier problema o inquietud y a garantizar su satisfacci\u00f3n. Antes de salir<br \/>\nF\u00e1brica, podemos respaldar servicios de video para garantizar la calidad del producto.<\/p>\n<p><img loading=\"lazy\" decoding=\"async\" class=\"alignnone wp-image-1844\" src=\"https:\/\/youertejx.com\/wp-content\/uploads\/2024\/12\/BLxqy9-212x300.jpg\" alt=\"\" width=\"702\" height=\"993\" srcset=\"https:\/\/youertejx.com\/wp-content\/uploads\/2024\/12\/BLxqy9-212x300.jpg 212w, https:\/\/youertejx.com\/wp-content\/uploads\/2024\/12\/BLxqy9-725x1024.jpg 725w, https:\/\/youertejx.com\/wp-content\/uploads\/2024\/12\/BLxqy9-8x12.jpg 8w\" sizes=\"auto, (max-width: 702px) 100vw, 702px\" \/><\/p>\n<p><img loading=\"lazy\" decoding=\"async\" class=\"alignnone wp-image-1845\" src=\"https:\/\/youertejx.com\/wp-content\/uploads\/2024\/12\/BLxqy10-300x295.jpg\" alt=\"\" width=\"701\" height=\"689\" srcset=\"https:\/\/youertejx.com\/wp-content\/uploads\/2024\/12\/BLxqy10-300x295.jpg 300w, https:\/\/youertejx.com\/wp-content\/uploads\/2024\/12\/BLxqy10-12x12.jpg 12w, https:\/\/youertejx.com\/wp-content\/uploads\/2024\/12\/BLxqy10-600x590.jpg 600w, https:\/\/youertejx.com\/wp-content\/uploads\/2024\/12\/BLxqy10.jpg 750w\" sizes=\"auto, (max-width: 701px) 100vw, 701px\" \/><\/p>\n<p>&nbsp;<\/p>\n<p><img loading=\"lazy\" decoding=\"async\" class=\"alignnone wp-image-1847\" src=\"https:\/\/youertejx.com\/wp-content\/uploads\/2024\/12\/BLxqy12-300x239.jpg\" alt=\"\" width=\"668\" height=\"532\" srcset=\"https:\/\/youertejx.com\/wp-content\/uploads\/2024\/12\/BLxqy12-300x239.jpg 300w, https:\/\/youertejx.com\/wp-content\/uploads\/2024\/12\/BLxqy12-15x12.jpg 15w, https:\/\/youertejx.com\/wp-content\/uploads\/2024\/12\/BLxqy12-600x478.jpg 600w, https:\/\/youertejx.com\/wp-content\/uploads\/2024\/12\/BLxqy12.jpg 750w\" sizes=\"auto, (max-width: 668px) 100vw, 668px\" \/><\/p>\n<p><img loading=\"lazy\" decoding=\"async\" class=\"alignnone wp-image-1848\" src=\"https:\/\/youertejx.com\/wp-content\/uploads\/2024\/12\/BLxqy13-300x108.jpg\" alt=\"\" width=\"661\" height=\"238\" srcset=\"https:\/\/youertejx.com\/wp-content\/uploads\/2024\/12\/BLxqy13-300x108.jpg 300w, https:\/\/youertejx.com\/wp-content\/uploads\/2024\/12\/BLxqy13-18x6.jpg 18w, https:\/\/youertejx.com\/wp-content\/uploads\/2024\/12\/BLxqy13-600x215.jpg 600w, https:\/\/youertejx.com\/wp-content\/uploads\/2024\/12\/BLxqy13.jpg 750w\" sizes=\"auto, (max-width: 661px) 100vw, 661px\" \/><\/p>","protected":false},"excerpt":{"rendered":"<p>The 8TON large excavator has become the first choice of engineers for its excellent fuel economy and enhanced power. With the FEm electronically controlled hydraulic system, this model has achieved an amazing 73% saving in reducing fuel consumption, pursuing high fuel efficiency. The full hydraulic signal control design of the main valve of the hydraulic [&hellip;]<\/p>\n","protected":false},"featured_media":2042,"template":"","meta":{"_gspb_post_css":""},"product_brand":[],"product_cat":[29,31],"product_tag":[],"class_list":{"0":"post-2038","1":"product","2":"type-product","3":"status-publish","4":"has-post-thumbnail","6":"product_cat-large-excavator","7":"product_cat-u-80","9":"first","10":"instock","11":"shipping-taxable","12":"product-type-simple"},"_links":{"self":[{"href":"https:\/\/youertejx.com\/es\/wp-json\/wp\/v2\/product\/2038","targetHints":{"allow":["GET"]}}],"collection":[{"href":"https:\/\/youertejx.com\/es\/wp-json\/wp\/v2\/product"}],"about":[{"href":"https:\/\/youertejx.com\/es\/wp-json\/wp\/v2\/types\/product"}],"wp:featuredmedia":[{"embeddable":true,"href":"https:\/\/youertejx.com\/es\/wp-json\/wp\/v2\/media\/2042"}],"wp:attachment":[{"href":"https:\/\/youertejx.com\/es\/wp-json\/wp\/v2\/media?parent=2038"}],"wp:term":[{"taxonomy":"product_brand","embeddable":true,"href":"https:\/\/youertejx.com\/es\/wp-json\/wp\/v2\/product_brand?post=2038"},{"taxonomy":"product_cat","embeddable":true,"href":"https:\/\/youertejx.com\/es\/wp-json\/wp\/v2\/product_cat?post=2038"},{"taxonomy":"product_tag","embeddable":true,"href":"https:\/\/youertejx.com\/es\/wp-json\/wp\/v2\/product_tag?post=2038"}],"curies":[{"name":"wp","href":"https:\/\/api.w.org\/{rel}","templated":true}]}}