{"id":2050,"date":"2025-01-03T09:14:50","date_gmt":"2025-01-03T09:14:50","guid":{"rendered":"https:\/\/youertejx.com\/?post_type=product&#038;p=2050"},"modified":"2025-03-27T07:45:43","modified_gmt":"2025-03-27T07:45:43","slug":"carretilla-elevadora-electrica-4ton","status":"publish","type":"product","link":"https:\/\/youertejx.com\/es\/product\/electric-forklift-4ton\/","title":{"rendered":"Carretilla elevadora el\u00e9ctrica de 4 toneladas"},"content":{"rendered":"<h3><span style=\"color: #123596;\">Caracter\u00edsticas del producto<\/span><\/h3>\n<ul>\n<li>El sistema tiene alta eficiencia, funciones de protecci\u00f3n completas y viene con sensores de velocidad y temperatura, lo que mejora enormemente la confiabilidad y la vida \u00fatil.<\/li>\n<li>El cap\u00f3 completamente abierto, la bater\u00eda, el motor, el controlador, etc. est\u00e1n ubicados en una posici\u00f3n razonable y f\u00e1cil.<\/li>\n<li>Los componentes el\u00e9ctricos principales son todos productos de marcas reconocidas, con un rendimiento estable y una calidad confiable.<\/li>\n<li>Equipado con sistema avanzado de regeneraci\u00f3n de energ\u00eda, ahorro de energ\u00eda y alta eficiencia, bater\u00eda de larga duraci\u00f3n.<\/li>\n<\/ul>\n<p><iframe loading=\"lazy\" title=\"Reproductor de v\u00eddeo de YouTube\" src=\"https:\/\/www.youtube.com\/embed\/whcudO_tzXg?si=TE4Qs5ChByu_fLJF\" width=\"750\" height=\"421\" frameborder=\"0\" allowfullscreen=\"allowfullscreen\"><\/iframe><\/p>\n<h3><span style=\"color: #123596;\"><strong>PROCESO DE DAR UN T\u00cdTULO<\/strong><\/span><\/h3>\n<p><img loading=\"lazy\" decoding=\"async\" class=\"alignnone size-full wp-image-2397\" src=\"https:\/\/youertejx.com\/wp-content\/uploads\/2025\/01\/%E5%BE%AE%E4%BF%A1%E5%9B%BE%E7%89%87_20250322153012.jpg\" sizes=\"auto, (max-width: 750px) 100vw, 750px\" srcset=\"https:\/\/youertejx.com\/wp-content\/uploads\/2025\/01\/\u5fae\u4fe1\u56fe\u7247_20250322153012.jpg.webp 750w, https:\/\/youertejx.com\/wp-content\/uploads\/2025\/01\/\u5fae\u4fe1\u56fe\u7247_20250322153012-300x275.jpg.webp 300w, https:\/\/youertejx.com\/wp-content\/uploads\/2025\/01\/\u5fae\u4fe1\u56fe\u7247_20250322153012-13x12.jpg.webp 13w, https:\/\/youertejx.com\/wp-content\/uploads\/2025\/01\/\u5fae\u4fe1\u56fe\u7247_20250322153012-600x550.jpg.webp 600w\" alt=\"\" width=\"750\" height=\"688\" \/><\/p>\n<h3><span style=\"color: #123596;\"><strong>F\u00c1BRICA<\/strong><\/span><\/h3>\n<p><img loading=\"lazy\" decoding=\"async\" class=\"alignnone size-full wp-image-2400\" src=\"https:\/\/youertejx.com\/wp-content\/uploads\/2025\/03\/%E5%BE%AE%E4%BF%A1%E5%9B%BE%E7%89%87_20250322155120.jpg\" sizes=\"auto, (max-width: 750px) 100vw, 750px\" srcset=\"https:\/\/youertejx.com\/wp-content\/uploads\/2025\/03\/\u5fae\u4fe1\u56fe\u7247_20250322155120.jpg.webp 750w, https:\/\/youertejx.com\/wp-content\/uploads\/2025\/03\/\u5fae\u4fe1\u56fe\u7247_20250322155120-300x222.jpg.webp 300w, https:\/\/youertejx.com\/wp-content\/uploads\/2025\/03\/\u5fae\u4fe1\u56fe\u7247_20250322155120-16x12.jpg.webp 16w, https:\/\/youertejx.com\/wp-content\/uploads\/2025\/03\/\u5fae\u4fe1\u56fe\u7247_20250322155120-600x445.jpg.webp 600w\" alt=\"\" width=\"750\" height=\"556\" \/><\/p>\n<p><img loading=\"lazy\" decoding=\"async\" class=\"alignnone size-full wp-image-2401\" src=\"https:\/\/youertejx.com\/wp-content\/uploads\/2025\/01\/%E5%BE%AE%E4%BF%A1%E5%9B%BE%E7%89%87_20250322144247-1.jpg\" sizes=\"auto, (max-width: 750px) 100vw, 750px\" srcset=\"https:\/\/youertejx.com\/wp-content\/uploads\/2025\/01\/\u5fae\u4fe1\u56fe\u7247_20250322144247-1.jpg.webp 750w, https:\/\/youertejx.com\/wp-content\/uploads\/2025\/01\/\u5fae\u4fe1\u56fe\u7247_20250322144247-1-300x239.jpg.webp 300w, https:\/\/youertejx.com\/wp-content\/uploads\/2025\/01\/\u5fae\u4fe1\u56fe\u7247_20250322144247-1-15x12.jpg.webp 15w, https:\/\/youertejx.com\/wp-content\/uploads\/2025\/01\/\u5fae\u4fe1\u56fe\u7247_20250322144247-1-600x478.jpg.webp 600w\" alt=\"\" width=\"750\" height=\"597\" \/><\/p>\n<h3><span style=\"color: #123596;\"><strong>NUESTROS SERVICIOS<\/strong><\/span><\/h3>\n<ul>\n<li>Ofrecemos una estricta garant\u00eda posventa. Si las piezas se da\u00f1an durante el transporte, las proporcionamos sin costo. Asimismo, ofrecemos servicio posventa para nuestros productos en un plazo de un a\u00f1o.<\/li>\n<li>Antes de salir de f\u00e1brica, podemos brindar un servicio de video para garantizar la calidad del producto.<\/li>\n<li>Admite colores personalizados y marcas comerciales de productos, y se pueden desarrollar diferentes productos seg\u00fan los diferentes clientes.<\/li>\n<li>Nuestros productos de carretillas elevadoras el\u00e9ctricas han pasado la certificaci\u00f3n CE y cumplen con los est\u00e1ndares europeos y americanos.<\/li>\n<li>Se agregan de forma gratuita manguitos de horquilla y cajas de herramientas, y la estaci\u00f3n de carga puede elegir el enchufe.<\/li>\n<\/ul>","protected":false},"excerpt":{"rendered":"<p>Product Features The system has high efficiency, complete protection functions, and comes with speed sensing and temperature sensors, which greatly improves reliability and life. The full-open hood, battery, motor, controller, etc. are located ina reasonable position and easy. The main electrical components are all well-known brandproducts, with stable performance and reliable quality. Equipped with advanced [&hellip;]<\/p>\n","protected":false},"featured_media":2475,"template":"","meta":{"_gspb_post_css":""},"product_brand":[],"product_cat":[39,32],"product_tag":[],"class_list":{"0":"post-2050","1":"product","2":"type-product","3":"status-publish","4":"has-post-thumbnail","6":"product_cat-cpd-40","7":"product_cat-electric-forklift","9":"first","10":"instock","11":"shipping-taxable","12":"product-type-simple"},"_links":{"self":[{"href":"https:\/\/youertejx.com\/es\/wp-json\/wp\/v2\/product\/2050","targetHints":{"allow":["GET"]}}],"collection":[{"href":"https:\/\/youertejx.com\/es\/wp-json\/wp\/v2\/product"}],"about":[{"href":"https:\/\/youertejx.com\/es\/wp-json\/wp\/v2\/types\/product"}],"wp:featuredmedia":[{"embeddable":true,"href":"https:\/\/youertejx.com\/es\/wp-json\/wp\/v2\/media\/2475"}],"wp:attachment":[{"href":"https:\/\/youertejx.com\/es\/wp-json\/wp\/v2\/media?parent=2050"}],"wp:term":[{"taxonomy":"product_brand","embeddable":true,"href":"https:\/\/youertejx.com\/es\/wp-json\/wp\/v2\/product_brand?post=2050"},{"taxonomy":"product_cat","embeddable":true,"href":"https:\/\/youertejx.com\/es\/wp-json\/wp\/v2\/product_cat?post=2050"},{"taxonomy":"product_tag","embeddable":true,"href":"https:\/\/youertejx.com\/es\/wp-json\/wp\/v2\/product_tag?post=2050"}],"curies":[{"name":"wp","href":"https:\/\/api.w.org\/{rel}","templated":true}]}}