{"id":2070,"date":"2025-01-06T08:21:16","date_gmt":"2025-01-06T08:21:16","guid":{"rendered":"https:\/\/youertejx.com\/?post_type=product&#038;p=2070"},"modified":"2025-03-06T09:19:37","modified_gmt":"2025-03-06T09:19:37","slug":"1-5ton-apilador-electrico-totalmente-automatico-ce","status":"publish","type":"product","link":"https:\/\/youertejx.com\/es\/product\/1-5ton-fully-automatic-electric-stacker-ce\/","title":{"rendered":"Apilador el\u00e9ctrico de 1,5 toneladas"},"content":{"rendered":"<h5>Entrega r\u00e1pida Apilador de paletas Carretilla elevadora el\u00e9ctrica Elevador de paletas 500 kg 1000 kg 1500 kg 2000 kg Precio de apilador semiel\u00e9ctrico.<\/h5>\n<p><iframe loading=\"lazy\" title=\"Apilador el\u00e9ctrico\" width=\"1500\" height=\"844\" src=\"https:\/\/www.youtube.com\/embed\/kc1GDorZ0Y8?feature=oembed\" frameborder=\"0\" allow=\"accelerometer; autoplay; clipboard-write; encrypted-media; gyroscope; picture-in-picture; web-share\" referrerpolicy=\"strict-origin-when-cross-origin\" allowfullscreen><\/iframe><\/p>\n<p><img loading=\"lazy\" decoding=\"async\" class=\"alignnone wp-image-1939\" src=\"https:\/\/youertejx.com\/wp-content\/uploads\/2024\/12\/CDD205-300x300.jpg\" alt=\"\" width=\"752\" height=\"752\" srcset=\"https:\/\/youertejx.com\/wp-content\/uploads\/2024\/12\/CDD205-300x300.jpg 300w, https:\/\/youertejx.com\/wp-content\/uploads\/2024\/12\/CDD205-150x150.jpg 150w, https:\/\/youertejx.com\/wp-content\/uploads\/2024\/12\/CDD205-12x12.jpg 12w, https:\/\/youertejx.com\/wp-content\/uploads\/2024\/12\/CDD205-100x100.jpg 100w, https:\/\/youertejx.com\/wp-content\/uploads\/2024\/12\/CDD205.jpg 500w\" sizes=\"auto, (max-width: 752px) 100vw, 752px\" \/><\/p>\n<p><img loading=\"lazy\" decoding=\"async\" class=\"alignnone wp-image-1937\" src=\"https:\/\/youertejx.com\/wp-content\/uploads\/2024\/12\/CDD207-300x300.jpg\" alt=\"\" width=\"750\" height=\"750\" srcset=\"https:\/\/youertejx.com\/wp-content\/uploads\/2024\/12\/CDD207-300x300.jpg 300w, https:\/\/youertejx.com\/wp-content\/uploads\/2024\/12\/CDD207-150x150.jpg 150w, https:\/\/youertejx.com\/wp-content\/uploads\/2024\/12\/CDD207-12x12.jpg 12w, https:\/\/youertejx.com\/wp-content\/uploads\/2024\/12\/CDD207-100x100.jpg 100w, https:\/\/youertejx.com\/wp-content\/uploads\/2024\/12\/CDD207.jpg 500w\" sizes=\"auto, (max-width: 750px) 100vw, 750px\" \/><\/p>\n<p><img loading=\"lazy\" decoding=\"async\" class=\"alignnone wp-image-1938\" src=\"https:\/\/youertejx.com\/wp-content\/uploads\/2024\/12\/CDD206-300x300.jpg\" alt=\"\" width=\"749\" height=\"749\" srcset=\"https:\/\/youertejx.com\/wp-content\/uploads\/2024\/12\/CDD206-300x300.jpg 300w, https:\/\/youertejx.com\/wp-content\/uploads\/2024\/12\/CDD206-150x150.jpg 150w, https:\/\/youertejx.com\/wp-content\/uploads\/2024\/12\/CDD206-12x12.jpg 12w, https:\/\/youertejx.com\/wp-content\/uploads\/2024\/12\/CDD206-100x100.jpg 100w, https:\/\/youertejx.com\/wp-content\/uploads\/2024\/12\/CDD206.jpg 500w\" sizes=\"auto, (max-width: 749px) 100vw, 749px\" \/><\/p>\n<p><img loading=\"lazy\" decoding=\"async\" class=\"alignnone wp-image-1940\" src=\"https:\/\/youertejx.com\/wp-content\/uploads\/2024\/12\/CDD2018-300x300.jpg\" alt=\"\" width=\"368\" height=\"368\" srcset=\"https:\/\/youertejx.com\/wp-content\/uploads\/2024\/12\/CDD2018-300x300.jpg 300w, https:\/\/youertejx.com\/wp-content\/uploads\/2024\/12\/CDD2018-150x150.jpg 150w, https:\/\/youertejx.com\/wp-content\/uploads\/2024\/12\/CDD2018-12x12.jpg 12w, https:\/\/youertejx.com\/wp-content\/uploads\/2024\/12\/CDD2018-100x100.jpg 100w, https:\/\/youertejx.com\/wp-content\/uploads\/2024\/12\/CDD2018.jpg 500w\" sizes=\"auto, (max-width: 368px) 100vw, 368px\" \/> <img loading=\"lazy\" decoding=\"async\" class=\"alignnone wp-image-1941\" src=\"https:\/\/youertejx.com\/wp-content\/uploads\/2024\/12\/CDD2017-300x300.jpg\" alt=\"\" width=\"368\" height=\"368\" srcset=\"https:\/\/youertejx.com\/wp-content\/uploads\/2024\/12\/CDD2017-300x300.jpg 300w, https:\/\/youertejx.com\/wp-content\/uploads\/2024\/12\/CDD2017-150x150.jpg 150w, https:\/\/youertejx.com\/wp-content\/uploads\/2024\/12\/CDD2017-12x12.jpg 12w, https:\/\/youertejx.com\/wp-content\/uploads\/2024\/12\/CDD2017-100x100.jpg 100w, https:\/\/youertejx.com\/wp-content\/uploads\/2024\/12\/CDD2017.jpg 500w\" sizes=\"auto, (max-width: 368px) 100vw, 368px\" \/><\/p>\n<div class=\"magic-12\"><span class=\"magic-13\" style=\"color: #c4433c;\">\u00bfQu\u00e9 beneficios pueden aportarle nuestras carretillas elevadoras?<\/span><\/div>\n<div class=\"magic-14\">\n<div class=\"magic-15\">\n<div class=\"magic-16\">\n<p><span class=\"magic-17\">1. Nuestros productos pueden satisfacer sus necesidades en cualquier modelo, tonelaje y color, permiti\u00e9ndole completar mejor su trabajo.<\/span><\/p>\n<div><span class=\"magic-17\">2. Los productos de montacargas el\u00e9ctricos que podemos vender en Estados Unidos y Europa han pasado la certificaci\u00f3n CE, <\/span><\/div>\n<div><span class=\"magic-17\">y los componentes principales cumplen con los est\u00e1ndares europeos y americanos.<br \/>\n3. Tenemos una estricta garant\u00eda posventa. Si las piezas se da\u00f1an durante el transporte, podemos proporcionarlas de forma gratuita.<br \/>\n4. Somos fabricantes profesionales que pueden brindar servicios personalizados seg\u00fan sus necesidades.<\/span><\/div>\n<\/div>\n<\/div>\n<\/div>\n<p><img loading=\"lazy\" decoding=\"async\" class=\"alignnone wp-image-1936\" src=\"https:\/\/youertejx.com\/wp-content\/uploads\/2024\/12\/CDD208-238x300.jpg\" alt=\"\" width=\"748\" height=\"943\" srcset=\"https:\/\/youertejx.com\/wp-content\/uploads\/2024\/12\/CDD208-238x300.jpg 238w, https:\/\/youertejx.com\/wp-content\/uploads\/2024\/12\/CDD208-10x12.jpg 10w, https:\/\/youertejx.com\/wp-content\/uploads\/2024\/12\/CDD208-600x757.jpg 600w, https:\/\/youertejx.com\/wp-content\/uploads\/2024\/12\/CDD208.jpg 750w\" sizes=\"auto, (max-width: 748px) 100vw, 748px\" \/><\/p>\n<p><img loading=\"lazy\" decoding=\"async\" class=\"alignnone wp-image-1935\" src=\"https:\/\/youertejx.com\/wp-content\/uploads\/2024\/12\/CDD209-300x259.jpg\" alt=\"\" width=\"746\" height=\"644\" srcset=\"https:\/\/youertejx.com\/wp-content\/uploads\/2024\/12\/CDD209-300x259.jpg 300w, https:\/\/youertejx.com\/wp-content\/uploads\/2024\/12\/CDD209-14x12.jpg 14w, https:\/\/youertejx.com\/wp-content\/uploads\/2024\/12\/CDD209-600x518.jpg 600w, https:\/\/youertejx.com\/wp-content\/uploads\/2024\/12\/CDD209.jpg 750w\" sizes=\"auto, (max-width: 746px) 100vw, 746px\" \/><\/p>\n<p><img loading=\"lazy\" decoding=\"async\" class=\"alignnone wp-image-1934\" src=\"https:\/\/youertejx.com\/wp-content\/uploads\/2024\/12\/CDD2010-300x280.jpg\" alt=\"\" width=\"745\" height=\"695\" srcset=\"https:\/\/youertejx.com\/wp-content\/uploads\/2024\/12\/CDD2010-300x280.jpg 300w, https:\/\/youertejx.com\/wp-content\/uploads\/2024\/12\/CDD2010-13x12.jpg 13w, https:\/\/youertejx.com\/wp-content\/uploads\/2024\/12\/CDD2010-600x561.jpg 600w, https:\/\/youertejx.com\/wp-content\/uploads\/2024\/12\/CDD2010.jpg 750w\" sizes=\"auto, (max-width: 745px) 100vw, 745px\" \/><\/p>\n<p><img loading=\"lazy\" decoding=\"async\" class=\"alignnone wp-image-1933\" src=\"https:\/\/youertejx.com\/wp-content\/uploads\/2024\/12\/CDD2011-291x300.jpg\" alt=\"\" width=\"758\" height=\"781\" srcset=\"https:\/\/youertejx.com\/wp-content\/uploads\/2024\/12\/CDD2011-291x300.jpg 291w, https:\/\/youertejx.com\/wp-content\/uploads\/2024\/12\/CDD2011-12x12.jpg 12w, https:\/\/youertejx.com\/wp-content\/uploads\/2024\/12\/CDD2011-600x618.jpg 600w, https:\/\/youertejx.com\/wp-content\/uploads\/2024\/12\/CDD2011.jpg 750w\" sizes=\"auto, (max-width: 758px) 100vw, 758px\" \/><\/p>\n<p><img loading=\"lazy\" decoding=\"async\" class=\"alignnone wp-image-1932\" src=\"https:\/\/youertejx.com\/wp-content\/uploads\/2024\/12\/CDD2012-300x149.jpg\" alt=\"\" width=\"761\" height=\"378\" srcset=\"https:\/\/youertejx.com\/wp-content\/uploads\/2024\/12\/CDD2012-300x149.jpg 300w, https:\/\/youertejx.com\/wp-content\/uploads\/2024\/12\/CDD2012-18x9.jpg 18w, https:\/\/youertejx.com\/wp-content\/uploads\/2024\/12\/CDD2012-600x298.jpg 600w, https:\/\/youertejx.com\/wp-content\/uploads\/2024\/12\/CDD2012.jpg 750w\" sizes=\"auto, (max-width: 761px) 100vw, 761px\" \/><\/p>\n<p><img loading=\"lazy\" decoding=\"async\" class=\"alignnone wp-image-1931\" src=\"https:\/\/youertejx.com\/wp-content\/uploads\/2024\/12\/CDD2013-255x300.jpg\" alt=\"\" width=\"753\" height=\"886\" srcset=\"https:\/\/youertejx.com\/wp-content\/uploads\/2024\/12\/CDD2013-255x300.jpg 255w, https:\/\/youertejx.com\/wp-content\/uploads\/2024\/12\/CDD2013-10x12.jpg 10w, https:\/\/youertejx.com\/wp-content\/uploads\/2024\/12\/CDD2013-600x705.jpg 600w, https:\/\/youertejx.com\/wp-content\/uploads\/2024\/12\/CDD2013.jpg 750w\" sizes=\"auto, (max-width: 753px) 100vw, 753px\" \/><\/p>\n<table style=\"border-collapse: collapse; width: 600.02pt;\" border=\"0\" width=\"800\" cellspacing=\"0\" cellpadding=\"0\">\n<tbody>\n<tr style=\"height: 13.50pt;\">\n<td class=\"et2\" style=\"height: 13.50pt; width: 200.25pt;\" width=\"267\" height=\"18\">Modelos principales<\/td>\n<td class=\"et3\" style=\"width: 145.50pt;\" width=\"194\">U-CDD15<\/td>\n<td class=\"et3\" style=\"width: 150.75pt;\" width=\"201\">U-CDD20<\/td>\n<td class=\"et4\" style=\"width: 103.50pt;\" rowspan=\"3\" width=\"138\">Personalizaci\u00f3n de soporte<\/td>\n<\/tr>\n<tr style=\"height: 13.50pt;\">\n<td class=\"et2\" style=\"height: 13.50pt;\" height=\"18\">Capacidad de carga nominal<\/td>\n<td class=\"et3\">1500 kg<\/td>\n<td class=\"et3\">2000 kilos<\/td>\n<\/tr>\n<tr style=\"height: 13.50pt;\">\n<td class=\"et2\" style=\"height: 13.50pt;\" height=\"18\">Altura de elevaci\u00f3n<\/td>\n<td class=\"et3\">3000MM\u20136000MM<\/td>\n<td class=\"et3\">3000MM\u20136000MM<\/td>\n<\/tr>\n<\/tbody>\n<\/table>\n<p><b class=\"magic-42\"><span style=\"color: #000000;\">Si le gustan nuestros productos, haga clic aqu\u00ed para iniciar una consulta y contactarnos y contarnos sus necesidades.<\/span><\/b><\/p>\n<p><b class=\"magic-42\"><span style=\"color: #000000;\">Le atenderemos online las 24 horas del d\u00eda.<\/span><\/b><\/p>\n<p><img loading=\"lazy\" decoding=\"async\" class=\"alignnone wp-image-1930\" src=\"https:\/\/youertejx.com\/wp-content\/uploads\/2024\/12\/CDD2014-300x99.jpg\" alt=\"\" width=\"752\" height=\"248\" srcset=\"https:\/\/youertejx.com\/wp-content\/uploads\/2024\/12\/CDD2014-300x99.jpg 300w, https:\/\/youertejx.com\/wp-content\/uploads\/2024\/12\/CDD2014-18x6.jpg 18w, https:\/\/youertejx.com\/wp-content\/uploads\/2024\/12\/CDD2014-600x198.jpg 600w, https:\/\/youertejx.com\/wp-content\/uploads\/2024\/12\/CDD2014.jpg 750w\" sizes=\"auto, (max-width: 752px) 100vw, 752px\" \/><\/p>\n<p>Contamos con personal profesional que puede hacer un uso razonable del espacio de su contenedor,<br \/>\nReduzca sus costos de transporte y garantice la entrega segura de productos sin da\u00f1os.<br \/>\nCada uno de nuestros productos est\u00e1 equipado con seguro, no dude en contactarnos.<\/p>\n<p><img loading=\"lazy\" decoding=\"async\" class=\"alignnone wp-image-1929\" src=\"https:\/\/youertejx.com\/wp-content\/uploads\/2024\/12\/CDD2015-300x287.jpg\" alt=\"\" width=\"736\" height=\"704\" srcset=\"https:\/\/youertejx.com\/wp-content\/uploads\/2024\/12\/CDD2015-300x287.jpg 300w, https:\/\/youertejx.com\/wp-content\/uploads\/2024\/12\/CDD2015-13x12.jpg 13w, https:\/\/youertejx.com\/wp-content\/uploads\/2024\/12\/CDD2015-600x574.jpg 600w, https:\/\/youertejx.com\/wp-content\/uploads\/2024\/12\/CDD2015.jpg 750w\" sizes=\"auto, (max-width: 736px) 100vw, 736px\" \/><\/p>\n<p><img loading=\"lazy\" decoding=\"async\" class=\"alignnone wp-image-1928\" src=\"https:\/\/youertejx.com\/wp-content\/uploads\/2024\/12\/CDD2016-300x300.jpg\" alt=\"\" width=\"739\" height=\"739\" srcset=\"https:\/\/youertejx.com\/wp-content\/uploads\/2024\/12\/CDD2016-300x300.jpg 300w, https:\/\/youertejx.com\/wp-content\/uploads\/2024\/12\/CDD2016-150x150.jpg 150w, https:\/\/youertejx.com\/wp-content\/uploads\/2024\/12\/CDD2016-12x12.jpg 12w, https:\/\/youertejx.com\/wp-content\/uploads\/2024\/12\/CDD2016-500x500.jpg 500w, https:\/\/youertejx.com\/wp-content\/uploads\/2024\/12\/CDD2016-600x600.jpg 600w, https:\/\/youertejx.com\/wp-content\/uploads\/2024\/12\/CDD2016-100x100.jpg 100w, https:\/\/youertejx.com\/wp-content\/uploads\/2024\/12\/CDD2016.jpg 750w\" sizes=\"auto, (max-width: 739px) 100vw, 739px\" \/><\/p>\n<p><img loading=\"lazy\" decoding=\"async\" class=\"alignnone wp-image-1847\" src=\"https:\/\/youertejx.com\/wp-content\/uploads\/2024\/12\/BLxqy12-300x239.jpg\" alt=\"\" width=\"668\" height=\"532\" srcset=\"https:\/\/youertejx.com\/wp-content\/uploads\/2024\/12\/BLxqy12-300x239.jpg 300w, https:\/\/youertejx.com\/wp-content\/uploads\/2024\/12\/BLxqy12-15x12.jpg 15w, https:\/\/youertejx.com\/wp-content\/uploads\/2024\/12\/BLxqy12-600x478.jpg 600w, https:\/\/youertejx.com\/wp-content\/uploads\/2024\/12\/BLxqy12.jpg 750w\" sizes=\"auto, (max-width: 668px) 100vw, 668px\" \/><\/p>\n<p><img loading=\"lazy\" decoding=\"async\" class=\"alignnone wp-image-1848\" src=\"https:\/\/youertejx.com\/wp-content\/uploads\/2024\/12\/BLxqy13-300x108.jpg\" alt=\"\" width=\"661\" height=\"238\" srcset=\"https:\/\/youertejx.com\/wp-content\/uploads\/2024\/12\/BLxqy13-300x108.jpg 300w, https:\/\/youertejx.com\/wp-content\/uploads\/2024\/12\/BLxqy13-18x6.jpg 18w, https:\/\/youertejx.com\/wp-content\/uploads\/2024\/12\/BLxqy13-600x215.jpg 600w, https:\/\/youertejx.com\/wp-content\/uploads\/2024\/12\/BLxqy13.jpg 750w\" sizes=\"auto, (max-width: 661px) 100vw, 661px\" \/><\/p>","protected":false},"excerpt":{"rendered":"<p>Fast delivery Pallet stacker Electric Forklift pallet lifter 500kg 1000kg 1500kg 2000kg semi electric stacker price. What benefits can our forklifts bring you? 1. Our products can meet your needs in any model, tonnage, and color, allowing you to better complete your work. 2. The electric forklift products we can sell in the United States [&hellip;]<\/p>\n","protected":false},"featured_media":2071,"template":"","meta":{"_gspb_post_css":""},"product_brand":[],"product_cat":[43,40],"product_tag":[],"class_list":{"0":"post-2070","1":"product","2":"type-product","3":"status-publish","4":"has-post-thumbnail","6":"product_cat-cdd-15","7":"product_cat-electric-stacker","9":"first","10":"instock","11":"shipping-taxable","12":"product-type-simple"},"_links":{"self":[{"href":"https:\/\/youertejx.com\/es\/wp-json\/wp\/v2\/product\/2070","targetHints":{"allow":["GET"]}}],"collection":[{"href":"https:\/\/youertejx.com\/es\/wp-json\/wp\/v2\/product"}],"about":[{"href":"https:\/\/youertejx.com\/es\/wp-json\/wp\/v2\/types\/product"}],"wp:featuredmedia":[{"embeddable":true,"href":"https:\/\/youertejx.com\/es\/wp-json\/wp\/v2\/media\/2071"}],"wp:attachment":[{"href":"https:\/\/youertejx.com\/es\/wp-json\/wp\/v2\/media?parent=2070"}],"wp:term":[{"taxonomy":"product_brand","embeddable":true,"href":"https:\/\/youertejx.com\/es\/wp-json\/wp\/v2\/product_brand?post=2070"},{"taxonomy":"product_cat","embeddable":true,"href":"https:\/\/youertejx.com\/es\/wp-json\/wp\/v2\/product_cat?post=2070"},{"taxonomy":"product_tag","embeddable":true,"href":"https:\/\/youertejx.com\/es\/wp-json\/wp\/v2\/product_tag?post=2070"}],"curies":[{"name":"wp","href":"https:\/\/api.w.org\/{rel}","templated":true}]}}