{"id":2106,"date":"2025-01-06T09:02:55","date_gmt":"2025-01-06T09:02:55","guid":{"rendered":"https:\/\/youertejx.com\/?post_type=product&#038;p=2106"},"modified":"2025-03-27T05:36:40","modified_gmt":"2025-03-27T05:36:40","slug":"mini-excavadora-de-15-toneladas-a-un-precio-economico","status":"publish","type":"product","link":"https:\/\/youertejx.com\/es\/product\/ce-cheap-price-1-5-ton-mini-micro-digger\/","title":{"rendered":"Miniexcavadora de 1,5 toneladas"},"content":{"rendered":"<div id=\"features\" class=\"anchor_container\">\n<div class=\"anchor_detail_title\">\n<h2><span style=\"color: #123596;\">Caracter\u00edsticas<\/span><\/h2>\n<\/div>\n<\/div>\n<div class=\"features_item\">\n<ul class=\"info\">\n<li class=\"\"><span class=\"text\">Panel de instrumentos con pantalla est\u00e1ndar, sistema de control de trituraci\u00f3n accionado con el pie.<\/span>\n<div class=\"clear\"><\/div>\n<\/li>\n<li class=\"\"><span class=\"text\">Se puede agregar el giro lateral de la pluma y los brazos oscilantes izquierdo y derecho son de 60 grados cada uno.<\/span>\n<div class=\"clear\"><\/div>\n<\/li>\n<li class=\"\"><span class=\"text\">Se puede equipar con un chasis telesc\u00f3pico, que se utiliza especialmente para espacios peque\u00f1os, y el rango telesc\u00f3pico es de 89 cm a 109 cm.<\/span>\n<div class=\"clear\"><\/div>\n<\/li>\n<li class=\"\"><span class=\"text\">Se puede instalar la cabina, por lo que no hay problemas en el funcionamiento en cualquier clima.<\/span>\n<div class=\"clear\"><\/div>\n<\/li>\n<li class=\"\"><span class=\"text\">Puede equiparse con accionamiento piloto hidr\u00e1ulico.<\/span>\n<div class=\"clear\"><\/div>\n<\/li>\n<li class=\"\"><span class=\"text\">El motor Euro V, el motor EPA (BRIGGS &amp; STRATTON) y el motor Kubota son opcionales.<\/span>\n<div class=\"clear\"><\/div>\n<\/li>\n<li class=\"\"><span class=\"text\">Entorno aplicable: peque\u00f1os proyectos como jardines, patios, granjas, granjas forestales, pastos, f\u00e1bricas, mejoras para el hogar, herramientas, etc.<\/span><\/li>\n<\/ul>\n<p><iframe loading=\"lazy\" title=\"Reproductor de v\u00eddeo de YouTube\" src=\"https:\/\/www.youtube.com\/embed\/pZci56uEp1w?si=7GgScVbaomm-6VHk\" width=\"750\" height=\"421\" frameborder=\"0\" allowfullscreen=\"allowfullscreen\"><\/iframe><\/p>\n<\/div>\n<h3><span style=\"color: #123596;\"><strong>PROCESO DE DAR UN T\u00cdTULO<\/strong><\/span><\/h3>\n<p><img loading=\"lazy\" decoding=\"async\" class=\"alignnone size-full wp-image-2397\" src=\"https:\/\/youertejx.com\/wp-content\/uploads\/2025\/01\/%E5%BE%AE%E4%BF%A1%E5%9B%BE%E7%89%87_20250322153012.jpg.webp\" sizes=\"auto, (max-width: 750px) 100vw, 750px\" srcset=\"https:\/\/youertejx.com\/wp-content\/uploads\/2025\/01\/\u5fae\u4fe1\u56fe\u7247_20250322153012.jpg.webp 750w, https:\/\/youertejx.com\/wp-content\/uploads\/2025\/01\/\u5fae\u4fe1\u56fe\u7247_20250322153012-300x275.jpg.webp 300w, https:\/\/youertejx.com\/wp-content\/uploads\/2025\/01\/\u5fae\u4fe1\u56fe\u7247_20250322153012-13x12.jpg.webp 13w, https:\/\/youertejx.com\/wp-content\/uploads\/2025\/01\/\u5fae\u4fe1\u56fe\u7247_20250322153012-600x550.jpg.webp 600w\" alt=\"\" width=\"750\" height=\"688\" \/><\/p>\n<h3><span style=\"color: #123596;\"><strong>F\u00c1BRICA<\/strong><\/span><\/h3>\n<p><img loading=\"lazy\" decoding=\"async\" class=\"alignnone size-full wp-image-2509\" src=\"https:\/\/youertejx.com\/wp-content\/uploads\/2025\/01\/1-6.jpg\" alt=\"\" width=\"750\" height=\"556\" srcset=\"https:\/\/youertejx.com\/wp-content\/uploads\/2025\/01\/1-6.jpg 750w, https:\/\/youertejx.com\/wp-content\/uploads\/2025\/01\/1-6-300x222.jpg 300w, https:\/\/youertejx.com\/wp-content\/uploads\/2025\/01\/1-6-16x12.jpg 16w, https:\/\/youertejx.com\/wp-content\/uploads\/2025\/01\/1-6-600x445.jpg 600w\" sizes=\"auto, (max-width: 750px) 100vw, 750px\" \/><\/p>\n<p><img loading=\"lazy\" decoding=\"async\" class=\"alignnone size-full wp-image-2401\" src=\"https:\/\/youertejx.com\/wp-content\/uploads\/2025\/01\/%E5%BE%AE%E4%BF%A1%E5%9B%BE%E7%89%87_20250322144247-1.jpg.webp\" sizes=\"auto, (max-width: 750px) 100vw, 750px\" srcset=\"https:\/\/youertejx.com\/wp-content\/uploads\/2025\/01\/\u5fae\u4fe1\u56fe\u7247_20250322144247-1.jpg.webp 750w, https:\/\/youertejx.com\/wp-content\/uploads\/2025\/01\/\u5fae\u4fe1\u56fe\u7247_20250322144247-1-300x239.jpg.webp 300w, https:\/\/youertejx.com\/wp-content\/uploads\/2025\/01\/\u5fae\u4fe1\u56fe\u7247_20250322144247-1-15x12.jpg.webp 15w, https:\/\/youertejx.com\/wp-content\/uploads\/2025\/01\/\u5fae\u4fe1\u56fe\u7247_20250322144247-1-600x478.jpg.webp 600w\" alt=\"\" width=\"750\" height=\"597\" \/><\/p>\n<h3><span style=\"color: #123596;\"><strong>NUESTROS SERVICIOS<\/strong><\/span><\/h3>\n<ul>\n<li>Ofrecemos una estricta garant\u00eda posventa. Si las piezas se da\u00f1an durante el transporte, las proporcionamos sin costo. Asimismo, ofrecemos servicio posventa para nuestros productos en un plazo de un a\u00f1o.<\/li>\n<li>Antes de salir de f\u00e1brica, podemos brindar un servicio de video para garantizar la calidad del producto.<\/li>\n<li>Admite colores personalizados y marcas comerciales de productos, y se pueden desarrollar diferentes productos seg\u00fan los diferentes clientes.<\/li>\n<li>Nuestros productos de miniexcavadoras han pasado la certificaci\u00f3n CE y cumplen con los est\u00e1ndares europeos y americanos.<\/li>\n<li>Se agregan de forma gratuita manguitos de horquilla y cajas de herramientas, y la estaci\u00f3n de carga puede elegir el enchufe.<\/li>\n<\/ul>","protected":false},"excerpt":{"rendered":"<p>Features Standard display instrument panel, foot-operated crushing control system. The side swing of the boom can be added, and the left and right swing arms are 60 degrees each. It can be equipped with telescopic chassis, which is specially used for small spaces, and the telescopic range is 89cm-109cm. The cab can be installed, so [&hellip;]<\/p>\n","protected":false},"featured_media":2460,"template":"","meta":{"_gspb_post_css":""},"product_brand":[],"product_cat":[17,24],"product_tag":[],"class_list":{"0":"post-2106","1":"product","2":"type-product","3":"status-publish","4":"has-post-thumbnail","6":"product_cat-mini-excavator","7":"product_cat-u-15","9":"first","10":"instock","11":"shipping-taxable","12":"product-type-simple"},"_links":{"self":[{"href":"https:\/\/youertejx.com\/es\/wp-json\/wp\/v2\/product\/2106","targetHints":{"allow":["GET"]}}],"collection":[{"href":"https:\/\/youertejx.com\/es\/wp-json\/wp\/v2\/product"}],"about":[{"href":"https:\/\/youertejx.com\/es\/wp-json\/wp\/v2\/types\/product"}],"wp:featuredmedia":[{"embeddable":true,"href":"https:\/\/youertejx.com\/es\/wp-json\/wp\/v2\/media\/2460"}],"wp:attachment":[{"href":"https:\/\/youertejx.com\/es\/wp-json\/wp\/v2\/media?parent=2106"}],"wp:term":[{"taxonomy":"product_brand","embeddable":true,"href":"https:\/\/youertejx.com\/es\/wp-json\/wp\/v2\/product_brand?post=2106"},{"taxonomy":"product_cat","embeddable":true,"href":"https:\/\/youertejx.com\/es\/wp-json\/wp\/v2\/product_cat?post=2106"},{"taxonomy":"product_tag","embeddable":true,"href":"https:\/\/youertejx.com\/es\/wp-json\/wp\/v2\/product_tag?post=2106"}],"curies":[{"name":"wp","href":"https:\/\/api.w.org\/{rel}","templated":true}]}}