{"id":2121,"date":"2025-01-07T02:41:35","date_gmt":"2025-01-07T02:41:35","guid":{"rendered":"https:\/\/youertejx.com\/?post_type=product&#038;p=2121"},"modified":"2025-03-27T03:45:54","modified_gmt":"2025-03-27T03:45:54","slug":"miniexcavadora-u30-china-miniexcavadora","status":"publish","type":"product","link":"https:\/\/youertejx.com\/es\/product\/mini-excavator-u30-chiese-mini-excavator\/","title":{"rendered":"Miniexcavadora de 3 toneladas"},"content":{"rendered":"<div id=\"features\" class=\"anchor_container\">\n<div class=\"anchor_detail_title\">\n<h3><span style=\"color: #123596;\">Caracter\u00edsticas<\/span><\/h3>\n<\/div>\n<\/div>\n<div class=\"features_item\">\n<ul class=\"info\">\n<li class=\"\"><span class=\"text\">Adopta el motor Laidong; est\u00e1 equipado con una cabina y es adecuado para todo tipo de clima.<\/span>\n<div class=\"clear\"><\/div>\n<\/li>\n<li class=\"\"><span class=\"text\">La operaci\u00f3n mec\u00e1nica est\u00e1ndar puede equiparse con operaci\u00f3n piloto hidr\u00e1ulica, componentes hidr\u00e1ulicos importados y de empresas conjuntas, que son livianos y flexibles en su operaci\u00f3n, suaves en acci\u00f3n y pueden garantizar una operaci\u00f3n precisa.<\/span>\n<div class=\"clear\"><\/div>\n<\/li>\n<li class=\"\"><span class=\"text\">El chasis ultraestable, el reductor de recorrido a gran escala con fuerte fuerza motriz y la desviaci\u00f3n de la pluma adjunta se pueden usar para excavaci\u00f3n lateral en \u00e1ngulo, adecuado para una operaci\u00f3n segura en espacios peque\u00f1os.<\/span>\n<div class=\"clear\"><\/div>\n<\/li>\n<li class=\"\"><span class=\"text\">En comparaci\u00f3n con el mismo nivel, se ha alargado el tama\u00f1o (profundidad de excavaci\u00f3n y altura de descarga) y se ha agrandado la plataforma giratoria (optimizando los defectos de los dientes antiguos).<\/span>\n<div class=\"clear\"><\/div>\n<\/li>\n<li class=\"\"><span class=\"text\">Ampliaci\u00f3n de los marcos superior e inferior (la gran distancia entre ejes de la placa inferior aumenta la estabilidad y la disposici\u00f3n de la placa superior es suelta para el mantenimiento).<\/span>\n<div class=\"clear\"><\/div>\n<\/li>\n<li class=\"\"><span class=\"text\">Se agrand\u00f3 la correa de orugas (la superficie de la correa es ancha y antideslizante, los dientes internos est\u00e1n elevados y la correa no se cae f\u00e1cilmente) y se agrand\u00f3 el sistema de marcha (mejorando la fuerza de escalada).<\/span>\n<div class=\"clear\"><\/div>\n<\/li>\n<li class=\"\"><span class=\"text\">La cubierta completa contra sobretensiones (la cubierta de la m\u00e1quina, el cobertizo y el tanque de combustible est\u00e1n galvanizados y son antioxidantes, no se oxidan f\u00e1cilmente en d\u00edas de lluvia y el tanque de combustible est\u00e1 m\u00e1s limpio) es m\u00e1s gruesa, m\u00e1s econ\u00f3mica y aplicable.<\/span>\n<div class=\"clear\"><\/div>\n<\/li>\n<li class=\"\"><span class=\"text\">Tuber\u00edas auxiliares est\u00e1ndar, se pueden configurar varios dispositivos auxiliares.<\/span><\/li>\n<\/ul>\n<p><iframe loading=\"lazy\" title=\"Reproductor de v\u00eddeo de YouTube\" src=\"https:\/\/www.youtube.com\/embed\/zuhz0lMcljY?si=VwPzl5eLGela4Avr\" width=\"750\" height=\"421\" frameborder=\"0\" allowfullscreen=\"allowfullscreen\"><\/iframe>\n<\/div>\n<h3><span style=\"color: #123596;\"><strong>PROCESO DE DAR UN T\u00cdTULO<\/strong><\/span><\/h3>\n<p><img loading=\"lazy\" decoding=\"async\" class=\"alignnone size-full wp-image-2397\" src=\"https:\/\/youertejx.com\/wp-content\/uploads\/2025\/01\/%E5%BE%AE%E4%BF%A1%E5%9B%BE%E7%89%87_20250322153012.jpg.webp\" sizes=\"auto, (max-width: 750px) 100vw, 750px\" srcset=\"https:\/\/youertejx.com\/wp-content\/uploads\/2025\/01\/\u5fae\u4fe1\u56fe\u7247_20250322153012.jpg.webp 750w, https:\/\/youertejx.com\/wp-content\/uploads\/2025\/01\/\u5fae\u4fe1\u56fe\u7247_20250322153012-300x275.jpg.webp 300w, https:\/\/youertejx.com\/wp-content\/uploads\/2025\/01\/\u5fae\u4fe1\u56fe\u7247_20250322153012-13x12.jpg.webp 13w, https:\/\/youertejx.com\/wp-content\/uploads\/2025\/01\/\u5fae\u4fe1\u56fe\u7247_20250322153012-600x550.jpg.webp 600w\" alt=\"\" width=\"750\" height=\"688\" \/><\/p>\n<h3><span style=\"color: #123596;\"><strong>F\u00c1BRICA<\/strong><\/span><\/h3>\n<p><img loading=\"lazy\" decoding=\"async\" class=\"alignnone size-full wp-image-2509\" src=\"https:\/\/youertejx.com\/wp-content\/uploads\/2025\/01\/1-6.jpg\" alt=\"\" width=\"750\" height=\"556\" srcset=\"https:\/\/youertejx.com\/wp-content\/uploads\/2025\/01\/1-6.jpg 750w, https:\/\/youertejx.com\/wp-content\/uploads\/2025\/01\/1-6-300x222.jpg 300w, https:\/\/youertejx.com\/wp-content\/uploads\/2025\/01\/1-6-16x12.jpg 16w, https:\/\/youertejx.com\/wp-content\/uploads\/2025\/01\/1-6-600x445.jpg 600w\" sizes=\"auto, (max-width: 750px) 100vw, 750px\" \/><\/p>\n<p><img loading=\"lazy\" decoding=\"async\" class=\"alignnone size-full wp-image-2401\" src=\"https:\/\/youertejx.com\/wp-content\/uploads\/2025\/01\/%E5%BE%AE%E4%BF%A1%E5%9B%BE%E7%89%87_20250322144247-1.jpg.webp\" sizes=\"auto, (max-width: 750px) 100vw, 750px\" srcset=\"https:\/\/youertejx.com\/wp-content\/uploads\/2025\/01\/\u5fae\u4fe1\u56fe\u7247_20250322144247-1.jpg.webp 750w, https:\/\/youertejx.com\/wp-content\/uploads\/2025\/01\/\u5fae\u4fe1\u56fe\u7247_20250322144247-1-300x239.jpg.webp 300w, https:\/\/youertejx.com\/wp-content\/uploads\/2025\/01\/\u5fae\u4fe1\u56fe\u7247_20250322144247-1-15x12.jpg.webp 15w, https:\/\/youertejx.com\/wp-content\/uploads\/2025\/01\/\u5fae\u4fe1\u56fe\u7247_20250322144247-1-600x478.jpg.webp 600w\" alt=\"\" width=\"750\" height=\"597\" \/><\/p>\n<h3><span style=\"color: #123596;\"><strong>NUESTROS SERVICIOS<\/strong><\/span><\/h3>\n<ul>\n<li>Ofrecemos una estricta garant\u00eda posventa. Si las piezas se da\u00f1an durante el transporte, las proporcionamos sin costo. Asimismo, ofrecemos servicio posventa para nuestros productos en un plazo de un a\u00f1o.<\/li>\n<li>Antes de salir de f\u00e1brica, podemos brindar un servicio de video para garantizar la calidad del producto.<\/li>\n<li>Admite colores personalizados y marcas comerciales de productos, y se pueden desarrollar diferentes productos seg\u00fan los diferentes clientes.<\/li>\n<li>Nuestros productos de miniexcavadoras han pasado la certificaci\u00f3n CE y cumplen con los est\u00e1ndares europeos y americanos.<\/li>\n<li>Se agregan de forma gratuita manguitos de horquilla y cajas de herramientas, y la estaci\u00f3n de carga puede elegir el enchufe.<\/li>\n<\/ul>","protected":false},"excerpt":{"rendered":"<p>Features It adopts Laidong engine; it is equipped with a cab and is suitable for all kinds of weather. The standard mechanical operation can be equipped with hydraulic pilot operation, imported and joint venture hydraulic components, which are light and flexible in operation, soft in action, and can ensure precise operation. Ultra-stable chassis, large-scale travel [&hellip;]<\/p>\n","protected":false},"featured_media":2482,"template":"","meta":{"_gspb_post_css":""},"product_brand":[],"product_cat":[17,26],"product_tag":[],"class_list":{"0":"post-2121","1":"product","2":"type-product","3":"status-publish","4":"has-post-thumbnail","6":"product_cat-mini-excavator","7":"product_cat-u-30","9":"first","10":"instock","11":"shipping-taxable","12":"product-type-simple"},"_links":{"self":[{"href":"https:\/\/youertejx.com\/es\/wp-json\/wp\/v2\/product\/2121","targetHints":{"allow":["GET"]}}],"collection":[{"href":"https:\/\/youertejx.com\/es\/wp-json\/wp\/v2\/product"}],"about":[{"href":"https:\/\/youertejx.com\/es\/wp-json\/wp\/v2\/types\/product"}],"wp:featuredmedia":[{"embeddable":true,"href":"https:\/\/youertejx.com\/es\/wp-json\/wp\/v2\/media\/2482"}],"wp:attachment":[{"href":"https:\/\/youertejx.com\/es\/wp-json\/wp\/v2\/media?parent=2121"}],"wp:term":[{"taxonomy":"product_brand","embeddable":true,"href":"https:\/\/youertejx.com\/es\/wp-json\/wp\/v2\/product_brand?post=2121"},{"taxonomy":"product_cat","embeddable":true,"href":"https:\/\/youertejx.com\/es\/wp-json\/wp\/v2\/product_cat?post=2121"},{"taxonomy":"product_tag","embeddable":true,"href":"https:\/\/youertejx.com\/es\/wp-json\/wp\/v2\/product_tag?post=2121"}],"curies":[{"name":"wp","href":"https:\/\/api.w.org\/{rel}","templated":true}]}}