{"id":2198,"date":"2025-01-23T07:13:09","date_gmt":"2025-01-23T07:13:09","guid":{"rendered":"https:\/\/youertejx.com\/?post_type=product&#038;p=2198"},"modified":"2026-04-04T01:44:54","modified_gmt":"2026-04-04T01:44:54","slug":"miniexcavadora-china-de-2-toneladas-en-venta","status":"publish","type":"product","link":"https:\/\/youertejx.com\/es\/product\/chinese-mini-excavator-for-sale-2ton\/","title":{"rendered":"Miniexcavadora de 2 toneladas"},"content":{"rendered":"<h2><span style=\"color: #123596;\">Caracter\u00edsticas<\/span><\/h2>\n<ul>\n<li>El motor Kubota se ha convertido en una opci\u00f3n de potencia ideal para excavadoras peque\u00f1as y medianas gracias a su alta eficiencia y ahorro de combustible, potencia de salida fuerte y confiable, buena durabilidad y capacidad de adaptarse a condiciones de trabajo complejas.<\/li>\n<li>Cuando el sistema detecta una situaci\u00f3n anormal (como sobrecarga, sobrecalentamiento, baja presi\u00f3n de aceite, etc.), la pantalla grande emitir\u00e1 una alarma instant\u00e1nea y el operador puede tomar medidas inmediatas para evitar da\u00f1os al equipo.<\/li>\n<li>La gran pantalla inteligente puede mostrar los diversos par\u00e1metros operativos de la excavadora en tiempo real, como el estado del motor, la presi\u00f3n del aceite, el estado del sistema hidr\u00e1ulico, el consumo de combustible y la temperatura, etc., lo que ayuda al operador a controlar el estado de funcionamiento del equipo en cualquier momento.<\/li>\n<\/ul>\n<p><iframe loading=\"lazy\" title=\"Reproductor de v\u00eddeo de YouTube\" src=\"https:\/\/www.youtube.com\/embed\/KmzomC7ZoSg?si=FLz5V7cIPjSuS9qx\" width=\"750\" height=\"421\" frameborder=\"0\" allowfullscreen=\"allowfullscreen\"><\/iframe><\/p>\n<h3><span style=\"color: #123596;\"><strong>PROCESO DE DAR UN T\u00cdTULO<\/strong><\/span><\/h3>\n<p><img loading=\"lazy\" decoding=\"async\" class=\"alignnone size-full wp-image-2397\" src=\"https:\/\/youertejx.com\/wp-content\/uploads\/2025\/01\/%E5%BE%AE%E4%BF%A1%E5%9B%BE%E7%89%87_20250322153012.jpg.webp\" sizes=\"auto, (max-width: 750px) 100vw, 750px\" srcset=\"https:\/\/youertejx.com\/wp-content\/uploads\/2025\/01\/\u5fae\u4fe1\u56fe\u7247_20250322153012.jpg.webp 750w, https:\/\/youertejx.com\/wp-content\/uploads\/2025\/01\/\u5fae\u4fe1\u56fe\u7247_20250322153012-300x275.jpg.webp 300w, https:\/\/youertejx.com\/wp-content\/uploads\/2025\/01\/\u5fae\u4fe1\u56fe\u7247_20250322153012-13x12.jpg.webp 13w, https:\/\/youertejx.com\/wp-content\/uploads\/2025\/01\/\u5fae\u4fe1\u56fe\u7247_20250322153012-600x550.jpg.webp 600w\" alt=\"\" width=\"750\" height=\"688\" \/><\/p>\n<h3><span style=\"color: #123596;\"><strong>F\u00c1BRICA<\/strong><\/span><\/h3>\n<p><img loading=\"lazy\" decoding=\"async\" class=\"alignnone size-full wp-image-2493\" src=\"https:\/\/youertejx.com\/wp-content\/uploads\/2025\/03\/1-1.jpg\" alt=\"\" width=\"750\" height=\"556\" srcset=\"https:\/\/youertejx.com\/wp-content\/uploads\/2025\/03\/1-1.jpg 750w, https:\/\/youertejx.com\/wp-content\/uploads\/2025\/03\/1-1-300x222.jpg 300w, https:\/\/youertejx.com\/wp-content\/uploads\/2025\/03\/1-1-16x12.jpg 16w, https:\/\/youertejx.com\/wp-content\/uploads\/2025\/03\/1-1-600x445.jpg 600w\" sizes=\"auto, (max-width: 750px) 100vw, 750px\" \/><\/p>\n<p><img loading=\"lazy\" decoding=\"async\" class=\"alignnone size-full wp-image-2401\" src=\"https:\/\/youertejx.com\/wp-content\/uploads\/2025\/01\/%E5%BE%AE%E4%BF%A1%E5%9B%BE%E7%89%87_20250322144247-1.jpg.webp\" sizes=\"auto, (max-width: 750px) 100vw, 750px\" srcset=\"https:\/\/youertejx.com\/wp-content\/uploads\/2025\/01\/\u5fae\u4fe1\u56fe\u7247_20250322144247-1.jpg.webp 750w, https:\/\/youertejx.com\/wp-content\/uploads\/2025\/01\/\u5fae\u4fe1\u56fe\u7247_20250322144247-1-300x239.jpg.webp 300w, https:\/\/youertejx.com\/wp-content\/uploads\/2025\/01\/\u5fae\u4fe1\u56fe\u7247_20250322144247-1-15x12.jpg.webp 15w, https:\/\/youertejx.com\/wp-content\/uploads\/2025\/01\/\u5fae\u4fe1\u56fe\u7247_20250322144247-1-600x478.jpg.webp 600w\" alt=\"\" width=\"750\" height=\"597\" \/><\/p>\n<h3><span style=\"color: #123596;\"><strong>NUESTROS SERVICIOS<\/strong><\/span><\/h3>\n<ul>\n<li>Ofrecemos una estricta garant\u00eda posventa. Si las piezas se da\u00f1an durante el transporte, las proporcionamos sin costo. Asimismo, ofrecemos servicio posventa para nuestros productos en un plazo de un a\u00f1o.<\/li>\n<li>Antes de salir de f\u00e1brica, podemos brindar un servicio de video para garantizar la calidad del producto.<\/li>\n<li>Admite colores personalizados y marcas comerciales de productos, y se pueden desarrollar diferentes productos seg\u00fan los diferentes clientes.<\/li>\n<li>Nuestros productos de miniexcavadoras han pasado la certificaci\u00f3n CE y cumplen con los est\u00e1ndares europeos y americanos.<\/li>\n<li>Se agregan de forma gratuita manguitos de horquilla y cajas de herramientas, y la estaci\u00f3n de carga puede elegir el enchufe.<\/li>\n<\/ul>","protected":false},"excerpt":{"rendered":"<p>Features Kubota engine has become an ideal power choice for small and medium-sized excavators with its high efficiency and energy-saving fuel economy, strong and reliable power output, good durability and ability to adapt to complex working conditions. When the system detects an abnormal situation (such as overload, overheating, low oil pressure, etc.), the large screen [&hellip;]<\/p>\n","protected":false},"featured_media":2473,"template":"","meta":{"_gspb_post_css":""},"product_brand":[],"product_cat":[17,19],"product_tag":[],"class_list":{"0":"post-2198","1":"product","2":"type-product","3":"status-publish","4":"has-post-thumbnail","6":"product_cat-mini-excavator","7":"product_cat-u-20","9":"first","10":"instock","11":"shipping-taxable","12":"product-type-simple"},"_links":{"self":[{"href":"https:\/\/youertejx.com\/es\/wp-json\/wp\/v2\/product\/2198","targetHints":{"allow":["GET"]}}],"collection":[{"href":"https:\/\/youertejx.com\/es\/wp-json\/wp\/v2\/product"}],"about":[{"href":"https:\/\/youertejx.com\/es\/wp-json\/wp\/v2\/types\/product"}],"wp:featuredmedia":[{"embeddable":true,"href":"https:\/\/youertejx.com\/es\/wp-json\/wp\/v2\/media\/2473"}],"wp:attachment":[{"href":"https:\/\/youertejx.com\/es\/wp-json\/wp\/v2\/media?parent=2198"}],"wp:term":[{"taxonomy":"product_brand","embeddable":true,"href":"https:\/\/youertejx.com\/es\/wp-json\/wp\/v2\/product_brand?post=2198"},{"taxonomy":"product_cat","embeddable":true,"href":"https:\/\/youertejx.com\/es\/wp-json\/wp\/v2\/product_cat?post=2198"},{"taxonomy":"product_tag","embeddable":true,"href":"https:\/\/youertejx.com\/es\/wp-json\/wp\/v2\/product_tag?post=2198"}],"curies":[{"name":"wp","href":"https:\/\/api.w.org\/{rel}","templated":true}]}}