{"id":2305,"date":"2025-03-14T06:08:12","date_gmt":"2025-03-14T06:08:12","guid":{"rendered":"https:\/\/youertejx.com\/?post_type=product&#038;p=2305"},"modified":"2025-05-24T07:29:19","modified_gmt":"2025-05-24T07:29:19","slug":"carretilla-elevadora-electrica-de-2-toneladas","status":"publish","type":"product","link":"https:\/\/youertejx.com\/es\/product\/2-ton-electric-forklift\/","title":{"rendered":"Carretilla elevadora el\u00e9ctrica de 2 toneladas"},"content":{"rendered":"<h3><span style=\"color: #123596;\"><strong>\u00bfQU\u00c9 PUEDEN HACER NUESTROS PRODUCTOS POR USTED?<\/strong><\/span><\/h3>\n<p>La carretilla elevadora el\u00e9ctrica de 2 toneladas es ideal para la mayor\u00eda de las situaciones de manejo. Cuenta con un motor de alto rendimiento, una carrocer\u00eda compacta, un radio de giro m\u00ednimo de aproximadamente 2 metros, direcci\u00f3n asistida el\u00e9ctrica de f\u00e1cil manejo, velocidades de elevaci\u00f3n y desplazamiento razonables y un funcionamiento eficiente. Adem\u00e1s, cuenta con frenos sensibles y un control de se\u00f1al el\u00e9ctrica de respuesta r\u00e1pida, lo que garantiza la seguridad.<\/p>\n<ul>\n<li>La capacidad de elevaci\u00f3n nominal es de 2 toneladas, lo que satisface la mayor\u00eda de las necesidades diarias de manipulaci\u00f3n de carga y es aplicable a una amplia gama de escenarios.<\/li>\n<li>El motor de 4kW es potente y puede funcionar de manera eficiente en diversas condiciones de trabajo.<\/li>\n<li>La inclinaci\u00f3n del m\u00e1stil de 25\u00b0 mejora la flexibilidad operativa y facilita la carga, descarga y apilado de carga.<\/li>\n<li>La altura m\u00e1xima de elevaci\u00f3n es de 3000 mm, lo que puede satisfacer el manejo de carga de estantes m\u00e1s altos y ampliar la utilizaci\u00f3n del espacio de almacenamiento.<\/li>\n<li>Equipado con ruedas delanteras de especificaci\u00f3n 650-10, combinadas con una distancia entre ejes adecuada, conducci\u00f3n estable, radio de giro m\u00ednimo peque\u00f1o y puede adaptarse a operaciones en espacios estrechos.<\/li>\n<\/ul>\n<p><iframe loading=\"lazy\" title=\"Reproductor de v\u00eddeo de YouTube\" src=\"https:\/\/www.youtube.com\/embed\/Q4ccgMaeQVA?si=ADtrqylgWHJny_zX\" width=\"750\" height=\"421\" frameborder=\"0\" allowfullscreen=\"allowfullscreen\"><\/iframe><\/p>\n<h3><span style=\"color: #123596;\"><strong>PROCESO DE DAR UN T\u00cdTULO<\/strong><\/span><\/h3>\n<p><img loading=\"lazy\" decoding=\"async\" class=\"alignnone  wp-image-2397\" src=\"https:\/\/youertejx.com\/wp-content\/uploads\/2025\/01\/\u5fae\u4fe1\u56fe\u7247_20250322153012.jpg\" alt=\"\" width=\"750\" height=\"688\" srcset=\"https:\/\/youertejx.com\/wp-content\/uploads\/2025\/01\/\u5fae\u4fe1\u56fe\u7247_20250322153012.jpg 750w, https:\/\/youertejx.com\/wp-content\/uploads\/2025\/01\/\u5fae\u4fe1\u56fe\u7247_20250322153012-300x275.jpg 300w, https:\/\/youertejx.com\/wp-content\/uploads\/2025\/01\/\u5fae\u4fe1\u56fe\u7247_20250322153012-13x12.jpg 13w, https:\/\/youertejx.com\/wp-content\/uploads\/2025\/01\/\u5fae\u4fe1\u56fe\u7247_20250322153012-600x550.jpg 600w\" sizes=\"auto, (max-width: 750px) 100vw, 750px\" \/><\/p>\n<h3><span style=\"color: #123596;\"><strong>F\u00c1BRICA<\/strong><\/span><\/h3>\n<p><img loading=\"lazy\" decoding=\"async\" class=\"alignnone size-full wp-image-2400\" src=\"https:\/\/youertejx.com\/wp-content\/uploads\/2025\/03\/\u5fae\u4fe1\u56fe\u7247_20250322155120.jpg\" alt=\"\" width=\"750\" height=\"556\" srcset=\"https:\/\/youertejx.com\/wp-content\/uploads\/2025\/03\/\u5fae\u4fe1\u56fe\u7247_20250322155120.jpg 750w, https:\/\/youertejx.com\/wp-content\/uploads\/2025\/03\/\u5fae\u4fe1\u56fe\u7247_20250322155120-300x222.jpg 300w, https:\/\/youertejx.com\/wp-content\/uploads\/2025\/03\/\u5fae\u4fe1\u56fe\u7247_20250322155120-16x12.jpg 16w, https:\/\/youertejx.com\/wp-content\/uploads\/2025\/03\/\u5fae\u4fe1\u56fe\u7247_20250322155120-600x445.jpg 600w\" sizes=\"auto, (max-width: 750px) 100vw, 750px\" \/><\/p>\n<p><img loading=\"lazy\" decoding=\"async\" class=\"alignnone size-full wp-image-2401\" src=\"https:\/\/youertejx.com\/wp-content\/uploads\/2025\/01\/\u5fae\u4fe1\u56fe\u7247_20250322144247-1.jpg\" alt=\"\" width=\"750\" height=\"597\" srcset=\"https:\/\/youertejx.com\/wp-content\/uploads\/2025\/01\/\u5fae\u4fe1\u56fe\u7247_20250322144247-1.jpg 750w, https:\/\/youertejx.com\/wp-content\/uploads\/2025\/01\/\u5fae\u4fe1\u56fe\u7247_20250322144247-1-300x239.jpg 300w, https:\/\/youertejx.com\/wp-content\/uploads\/2025\/01\/\u5fae\u4fe1\u56fe\u7247_20250322144247-1-15x12.jpg 15w, https:\/\/youertejx.com\/wp-content\/uploads\/2025\/01\/\u5fae\u4fe1\u56fe\u7247_20250322144247-1-600x478.jpg 600w\" sizes=\"auto, (max-width: 750px) 100vw, 750px\" \/><\/p>\n<h3><span style=\"color: #123596;\"><strong>NUESTROS SERVICIOS<\/strong><\/span><\/h3>\n<ul>\n<li>Ofrecemos una estricta garant\u00eda posventa. Si las piezas se da\u00f1an durante el transporte, las proporcionamos sin costo. Asimismo, ofrecemos servicio posventa para nuestros productos en un plazo de un a\u00f1o.<\/li>\n<li>Antes de salir de f\u00e1brica, podemos brindar un servicio de video para garantizar la calidad del producto.<\/li>\n<li>Admite colores personalizados y marcas comerciales de productos, y se pueden desarrollar diferentes productos seg\u00fan los diferentes clientes.<\/li>\n<li>Nuestros productos de carretillas elevadoras el\u00e9ctricas han pasado la certificaci\u00f3n CE y cumplen con los est\u00e1ndares europeos y americanos.<\/li>\n<li>Se agregan de forma gratuita manguitos de horquilla y cajas de herramientas, y la estaci\u00f3n de carga puede elegir el enchufe.<\/li>\n<\/ul>","protected":false},"excerpt":{"rendered":"<ul>\n<li>La capacidad de elevaci\u00f3n nominal es de 2 toneladas, lo que satisface la mayor\u00eda de las necesidades diarias de manipulaci\u00f3n de carga y es aplicable a una amplia gama de escenarios.<\/li>\n<li>El motor de 4kW es potente y puede funcionar de manera eficiente en diversas condiciones de trabajo.<\/li>\n<li>La inclinaci\u00f3n del m\u00e1stil de 25\u00b0 mejora la flexibilidad operativa y facilita la carga, descarga y apilado de carga.<\/li>\n<li>La altura m\u00e1xima de elevaci\u00f3n es de 3000 mm, lo que puede satisfacer el manejo de carga de estantes m\u00e1s altos y ampliar la utilizaci\u00f3n del espacio de almacenamiento.<\/li>\n<li>Equipado con ruedas delanteras de especificaci\u00f3n 650-10, combinadas con una distancia entre ejes adecuada, conducci\u00f3n estable, radio de giro m\u00ednimo peque\u00f1o y puede adaptarse a operaciones en espacios estrechos.<\/li>\n<\/ul>","protected":false},"featured_media":2402,"template":"","meta":{"_gspb_post_css":""},"product_brand":[],"product_cat":[35,32],"product_tag":[],"class_list":{"0":"post-2305","1":"product","2":"type-product","3":"status-publish","4":"has-post-thumbnail","6":"product_cat-cpd-20","7":"product_cat-electric-forklift","9":"first","10":"instock","11":"shipping-taxable","12":"product-type-simple"},"_links":{"self":[{"href":"https:\/\/youertejx.com\/es\/wp-json\/wp\/v2\/product\/2305","targetHints":{"allow":["GET"]}}],"collection":[{"href":"https:\/\/youertejx.com\/es\/wp-json\/wp\/v2\/product"}],"about":[{"href":"https:\/\/youertejx.com\/es\/wp-json\/wp\/v2\/types\/product"}],"wp:featuredmedia":[{"embeddable":true,"href":"https:\/\/youertejx.com\/es\/wp-json\/wp\/v2\/media\/2402"}],"wp:attachment":[{"href":"https:\/\/youertejx.com\/es\/wp-json\/wp\/v2\/media?parent=2305"}],"wp:term":[{"taxonomy":"product_brand","embeddable":true,"href":"https:\/\/youertejx.com\/es\/wp-json\/wp\/v2\/product_brand?post=2305"},{"taxonomy":"product_cat","embeddable":true,"href":"https:\/\/youertejx.com\/es\/wp-json\/wp\/v2\/product_cat?post=2305"},{"taxonomy":"product_tag","embeddable":true,"href":"https:\/\/youertejx.com\/es\/wp-json\/wp\/v2\/product_tag?post=2305"}],"curies":[{"name":"wp","href":"https:\/\/api.w.org\/{rel}","templated":true}]}}