{"id":2324,"date":"2025-03-14T08:33:58","date_gmt":"2025-03-14T08:33:58","guid":{"rendered":"https:\/\/youertejx.com\/?post_type=product&#038;p=2324"},"modified":"2025-06-09T08:01:48","modified_gmt":"2025-06-09T08:01:48","slug":"excavadora-u60","status":"publish","type":"product","link":"https:\/\/youertejx.com\/es\/product\/u60-excavator\/","title":{"rendered":"Excavadora U60"},"content":{"rendered":"<p>La excavadora peque\u00f1a U60 tiene ventajas en rendimiento, comodidad, econom\u00eda, conveniencia, servicio posventa,<\/p>\n<p>etc., y puede satisfacer las diversas necesidades de los clientes en el mercado internacional.<\/p>\n<p><img loading=\"lazy\" decoding=\"async\" class=\"alignnone wp-image-2325 size-full\" src=\"https:\/\/youertejx.com\/wp-content\/uploads\/2025\/03\/29.jpg\" alt=\"\" width=\"1920\" height=\"650\" srcset=\"https:\/\/youertejx.com\/wp-content\/uploads\/2025\/03\/29.jpg 1920w, https:\/\/youertejx.com\/wp-content\/uploads\/2025\/03\/29-300x102.jpg 300w, https:\/\/youertejx.com\/wp-content\/uploads\/2025\/03\/29-1024x347.jpg 1024w, https:\/\/youertejx.com\/wp-content\/uploads\/2025\/03\/29-768x260.jpg 768w, https:\/\/youertejx.com\/wp-content\/uploads\/2025\/03\/29-1536x520.jpg 1536w, https:\/\/youertejx.com\/wp-content\/uploads\/2025\/03\/29-18x6.jpg 18w, https:\/\/youertejx.com\/wp-content\/uploads\/2025\/03\/29-600x203.jpg 600w\" sizes=\"auto, (max-width: 1920px) 100vw, 1920px\" \/><\/p>\n<p><img loading=\"lazy\" decoding=\"async\" class=\"alignnone wp-image-2326 size-full\" src=\"https:\/\/youertejx.com\/wp-content\/uploads\/2025\/03\/30.jpg\" alt=\"\" width=\"1920\" height=\"1080\" srcset=\"https:\/\/youertejx.com\/wp-content\/uploads\/2025\/03\/30.jpg 1920w, https:\/\/youertejx.com\/wp-content\/uploads\/2025\/03\/30-300x169.jpg 300w, https:\/\/youertejx.com\/wp-content\/uploads\/2025\/03\/30-1024x576.jpg 1024w, https:\/\/youertejx.com\/wp-content\/uploads\/2025\/03\/30-768x432.jpg 768w, https:\/\/youertejx.com\/wp-content\/uploads\/2025\/03\/30-1536x864.jpg 1536w, https:\/\/youertejx.com\/wp-content\/uploads\/2025\/03\/30-18x10.jpg 18w, https:\/\/youertejx.com\/wp-content\/uploads\/2025\/03\/30-600x338.jpg 600w\" sizes=\"auto, (max-width: 1920px) 100vw, 1920px\" \/><\/p>\n<p><img loading=\"lazy\" decoding=\"async\" class=\"alignnone wp-image-1956\" src=\"https:\/\/youertejx.com\/wp-content\/uploads\/2024\/12\/U6011-254x300.jpg\" alt=\"\" width=\"769\" height=\"908\" srcset=\"https:\/\/youertejx.com\/wp-content\/uploads\/2024\/12\/U6011-254x300.jpg 254w, https:\/\/youertejx.com\/wp-content\/uploads\/2024\/12\/U6011-10x12.jpg 10w, https:\/\/youertejx.com\/wp-content\/uploads\/2024\/12\/U6011-600x708.jpg 600w, https:\/\/youertejx.com\/wp-content\/uploads\/2024\/12\/U6011.jpg 750w\" sizes=\"auto, (max-width: 769px) 100vw, 769px\" \/><\/p>\n<p><strong>Motor de bajo consumo energ\u00e9tico<\/strong><br \/>\nEquipado con motor Yanmar, ofrece alta eficiencia y un rendimiento estable. Su eficacia ha sido comprobada en el mercado.<\/p>\n<p>y proporciona un fuerte soporte de potencia para la conducci\u00f3n. El sistema hidr\u00e1ulico controlado electr\u00f3nicamente se adopta para<\/p>\n<p>Reduce el consumo de combustible hasta en 7% y busca una econom\u00eda de combustible eficiente. La bomba y la v\u00e1lvula principales est\u00e1n...<\/p>\n<p>controlado electr\u00f3nicamente para lograr un control preciso de la salida hidr\u00e1ulica, reducir la p\u00e9rdida de consumo de energ\u00eda del sistema,<\/p>\n<p>y mejorar significativamente la eficiencia de combustible de la excavadora.<\/p>\n<p><strong>Sistema de control inteligente<\/strong><br \/>\nLas palancas y pedales de control totalmente electr\u00f3nicos permiten un manejo preciso y c\u00f3modo. Se\u00f1ales de retroalimentaci\u00f3n electr\u00f3nicas.<\/p>\n<p>Mejorar la velocidad de respuesta del sistema, responder r\u00e1pidamente a las necesidades del cliente y mejorar la eficiencia del trabajo.<\/p>\n<p><strong>bomba principal<\/strong><br \/>\nLa bomba de aceite hidr\u00e1ulica y otros sistemas de filtraci\u00f3n de aceite mejoran el rendimiento de filtraci\u00f3n de combustible y mejoran en gran medida<\/p>\n<p>La eficiencia del combustible y la tasa de utilizaci\u00f3n. La estructura es m\u00e1s compacta y el mantenimiento es m\u00e1s sencillo.<\/p>\n<p><img loading=\"lazy\" decoding=\"async\" class=\"alignnone wp-image-1952\" src=\"https:\/\/youertejx.com\/wp-content\/uploads\/2024\/12\/U6015-300x228.jpg\" alt=\"\" width=\"763\" height=\"580\" srcset=\"https:\/\/youertejx.com\/wp-content\/uploads\/2024\/12\/U6015-300x228.jpg 300w, https:\/\/youertejx.com\/wp-content\/uploads\/2024\/12\/U6015-16x12.jpg 16w, https:\/\/youertejx.com\/wp-content\/uploads\/2024\/12\/U6015-600x456.jpg 600w, https:\/\/youertejx.com\/wp-content\/uploads\/2024\/12\/U6015.jpg 750w\" sizes=\"auto, (max-width: 763px) 100vw, 763px\" \/><\/p>\n<p><img loading=\"lazy\" decoding=\"async\" class=\"alignnone wp-image-2315\" src=\"https:\/\/youertejx.com\/wp-content\/uploads\/2025\/03\/\u5361\u72471-1-300x110.jpg\" alt=\"\" width=\"750\" height=\"275\" srcset=\"https:\/\/youertejx.com\/wp-content\/uploads\/2025\/03\/\u5361\u72471-1-300x110.jpg 300w, https:\/\/youertejx.com\/wp-content\/uploads\/2025\/03\/\u5361\u72471-1-1024x376.jpg 1024w, https:\/\/youertejx.com\/wp-content\/uploads\/2025\/03\/\u5361\u72471-1-768x282.jpg 768w, https:\/\/youertejx.com\/wp-content\/uploads\/2025\/03\/\u5361\u72471-1-18x7.jpg 18w, https:\/\/youertejx.com\/wp-content\/uploads\/2025\/03\/\u5361\u72471-1-600x220.jpg 600w, https:\/\/youertejx.com\/wp-content\/uploads\/2025\/03\/\u5361\u72471-1.jpg 1280w\" sizes=\"auto, (max-width: 750px) 100vw, 750px\" \/><\/p>","protected":false},"excerpt":{"rendered":"<p>The U60 small excavator has advantages in performance, comfort, economy, convenience, after-sales service, etc., and can meet the diverse needs of customers in the international market. Energy-efficient engine Equipped with Yanmar engine, it has high efficiency and stable performance. It has been proven by the market and provides strong power support for driving. The electronically [&hellip;]<\/p>\n","protected":false},"featured_media":2337,"template":"","meta":{"_gspb_post_css":""},"product_brand":[],"product_cat":[29,30],"product_tag":[],"class_list":{"0":"post-2324","1":"product","2":"type-product","3":"status-publish","4":"has-post-thumbnail","6":"product_cat-large-excavator","7":"product_cat-u-60","9":"first","10":"instock","11":"shipping-taxable","12":"product-type-simple"},"_links":{"self":[{"href":"https:\/\/youertejx.com\/es\/wp-json\/wp\/v2\/product\/2324","targetHints":{"allow":["GET"]}}],"collection":[{"href":"https:\/\/youertejx.com\/es\/wp-json\/wp\/v2\/product"}],"about":[{"href":"https:\/\/youertejx.com\/es\/wp-json\/wp\/v2\/types\/product"}],"wp:featuredmedia":[{"embeddable":true,"href":"https:\/\/youertejx.com\/es\/wp-json\/wp\/v2\/media\/2337"}],"wp:attachment":[{"href":"https:\/\/youertejx.com\/es\/wp-json\/wp\/v2\/media?parent=2324"}],"wp:term":[{"taxonomy":"product_brand","embeddable":true,"href":"https:\/\/youertejx.com\/es\/wp-json\/wp\/v2\/product_brand?post=2324"},{"taxonomy":"product_cat","embeddable":true,"href":"https:\/\/youertejx.com\/es\/wp-json\/wp\/v2\/product_cat?post=2324"},{"taxonomy":"product_tag","embeddable":true,"href":"https:\/\/youertejx.com\/es\/wp-json\/wp\/v2\/product_tag?post=2324"}],"curies":[{"name":"wp","href":"https:\/\/api.w.org\/{rel}","templated":true}]}}