{"id":927,"date":"2024-11-26T09:05:16","date_gmt":"2024-11-26T09:05:16","guid":{"rendered":"https:\/\/youertejx.com\/?page_id=927"},"modified":"2025-04-09T09:17:43","modified_gmt":"2025-04-09T09:17:43","slug":"politique-dexpedition","status":"publish","type":"page","link":"https:\/\/youertejx.com\/fr\/shipping-policy\/","title":{"rendered":"Politique d&#039;exp\u00e9dition"},"content":{"rendered":"<div class=\"wp-block-greenshift-blocks-row alignfull gspb_row gspb_row-id-gsbp-297dc71\" id=\"gspb_row-id-gsbp-297dc71\"><div class=\"gspb_row__content\"> \n<div class=\"wp-block-greenshift-blocks-row-column gspb_row__col--12 gspb_col-id-gsbp-b81f7c7\" id=\"gspb_col-id-gsbp-b81f7c7\"><\/div>\n <\/div><\/div>\n\n\n\n<div class=\"wp-block-greenshift-blocks-row alignfull gspb_row gspb_row-id-gsbp-64d7c28\" id=\"gspb_row-id-gsbp-64d7c28\"><div class=\"gspb_row__content\"> \n<div class=\"wp-block-greenshift-blocks-row-column gspb_row__col--12 gspb_col-id-gsbp-fdce5e5\" id=\"gspb_col-id-gsbp-fdce5e5\"><div class=\"gspb-breadcrumbsbox gspb_id-gsbp-9c4a572\"><nav class=\"woocommerce-breadcrumb\" aria-label=\"Fil d&#039;Ariane\"><span class=\"gspb_breadcrumbs_value\">Maison<\/span><\/nav><\/div><\/div>\n <\/div><\/div>\n\n\n\n<div class=\"wp-block-greenshift-blocks-row gspb_row gspb_row-id-gsbp-6860184\" id=\"gspb_row-id-gsbp-6860184\"><div class=\"gspb_row__content\"> \n<div class=\"wp-block-greenshift-blocks-row-column gspb_row__col--12 gspb_col-id-gsbp-eaad440\" id=\"gspb_col-id-gsbp-eaad440\">\n<div class=\"wp-block-greenshift-blocks-row gspb_row gspb_row-id-gsbp-0d986b1\" id=\"gspb_row-id-gsbp-0d986b1\"><div class=\"gspb_row__content\"> \n<div class=\"wp-block-greenshift-blocks-row-column gspb_row__col--4 gspb_col-id-gsbp-68c139a\" id=\"gspb_col-id-gsbp-68c139a\">\n<div class=\"wp-block-greenshift-blocks-container gspb_container gspb_container-gsbp-c07622e\" id=\"gspb_container-id-gsbp-c07622e\">\n<h4 id=\"gspb_heading-id-gsbp-a40176e\" class=\"gspb_heading gspb_heading-id-gsbp-a40176e\">Cat\u00e9gories de produits<\/h4>\n<\/div>\n\n\n\n<div class=\"wp-block-greenshift-blocks-container gspb_container gspb_container-gsbp-f73a128\" id=\"gspb_container-id-gsbp-f73a128\">\n<div class=\"wp-block-greenshift-blocks-iconlist gspb_iconsList gspb_iconsList-id-gsbp-ffd1445\" id=\"gspb_iconsList-id-gsbp-ffd1445\"><div class=\"gspb_iconsList__item\" data-id=\"0\"><svg t=\"1732093471990\" style=\"width:5rem;height:5rem;margin:10px\" class=\"icon\" viewbox=\"0 0 1024 1024\" xmlns=\"http:\/\/www.w3.org\/2000\/svg\" pid=\"19528\" width=\"200\" height=\"200\"><path d=\"M562.005333 512l-211.2-211.2 60.330667-60.288L682.666667 512l-271.530667 271.530667-60.330667-60.373334 211.2-211.2z\" fill=\"#000000\" pid=\"19529\"><\/path><\/svg><span class=\"gspb_iconsList__item__text\">Grande excavatrice<\/span><\/div><div class=\"gspb_iconsList__item\" data-id=\"1\"><svg t=\"1732093471990\" style=\"width:5rem;height:5rem;margin:10px\" class=\"icon\" viewbox=\"0 0 1024 1024\" xmlns=\"http:\/\/www.w3.org\/2000\/svg\" pid=\"19528\" width=\"200\" height=\"200\"><path d=\"M562.005333 512l-211.2-211.2 60.330667-60.288L682.666667 512l-271.530667 271.530667-60.330667-60.373334 211.2-211.2z\" fill=\"#000000\" pid=\"19529\"><\/path><\/svg><span class=\"gspb_iconsList__item__text\">chariot \u00e9l\u00e9vateur \u00e9lectrique<\/span><\/div><div class=\"gspb_iconsList__item\" data-id=\"2\"><svg t=\"1732093471990\" style=\"width:5rem;height:5rem;margin:10px\" class=\"icon\" viewbox=\"0 0 1024 1024\" xmlns=\"http:\/\/www.w3.org\/2000\/svg\" pid=\"19528\" width=\"200\" height=\"200\"><path d=\"M562.005333 512l-211.2-211.2 60.330667-60.288L682.666667 512l-271.530667 271.530667-60.330667-60.373334 211.2-211.2z\" fill=\"#000000\" pid=\"19529\"><\/path><\/svg><span class=\"gspb_iconsList__item__text\">Gerbeur \u00e9lectrique<\/span><\/div><div class=\"gspb_iconsList__item\" data-id=\"3\"><svg t=\"1732093471990\" style=\"width:5rem;height:5rem;margin:10px\" class=\"icon\" viewbox=\"0 0 1024 1024\" xmlns=\"http:\/\/www.w3.org\/2000\/svg\" pid=\"19528\" width=\"200\" height=\"200\"><path d=\"M562.005333 512l-211.2-211.2 60.330667-60.288L682.666667 512l-271.530667 271.530667-60.330667-60.373334 211.2-211.2z\" fill=\"#000000\" pid=\"19529\"><\/path><\/svg><span class=\"gspb_iconsList__item__text\">Camion malaxeur \u00e0 b\u00e9ton<\/span><\/div><div class=\"gspb_iconsList__item\" data-id=\"4\"><svg t=\"1732093471990\" style=\"width:5rem;height:5rem;margin:10px\" class=\"icon\" viewbox=\"0 0 1024 1024\" xmlns=\"http:\/\/www.w3.org\/2000\/svg\" pid=\"19528\" width=\"200\" height=\"200\"><path d=\"M562.005333 512l-211.2-211.2 60.330667-60.288L682.666667 512l-271.530667 271.530667-60.330667-60.373334 211.2-211.2z\" fill=\"#000000\" pid=\"19529\"><\/path><\/svg><span class=\"gspb_iconsList__item__text\">Chargeuse-pelleteuse<\/span><\/div><div class=\"gspb_iconsList__item\" data-id=\"5\"><svg t=\"1732093471990\" style=\"width:5rem;height:5rem;margin:10px\" class=\"icon\" viewbox=\"0 0 1024 1024\" xmlns=\"http:\/\/www.w3.org\/2000\/svg\" pid=\"19528\" width=\"200\" height=\"200\"><path d=\"M562.005333 512l-211.2-211.2 60.330667-60.288L682.666667 512l-271.530667 271.530667-60.330667-60.373334 211.2-211.2z\" fill=\"#000000\" pid=\"19529\"><\/path><\/svg><span class=\"gspb_iconsList__item__text\">Mini-pelle<\/span><\/div><div class=\"gspb_iconsList__item\" data-id=\"6\"><svg t=\"1732093471990\" style=\"width:5rem;height:5rem;margin:10px\" class=\"icon\" viewbox=\"0 0 1024 1024\" xmlns=\"http:\/\/www.w3.org\/2000\/svg\" pid=\"19528\" width=\"200\" height=\"200\"><path d=\"M562.005333 512l-211.2-211.2 60.330667-60.288L682.666667 512l-271.530667 271.530667-60.330667-60.373334 211.2-211.2z\" fill=\"#000000\" pid=\"19529\"><\/path><\/svg><span class=\"gspb_iconsList__item__text\">Chargeur<\/span><\/div><div class=\"gspb_iconsList__item\" data-id=\"7\"><svg t=\"1732093471990\" style=\"width:5rem;height:5rem;margin:10px\" class=\"icon\" viewbox=\"0 0 1024 1024\" xmlns=\"http:\/\/www.w3.org\/2000\/svg\" pid=\"19528\" width=\"200\" height=\"200\"><path d=\"M562.005333 512l-211.2-211.2 60.330667-60.288L682.666667 512l-271.530667 271.530667-60.330667-60.373334 211.2-211.2z\" fill=\"#000000\" pid=\"19529\"><\/path><\/svg><span class=\"gspb_iconsList__item__text\">Camions \u00e0 benne basculante<\/span><\/div><\/div>\n<\/div>\n\n\n\n<div class=\"wp-block-greenshift-blocks-container gspb_container gspb_container-gsbp-74b02b5\" id=\"gspb_container-id-gsbp-74b02b5\">\n<h4 id=\"gspb_heading-id-gsbp-1f4d3c9\" class=\"gspb_heading gspb_heading-id-gsbp-1f4d3c9\">CONTACTEZ-NOUS<\/h4>\n<\/div>\n\n\n\n<div class=\"wp-block-greenshift-blocks-container gspb_container gspb_container-gsbp-13542f9\" id=\"gspb_container-id-gsbp-13542f9\">\n<div class=\"wp-block-greenshift-blocks-iconlist gspb_iconsList gspb_iconsList-id-gsbp-91b6d5d\" id=\"gspb_iconsList-id-gsbp-91b6d5d\"><div class=\"gspb_iconsList__item\" data-id=\"0\"><svg t=\"1732094305570\" style=\"width:5rem;height:5rem;margin:10px\" class=\"icon\" viewbox=\"0 0 1024 1024\" xmlns=\"http:\/\/www.w3.org\/2000\/svg\" pid=\"22458\" width=\"200\" height=\"200\"><path d=\"M512 64C265.6 64 64 262.4 64 512s201.6 448 448 448 448-201.6 448-448S758.4 64 512 64z m163.2 598.4c-6.4 12.8-16 22.4-35.2 32 0 0-12.8 6.4-16 9.6-44.8 25.6-140.8-32-214.4-131.2-70.4-99.2-89.6-204.8-44.8-230.4l6.4-3.2 6.4-3.2c22.4-12.8 35.2-19.2 54.4-16s32 16 44.8 35.2c25.6 44.8 19.2 67.2-12.8 86.4-3.2 0-9.6 6.4-12.8 6.4-6.4 3.2 6.4 35.2 38.4 80s57.6 70.4 67.2 64c0 0 9.6-6.4 12.8-6.4 3.2-3.2 9.6-3.2 12.8-6.4 25.6-12.8 48-3.2 80 32 16 16 22.4 35.2 12.8 51.2z\" fill=\"#111111\" pid=\"22459\"><\/path><\/svg><span class=\"gspb_iconsList__item__text\">+86 150 6973 9175<\/span><\/div><div class=\"gspb_iconsList__item\" data-id=\"1\"><svg t=\"1732094326866\" style=\"width:5rem;height:5rem;margin:10px\" class=\"icon\" viewbox=\"0 0 1024 1024\" xmlns=\"http:\/\/www.w3.org\/2000\/svg\" pid=\"23522\" width=\"200\" height=\"200\"><path d=\"M512 62.584C263.8 62.584 62.584 263.8 62.584 512S263.8 961.416 512 961.416 961.416 760.2 961.416 512 760.2 62.584 512 62.584z m232.022 584.767c0 24.81-20.876 45.112-46.4 45.112H326.377c-25.523 0-46.4-20.301-46.4-45.112l0.213-222.877 226.25 119.983a11.907 11.907 0 0 0 11.12 0l226.462-120.096v222.99z m-231.91-145.259L280.216 376.237c0.225-24.624 20.788-44.7 46.162-44.7h371.246c25.336 0 46.1 20.001 46.4 44.575l-231.91 125.98z\" pid=\"23523\"><\/path><\/svg><span class=\"gspb_iconsList__item__text\"><strong><em><a href=\"mailto:y15069739175@gmail.com\">y15069739175@gmail.com<\/a><\/em><\/strong><\/span><\/div><div class=\"gspb_iconsList__item\" data-id=\"2\"><svg t=\"1732094360935\" style=\"width:5rem;height:5rem;margin:10px\" class=\"icon\" viewbox=\"0 0 1024 1024\" xmlns=\"http:\/\/www.w3.org\/2000\/svg\" pid=\"29836\" width=\"200\" height=\"200\"><path d=\"M512 0C229.376 0 0 229.376 0 512s229.376 512 512 512 512-229.376 512-512S794.624 0 512 0z m217.088 568.32s0 1.024-1.024 1.024c-8.192 16.384-17.408 30.72-28.672 45.056-71.68 100.352-187.392 186.368-187.392 186.368S396.288 714.752 324.608 614.4c-11.264-14.336-20.48-28.672-28.672-45.056 0 0 0-1.024-1.024-1.024-15.36-31.744-23.552-67.584-23.552-104.448 0-133.12 107.52-240.64 240.64-240.64s240.64 107.52 240.64 240.64c0 37.888-8.192 72.704-23.552 104.448z\" pid=\"29837\"><\/path><path d=\"M595.968 407.552c-19.456-18.432-45.056-30.72-73.728-32.768h-20.48c-8.192 1.024-16.384 2.048-24.576 5.12-2.048 1.024-4.096 1.024-5.12 2.048-4.096 1.024-7.168 3.072-10.24 4.096-5.12 2.048-10.24 5.12-15.36 8.192-33.792 21.504-55.296 59.392-55.296 102.4 0 18.432 4.096 36.864 12.288 53.248 2.048 5.12 5.12 10.24 8.192 14.336 5.12 7.168 10.24 13.312 16.384 19.456 12.288 11.264 26.624 21.504 41.984 26.624 3.072 1.024 5.12 2.048 8.192 3.072 11.264 3.072 22.528 5.12 34.816 5.12 12.288 0 24.576-2.048 35.84-5.12 4.096-1.024 7.168-2.048 11.264-4.096 3.072-1.024 7.168-3.072 10.24-5.12 3.072-2.048 7.168-4.096 10.24-6.144 3.072-2.048 6.144-4.096 9.216-7.168 3.072-2.048 6.144-5.12 8.192-8.192l8.192-8.192c5.12-6.144 9.216-12.288 13.312-19.456 2.048-3.072 3.072-7.168 5.12-10.24 6.144-14.336 9.216-30.72 9.216-47.104 0-16.384-3.072-31.744-9.216-46.08-6.144-17.408-16.384-31.744-28.672-44.032z\" pid=\"29838\"><\/path><\/svg><span class=\"gspb_iconsList__item__text\">No.1916, \u00e9tage 19, tour A, ZhongdePlaza, LiyingStreet, district de Rencheng, ville de Jining, province du Shandong.<\/span><\/div><\/div>\n<\/div>\n<\/div>\n\n\n\n<div class=\"wp-block-greenshift-blocks-row-column gspb_row__col--8 gspb_col-id-gsbp-4ae52bd\" id=\"gspb_col-id-gsbp-4ae52bd\">\n<div id=\"gspb_text-id-gsbp-d6b590e\" class=\"gspb_text gspb_text-id-gsbp-d6b590e\">Chez Shandong Youert Intelligent Heavy Industry Machinery Co., Ltd., nous nous effor\u00e7ons de livrer nos produits rapidement et efficacement \u00e0 nos clients, tant au niveau national qu&#039;international.<\/div>\n\n\n\n<h4 id=\"gspb_heading-id-gsbp-082136f\" class=\"gspb_heading gspb_heading-id-gsbp-082136f\">Exp\u00e9dition nationale :<\/h4>\n\n\n\n<div class=\"wp-block-greenshift-blocks-iconlist gspb_iconsList gspb_iconsList-id-gsbp-e328203\" id=\"gspb_iconsList-id-gsbp-e328203\"><div class=\"gspb_iconsList__item\" data-id=\"0\"><svg class=\"\" style=\"display:inline-block;vertical-align:middle\" width=\"18\" height=\"18\" viewbox=\"0 0 1024 1024\" xmlns=\"http:\/\/www.w3.org\/2000\/svg\"><path style=\"fill:#565D66\" d=\"M512 16c-274 0-496 222-496 496s222 496 496 496 496-222 496-496-222-496-496-496z\"><\/path><\/svg><span class=\"gspb_iconsList__item__text\">Nous exp\u00e9dions nos produits en Chine continentale via diff\u00e9rents transporteurs maritimes, en fonction du produit et de l&#039;emplacement du client.<\/span><\/div><div class=\"gspb_iconsList__item\" data-id=\"1\"><svg class=\"\" style=\"display:inline-block;vertical-align:middle\" width=\"18\" height=\"18\" viewbox=\"0 0 1024 1024\" xmlns=\"http:\/\/www.w3.org\/2000\/svg\"><path style=\"fill:#565D66\" d=\"M512 16c-274 0-496 222-496 496s222 496 496 496 496-222 496-496-222-496-496-496z\"><\/path><\/svg><span class=\"gspb_iconsList__item__text\">Les frais d&#039;exp\u00e9dition nationaux peuvent varier en fonction du poids et de la taille du produit, ainsi que de la destination d&#039;exp\u00e9dition.<\/span><\/div><div class=\"gspb_iconsList__item\" data-id=\"2\"><svg class=\"\" style=\"display:inline-block;vertical-align:middle\" width=\"18\" height=\"18\" viewbox=\"0 0 1024 1024\" xmlns=\"http:\/\/www.w3.org\/2000\/svg\"><path style=\"fill:#565D66\" d=\"M512 16c-274 0-496 222-496 496s222 496 496 496 496-222 496-496-222-496-496-496z\"><\/path><\/svg><span class=\"gspb_iconsList__item__text\">Le d\u00e9lai de livraison estim\u00e9 pour les exp\u00e9ditions nationales est g\u00e9n\u00e9ralement de 3 \u00e0 7 jours ouvrables, selon le transporteur et la destination d&#039;exp\u00e9dition.<\/span><\/div><\/div>\n\n\n\n<h4 id=\"gspb_heading-id-gsbp-44de51b\" class=\"gspb_heading gspb_heading-id-gsbp-44de51b\"><strong>Exp\u00e9dition internationale :<\/strong><\/h4>\n\n\n\n<div class=\"wp-block-greenshift-blocks-iconlist gspb_iconsList gspb_iconsList-id-gsbp-b3b9d3c\" id=\"gspb_iconsList-id-gsbp-b3b9d3c\"><div class=\"gspb_iconsList__item\" data-id=\"0\"><svg class=\"\" style=\"display:inline-block;vertical-align:middle\" width=\"18\" height=\"18\" viewbox=\"0 0 1024 1024\" xmlns=\"http:\/\/www.w3.org\/2000\/svg\"><path style=\"fill:#565D66\" d=\"M512 16c-274 0-496 222-496 496s222 496 496 496 496-222 496-496-222-496-496-496z\"><\/path><\/svg><span class=\"gspb_iconsList__item__text\">Nous exp\u00e9dions nos produits \u00e0 des clients internationaux via diff\u00e9rents transporteurs maritimes, en fonction du produit et de l&#039;emplacement du client.<\/span><\/div><div class=\"gspb_iconsList__item\" data-id=\"1\"><svg class=\"\" style=\"display:inline-block;vertical-align:middle\" width=\"18\" height=\"18\" viewbox=\"0 0 1024 1024\" xmlns=\"http:\/\/www.w3.org\/2000\/svg\"><path style=\"fill:#565D66\" d=\"M512 16c-274 0-496 222-496 496s222 496 496 496 496-222 496-496-222-496-496-496z\"><\/path><\/svg><span class=\"gspb_iconsList__item__text\">Les frais d&#039;exp\u00e9dition internationaux peuvent varier en fonction du poids et de la taille du produit, ainsi que de la destination d&#039;exp\u00e9dition.<\/span><\/div><div class=\"gspb_iconsList__item\" data-id=\"2\"><svg class=\"\" style=\"display:inline-block;vertical-align:middle\" width=\"18\" height=\"18\" viewbox=\"0 0 1024 1024\" xmlns=\"http:\/\/www.w3.org\/2000\/svg\"><path style=\"fill:#565D66\" d=\"M512 16c-274 0-496 222-496 496s222 496 496 496 496-222 496-496-222-496-496-496z\"><\/path><\/svg><span class=\"gspb_iconsList__item__text\">Le d\u00e9lai de livraison estim\u00e9 pour les envois internationaux varie selon le transporteur et la destination. Les d\u00e9lais de livraison peuvent \u00eatre affect\u00e9s par les douanes et d&#039;autres facteurs ind\u00e9pendants de notre volont\u00e9.<\/span><\/div><div class=\"gspb_iconsList__item\" data-id=\"3\"><svg class=\"\" style=\"display:inline-block;vertical-align:middle\" width=\"18\" height=\"18\" viewbox=\"0 0 1024 1024\" xmlns=\"http:\/\/www.w3.org\/2000\/svg\"><path style=\"fill:#565D66\" d=\"M512 16c-274 0-496 222-496 496s222 496 496 496 496-222 496-496-222-496-496-496z\"><\/path><\/svg><span class=\"gspb_iconsList__item__text\">Veuillez noter que nous ne sommes pas responsables des droits de douane, taxes ou frais \u00e9ventuellement impos\u00e9s par le pays de destination. Ces frais sont \u00e0 la charge du client.<\/span><\/div><\/div>\n\n\n\n<div id=\"gspb_text-id-gsbp-16c0190\" class=\"gspb_text gspb_text-id-gsbp-16c0190\">Si vous avez des questions ou des pr\u00e9occupations concernant l&#039;exp\u00e9dition, n&#039;h\u00e9sitez pas \u00e0 nous contacter \u00e0\u00a0<a href=\"mailto:c15069739175@163.com\" data-type=\"mailto\" data-id=\"mailto:info@saiqiangjx.com\"><\/a><a href=\"mailto:c15069739175@163.com\" data-type=\"mailto\" data-id=\"mailto:info@saiqiangjx.com\"><\/a><strong><em><a href=\"mailto:y15069739175@gmail.com\">y15069739175@gmail.com<\/a><\/em><\/strong>.<\/div>\n<\/div>\n <\/div><\/div>\n<\/div>\n <\/div><\/div>","protected":false},"excerpt":{"rendered":"","protected":false},"author":1,"featured_media":0,"parent":0,"menu_order":0,"comment_status":"closed","ping_status":"closed","template":"","meta":{"_gspb_post_css":"@import url(https:\/\/fonts.googleapis.com\/css?family=Poppins|Poppins|Poppins);#gspb_row-id-gsbp-297dc71,#gspb_row-id-gsbp-64d7c28{justify-content:space-between;margin-top:0;margin-bottom:0;display:flex;flex-wrap:wrap}#gspb_row-id-gsbp-297dc71{min-height:564px;background-size:cover;background-image:url(https:\/\/youertejx.com\/wp-content\/uploads\/2024\/11\/bannerxiuga1.jpg)}#gspb_row-id-gsbp-297dc71>.gspb_row__content{display:flex;justify-content:space-between;margin:0 auto;width:100%;flex-wrap:wrap}div[id^=gspb_col-id]{box-sizing:border-box;position:relative;padding:var(--gs-row-column-padding, 15px min(3vw, 20px))}#gspb_row-id-gsbp-297dc71:hover{background-size:cover}#gspb_col-id-gsbp-b81f7c7.gspb_row__col--12{width:100%}@media (max-width:575.98px){#gspb_col-id-gsbp-b81f7c7.gspb_row__col--12{width:100%}}#gspb_row-id-gsbp-64d7c28{background-color:var(--wp--preset--color--palette-color-1, var(--theme-palette-color-1, #123596))}#gspb_row-id-gsbp-64d7c28>.gspb_row__content{display:flex;justify-content:space-between;margin:0 auto;width:100%;flex-wrap:wrap}body.gspb-bodyfront #gspb_row-id-gsbp-297dc71>.gspb_row__content,body.gspb-bodyfront #gspb_row-id-gsbp-64d7c28>.gspb_row__content{width:var(--theme-container-width, 1200px);max-width:var(--theme-normal-container-max-width, 1200px)}#gspb_col-id-gsbp-fdce5e5.gspb_row__col--12{width:100%}@media (max-width:575.98px){#gspb_col-id-gsbp-fdce5e5.gspb_row__col--12{width:100%}}.gspb_id-gsbp-9c4a572 .woocommerce-breadcrumb{font-weight:400;font-family:Poppins,sans-serif;display:flex;align-items:center;justify-content:center;gap:5px;flex-wrap:wrap}.gspb_id-gsbp-9c4a572 .woocommerce-breadcrumb,.gspb_id-gsbp-9c4a572 .woocommerce-breadcrumb .wp-block a,.gspb_id-gsbp-9c4a572 .woocommerce-breadcrumb a{color:var(--wp--preset--color--palette-color-8, var(--theme-palette-color-8, #ffffff))}.gspb_id-gsbp-9c4a572{display:flex;align-items:center;justify-content:flex-start}.gspb_id-gsbp-9c4a572 .woocommerce-breadcrumb .gspb_breadcrumbs_value:not(:first-child):not(:last-child){color:var(--wp--preset--color--palette-color-8, var(--theme-palette-color-8, #ffffff))}.gspb_id-gsbp-9c4a572 .woocommerce-breadcrumb .gspb_breadcrumbs_value:last-child{color:var(--wp--preset--color--palette-color-8, var(--theme-palette-color-8, #ffffff))}.gspb_id-gsbp-9c4a572 .woocommerce-breadcrumb .gspb_breadcrumbs_value:first-child{color:var(--wp--preset--color--palette-color-8, var(--theme-palette-color-8, #ffffff))}#gspb_row-id-gsbp-0d986b1,#gspb_row-id-gsbp-6860184{justify-content:space-between;margin-top:0;margin-bottom:0;display:flex;flex-wrap:wrap}#gspb_row-id-gsbp-6860184>.gspb_row__content{display:flex;justify-content:space-between;margin:0 auto;width:100%;flex-wrap:wrap}.gspb_row{position:relative}#gspb_col-id-gsbp-eaad440.gspb_row__col--12{width:100%}@media (max-width:575.98px){#gspb_col-id-gsbp-eaad440.gspb_row__col--12{width:100%}}#gspb_row-id-gsbp-0d986b1>.gspb_row__content{display:flex;justify-content:space-between;margin:0 auto;width:100%;flex-wrap:wrap}body.gspb-bodyfront #gspb_row-id-gsbp-0d986b1>.gspb_row__content,body.gspb-bodyfront #gspb_row-id-gsbp-6860184>.gspb_row__content{width:var(--theme-container-width, 1200px);max-width:var(--theme-normal-container-max-width, 1200px)}#gspb_col-id-gsbp-68c139a.gspb_row__col--4{width:33.333333333333336%}@media (max-width:575.98px){#gspb_col-id-gsbp-68c139a.gspb_row__col--4{width:100%}}@media (min-width:992px){body.gspb-bodyfront #gspb_col-id-gsbp-68c139a.gspb_row__col--4{width:calc(31% - 0px - 0px)}}.gspb_container-id-gsbp-13542f9,.gspb_container-id-gsbp-74b02b5,.gspb_container-id-gsbp-c07622e,.gspb_container-id-gsbp-f73a128{flex-direction:column;box-sizing:border-box}#gspb_container-id-gsbp-13542f9.gspb_container>p:last-of-type,#gspb_container-id-gsbp-74b02b5.gspb_container>p:last-of-type,#gspb_container-id-gsbp-c07622e.gspb_container>p:last-of-type,#gspb_container-id-gsbp-f73a128.gspb_container>p:last-of-type{margin-bottom:0}#gspb_container-id-gsbp-c07622e.gspb_container{position:relative;padding-left:20px;background-color:var(--wp--preset--color--palette-color-1, var(--theme-palette-color-1, #123596))}#gspb_heading-id-gsbp-a40176e{text-transform:uppercase}#gspb_container-id-gsbp-f73a128.gspb_container{position:relative;margin-bottom:0;padding-left:20px;background-color:var(--wp--preset--color--palette-color-8, var(--theme-palette-color-8, #ffffff))}#gspb_iconsList-id-gsbp-ffd1445.gspb_iconsList .gspb_iconsList__item__text{margin-left:15px}#gspb_iconsList-id-gsbp-ffd1445.gspb_iconsList .gspb_iconsList__item{display:flex;flex-direction:row;align-items:center;position:relative;font-weight:400;font-family:Poppins,sans-serif;margin-bottom:10px}#gspb_iconsList-id-gsbp-91b6d5d.gspb_iconsList .gspb_iconsList__item svg path,#gspb_iconsList-id-gsbp-b3b9d3c.gspb_iconsList .gspb_iconsList__item svg path,#gspb_iconsList-id-gsbp-e328203.gspb_iconsList .gspb_iconsList__item svg path,#gspb_iconsList-id-gsbp-ffd1445.gspb_iconsList .gspb_iconsList__item svg path{fill:var(--theme-link-initial-color, #2184f9)!important}body #gspb_iconsList-id-gsbp-91b6d5d.gspb_iconsList .gspb_iconsList__item img,body #gspb_iconsList-id-gsbp-91b6d5d.gspb_iconsList .gspb_iconsList__item svg,body #gspb_iconsList-id-gsbp-b3b9d3c.gspb_iconsList .gspb_iconsList__item img,body #gspb_iconsList-id-gsbp-b3b9d3c.gspb_iconsList .gspb_iconsList__item svg,body #gspb_iconsList-id-gsbp-e328203.gspb_iconsList .gspb_iconsList__item img,body #gspb_iconsList-id-gsbp-e328203.gspb_iconsList .gspb_iconsList__item svg,body #gspb_iconsList-id-gsbp-ffd1445.gspb_iconsList .gspb_iconsList__item img,body #gspb_iconsList-id-gsbp-ffd1445.gspb_iconsList .gspb_iconsList__item svg{margin:0!important}#gspb_heading-id-gsbp-a40176e,#gspb_iconsList-id-gsbp-ffd1445.gspb_iconsList{padding-top:20px;padding-bottom:20px}#gspb_container-id-gsbp-74b02b5.gspb_container{position:relative;margin-top:50px;padding-left:20px;background-color:var(--wp--preset--color--palette-color-1, var(--theme-palette-color-1, #123596))}#gspb_heading-id-gsbp-1f4d3c9,#gspb_heading-id-gsbp-a40176e{color:var(--wp--preset--color--palette-color-8, var(--theme-palette-color-8, #ffffff))}#gspb_container-id-gsbp-13542f9.gspb_container{position:relative;margin-bottom:0;padding-bottom:20px;padding-left:20px;background-color:var(--wp--preset--color--palette-color-8, var(--theme-palette-color-8, #ffffff))}#gspb_iconsList-id-gsbp-91b6d5d.gspb_iconsList .gspb_iconsList__item__text{margin-left:15px}#gspb_iconsList-id-gsbp-91b6d5d.gspb_iconsList .gspb_iconsList__item{display:flex;flex-direction:row;align-items:center;position:relative;font-weight:400;font-family:Poppins,sans-serif;margin-bottom:10px}#gspb_heading-id-gsbp-1f4d3c9,#gspb_iconsList-id-gsbp-91b6d5d.gspb_iconsList{padding-top:20px;padding-bottom:20px}#gspb_iconsList-id-gsbp-91b6d5d.gspb_iconsList [data-id='0'] svg,#gspb_iconsList-id-gsbp-91b6d5d.gspb_iconsList [data-id='1'] svg,#gspb_iconsList-id-gsbp-91b6d5d.gspb_iconsList [data-id='2'] svg,#gspb_iconsList-id-gsbp-ffd1445.gspb_iconsList [data-id='0'] svg,#gspb_iconsList-id-gsbp-ffd1445.gspb_iconsList [data-id='1'] svg,#gspb_iconsList-id-gsbp-ffd1445.gspb_iconsList [data-id='2'] svg,#gspb_iconsList-id-gsbp-ffd1445.gspb_iconsList [data-id='3'] svg,#gspb_iconsList-id-gsbp-ffd1445.gspb_iconsList [data-id='4'] svg,#gspb_iconsList-id-gsbp-ffd1445.gspb_iconsList [data-id='5'] svg,#gspb_iconsList-id-gsbp-ffd1445.gspb_iconsList [data-id='6'] svg,#gspb_iconsList-id-gsbp-ffd1445.gspb_iconsList [data-id='7'] svg{height:25px!important;width:25px!important;min-width:25px!important;margin:0!important}#gspb_col-id-gsbp-4ae52bd.gspb_row__col--8{width:66.66666666666667%}@media (max-width:575.98px){#gspb_col-id-gsbp-4ae52bd.gspb_row__col--8{width:100%}}@media (min-width:992px){body.gspb-bodyfront #gspb_col-id-gsbp-4ae52bd.gspb_row__col--8{width:calc(68.99% - 0px - 0px)}}.gspb_row #gspb_col-id-gsbp-4ae52bd.gspb_row__col--8{padding:0}#gspb_heading-id-gsbp-082136f,#gspb_heading-id-gsbp-44de51b{margin-top:25px;margin-bottom:25px}#gspb_iconsList-id-gsbp-e328203.gspb_iconsList .gspb_iconsList__item__text{margin-left:15px}#gspb_iconsList-id-gsbp-e328203.gspb_iconsList .gspb_iconsList__item{display:flex;flex-direction:row;align-items:center;position:relative;margin-bottom:15px}#gspb_iconsList-id-gsbp-b3b9d3c.gspb_iconsList .gspb_iconsList__item__text{margin-left:15px}#gspb_iconsList-id-gsbp-b3b9d3c.gspb_iconsList .gspb_iconsList__item{display:flex;flex-direction:row;align-items:center;position:relative;margin-bottom:15px}#gspb_iconsList-id-gsbp-b3b9d3c.gspb_iconsList [data-id='0'] svg,#gspb_iconsList-id-gsbp-b3b9d3c.gspb_iconsList [data-id='1'] svg,#gspb_iconsList-id-gsbp-b3b9d3c.gspb_iconsList [data-id='2'] svg,#gspb_iconsList-id-gsbp-b3b9d3c.gspb_iconsList [data-id='3'] svg,#gspb_iconsList-id-gsbp-e328203.gspb_iconsList [data-id='0'] svg,#gspb_iconsList-id-gsbp-e328203.gspb_iconsList [data-id='1'] svg,#gspb_iconsList-id-gsbp-e328203.gspb_iconsList [data-id='2'] svg{height:10px!important;width:10px!important;min-width:10px!important;margin:0!important}.gspb_text-id-gsbp-16c0190{margin-top:20px!important;margin-bottom:0!important}","footnotes":""},"class_list":["post-927","page","type-page","status-publish","hentry"],"blocksy_meta":[],"_links":{"self":[{"href":"https:\/\/youertejx.com\/fr\/wp-json\/wp\/v2\/pages\/927","targetHints":{"allow":["GET"]}}],"collection":[{"href":"https:\/\/youertejx.com\/fr\/wp-json\/wp\/v2\/pages"}],"about":[{"href":"https:\/\/youertejx.com\/fr\/wp-json\/wp\/v2\/types\/page"}],"author":[{"embeddable":true,"href":"https:\/\/youertejx.com\/fr\/wp-json\/wp\/v2\/users\/1"}],"replies":[{"embeddable":true,"href":"https:\/\/youertejx.com\/fr\/wp-json\/wp\/v2\/comments?post=927"}],"version-history":[{"count":0,"href":"https:\/\/youertejx.com\/fr\/wp-json\/wp\/v2\/pages\/927\/revisions"}],"wp:attachment":[{"href":"https:\/\/youertejx.com\/fr\/wp-json\/wp\/v2\/media?parent=927"}],"curies":[{"name":"wp","href":"https:\/\/api.w.org\/{rel}","templated":true}]}}