{"id":2007,"date":"2025-01-03T07:29:42","date_gmt":"2025-01-03T07:29:42","guid":{"rendered":"https:\/\/youertejx.com\/?post_type=product&#038;p=2007"},"modified":"2025-03-27T08:18:15","modified_gmt":"2025-03-27T08:18:15","slug":"fourches-de-chariot-elevateur-15-tonne-a-vendre","status":"publish","type":"product","link":"https:\/\/youertejx.com\/fr\/product\/forklift-forks-1-5ton-for-sale\/","title":{"rendered":"Chariot \u00e9l\u00e9vateur \u00e9lectrique de 1,5 tonne"},"content":{"rendered":"<h3><span style=\"color: #123596;\"><strong>QUE PEUVENT FAIRE NOS PRODUITS POUR VOUS ?<\/strong><\/span><\/h3>\n<p>Ce chariot \u00e9l\u00e9vateur \u00e9lectrique de 1,5 tonne est con\u00e7u pour une manutention efficace. Son syst\u00e8me de transmission \u00e9lectrique, \u00e9conome en main-d&#039;\u0153uvre et respectueux de l&#039;environnement, sans \u00e9missions de gaz d&#039;\u00e9chappement, le rend particuli\u00e8rement adapt\u00e9 aux op\u00e9rations en int\u00e9rieur. Dot\u00e9 de commandes simples et intuitives, il permet une prise en main rapide des op\u00e9rateurs, r\u00e9duisant ainsi les co\u00fbts de formation. De plus, sa direction flexible et son faible rayon de braquage facilitent les d\u00e9placements et les virages dans les all\u00e9es \u00e9troites des entrep\u00f4ts, les ateliers encombr\u00e9s et autres espaces.<\/p>\n<ul>\n<li>Puissance puissante : moteur de levage de 3 kW, g\u00e8re facilement une charge nominale de 1 500 kg, fonctionnement efficace.<\/li>\n<li>Contr\u00f4le flexible : le rayon de braquage minimum n&#039;est que de 2020 mm, et il peut tourner de mani\u00e8re flexible dans des espaces \u00e9troits, et le fonctionnement est pratique.<\/li>\n<li>Excellent levage : hauteur de levage de 3000 mm, vitesse de levage de 120 mm\/s, pour r\u00e9pondre \u00e0 divers besoins de chargement et de d\u00e9chargement.<\/li>\n<li>Stable et s\u00fbr : angle d&#039;inclinaison du m\u00e2t de 25\u00b0, combin\u00e9 \u00e0 une conception d&#039;empattement raisonnable, pour assurer la stabilit\u00e9 op\u00e9rationnelle.<\/li>\n<li>Adaptation des sp\u00e9cifications : sp\u00e9cifications de roue avant 650 \u2013 10 avec empattement de 1560 mm, adapt\u00e9es \u00e0 diverses conditions de travail et surfaces de route.<\/li>\n<\/ul>\n<p><iframe loading=\"lazy\" title=\"Lecteur vid\u00e9o YouTube\" src=\"https:\/\/www.youtube.com\/embed\/DkSAd_A3RK0?si=rdcVV0LMqEHwVtnF\" width=\"750\" height=\"421\" frameborder=\"0\" allowfullscreen=\"allowfullscreen\"><\/iframe><\/p>\n<h3><span style=\"color: #123596;\"><strong>CERTIFICATION<\/strong><\/span><\/h3>\n<p><img loading=\"lazy\" decoding=\"async\" class=\"alignnone size-full wp-image-2397\" src=\"https:\/\/youertejx.com\/wp-content\/uploads\/2025\/01\/\u5fae\u4fe1\u56fe\u7247_20250322153012.jpg\" alt=\"\" width=\"750\" height=\"688\" srcset=\"https:\/\/youertejx.com\/wp-content\/uploads\/2025\/01\/\u5fae\u4fe1\u56fe\u7247_20250322153012.jpg 750w, https:\/\/youertejx.com\/wp-content\/uploads\/2025\/01\/\u5fae\u4fe1\u56fe\u7247_20250322153012-300x275.jpg 300w, https:\/\/youertejx.com\/wp-content\/uploads\/2025\/01\/\u5fae\u4fe1\u56fe\u7247_20250322153012-13x12.jpg 13w, https:\/\/youertejx.com\/wp-content\/uploads\/2025\/01\/\u5fae\u4fe1\u56fe\u7247_20250322153012-600x550.jpg 600w\" sizes=\"auto, (max-width: 750px) 100vw, 750px\" \/><\/p>\n<h3><span style=\"color: #123596;\"><strong>USINE<\/strong><\/span><\/h3>\n<p><img loading=\"lazy\" decoding=\"async\" class=\"alignnone size-full wp-image-2400\" src=\"https:\/\/youertejx.com\/wp-content\/uploads\/2025\/03\/\u5fae\u4fe1\u56fe\u7247_20250322155120.jpg\" alt=\"\" width=\"750\" height=\"556\" srcset=\"https:\/\/youertejx.com\/wp-content\/uploads\/2025\/03\/\u5fae\u4fe1\u56fe\u7247_20250322155120.jpg 750w, https:\/\/youertejx.com\/wp-content\/uploads\/2025\/03\/\u5fae\u4fe1\u56fe\u7247_20250322155120-300x222.jpg 300w, https:\/\/youertejx.com\/wp-content\/uploads\/2025\/03\/\u5fae\u4fe1\u56fe\u7247_20250322155120-16x12.jpg 16w, https:\/\/youertejx.com\/wp-content\/uploads\/2025\/03\/\u5fae\u4fe1\u56fe\u7247_20250322155120-600x445.jpg 600w\" sizes=\"auto, (max-width: 750px) 100vw, 750px\" \/><\/p>\n<p><img loading=\"lazy\" decoding=\"async\" class=\"alignnone size-full wp-image-2401\" src=\"https:\/\/youertejx.com\/wp-content\/uploads\/2025\/01\/\u5fae\u4fe1\u56fe\u7247_20250322144247-1.jpg\" alt=\"\" width=\"750\" height=\"597\" srcset=\"https:\/\/youertejx.com\/wp-content\/uploads\/2025\/01\/\u5fae\u4fe1\u56fe\u7247_20250322144247-1.jpg 750w, https:\/\/youertejx.com\/wp-content\/uploads\/2025\/01\/\u5fae\u4fe1\u56fe\u7247_20250322144247-1-300x239.jpg 300w, https:\/\/youertejx.com\/wp-content\/uploads\/2025\/01\/\u5fae\u4fe1\u56fe\u7247_20250322144247-1-15x12.jpg 15w, https:\/\/youertejx.com\/wp-content\/uploads\/2025\/01\/\u5fae\u4fe1\u56fe\u7247_20250322144247-1-600x478.jpg 600w\" sizes=\"auto, (max-width: 750px) 100vw, 750px\" \/><\/p>\n<h3><span style=\"color: #123596;\"><strong>NOS SERVICES<\/strong><\/span><\/h3>\n<ul>\n<li>Nous offrons une garantie apr\u00e8s-vente stricte. Si des pi\u00e8ces sont endommag\u00e9es pendant le transport, nous les rempla\u00e7ons gratuitement. Nous assurons \u00e9galement un service apr\u00e8s-vente pendant un an.<\/li>\n<li>Avant de quitter l&#039;usine, nous pouvons prendre en charge le service vid\u00e9o pour garantir la qualit\u00e9 du produit.<\/li>\n<li>Prend en charge les couleurs personnalis\u00e9es et les marques de produits, et diff\u00e9rents produits peuvent \u00eatre d\u00e9velopp\u00e9s en fonction de diff\u00e9rents clients.<\/li>\n<li>Nos produits de chariots \u00e9l\u00e9vateurs \u00e9lectriques ont pass\u00e9 la certification CE et r\u00e9pondent aux normes europ\u00e9ennes et am\u00e9ricaines.<\/li>\n<li>Des manchons de fourche et des bo\u00eetes \u00e0 outils sont ajout\u00e9s gratuitement, et la station de charge peut choisir la prise.<\/li>\n<\/ul>","protected":false},"excerpt":{"rendered":"<p>WHAT CAN OUR PRODUCTS DO FOR YOU? The 1.5-ton electric forklift is designed for efficient material handling. Its electric drive system is labor-saving and environmentally friendly, with no exhaust emissions, making it particularly suitable for indoor operations. Equipped with simple and intuitive controls, operators can quickly get started, reducing training costs. At the same time, [&hellip;]<\/p>\n","protected":false},"featured_media":2395,"template":"","meta":{"_gspb_post_css":""},"product_brand":[],"product_cat":[34,32],"product_tag":[],"class_list":{"0":"post-2007","1":"product","2":"type-product","3":"status-publish","4":"has-post-thumbnail","6":"product_cat-cpd-15","7":"product_cat-electric-forklift","9":"first","10":"instock","11":"shipping-taxable","12":"product-type-simple"},"_links":{"self":[{"href":"https:\/\/youertejx.com\/fr\/wp-json\/wp\/v2\/product\/2007","targetHints":{"allow":["GET"]}}],"collection":[{"href":"https:\/\/youertejx.com\/fr\/wp-json\/wp\/v2\/product"}],"about":[{"href":"https:\/\/youertejx.com\/fr\/wp-json\/wp\/v2\/types\/product"}],"wp:featuredmedia":[{"embeddable":true,"href":"https:\/\/youertejx.com\/fr\/wp-json\/wp\/v2\/media\/2395"}],"wp:attachment":[{"href":"https:\/\/youertejx.com\/fr\/wp-json\/wp\/v2\/media?parent=2007"}],"wp:term":[{"taxonomy":"product_brand","embeddable":true,"href":"https:\/\/youertejx.com\/fr\/wp-json\/wp\/v2\/product_brand?post=2007"},{"taxonomy":"product_cat","embeddable":true,"href":"https:\/\/youertejx.com\/fr\/wp-json\/wp\/v2\/product_cat?post=2007"},{"taxonomy":"product_tag","embeddable":true,"href":"https:\/\/youertejx.com\/fr\/wp-json\/wp\/v2\/product_tag?post=2007"}],"curies":[{"name":"wp","href":"https:\/\/api.w.org\/{rel}","templated":true}]}}