{"id":2021,"date":"2025-01-03T08:16:36","date_gmt":"2025-01-03T08:16:36","guid":{"rendered":"https:\/\/youertejx.com\/?post_type=product&#038;p=2021"},"modified":"2025-03-27T08:12:50","modified_gmt":"2025-03-27T08:12:50","slug":"__mis-a-la-poubelle","status":"publish","type":"product","link":"https:\/\/youertejx.com\/fr\/product\/__trashed\/","title":{"rendered":"Chariot \u00e9l\u00e9vateur \u00e9lectrique de 2,5 tonnes"},"content":{"rendered":"<h3><span style=\"color: #123596;\">Caract\u00e9ristiques du produit<\/span><\/h3>\n<ul>\n<li>Le chariot \u00e9l\u00e9vateur \u00e9lectrique de 2,5 tonnes est con\u00e7u pour une manutention efficace des mat\u00e9riaux.<\/li>\n<li>Le moteur de levage est puissant et peut facilement transporter 2 500 kg de cargaison.<\/li>\n<li>L&#039;angle d&#039;inclinaison du m\u00e2t de 25\u00b0 et l&#039;empattement de 1680 mm assurent la stabilit\u00e9 op\u00e9rationnelle.<\/li>\n<li>Il adopte un moteur \u00e0 courant alternatif complet, un changement de vitesse en continu et une bonne stabilit\u00e9.<\/li>\n<li>Il dispose d&#039;une direction flexible et peut s&#039;adapter aux espaces \u00e9troits.<\/li>\n<li>La propulsion \u00e9lectrique est respectueuse de l&#039;environnement et r\u00e9duit les co\u00fbts d&#039;exploitation. C&#039;est un outil de manutention id\u00e9al pour la logistique d&#039;entreposage, les ateliers d&#039;usine et autres lieux.<\/li>\n<\/ul>\n<p><iframe loading=\"lazy\" title=\"Lecteur vid\u00e9o YouTube\" src=\"https:\/\/www.youtube.com\/embed\/whcudO_tzXg?si=z6Ff2NybsSnOwDJS\" width=\"750\" height=\"421\" frameborder=\"0\" allowfullscreen=\"allowfullscreen\"><\/iframe><\/p>\n<h3><span style=\"color: #123596;\"><strong>CERTIFICATION<\/strong><\/span><\/h3>\n<p><img loading=\"lazy\" decoding=\"async\" class=\"alignnone size-full wp-image-2397\" src=\"https:\/\/youertejx.com\/wp-content\/uploads\/2025\/01\/%E5%BE%AE%E4%BF%A1%E5%9B%BE%E7%89%87_20250322153012.jpg\" sizes=\"auto, (max-width: 750px) 100vw, 750px\" srcset=\"https:\/\/youertejx.com\/wp-content\/uploads\/2025\/01\/\u5fae\u4fe1\u56fe\u7247_20250322153012.jpg.webp 750w, https:\/\/youertejx.com\/wp-content\/uploads\/2025\/01\/\u5fae\u4fe1\u56fe\u7247_20250322153012-300x275.jpg.webp 300w, https:\/\/youertejx.com\/wp-content\/uploads\/2025\/01\/\u5fae\u4fe1\u56fe\u7247_20250322153012-13x12.jpg.webp 13w, https:\/\/youertejx.com\/wp-content\/uploads\/2025\/01\/\u5fae\u4fe1\u56fe\u7247_20250322153012-600x550.jpg.webp 600w\" alt=\"\" width=\"750\" height=\"688\" \/><\/p>\n<h3><span style=\"color: #123596;\"><strong>USINE<\/strong><\/span><\/h3>\n<p><img loading=\"lazy\" decoding=\"async\" class=\"alignnone size-full wp-image-2400\" src=\"https:\/\/youertejx.com\/wp-content\/uploads\/2025\/03\/%E5%BE%AE%E4%BF%A1%E5%9B%BE%E7%89%87_20250322155120.jpg\" sizes=\"auto, (max-width: 750px) 100vw, 750px\" srcset=\"https:\/\/youertejx.com\/wp-content\/uploads\/2025\/03\/\u5fae\u4fe1\u56fe\u7247_20250322155120.jpg.webp 750w, https:\/\/youertejx.com\/wp-content\/uploads\/2025\/03\/\u5fae\u4fe1\u56fe\u7247_20250322155120-300x222.jpg.webp 300w, https:\/\/youertejx.com\/wp-content\/uploads\/2025\/03\/\u5fae\u4fe1\u56fe\u7247_20250322155120-16x12.jpg.webp 16w, https:\/\/youertejx.com\/wp-content\/uploads\/2025\/03\/\u5fae\u4fe1\u56fe\u7247_20250322155120-600x445.jpg.webp 600w\" alt=\"\" width=\"750\" height=\"556\" \/><\/p>\n<p><img loading=\"lazy\" decoding=\"async\" class=\"alignnone size-full wp-image-2401\" src=\"https:\/\/youertejx.com\/wp-content\/uploads\/2025\/01\/%E5%BE%AE%E4%BF%A1%E5%9B%BE%E7%89%87_20250322144247-1.jpg\" sizes=\"auto, (max-width: 750px) 100vw, 750px\" srcset=\"https:\/\/youertejx.com\/wp-content\/uploads\/2025\/01\/\u5fae\u4fe1\u56fe\u7247_20250322144247-1.jpg.webp 750w, https:\/\/youertejx.com\/wp-content\/uploads\/2025\/01\/\u5fae\u4fe1\u56fe\u7247_20250322144247-1-300x239.jpg.webp 300w, https:\/\/youertejx.com\/wp-content\/uploads\/2025\/01\/\u5fae\u4fe1\u56fe\u7247_20250322144247-1-15x12.jpg.webp 15w, https:\/\/youertejx.com\/wp-content\/uploads\/2025\/01\/\u5fae\u4fe1\u56fe\u7247_20250322144247-1-600x478.jpg.webp 600w\" alt=\"\" width=\"750\" height=\"597\" \/><\/p>\n<h3><span style=\"color: #123596;\"><strong>NOS SERVICES<\/strong><\/span><\/h3>\n<ul>\n<li>Nous offrons une garantie apr\u00e8s-vente stricte. Si des pi\u00e8ces sont endommag\u00e9es pendant le transport, nous les rempla\u00e7ons gratuitement. Nous assurons \u00e9galement un service apr\u00e8s-vente pendant un an.<\/li>\n<li>Avant de quitter l&#039;usine, nous pouvons prendre en charge le service vid\u00e9o pour garantir la qualit\u00e9 du produit.<\/li>\n<li>Prend en charge les couleurs personnalis\u00e9es et les marques de produits, et diff\u00e9rents produits peuvent \u00eatre d\u00e9velopp\u00e9s en fonction de diff\u00e9rents clients.<\/li>\n<li>Nos produits de chariots \u00e9l\u00e9vateurs \u00e9lectriques ont pass\u00e9 la certification CE et r\u00e9pondent aux normes europ\u00e9ennes et am\u00e9ricaines.<\/li>\n<li>Des manchons de fourche et des bo\u00eetes \u00e0 outils sont ajout\u00e9s gratuitement, et la station de charge peut choisir la prise.<\/li>\n<\/ul>","protected":false},"excerpt":{"rendered":"<p>Product Features 2.5 ton electric forklift is designed for efficient material handling. The lifting motor is powerful and can easily carry 2500kg of cargo. The 25\u00b0 mast tilt angle and 1680mm wheelbase ensure operational stability. It adopts full AC motor, stepless speed change and good stability. It has flexible steering and can adapt to narrow [&hellip;]<\/p>\n","protected":false},"featured_media":2404,"template":"","meta":{"_gspb_post_css":""},"product_brand":[],"product_cat":[36,32],"product_tag":[],"class_list":{"0":"post-2021","1":"product","2":"type-product","3":"status-publish","4":"has-post-thumbnail","6":"product_cat-cpd-25","7":"product_cat-electric-forklift","9":"first","10":"instock","11":"shipping-taxable","12":"product-type-simple"},"_links":{"self":[{"href":"https:\/\/youertejx.com\/fr\/wp-json\/wp\/v2\/product\/2021","targetHints":{"allow":["GET"]}}],"collection":[{"href":"https:\/\/youertejx.com\/fr\/wp-json\/wp\/v2\/product"}],"about":[{"href":"https:\/\/youertejx.com\/fr\/wp-json\/wp\/v2\/types\/product"}],"wp:featuredmedia":[{"embeddable":true,"href":"https:\/\/youertejx.com\/fr\/wp-json\/wp\/v2\/media\/2404"}],"wp:attachment":[{"href":"https:\/\/youertejx.com\/fr\/wp-json\/wp\/v2\/media?parent=2021"}],"wp:term":[{"taxonomy":"product_brand","embeddable":true,"href":"https:\/\/youertejx.com\/fr\/wp-json\/wp\/v2\/product_brand?post=2021"},{"taxonomy":"product_cat","embeddable":true,"href":"https:\/\/youertejx.com\/fr\/wp-json\/wp\/v2\/product_cat?post=2021"},{"taxonomy":"product_tag","embeddable":true,"href":"https:\/\/youertejx.com\/fr\/wp-json\/wp\/v2\/product_tag?post=2021"}],"curies":[{"name":"wp","href":"https:\/\/api.w.org\/{rel}","templated":true}]}}