{"id":2038,"date":"2025-01-03T08:39:40","date_gmt":"2025-01-03T08:39:40","guid":{"rendered":"https:\/\/youertejx.com\/?post_type=product&#038;p=2038"},"modified":"2025-03-06T09:23:51","modified_gmt":"2025-03-06T09:23:51","slug":"grande-excavatrice-a-vendre-8-tonnes","status":"publish","type":"product","link":"https:\/\/youertejx.com\/fr\/product\/large-excavator-for-sale-8ton\/","title":{"rendered":"Grande excavatrice de 8 tonnes"},"content":{"rendered":"<h5><\/h5>\n<p>La grande pelle de 8 tonnes est devenue le choix privil\u00e9gi\u00e9 des ing\u00e9nieurs pour son excellente \u00e9conomie de carburant et sa puissance accrue. Gr\u00e2ce au syst\u00e8me hydraulique \u00e0 commande \u00e9lectronique FEm, ce mod\u00e8le a r\u00e9alis\u00e9 une \u00e9conomie de carburant exceptionnelle (73%), pour un rendement \u00e9nerg\u00e9tique optimal. La commande int\u00e9grale du signal hydraulique de la vanne principale de la pompe hydraulique acc\u00e9l\u00e8re l&#039;actionnement, am\u00e9liorant ainsi l&#039;efficacit\u00e9 et les performances.<\/p>\n<p><iframe loading=\"lazy\" title=\"Grande excavatrice\" width=\"1500\" height=\"844\" src=\"https:\/\/www.youtube.com\/embed\/wRShvTkssUI?feature=oembed\" frameborder=\"0\" allow=\"accelerometer; autoplay; clipboard-write; encrypted-media; gyroscope; picture-in-picture; web-share\" referrerpolicy=\"strict-origin-when-cross-origin\" allowfullscreen><\/iframe><\/p>\n<p><img loading=\"lazy\" decoding=\"async\" class=\"alignnone wp-image-1962\" src=\"https:\/\/youertejx.com\/wp-content\/uploads\/2024\/12\/U605-300x172.jpg\" alt=\"\" width=\"750\" height=\"430\" srcset=\"https:\/\/youertejx.com\/wp-content\/uploads\/2024\/12\/U605-300x172.jpg 300w, https:\/\/youertejx.com\/wp-content\/uploads\/2024\/12\/U605-18x10.jpg 18w, https:\/\/youertejx.com\/wp-content\/uploads\/2024\/12\/U605-600x345.jpg 600w, https:\/\/youertejx.com\/wp-content\/uploads\/2024\/12\/U605.jpg 750w\" sizes=\"auto, (max-width: 750px) 100vw, 750px\" \/><\/p>\n<h3 class=\"magic-4\"><span class=\"magic-5\">Pelle hydraulique lourde sur chenilles pour constructions sur chenilles<\/span><\/h3>\n<div class=\"magic-6\">\n<div class=\"magic-7\">\n<div class=\"magic-8\"><span class=\"magic-9\">La pelle sur chenilles lourde a des performances stables et un fonctionnement pratique. <\/span><\/div>\n<div class=\"magic-8\"><span class=\"magic-9\">Il utilise le moteur Yanmar d&#039;origine, r\u00e9pond aux normes nationales d&#039;\u00e9missions d&#039;\u00e9chappement et est \u00e9quip\u00e9 d&#039;un <\/span><\/div>\n<div class=\"magic-8\"><span class=\"magic-9\">nouveau ventilateur de refroidissement et un grand silencieux. Ce moteur respectueux de l&#039;environnement est enti\u00e8rement conforme aux normes europ\u00e9ennes. <\/span><\/div>\n<div class=\"magic-8\"><span class=\"magic-9\">Normes vocales. Son fonctionnement prend \u00e9galement en compte le d\u00e9veloppement de la protection de l&#039;environnement urbain. <\/span><\/div>\n<div class=\"magic-8\"><span class=\"magic-9\">La flexibilit\u00e9 op\u00e9rationnelle est au c\u0153ur de l&#039;op\u00e9ration. La pelle sur chenilles lourde utilise le meilleur syst\u00e8me hydraulique. <\/span><\/div>\n<div class=\"magic-8\"><span class=\"magic-9\">Le conducteur peut r\u00e9partir uniform\u00e9ment l&#039;huile en fonction des exigences de fonctionnement, de sorte que le bras de puissance, <\/span><\/div>\n<div class=\"magic-8\"><span class=\"magic-9\">Le godet et le godet peuvent effectuer des op\u00e9rations flexibles, rapides et efficaces. Ils ont atteint une v\u00e9ritable libert\u00e9.<\/span><\/div>\n<\/div>\n<\/div>\n<p><img loading=\"lazy\" decoding=\"async\" class=\"alignnone wp-image-1961\" src=\"https:\/\/youertejx.com\/wp-content\/uploads\/2024\/12\/U606-300x300.jpg\" alt=\"\" width=\"749\" height=\"749\" srcset=\"https:\/\/youertejx.com\/wp-content\/uploads\/2024\/12\/U606-300x300.jpg 300w, https:\/\/youertejx.com\/wp-content\/uploads\/2024\/12\/U606-150x150.jpg 150w, https:\/\/youertejx.com\/wp-content\/uploads\/2024\/12\/U606-12x12.jpg 12w, https:\/\/youertejx.com\/wp-content\/uploads\/2024\/12\/U606-100x100.jpg 100w, https:\/\/youertejx.com\/wp-content\/uploads\/2024\/12\/U606.jpg 500w\" sizes=\"auto, (max-width: 749px) 100vw, 749px\" \/><\/p>\n<p><img loading=\"lazy\" decoding=\"async\" class=\"alignnone wp-image-1960\" src=\"https:\/\/youertejx.com\/wp-content\/uploads\/2024\/12\/U607-300x300.jpg\" alt=\"\" width=\"750\" height=\"750\" srcset=\"https:\/\/youertejx.com\/wp-content\/uploads\/2024\/12\/U607-300x300.jpg 300w, https:\/\/youertejx.com\/wp-content\/uploads\/2024\/12\/U607-150x150.jpg 150w, https:\/\/youertejx.com\/wp-content\/uploads\/2024\/12\/U607-12x12.jpg 12w, https:\/\/youertejx.com\/wp-content\/uploads\/2024\/12\/U607-100x100.jpg 100w, https:\/\/youertejx.com\/wp-content\/uploads\/2024\/12\/U607.jpg 500w\" sizes=\"auto, (max-width: 750px) 100vw, 750px\" \/><\/p>\n<p><img loading=\"lazy\" decoding=\"async\" class=\"alignnone wp-image-1959\" src=\"https:\/\/youertejx.com\/wp-content\/uploads\/2024\/12\/U608-300x300.jpg\" alt=\"\" width=\"751\" height=\"751\" srcset=\"https:\/\/youertejx.com\/wp-content\/uploads\/2024\/12\/U608-300x300.jpg 300w, https:\/\/youertejx.com\/wp-content\/uploads\/2024\/12\/U608-150x150.jpg 150w, https:\/\/youertejx.com\/wp-content\/uploads\/2024\/12\/U608-12x12.jpg 12w, https:\/\/youertejx.com\/wp-content\/uploads\/2024\/12\/U608-100x100.jpg 100w, https:\/\/youertejx.com\/wp-content\/uploads\/2024\/12\/U608.jpg 500w\" sizes=\"auto, (max-width: 751px) 100vw, 751px\" \/><\/p>\n<p><img loading=\"lazy\" decoding=\"async\" class=\"alignnone wp-image-1958\" src=\"https:\/\/youertejx.com\/wp-content\/uploads\/2024\/12\/U609-282x300.jpg\" alt=\"\" width=\"768\" height=\"817\" srcset=\"https:\/\/youertejx.com\/wp-content\/uploads\/2024\/12\/U609-282x300.jpg 282w, https:\/\/youertejx.com\/wp-content\/uploads\/2024\/12\/U609-11x12.jpg 11w, https:\/\/youertejx.com\/wp-content\/uploads\/2024\/12\/U609-600x639.jpg 600w, https:\/\/youertejx.com\/wp-content\/uploads\/2024\/12\/U609.jpg 750w\" sizes=\"auto, (max-width: 768px) 100vw, 768px\" \/><\/p>\n<p>La structure commune d&#039;une excavatrice comprend un dispositif d&#039;alimentation, un dispositif de travail, un m\u00e9canisme rotatif, un m\u00e9canisme de commande,<br \/>\nm\u00e9canisme de transmission, m\u00e9canisme de marche et \u00e9quipements auxiliaires. Le m\u00e9canisme d&#039;entra\u00eenement transmet<br \/>\npuissance du moteur aux actionneurs tels que le moteur hydraulique et le v\u00e9rin hydraulique \u00e0 travers le<br \/>\npompe hydraulique, et favorise l&#039;action du dispositif de travail, compl\u00e9tant ainsi diverses op\u00e9rations.<\/p>\n<p><img loading=\"lazy\" decoding=\"async\" class=\"alignnone wp-image-1957\" src=\"https:\/\/youertejx.com\/wp-content\/uploads\/2024\/12\/U6010-300x156.jpg\" alt=\"\" width=\"783\" height=\"407\" srcset=\"https:\/\/youertejx.com\/wp-content\/uploads\/2024\/12\/U6010-300x156.jpg 300w, https:\/\/youertejx.com\/wp-content\/uploads\/2024\/12\/U6010-1024x533.jpg 1024w, https:\/\/youertejx.com\/wp-content\/uploads\/2024\/12\/U6010-768x400.jpg 768w, https:\/\/youertejx.com\/wp-content\/uploads\/2024\/12\/U6010-18x9.jpg 18w, https:\/\/youertejx.com\/wp-content\/uploads\/2024\/12\/U6010-600x313.jpg 600w, https:\/\/youertejx.com\/wp-content\/uploads\/2024\/12\/U6010.jpg 1200w\" sizes=\"auto, (max-width: 783px) 100vw, 783px\" \/><\/p>\n<p><img loading=\"lazy\" decoding=\"async\" class=\"alignnone wp-image-1956\" src=\"https:\/\/youertejx.com\/wp-content\/uploads\/2024\/12\/U6011-254x300.jpg\" alt=\"\" width=\"769\" height=\"908\" srcset=\"https:\/\/youertejx.com\/wp-content\/uploads\/2024\/12\/U6011-254x300.jpg 254w, https:\/\/youertejx.com\/wp-content\/uploads\/2024\/12\/U6011-10x12.jpg 10w, https:\/\/youertejx.com\/wp-content\/uploads\/2024\/12\/U6011-600x708.jpg 600w, https:\/\/youertejx.com\/wp-content\/uploads\/2024\/12\/U6011.jpg 750w\" sizes=\"auto, (max-width: 769px) 100vw, 769px\" \/><\/p>\n<p><img loading=\"lazy\" decoding=\"async\" class=\"alignnone wp-image-1955\" src=\"https:\/\/youertejx.com\/wp-content\/uploads\/2024\/12\/U6012-300x169.jpg\" alt=\"\" width=\"756\" height=\"426\" srcset=\"https:\/\/youertejx.com\/wp-content\/uploads\/2024\/12\/U6012-300x169.jpg 300w, https:\/\/youertejx.com\/wp-content\/uploads\/2024\/12\/U6012-18x10.jpg 18w, https:\/\/youertejx.com\/wp-content\/uploads\/2024\/12\/U6012-600x338.jpg 600w, https:\/\/youertejx.com\/wp-content\/uploads\/2024\/12\/U6012.jpg 750w\" sizes=\"auto, (max-width: 756px) 100vw, 756px\" \/><\/p>\n<p><img loading=\"lazy\" decoding=\"async\" class=\"alignnone wp-image-1954\" src=\"https:\/\/youertejx.com\/wp-content\/uploads\/2024\/12\/U6013-300x169.jpg\" alt=\"\" width=\"753\" height=\"424\" srcset=\"https:\/\/youertejx.com\/wp-content\/uploads\/2024\/12\/U6013-300x169.jpg 300w, https:\/\/youertejx.com\/wp-content\/uploads\/2024\/12\/U6013-18x10.jpg 18w, https:\/\/youertejx.com\/wp-content\/uploads\/2024\/12\/U6013-600x338.jpg 600w, https:\/\/youertejx.com\/wp-content\/uploads\/2024\/12\/U6013.jpg 750w\" sizes=\"auto, (max-width: 753px) 100vw, 753px\" \/><\/p>\n<p><img loading=\"lazy\" decoding=\"async\" class=\"alignnone wp-image-1953\" src=\"https:\/\/youertejx.com\/wp-content\/uploads\/2024\/12\/U6014-300x169.jpg\" alt=\"\" width=\"751\" height=\"423\" srcset=\"https:\/\/youertejx.com\/wp-content\/uploads\/2024\/12\/U6014-300x169.jpg 300w, https:\/\/youertejx.com\/wp-content\/uploads\/2024\/12\/U6014-18x10.jpg 18w, https:\/\/youertejx.com\/wp-content\/uploads\/2024\/12\/U6014-600x338.jpg 600w, https:\/\/youertejx.com\/wp-content\/uploads\/2024\/12\/U6014.jpg 750w\" sizes=\"auto, (max-width: 751px) 100vw, 751px\" \/><\/p>\n<table style=\"border-collapse: collapse; width: 754px; height: 128px;\" border=\"0\" width=\"714\" cellspacing=\"0\" cellpadding=\"0\">\n<tbody>\n<tr style=\"height: 14.25pt;\">\n<td class=\"et2\" style=\"height: 14.25pt; width: 200.25pt;\" width=\"267\" height=\"19\">Poids de travail (kg)<\/td>\n<td class=\"et3\" style=\"width: 81.00pt;\" width=\"108\">8202<\/td>\n<td class=\"et2\" style=\"width: 150.75pt;\" width=\"201\">Longueur totale de transport (mm)<\/td>\n<td class=\"et3\" style=\"width: 103.50pt;\" width=\"138\">6146<\/td>\n<\/tr>\n<tr style=\"height: 14.25pt;\">\n<td class=\"et2\" style=\"height: 14.25pt; width: 200.25pt;\" width=\"267\" height=\"19\">Capacit\u00e9 du godet (m\u00b3)<\/td>\n<td class=\"et3\" style=\"width: 81.00pt;\" width=\"108\">0.27-0.33<\/td>\n<td class=\"et2\" style=\"width: 150.75pt;\" width=\"201\">Largeur totale de transport (mm)<\/td>\n<td class=\"et3\" style=\"width: 103.50pt;\" width=\"138\">2242<\/td>\n<\/tr>\n<tr style=\"height: 14.25pt;\">\n<td class=\"et2\" style=\"height: 14.25pt; width: 200.25pt;\" width=\"267\" height=\"19\">Longueur du chemin de d\u00e9placement (mm)<\/td>\n<td class=\"et3\" style=\"width: 81.00pt;\" width=\"108\">3722<\/td>\n<td class=\"et2\" style=\"width: 150.75pt;\" width=\"201\">Hauteur totale de transport (mm)<\/td>\n<td class=\"et3\" style=\"width: 103.50pt;\" width=\"138\">2662<\/td>\n<\/tr>\n<tr style=\"height: 14.25pt;\">\n<td class=\"et2\" style=\"height: 14.25pt; width: 200.25pt;\" width=\"267\" height=\"19\">Longueur de la pointe (mmn)<\/td>\n<td class=\"et3\" style=\"width: 81.00pt;\" width=\"108\">1672<\/td>\n<td class=\"et2\" style=\"width: 150.75pt;\" width=\"201\">Largeur \u00e0 bord (mm)<\/td>\n<td class=\"et3\" style=\"width: 103.50pt;\" width=\"138\">2242<\/td>\n<\/tr>\n<tr style=\"height: 14.25pt;\">\n<td class=\"et2\" style=\"height: 14.25pt; width: 200.25pt;\" width=\"267\" height=\"19\">Longueur de la piste au sol (mmn)<\/td>\n<td class=\"et3\" style=\"width: 81.00pt;\" width=\"108\">3352<\/td>\n<td class=\"et2\" style=\"width: 150.75pt;\" width=\"201\">Longueur totale de la piste (mm)<\/td>\n<td class=\"et3\" style=\"width: 103.50pt;\" width=\"138\">2752<\/td>\n<\/tr>\n<\/tbody>\n<\/table>\n<p><img loading=\"lazy\" decoding=\"async\" class=\"alignnone wp-image-1952\" src=\"https:\/\/youertejx.com\/wp-content\/uploads\/2024\/12\/U6015-300x228.jpg\" alt=\"\" width=\"763\" height=\"580\" srcset=\"https:\/\/youertejx.com\/wp-content\/uploads\/2024\/12\/U6015-300x228.jpg 300w, https:\/\/youertejx.com\/wp-content\/uploads\/2024\/12\/U6015-16x12.jpg 16w, https:\/\/youertejx.com\/wp-content\/uploads\/2024\/12\/U6015-600x456.jpg 600w, https:\/\/youertejx.com\/wp-content\/uploads\/2024\/12\/U6015.jpg 750w\" sizes=\"auto, (max-width: 763px) 100vw, 763px\" \/><\/p>\n<p><img loading=\"lazy\" decoding=\"async\" class=\"alignnone wp-image-1951\" src=\"https:\/\/youertejx.com\/wp-content\/uploads\/2024\/12\/U6016-300x244.jpg\" alt=\"\" width=\"751\" height=\"611\" srcset=\"https:\/\/youertejx.com\/wp-content\/uploads\/2024\/12\/U6016-300x244.jpg 300w, https:\/\/youertejx.com\/wp-content\/uploads\/2024\/12\/U6016-15x12.jpg 15w, https:\/\/youertejx.com\/wp-content\/uploads\/2024\/12\/U6016-600x489.jpg 600w, https:\/\/youertejx.com\/wp-content\/uploads\/2024\/12\/U6016.jpg 750w\" sizes=\"auto, (max-width: 751px) 100vw, 751px\" \/><\/p>\n<p><img loading=\"lazy\" decoding=\"async\" class=\"alignnone wp-image-1950\" src=\"https:\/\/youertejx.com\/wp-content\/uploads\/2024\/12\/U6017-300x101.jpg\" alt=\"\" width=\"763\" height=\"257\" srcset=\"https:\/\/youertejx.com\/wp-content\/uploads\/2024\/12\/U6017-300x101.jpg 300w, https:\/\/youertejx.com\/wp-content\/uploads\/2024\/12\/U6017-1024x345.jpg 1024w, https:\/\/youertejx.com\/wp-content\/uploads\/2024\/12\/U6017-768x259.jpg 768w, https:\/\/youertejx.com\/wp-content\/uploads\/2024\/12\/U6017-18x6.jpg 18w, https:\/\/youertejx.com\/wp-content\/uploads\/2024\/12\/U6017-600x202.jpg 600w, https:\/\/youertejx.com\/wp-content\/uploads\/2024\/12\/U6017.jpg 1200w\" sizes=\"auto, (max-width: 763px) 100vw, 763px\" \/><\/p>\n<p><img loading=\"lazy\" decoding=\"async\" class=\"alignnone wp-image-1949\" src=\"https:\/\/youertejx.com\/wp-content\/uploads\/2024\/12\/U6018-300x118.jpg\" alt=\"\" width=\"765\" height=\"301\" srcset=\"https:\/\/youertejx.com\/wp-content\/uploads\/2024\/12\/U6018-300x118.jpg 300w, https:\/\/youertejx.com\/wp-content\/uploads\/2024\/12\/U6018-18x7.jpg 18w, https:\/\/youertejx.com\/wp-content\/uploads\/2024\/12\/U6018-600x236.jpg 600w, https:\/\/youertejx.com\/wp-content\/uploads\/2024\/12\/U6018.jpg 750w\" sizes=\"auto, (max-width: 765px) 100vw, 765px\" \/><\/p>\n<p>Vous pouvez faire confiance \u00e0 la fiabilit\u00e9 de la machine Notre machine est fantastique Personnalisation des accessoires :<br \/>\nNous pouvons r\u00e9pondre \u00e0 tous vos besoins, quel que soit le mod\u00e8le, le tonnage et la couleur.<br \/>\navec un excellent support : Notre \u00e9quipe de support professionnelle est disponible 24h\/24 et 7j\/7 en ligne pour<br \/>\nvous aider \u00e0 r\u00e9soudre vos probl\u00e8mes et pr\u00e9occupations et \u00e0 garantir votre satisfaction. Avant de quitter le<br \/>\nusine, nous pouvons prendre en charge les services vid\u00e9o pour garantir la qualit\u00e9 du produit.<\/p>\n<p><img loading=\"lazy\" decoding=\"async\" class=\"alignnone wp-image-1844\" src=\"https:\/\/youertejx.com\/wp-content\/uploads\/2024\/12\/BLxqy9-212x300.jpg\" alt=\"\" width=\"702\" height=\"993\" srcset=\"https:\/\/youertejx.com\/wp-content\/uploads\/2024\/12\/BLxqy9-212x300.jpg 212w, https:\/\/youertejx.com\/wp-content\/uploads\/2024\/12\/BLxqy9-725x1024.jpg 725w, https:\/\/youertejx.com\/wp-content\/uploads\/2024\/12\/BLxqy9-8x12.jpg 8w\" sizes=\"auto, (max-width: 702px) 100vw, 702px\" \/><\/p>\n<p><img loading=\"lazy\" decoding=\"async\" class=\"alignnone wp-image-1845\" src=\"https:\/\/youertejx.com\/wp-content\/uploads\/2024\/12\/BLxqy10-300x295.jpg\" alt=\"\" width=\"701\" height=\"689\" srcset=\"https:\/\/youertejx.com\/wp-content\/uploads\/2024\/12\/BLxqy10-300x295.jpg 300w, https:\/\/youertejx.com\/wp-content\/uploads\/2024\/12\/BLxqy10-12x12.jpg 12w, https:\/\/youertejx.com\/wp-content\/uploads\/2024\/12\/BLxqy10-600x590.jpg 600w, https:\/\/youertejx.com\/wp-content\/uploads\/2024\/12\/BLxqy10.jpg 750w\" sizes=\"auto, (max-width: 701px) 100vw, 701px\" \/><\/p>\n<p>&nbsp;<\/p>\n<p><img loading=\"lazy\" decoding=\"async\" class=\"alignnone wp-image-1847\" src=\"https:\/\/youertejx.com\/wp-content\/uploads\/2024\/12\/BLxqy12-300x239.jpg\" alt=\"\" width=\"668\" height=\"532\" srcset=\"https:\/\/youertejx.com\/wp-content\/uploads\/2024\/12\/BLxqy12-300x239.jpg 300w, https:\/\/youertejx.com\/wp-content\/uploads\/2024\/12\/BLxqy12-15x12.jpg 15w, https:\/\/youertejx.com\/wp-content\/uploads\/2024\/12\/BLxqy12-600x478.jpg 600w, https:\/\/youertejx.com\/wp-content\/uploads\/2024\/12\/BLxqy12.jpg 750w\" sizes=\"auto, (max-width: 668px) 100vw, 668px\" \/><\/p>\n<p><img loading=\"lazy\" decoding=\"async\" class=\"alignnone wp-image-1848\" src=\"https:\/\/youertejx.com\/wp-content\/uploads\/2024\/12\/BLxqy13-300x108.jpg\" alt=\"\" width=\"661\" height=\"238\" srcset=\"https:\/\/youertejx.com\/wp-content\/uploads\/2024\/12\/BLxqy13-300x108.jpg 300w, https:\/\/youertejx.com\/wp-content\/uploads\/2024\/12\/BLxqy13-18x6.jpg 18w, https:\/\/youertejx.com\/wp-content\/uploads\/2024\/12\/BLxqy13-600x215.jpg 600w, https:\/\/youertejx.com\/wp-content\/uploads\/2024\/12\/BLxqy13.jpg 750w\" sizes=\"auto, (max-width: 661px) 100vw, 661px\" \/><\/p>","protected":false},"excerpt":{"rendered":"<p>The 8TON large excavator has become the first choice of engineers for its excellent fuel economy and enhanced power. With the FEm electronically controlled hydraulic system, this model has achieved an amazing 73% saving in reducing fuel consumption, pursuing high fuel efficiency. The full hydraulic signal control design of the main valve of the hydraulic [&hellip;]<\/p>\n","protected":false},"featured_media":2042,"template":"","meta":{"_gspb_post_css":""},"product_brand":[],"product_cat":[29,31],"product_tag":[],"class_list":{"0":"post-2038","1":"product","2":"type-product","3":"status-publish","4":"has-post-thumbnail","6":"product_cat-large-excavator","7":"product_cat-u-80","9":"first","10":"instock","11":"shipping-taxable","12":"product-type-simple"},"_links":{"self":[{"href":"https:\/\/youertejx.com\/fr\/wp-json\/wp\/v2\/product\/2038","targetHints":{"allow":["GET"]}}],"collection":[{"href":"https:\/\/youertejx.com\/fr\/wp-json\/wp\/v2\/product"}],"about":[{"href":"https:\/\/youertejx.com\/fr\/wp-json\/wp\/v2\/types\/product"}],"wp:featuredmedia":[{"embeddable":true,"href":"https:\/\/youertejx.com\/fr\/wp-json\/wp\/v2\/media\/2042"}],"wp:attachment":[{"href":"https:\/\/youertejx.com\/fr\/wp-json\/wp\/v2\/media?parent=2038"}],"wp:term":[{"taxonomy":"product_brand","embeddable":true,"href":"https:\/\/youertejx.com\/fr\/wp-json\/wp\/v2\/product_brand?post=2038"},{"taxonomy":"product_cat","embeddable":true,"href":"https:\/\/youertejx.com\/fr\/wp-json\/wp\/v2\/product_cat?post=2038"},{"taxonomy":"product_tag","embeddable":true,"href":"https:\/\/youertejx.com\/fr\/wp-json\/wp\/v2\/product_tag?post=2038"}],"curies":[{"name":"wp","href":"https:\/\/api.w.org\/{rel}","templated":true}]}}