{"id":2050,"date":"2025-01-03T09:14:50","date_gmt":"2025-01-03T09:14:50","guid":{"rendered":"https:\/\/youertejx.com\/?post_type=product&#038;p=2050"},"modified":"2025-03-27T07:45:43","modified_gmt":"2025-03-27T07:45:43","slug":"chariot-elevateur-electrique-4-tonnes","status":"publish","type":"product","link":"https:\/\/youertejx.com\/fr\/product\/electric-forklift-4ton\/","title":{"rendered":"Chariot \u00e9l\u00e9vateur \u00e9lectrique de 4 tonnes"},"content":{"rendered":"<h3><span style=\"color: #123596;\">Caract\u00e9ristiques du produit<\/span><\/h3>\n<ul>\n<li>Le syst\u00e8me pr\u00e9sente une efficacit\u00e9 \u00e9lev\u00e9e, des fonctions de protection compl\u00e8tes et est livr\u00e9 avec des capteurs de vitesse et de temp\u00e9rature, ce qui am\u00e9liore consid\u00e9rablement la fiabilit\u00e9 et la dur\u00e9e de vie.<\/li>\n<li>Le capot enti\u00e8rement ouvert, la batterie, le moteur, le contr\u00f4leur, etc. sont situ\u00e9s dans une position raisonnable et facile.<\/li>\n<li>Les principaux composants \u00e9lectriques sont tous des produits de marque bien connus, avec des performances stables et une qualit\u00e9 fiable.<\/li>\n<li>\u00c9quip\u00e9 d&#039;un syst\u00e8me avanc\u00e9 de r\u00e9g\u00e9n\u00e9ration d&#039;\u00e9nergie, d&#039;\u00e9conomie d&#039;\u00e9nergie et de haute efficacit\u00e9, longue dur\u00e9e de vie de la batterie.<\/li>\n<\/ul>\n<p><iframe loading=\"lazy\" title=\"Lecteur vid\u00e9o YouTube\" src=\"https:\/\/www.youtube.com\/embed\/whcudO_tzXg?si=TE4Qs5ChByu_fLJF\" width=\"750\" height=\"421\" frameborder=\"0\" allowfullscreen=\"allowfullscreen\"><\/iframe><\/p>\n<h3><span style=\"color: #123596;\"><strong>CERTIFICATION<\/strong><\/span><\/h3>\n<p><img loading=\"lazy\" decoding=\"async\" class=\"alignnone size-full wp-image-2397\" src=\"https:\/\/youertejx.com\/wp-content\/uploads\/2025\/01\/%E5%BE%AE%E4%BF%A1%E5%9B%BE%E7%89%87_20250322153012.jpg\" sizes=\"auto, (max-width: 750px) 100vw, 750px\" srcset=\"https:\/\/youertejx.com\/wp-content\/uploads\/2025\/01\/\u5fae\u4fe1\u56fe\u7247_20250322153012.jpg.webp 750w, https:\/\/youertejx.com\/wp-content\/uploads\/2025\/01\/\u5fae\u4fe1\u56fe\u7247_20250322153012-300x275.jpg.webp 300w, https:\/\/youertejx.com\/wp-content\/uploads\/2025\/01\/\u5fae\u4fe1\u56fe\u7247_20250322153012-13x12.jpg.webp 13w, https:\/\/youertejx.com\/wp-content\/uploads\/2025\/01\/\u5fae\u4fe1\u56fe\u7247_20250322153012-600x550.jpg.webp 600w\" alt=\"\" width=\"750\" height=\"688\" \/><\/p>\n<h3><span style=\"color: #123596;\"><strong>USINE<\/strong><\/span><\/h3>\n<p><img loading=\"lazy\" decoding=\"async\" class=\"alignnone size-full wp-image-2400\" src=\"https:\/\/youertejx.com\/wp-content\/uploads\/2025\/03\/%E5%BE%AE%E4%BF%A1%E5%9B%BE%E7%89%87_20250322155120.jpg\" sizes=\"auto, (max-width: 750px) 100vw, 750px\" srcset=\"https:\/\/youertejx.com\/wp-content\/uploads\/2025\/03\/\u5fae\u4fe1\u56fe\u7247_20250322155120.jpg.webp 750w, https:\/\/youertejx.com\/wp-content\/uploads\/2025\/03\/\u5fae\u4fe1\u56fe\u7247_20250322155120-300x222.jpg.webp 300w, https:\/\/youertejx.com\/wp-content\/uploads\/2025\/03\/\u5fae\u4fe1\u56fe\u7247_20250322155120-16x12.jpg.webp 16w, https:\/\/youertejx.com\/wp-content\/uploads\/2025\/03\/\u5fae\u4fe1\u56fe\u7247_20250322155120-600x445.jpg.webp 600w\" alt=\"\" width=\"750\" height=\"556\" \/><\/p>\n<p><img loading=\"lazy\" decoding=\"async\" class=\"alignnone size-full wp-image-2401\" src=\"https:\/\/youertejx.com\/wp-content\/uploads\/2025\/01\/%E5%BE%AE%E4%BF%A1%E5%9B%BE%E7%89%87_20250322144247-1.jpg\" sizes=\"auto, (max-width: 750px) 100vw, 750px\" srcset=\"https:\/\/youertejx.com\/wp-content\/uploads\/2025\/01\/\u5fae\u4fe1\u56fe\u7247_20250322144247-1.jpg.webp 750w, https:\/\/youertejx.com\/wp-content\/uploads\/2025\/01\/\u5fae\u4fe1\u56fe\u7247_20250322144247-1-300x239.jpg.webp 300w, https:\/\/youertejx.com\/wp-content\/uploads\/2025\/01\/\u5fae\u4fe1\u56fe\u7247_20250322144247-1-15x12.jpg.webp 15w, https:\/\/youertejx.com\/wp-content\/uploads\/2025\/01\/\u5fae\u4fe1\u56fe\u7247_20250322144247-1-600x478.jpg.webp 600w\" alt=\"\" width=\"750\" height=\"597\" \/><\/p>\n<h3><span style=\"color: #123596;\"><strong>NOS SERVICES<\/strong><\/span><\/h3>\n<ul>\n<li>Nous offrons une garantie apr\u00e8s-vente stricte. Si des pi\u00e8ces sont endommag\u00e9es pendant le transport, nous les rempla\u00e7ons gratuitement. Nous assurons \u00e9galement un service apr\u00e8s-vente pendant un an.<\/li>\n<li>Avant de quitter l&#039;usine, nous pouvons prendre en charge le service vid\u00e9o pour garantir la qualit\u00e9 du produit.<\/li>\n<li>Prend en charge les couleurs personnalis\u00e9es et les marques de produits, et diff\u00e9rents produits peuvent \u00eatre d\u00e9velopp\u00e9s en fonction de diff\u00e9rents clients.<\/li>\n<li>Nos produits de chariots \u00e9l\u00e9vateurs \u00e9lectriques ont pass\u00e9 la certification CE et r\u00e9pondent aux normes europ\u00e9ennes et am\u00e9ricaines.<\/li>\n<li>Des manchons de fourche et des bo\u00eetes \u00e0 outils sont ajout\u00e9s gratuitement, et la station de charge peut choisir la prise.<\/li>\n<\/ul>","protected":false},"excerpt":{"rendered":"<p>Product Features The system has high efficiency, complete protection functions, and comes with speed sensing and temperature sensors, which greatly improves reliability and life. The full-open hood, battery, motor, controller, etc. are located ina reasonable position and easy. The main electrical components are all well-known brandproducts, with stable performance and reliable quality. Equipped with advanced [&hellip;]<\/p>\n","protected":false},"featured_media":2475,"template":"","meta":{"_gspb_post_css":""},"product_brand":[],"product_cat":[39,32],"product_tag":[],"class_list":{"0":"post-2050","1":"product","2":"type-product","3":"status-publish","4":"has-post-thumbnail","6":"product_cat-cpd-40","7":"product_cat-electric-forklift","9":"first","10":"instock","11":"shipping-taxable","12":"product-type-simple"},"_links":{"self":[{"href":"https:\/\/youertejx.com\/fr\/wp-json\/wp\/v2\/product\/2050","targetHints":{"allow":["GET"]}}],"collection":[{"href":"https:\/\/youertejx.com\/fr\/wp-json\/wp\/v2\/product"}],"about":[{"href":"https:\/\/youertejx.com\/fr\/wp-json\/wp\/v2\/types\/product"}],"wp:featuredmedia":[{"embeddable":true,"href":"https:\/\/youertejx.com\/fr\/wp-json\/wp\/v2\/media\/2475"}],"wp:attachment":[{"href":"https:\/\/youertejx.com\/fr\/wp-json\/wp\/v2\/media?parent=2050"}],"wp:term":[{"taxonomy":"product_brand","embeddable":true,"href":"https:\/\/youertejx.com\/fr\/wp-json\/wp\/v2\/product_brand?post=2050"},{"taxonomy":"product_cat","embeddable":true,"href":"https:\/\/youertejx.com\/fr\/wp-json\/wp\/v2\/product_cat?post=2050"},{"taxonomy":"product_tag","embeddable":true,"href":"https:\/\/youertejx.com\/fr\/wp-json\/wp\/v2\/product_tag?post=2050"}],"curies":[{"name":"wp","href":"https:\/\/api.w.org\/{rel}","templated":true}]}}