{"id":2121,"date":"2025-01-07T02:41:35","date_gmt":"2025-01-07T02:41:35","guid":{"rendered":"https:\/\/youertejx.com\/?post_type=product&#038;p=2121"},"modified":"2025-03-27T03:45:54","modified_gmt":"2025-03-27T03:45:54","slug":"mini-pelle-u30-chiese-mini-pelle","status":"publish","type":"product","link":"https:\/\/youertejx.com\/fr\/product\/mini-excavator-u30-chiese-mini-excavator\/","title":{"rendered":"Mini-pelle de 3 tonnes"},"content":{"rendered":"<div id=\"features\" class=\"anchor_container\">\n<div class=\"anchor_detail_title\">\n<h3><span style=\"color: #123596;\">Caract\u00e9ristiques<\/span><\/h3>\n<\/div>\n<\/div>\n<div class=\"features_item\">\n<ul class=\"info\">\n<li class=\"\"><span class=\"text\">Il adopte un moteur Laidong ; il est \u00e9quip\u00e9 d&#039;une cabine et convient \u00e0 tous les types de conditions m\u00e9t\u00e9orologiques.<\/span>\n<div class=\"clear\"><\/div>\n<\/li>\n<li class=\"\"><span class=\"text\">Le fonctionnement m\u00e9canique standard peut \u00eatre \u00e9quip\u00e9 d&#039;un fonctionnement pilote hydraulique, de composants hydrauliques import\u00e9s et de coentreprise, qui sont l\u00e9gers et flexibles en fonctionnement, doux en action et peuvent assurer un fonctionnement pr\u00e9cis.<\/span>\n<div class=\"clear\"><\/div>\n<\/li>\n<li class=\"\"><span class=\"text\">Ch\u00e2ssis ultra-stable, r\u00e9ducteur de d\u00e9placement \u00e0 grande \u00e9chelle avec une force motrice puissante et la d\u00e9viation de fl\u00e8che attach\u00e9e peuvent \u00eatre utilis\u00e9s pour creuser lat\u00e9ralement \u00e0 un angle, adapt\u00e9 \u00e0 un fonctionnement s\u00fbr dans de petits espaces.<\/span>\n<div class=\"clear\"><\/div>\n<\/li>\n<li class=\"\"><span class=\"text\">Par rapport au m\u00eame niveau, la taille a \u00e9t\u00e9 allong\u00e9e (profondeur de creusement et hauteur de d\u00e9chargement), et la table tournante a \u00e9t\u00e9 agrandie (optimisant les d\u00e9fauts des dents anciennes).<\/span>\n<div class=\"clear\"><\/div>\n<\/li>\n<li class=\"\"><span class=\"text\">Agrandissement des cadres sup\u00e9rieur et inf\u00e9rieur (le grand empattement de la plaque inf\u00e9rieure augmente la stabilit\u00e9 et la disposition de la plaque sup\u00e9rieure est l\u00e2che pour l&#039;entretien).<\/span>\n<div class=\"clear\"><\/div>\n<\/li>\n<li class=\"\"><span class=\"text\">Agrandissement de la courroie de chenille (la surface de la courroie est large et antid\u00e9rapante, les dents internes sont sur\u00e9lev\u00e9es et la courroie n&#039;est pas facile \u00e0 laisser tomber) et le syst\u00e8me de marche est agrandi (am\u00e9liorant la force d&#039;escalade).<\/span>\n<div class=\"clear\"><\/div>\n<\/li>\n<li class=\"\"><span class=\"text\">Le couvercle de surtension complet (le couvercle de la machine, le hangar et le r\u00e9servoir de carburant sont galvanis\u00e9s et antirouille, il n&#039;est pas facile de rouiller les jours de pluie et le r\u00e9servoir de carburant est plus propre) est plus \u00e9pais et plus \u00e9conomique et applicable.<\/span>\n<div class=\"clear\"><\/div>\n<\/li>\n<li class=\"\"><span class=\"text\">Canalisations auxiliaires standard, divers dispositifs auxiliaires peuvent \u00eatre configur\u00e9s.<\/span><\/li>\n<\/ul>\n<p><iframe loading=\"lazy\" title=\"Lecteur vid\u00e9o YouTube\" src=\"https:\/\/www.youtube.com\/embed\/zuhz0lMcljY?si=VwPzl5eLGela4Avr\" width=\"750\" height=\"421\" frameborder=\"0\" allowfullscreen=\"allowfullscreen\"><\/iframe>\n<\/div>\n<h3><span style=\"color: #123596;\"><strong>CERTIFICATION<\/strong><\/span><\/h3>\n<p><img loading=\"lazy\" decoding=\"async\" class=\"alignnone size-full wp-image-2397\" src=\"https:\/\/youertejx.com\/wp-content\/uploads\/2025\/01\/%E5%BE%AE%E4%BF%A1%E5%9B%BE%E7%89%87_20250322153012.jpg.webp\" sizes=\"auto, (max-width: 750px) 100vw, 750px\" srcset=\"https:\/\/youertejx.com\/wp-content\/uploads\/2025\/01\/\u5fae\u4fe1\u56fe\u7247_20250322153012.jpg.webp 750w, https:\/\/youertejx.com\/wp-content\/uploads\/2025\/01\/\u5fae\u4fe1\u56fe\u7247_20250322153012-300x275.jpg.webp 300w, https:\/\/youertejx.com\/wp-content\/uploads\/2025\/01\/\u5fae\u4fe1\u56fe\u7247_20250322153012-13x12.jpg.webp 13w, https:\/\/youertejx.com\/wp-content\/uploads\/2025\/01\/\u5fae\u4fe1\u56fe\u7247_20250322153012-600x550.jpg.webp 600w\" alt=\"\" width=\"750\" height=\"688\" \/><\/p>\n<h3><span style=\"color: #123596;\"><strong>USINE<\/strong><\/span><\/h3>\n<p><img loading=\"lazy\" decoding=\"async\" class=\"alignnone size-full wp-image-2509\" src=\"https:\/\/youertejx.com\/wp-content\/uploads\/2025\/01\/1-6.jpg\" alt=\"\" width=\"750\" height=\"556\" srcset=\"https:\/\/youertejx.com\/wp-content\/uploads\/2025\/01\/1-6.jpg 750w, https:\/\/youertejx.com\/wp-content\/uploads\/2025\/01\/1-6-300x222.jpg 300w, https:\/\/youertejx.com\/wp-content\/uploads\/2025\/01\/1-6-16x12.jpg 16w, https:\/\/youertejx.com\/wp-content\/uploads\/2025\/01\/1-6-600x445.jpg 600w\" sizes=\"auto, (max-width: 750px) 100vw, 750px\" \/><\/p>\n<p><img loading=\"lazy\" decoding=\"async\" class=\"alignnone size-full wp-image-2401\" src=\"https:\/\/youertejx.com\/wp-content\/uploads\/2025\/01\/%E5%BE%AE%E4%BF%A1%E5%9B%BE%E7%89%87_20250322144247-1.jpg.webp\" sizes=\"auto, (max-width: 750px) 100vw, 750px\" srcset=\"https:\/\/youertejx.com\/wp-content\/uploads\/2025\/01\/\u5fae\u4fe1\u56fe\u7247_20250322144247-1.jpg.webp 750w, https:\/\/youertejx.com\/wp-content\/uploads\/2025\/01\/\u5fae\u4fe1\u56fe\u7247_20250322144247-1-300x239.jpg.webp 300w, https:\/\/youertejx.com\/wp-content\/uploads\/2025\/01\/\u5fae\u4fe1\u56fe\u7247_20250322144247-1-15x12.jpg.webp 15w, https:\/\/youertejx.com\/wp-content\/uploads\/2025\/01\/\u5fae\u4fe1\u56fe\u7247_20250322144247-1-600x478.jpg.webp 600w\" alt=\"\" width=\"750\" height=\"597\" \/><\/p>\n<h3><span style=\"color: #123596;\"><strong>NOS SERVICES<\/strong><\/span><\/h3>\n<ul>\n<li>Nous offrons une garantie apr\u00e8s-vente stricte. Si des pi\u00e8ces sont endommag\u00e9es pendant le transport, nous les rempla\u00e7ons gratuitement. Nous assurons \u00e9galement un service apr\u00e8s-vente pendant un an.<\/li>\n<li>Avant de quitter l&#039;usine, nous pouvons prendre en charge le service vid\u00e9o pour garantir la qualit\u00e9 du produit.<\/li>\n<li>Prend en charge les couleurs personnalis\u00e9es et les marques de produits, et diff\u00e9rents produits peuvent \u00eatre d\u00e9velopp\u00e9s en fonction de diff\u00e9rents clients.<\/li>\n<li>Nos produits de mini-pelles ont pass\u00e9 la certification CE et r\u00e9pondent aux normes europ\u00e9ennes et am\u00e9ricaines.<\/li>\n<li>Des manchons de fourche et des bo\u00eetes \u00e0 outils sont ajout\u00e9s gratuitement, et la station de charge peut choisir la prise.<\/li>\n<\/ul>","protected":false},"excerpt":{"rendered":"<p>Features It adopts Laidong engine; it is equipped with a cab and is suitable for all kinds of weather. The standard mechanical operation can be equipped with hydraulic pilot operation, imported and joint venture hydraulic components, which are light and flexible in operation, soft in action, and can ensure precise operation. Ultra-stable chassis, large-scale travel [&hellip;]<\/p>\n","protected":false},"featured_media":2482,"template":"","meta":{"_gspb_post_css":""},"product_brand":[],"product_cat":[17,26],"product_tag":[],"class_list":{"0":"post-2121","1":"product","2":"type-product","3":"status-publish","4":"has-post-thumbnail","6":"product_cat-mini-excavator","7":"product_cat-u-30","9":"first","10":"instock","11":"shipping-taxable","12":"product-type-simple"},"_links":{"self":[{"href":"https:\/\/youertejx.com\/fr\/wp-json\/wp\/v2\/product\/2121","targetHints":{"allow":["GET"]}}],"collection":[{"href":"https:\/\/youertejx.com\/fr\/wp-json\/wp\/v2\/product"}],"about":[{"href":"https:\/\/youertejx.com\/fr\/wp-json\/wp\/v2\/types\/product"}],"wp:featuredmedia":[{"embeddable":true,"href":"https:\/\/youertejx.com\/fr\/wp-json\/wp\/v2\/media\/2482"}],"wp:attachment":[{"href":"https:\/\/youertejx.com\/fr\/wp-json\/wp\/v2\/media?parent=2121"}],"wp:term":[{"taxonomy":"product_brand","embeddable":true,"href":"https:\/\/youertejx.com\/fr\/wp-json\/wp\/v2\/product_brand?post=2121"},{"taxonomy":"product_cat","embeddable":true,"href":"https:\/\/youertejx.com\/fr\/wp-json\/wp\/v2\/product_cat?post=2121"},{"taxonomy":"product_tag","embeddable":true,"href":"https:\/\/youertejx.com\/fr\/wp-json\/wp\/v2\/product_tag?post=2121"}],"curies":[{"name":"wp","href":"https:\/\/api.w.org\/{rel}","templated":true}]}}