{"id":2150,"date":"2025-01-07T07:07:51","date_gmt":"2025-01-07T07:07:51","guid":{"rendered":"https:\/\/youertejx.com\/?post_type=product&#038;p=2150"},"modified":"2025-03-27T07:18:09","modified_gmt":"2025-03-27T07:18:09","slug":"fourches-de-chariot-elevateur-1-tonne-a-vendre","status":"publish","type":"product","link":"https:\/\/youertejx.com\/fr\/product\/forklift-forks-1ton-for-sale\/","title":{"rendered":"Chariot \u00e9l\u00e9vateur \u00e9lectrique 1 tonne"},"content":{"rendered":"<h3><strong><span style=\"color: #123596;\">QUE PEUVENT FAIRE NOS PRODUITS POUR VOUS ?<\/span><\/strong><\/h3>\n<p>Le chariot \u00e9l\u00e9vateur \u00e9lectrique d&#039;une tonne est efficace, r\u00e9pond pr\u00e9cis\u00e9ment aux besoins de manutention quotidiens et dispose d&#039;un excellent syst\u00e8me hydraulique. \u00c9cologique et sans gaz d&#039;\u00e9chappement, il est silencieux. Compact et flexible, il pr\u00e9sente un faible rayon de braquage. S\u00fbr et confortable, il b\u00e9n\u00e9ficie de d\u00e9tails bien pens\u00e9s. Personnalisable \u00e0 la demande.<\/p>\n<ul>\n<li>La capacit\u00e9 de levage nominale est de 1 000 kg, ce qui r\u00e9pond \u00e0 la plupart des besoins quotidiens de manutention de marchandises.<\/li>\n<li>Moteur de levage de 3 kW, puissance \u00e9lev\u00e9e, efficacit\u00e9 de levage \u00e9lev\u00e9e.<\/li>\n<li>Le m\u00e2t a un angle d&#039;inclinaison de 25\u00b0, un fonctionnement flexible et s&#039;adapte \u00e0 diff\u00e9rents sc\u00e9narios de chargement et de d\u00e9chargement.<\/li>\n<li>Hauteur de levage de 3000 mm, adapt\u00e9e \u00e0 une vari\u00e9t\u00e9 de hauteurs d&#039;\u00e9tag\u00e8res.<\/li>\n<li>Le rayon de braquage minimum est de 1980 mm, ce qui permet de tourner facilement dans des espaces \u00e9troits.<\/li>\n<\/ul>\n<p><iframe loading=\"lazy\" title=\"Lecteur vid\u00e9o YouTube\" src=\"https:\/\/www.youtube.com\/embed\/Av0BXWsWL7c?si=cRDyRLlEkSLQocS2\" width=\"750\" height=\"421\" frameborder=\"0\" allowfullscreen=\"allowfullscreen\"><\/iframe><\/p>\n<h3><span style=\"color: #123596;\"><strong>CERTIFICATION<\/strong><\/span><\/h3>\n<p><img loading=\"lazy\" decoding=\"async\" class=\"alignnone size-full wp-image-2397\" src=\"https:\/\/youertejx.com\/wp-content\/uploads\/2025\/01\/\u5fae\u4fe1\u56fe\u7247_20250322153012.jpg\" alt=\"\" width=\"750\" height=\"688\" srcset=\"https:\/\/youertejx.com\/wp-content\/uploads\/2025\/01\/\u5fae\u4fe1\u56fe\u7247_20250322153012.jpg 750w, https:\/\/youertejx.com\/wp-content\/uploads\/2025\/01\/\u5fae\u4fe1\u56fe\u7247_20250322153012-300x275.jpg 300w, https:\/\/youertejx.com\/wp-content\/uploads\/2025\/01\/\u5fae\u4fe1\u56fe\u7247_20250322153012-13x12.jpg 13w, https:\/\/youertejx.com\/wp-content\/uploads\/2025\/01\/\u5fae\u4fe1\u56fe\u7247_20250322153012-600x550.jpg 600w\" sizes=\"auto, (max-width: 750px) 100vw, 750px\" \/><\/p>\n<h3><span style=\"color: #123596;\"><strong>USINE<\/strong><\/span><\/h3>\n<p><img loading=\"lazy\" decoding=\"async\" class=\"alignnone size-full wp-image-2400\" src=\"https:\/\/youertejx.com\/wp-content\/uploads\/2025\/03\/\u5fae\u4fe1\u56fe\u7247_20250322155120.jpg\" alt=\"\" width=\"750\" height=\"556\" srcset=\"https:\/\/youertejx.com\/wp-content\/uploads\/2025\/03\/\u5fae\u4fe1\u56fe\u7247_20250322155120.jpg 750w, https:\/\/youertejx.com\/wp-content\/uploads\/2025\/03\/\u5fae\u4fe1\u56fe\u7247_20250322155120-300x222.jpg 300w, https:\/\/youertejx.com\/wp-content\/uploads\/2025\/03\/\u5fae\u4fe1\u56fe\u7247_20250322155120-16x12.jpg 16w, https:\/\/youertejx.com\/wp-content\/uploads\/2025\/03\/\u5fae\u4fe1\u56fe\u7247_20250322155120-600x445.jpg 600w\" sizes=\"auto, (max-width: 750px) 100vw, 750px\" \/> <img loading=\"lazy\" decoding=\"async\" class=\"alignnone size-full wp-image-2401\" src=\"https:\/\/youertejx.com\/wp-content\/uploads\/2025\/01\/\u5fae\u4fe1\u56fe\u7247_20250322144247-1.jpg\" alt=\"\" width=\"750\" height=\"597\" srcset=\"https:\/\/youertejx.com\/wp-content\/uploads\/2025\/01\/\u5fae\u4fe1\u56fe\u7247_20250322144247-1.jpg 750w, https:\/\/youertejx.com\/wp-content\/uploads\/2025\/01\/\u5fae\u4fe1\u56fe\u7247_20250322144247-1-300x239.jpg 300w, https:\/\/youertejx.com\/wp-content\/uploads\/2025\/01\/\u5fae\u4fe1\u56fe\u7247_20250322144247-1-15x12.jpg 15w, https:\/\/youertejx.com\/wp-content\/uploads\/2025\/01\/\u5fae\u4fe1\u56fe\u7247_20250322144247-1-600x478.jpg 600w\" sizes=\"auto, (max-width: 750px) 100vw, 750px\" \/><\/p>\n<h3><strong><span style=\"color: #123596;\">NOS SERVICES<\/span><\/strong><\/h3>\n<ul>\n<li>Nous offrons une garantie apr\u00e8s-vente stricte. Si des pi\u00e8ces sont endommag\u00e9es pendant le transport, nous les rempla\u00e7ons gratuitement. Nous assurons \u00e9galement un service apr\u00e8s-vente pendant un an.<\/li>\n<li>Avant de quitter l&#039;usine, nous pouvons prendre en charge le service vid\u00e9o pour garantir la qualit\u00e9 du produit.<\/li>\n<li>Prend en charge les couleurs personnalis\u00e9es et les marques de produits, et diff\u00e9rents produits peuvent \u00eatre d\u00e9velopp\u00e9s en fonction de diff\u00e9rents clients.<\/li>\n<li>Nos produits de chariots \u00e9l\u00e9vateurs \u00e9lectriques ont pass\u00e9 la certification CE et r\u00e9pondent aux normes europ\u00e9ennes et am\u00e9ricaines.<\/li>\n<li>Des manchons de fourche et des bo\u00eetes \u00e0 outils sont ajout\u00e9s gratuitement, et la station de charge peut choisir la prise.<\/li>\n<\/ul>","protected":false},"excerpt":{"rendered":"<p>WHAT CAN OUR PRODUCTS DO FOR YOU? 1 ton electric forklift operates efficiently, accurately matches daily handling needs, and has an excellent hydraulic system. It is green and environmentally friendly, has no exhaust gas and low noise. It is compact and flexible with a small turning radius. It is safe and comfortable, with thoughtful details. [&hellip;]<\/p>\n","protected":false},"featured_media":2389,"template":"","meta":{"_gspb_post_css":""},"product_brand":[],"product_cat":[33,32],"product_tag":[],"class_list":{"0":"post-2150","1":"product","2":"type-product","3":"status-publish","4":"has-post-thumbnail","6":"product_cat-cpd-10","7":"product_cat-electric-forklift","9":"first","10":"instock","11":"shipping-taxable","12":"product-type-simple"},"_links":{"self":[{"href":"https:\/\/youertejx.com\/fr\/wp-json\/wp\/v2\/product\/2150","targetHints":{"allow":["GET"]}}],"collection":[{"href":"https:\/\/youertejx.com\/fr\/wp-json\/wp\/v2\/product"}],"about":[{"href":"https:\/\/youertejx.com\/fr\/wp-json\/wp\/v2\/types\/product"}],"wp:featuredmedia":[{"embeddable":true,"href":"https:\/\/youertejx.com\/fr\/wp-json\/wp\/v2\/media\/2389"}],"wp:attachment":[{"href":"https:\/\/youertejx.com\/fr\/wp-json\/wp\/v2\/media?parent=2150"}],"wp:term":[{"taxonomy":"product_brand","embeddable":true,"href":"https:\/\/youertejx.com\/fr\/wp-json\/wp\/v2\/product_brand?post=2150"},{"taxonomy":"product_cat","embeddable":true,"href":"https:\/\/youertejx.com\/fr\/wp-json\/wp\/v2\/product_cat?post=2150"},{"taxonomy":"product_tag","embeddable":true,"href":"https:\/\/youertejx.com\/fr\/wp-json\/wp\/v2\/product_tag?post=2150"}],"curies":[{"name":"wp","href":"https:\/\/api.w.org\/{rel}","templated":true}]}}