{"id":2198,"date":"2025-01-23T07:13:09","date_gmt":"2025-01-23T07:13:09","guid":{"rendered":"https:\/\/youertejx.com\/?post_type=product&#038;p=2198"},"modified":"2026-04-04T01:44:54","modified_gmt":"2026-04-04T01:44:54","slug":"mini-pelle-chinoise-a-vendre-2-tonnes","status":"publish","type":"product","link":"https:\/\/youertejx.com\/fr\/product\/chinese-mini-excavator-for-sale-2ton\/","title":{"rendered":"Mini-pelle de 2 tonnes"},"content":{"rendered":"<h2><span style=\"color: #123596;\">Caract\u00e9ristiques<\/span><\/h2>\n<ul>\n<li>Le moteur Kubota est devenu un choix de puissance id\u00e9al pour les excavatrices de petite et moyenne taille avec son rendement \u00e9lev\u00e9 et son \u00e9conomie de carburant \u00e9conome en \u00e9nergie, sa puissance de sortie forte et fiable, sa bonne durabilit\u00e9 et sa capacit\u00e9 \u00e0 s&#039;adapter \u00e0 des conditions de travail complexes.<\/li>\n<li>Lorsque le syst\u00e8me d\u00e9tecte une situation anormale (comme une surcharge, une surchauffe, une faible pression d&#039;huile, etc.), le grand \u00e9cran \u00e9met une alarme instantan\u00e9e et l&#039;op\u00e9rateur peut prendre des mesures imm\u00e9diates pour \u00e9viter d&#039;endommager l&#039;\u00e9quipement.<\/li>\n<li>Le grand \u00e9cran intelligent peut afficher les diff\u00e9rents param\u00e8tres de fonctionnement de l&#039;excavatrice en temps r\u00e9el, tels que l&#039;\u00e9tat du moteur, la pression d&#039;huile, l&#039;\u00e9tat du syst\u00e8me hydraulique, la consommation de carburant et la temp\u00e9rature, etc., aidant l&#039;op\u00e9rateur \u00e0 contr\u00f4ler l&#039;\u00e9tat de fonctionnement de l&#039;\u00e9quipement \u00e0 tout moment.<\/li>\n<\/ul>\n<p><iframe loading=\"lazy\" title=\"Lecteur vid\u00e9o YouTube\" src=\"https:\/\/www.youtube.com\/embed\/KmzomC7ZoSg?si=FLz5V7cIPjSuS9qx\" width=\"750\" height=\"421\" frameborder=\"0\" allowfullscreen=\"allowfullscreen\"><\/iframe><\/p>\n<h3><span style=\"color: #123596;\"><strong>CERTIFICATION<\/strong><\/span><\/h3>\n<p><img loading=\"lazy\" decoding=\"async\" class=\"alignnone size-full wp-image-2397\" src=\"https:\/\/youertejx.com\/wp-content\/uploads\/2025\/01\/%E5%BE%AE%E4%BF%A1%E5%9B%BE%E7%89%87_20250322153012.jpg.webp\" sizes=\"auto, (max-width: 750px) 100vw, 750px\" srcset=\"https:\/\/youertejx.com\/wp-content\/uploads\/2025\/01\/\u5fae\u4fe1\u56fe\u7247_20250322153012.jpg.webp 750w, https:\/\/youertejx.com\/wp-content\/uploads\/2025\/01\/\u5fae\u4fe1\u56fe\u7247_20250322153012-300x275.jpg.webp 300w, https:\/\/youertejx.com\/wp-content\/uploads\/2025\/01\/\u5fae\u4fe1\u56fe\u7247_20250322153012-13x12.jpg.webp 13w, https:\/\/youertejx.com\/wp-content\/uploads\/2025\/01\/\u5fae\u4fe1\u56fe\u7247_20250322153012-600x550.jpg.webp 600w\" alt=\"\" width=\"750\" height=\"688\" \/><\/p>\n<h3><span style=\"color: #123596;\"><strong>USINE<\/strong><\/span><\/h3>\n<p><img loading=\"lazy\" decoding=\"async\" class=\"alignnone size-full wp-image-2493\" src=\"https:\/\/youertejx.com\/wp-content\/uploads\/2025\/03\/1-1.jpg\" alt=\"\" width=\"750\" height=\"556\" srcset=\"https:\/\/youertejx.com\/wp-content\/uploads\/2025\/03\/1-1.jpg 750w, https:\/\/youertejx.com\/wp-content\/uploads\/2025\/03\/1-1-300x222.jpg 300w, https:\/\/youertejx.com\/wp-content\/uploads\/2025\/03\/1-1-16x12.jpg 16w, https:\/\/youertejx.com\/wp-content\/uploads\/2025\/03\/1-1-600x445.jpg 600w\" sizes=\"auto, (max-width: 750px) 100vw, 750px\" \/><\/p>\n<p><img loading=\"lazy\" decoding=\"async\" class=\"alignnone size-full wp-image-2401\" src=\"https:\/\/youertejx.com\/wp-content\/uploads\/2025\/01\/%E5%BE%AE%E4%BF%A1%E5%9B%BE%E7%89%87_20250322144247-1.jpg.webp\" sizes=\"auto, (max-width: 750px) 100vw, 750px\" srcset=\"https:\/\/youertejx.com\/wp-content\/uploads\/2025\/01\/\u5fae\u4fe1\u56fe\u7247_20250322144247-1.jpg.webp 750w, https:\/\/youertejx.com\/wp-content\/uploads\/2025\/01\/\u5fae\u4fe1\u56fe\u7247_20250322144247-1-300x239.jpg.webp 300w, https:\/\/youertejx.com\/wp-content\/uploads\/2025\/01\/\u5fae\u4fe1\u56fe\u7247_20250322144247-1-15x12.jpg.webp 15w, https:\/\/youertejx.com\/wp-content\/uploads\/2025\/01\/\u5fae\u4fe1\u56fe\u7247_20250322144247-1-600x478.jpg.webp 600w\" alt=\"\" width=\"750\" height=\"597\" \/><\/p>\n<h3><span style=\"color: #123596;\"><strong>NOS SERVICES<\/strong><\/span><\/h3>\n<ul>\n<li>Nous offrons une garantie apr\u00e8s-vente stricte. Si des pi\u00e8ces sont endommag\u00e9es pendant le transport, nous les rempla\u00e7ons gratuitement. Nous assurons \u00e9galement un service apr\u00e8s-vente pendant un an.<\/li>\n<li>Avant de quitter l&#039;usine, nous pouvons prendre en charge le service vid\u00e9o pour garantir la qualit\u00e9 du produit.<\/li>\n<li>Prend en charge les couleurs personnalis\u00e9es et les marques de produits, et diff\u00e9rents produits peuvent \u00eatre d\u00e9velopp\u00e9s en fonction de diff\u00e9rents clients.<\/li>\n<li>Nos produits de mini-pelles ont pass\u00e9 la certification CE et r\u00e9pondent aux normes europ\u00e9ennes et am\u00e9ricaines.<\/li>\n<li>Des manchons de fourche et des bo\u00eetes \u00e0 outils sont ajout\u00e9s gratuitement, et la station de charge peut choisir la prise.<\/li>\n<\/ul>","protected":false},"excerpt":{"rendered":"<p>Features Kubota engine has become an ideal power choice for small and medium-sized excavators with its high efficiency and energy-saving fuel economy, strong and reliable power output, good durability and ability to adapt to complex working conditions. When the system detects an abnormal situation (such as overload, overheating, low oil pressure, etc.), the large screen [&hellip;]<\/p>\n","protected":false},"featured_media":2473,"template":"","meta":{"_gspb_post_css":""},"product_brand":[],"product_cat":[17,19],"product_tag":[],"class_list":{"0":"post-2198","1":"product","2":"type-product","3":"status-publish","4":"has-post-thumbnail","6":"product_cat-mini-excavator","7":"product_cat-u-20","9":"first","10":"instock","11":"shipping-taxable","12":"product-type-simple"},"_links":{"self":[{"href":"https:\/\/youertejx.com\/fr\/wp-json\/wp\/v2\/product\/2198","targetHints":{"allow":["GET"]}}],"collection":[{"href":"https:\/\/youertejx.com\/fr\/wp-json\/wp\/v2\/product"}],"about":[{"href":"https:\/\/youertejx.com\/fr\/wp-json\/wp\/v2\/types\/product"}],"wp:featuredmedia":[{"embeddable":true,"href":"https:\/\/youertejx.com\/fr\/wp-json\/wp\/v2\/media\/2473"}],"wp:attachment":[{"href":"https:\/\/youertejx.com\/fr\/wp-json\/wp\/v2\/media?parent=2198"}],"wp:term":[{"taxonomy":"product_brand","embeddable":true,"href":"https:\/\/youertejx.com\/fr\/wp-json\/wp\/v2\/product_brand?post=2198"},{"taxonomy":"product_cat","embeddable":true,"href":"https:\/\/youertejx.com\/fr\/wp-json\/wp\/v2\/product_cat?post=2198"},{"taxonomy":"product_tag","embeddable":true,"href":"https:\/\/youertejx.com\/fr\/wp-json\/wp\/v2\/product_tag?post=2198"}],"curies":[{"name":"wp","href":"https:\/\/api.w.org\/{rel}","templated":true}]}}