{"id":2293,"date":"2025-03-14T02:48:35","date_gmt":"2025-03-14T02:48:35","guid":{"rendered":"https:\/\/youertejx.com\/?post_type=product&#038;p=2293"},"modified":"2025-03-26T06:20:19","modified_gmt":"2025-03-26T06:20:19","slug":"1-mini-pelle-de-5-tonnes","status":"publish","type":"product","link":"https:\/\/youertejx.com\/fr\/product\/1-5-ton-mini-excavator\/","title":{"rendered":"Mini-pelle de 1,5 tonne"},"content":{"rendered":"<h3><span style=\"color: #123596;\">Caract\u00e9ristiques<\/span><\/h3>\n<ul>\n<li>\u00c9quip\u00e9 d&#039;un moteur Kubota 1505, il pr\u00e9sente les caract\u00e9ristiques d&#039;une efficacit\u00e9 \u00e9lev\u00e9e, d&#039;un faible bruit et de faibles \u00e9missions, et est conforme aux normes environnementales EPA4 et Euro 5<\/li>\n<li>La pelle Tmini utilise un toit et une structure de filet de protection en acier \u00e0 haute r\u00e9sistance pour r\u00e9sister efficacement \u00e0 l&#039;impact des objets qui tombent et assurer la s\u00e9curit\u00e9 personnelle de l&#039;op\u00e9rateur.<\/li>\n<li>L&#039;inclinaison du m\u00e2t \u00e0 25\u00b0 am\u00e9liore la flexibilit\u00e9 op\u00e9rationnelle et facilite le chargement, le d\u00e9chargement et l&#039;empilage des marchandises.<\/li>\n<li>Le verrouillage du pilote emp\u00eache tout contact accidentel et am\u00e9liore la s\u00e9curit\u00e9 de fonctionnement. Il acc\u00e9l\u00e8re la r\u00e9ponse. Mode de remplacement des \u00e9quipements auxiliaires\u00a0: d&#039;une simple pression sur un bouton, vous pouvez facilement remplacer des \u00e9quipements auxiliaires tels que des raccords rapides hydrauliques, des marteaux piqueurs, des godets \u00e0 bois, etc., de mani\u00e8re pratique et rapide.<\/li>\n<\/ul>\n<p><iframe loading=\"lazy\" title=\"Lecteur vid\u00e9o YouTube\" src=\"https:\/\/www.youtube.com\/embed\/qpe9bARH8nA?si=0JAQJ68R5Mf8nQBc\" width=\"750\" height=\"421\" frameborder=\"0\" allowfullscreen=\"allowfullscreen\"><\/iframe><\/p>\n<h3><span style=\"color: #123596;\"><strong>CERTIFICATION<\/strong><\/span><\/h3>\n<p><img loading=\"lazy\" decoding=\"async\" class=\"alignnone size-full wp-image-2397\" src=\"https:\/\/youertejx.com\/wp-content\/uploads\/2025\/01\/%E5%BE%AE%E4%BF%A1%E5%9B%BE%E7%89%87_20250322153012.jpg.webp\" sizes=\"auto, (max-width: 750px) 100vw, 750px\" srcset=\"https:\/\/youertejx.com\/wp-content\/uploads\/2025\/01\/\u5fae\u4fe1\u56fe\u7247_20250322153012.jpg.webp 750w, https:\/\/youertejx.com\/wp-content\/uploads\/2025\/01\/\u5fae\u4fe1\u56fe\u7247_20250322153012-300x275.jpg.webp 300w, https:\/\/youertejx.com\/wp-content\/uploads\/2025\/01\/\u5fae\u4fe1\u56fe\u7247_20250322153012-13x12.jpg.webp 13w, https:\/\/youertejx.com\/wp-content\/uploads\/2025\/01\/\u5fae\u4fe1\u56fe\u7247_20250322153012-600x550.jpg.webp 600w\" alt=\"\" width=\"750\" height=\"688\" \/><\/p>\n<h3><span style=\"color: #123596;\"><strong>USINE<\/strong><\/span><\/h3>\n<p><img loading=\"lazy\" decoding=\"async\" class=\"alignnone size-full wp-image-2493\" src=\"https:\/\/youertejx.com\/wp-content\/uploads\/2025\/03\/1-1.jpg\" alt=\"\" width=\"750\" height=\"556\" srcset=\"https:\/\/youertejx.com\/wp-content\/uploads\/2025\/03\/1-1.jpg 750w, https:\/\/youertejx.com\/wp-content\/uploads\/2025\/03\/1-1-300x222.jpg 300w, https:\/\/youertejx.com\/wp-content\/uploads\/2025\/03\/1-1-16x12.jpg 16w, https:\/\/youertejx.com\/wp-content\/uploads\/2025\/03\/1-1-600x445.jpg 600w\" sizes=\"auto, (max-width: 750px) 100vw, 750px\" \/><\/p>\n<p><img loading=\"lazy\" decoding=\"async\" class=\"alignnone size-full wp-image-2401\" src=\"https:\/\/youertejx.com\/wp-content\/uploads\/2025\/01\/%E5%BE%AE%E4%BF%A1%E5%9B%BE%E7%89%87_20250322144247-1.jpg.webp\" sizes=\"auto, (max-width: 750px) 100vw, 750px\" srcset=\"https:\/\/youertejx.com\/wp-content\/uploads\/2025\/01\/\u5fae\u4fe1\u56fe\u7247_20250322144247-1.jpg.webp 750w, https:\/\/youertejx.com\/wp-content\/uploads\/2025\/01\/\u5fae\u4fe1\u56fe\u7247_20250322144247-1-300x239.jpg.webp 300w, https:\/\/youertejx.com\/wp-content\/uploads\/2025\/01\/\u5fae\u4fe1\u56fe\u7247_20250322144247-1-15x12.jpg.webp 15w, https:\/\/youertejx.com\/wp-content\/uploads\/2025\/01\/\u5fae\u4fe1\u56fe\u7247_20250322144247-1-600x478.jpg.webp 600w\" alt=\"\" width=\"750\" height=\"597\" \/><\/p>\n<h3><span style=\"color: #123596;\"><strong>NOS SERVICES<\/strong><\/span><\/h3>\n<ul>\n<li>Nous offrons une garantie apr\u00e8s-vente stricte. Si des pi\u00e8ces sont endommag\u00e9es pendant le transport, nous les rempla\u00e7ons gratuitement. Nous assurons \u00e9galement un service apr\u00e8s-vente pendant un an.<\/li>\n<li>Avant de quitter l&#039;usine, nous pouvons prendre en charge le service vid\u00e9o pour garantir la qualit\u00e9 du produit.<\/li>\n<li>Prend en charge les couleurs personnalis\u00e9es et les marques de produits, et diff\u00e9rents produits peuvent \u00eatre d\u00e9velopp\u00e9s en fonction de diff\u00e9rents clients.<\/li>\n<li>Nos produits de mini-pelles ont pass\u00e9 la certification CE et r\u00e9pondent aux normes europ\u00e9ennes et am\u00e9ricaines.<\/li>\n<li>Des manchons de fourche et des bo\u00eetes \u00e0 outils sont ajout\u00e9s gratuitement, et la station de charge peut choisir la prise.<\/li>\n<\/ul>","protected":false},"excerpt":{"rendered":"<p>Features Equipped with Kubota 1505 engine, it has the characteristics of high efficiency, low noise and low emission, and complies with EPA4 and Euro 5 environmental standards Tmini excavator uses a roof and protective net structure made of high-strength steel to effectively resist the impact of falling objects and ensure the personal safety of the [&hellip;]<\/p>\n","protected":false},"featured_media":2462,"template":"","meta":{"_gspb_post_css":""},"product_brand":[],"product_cat":[17,24],"product_tag":[],"class_list":{"0":"post-2293","1":"product","2":"type-product","3":"status-publish","4":"has-post-thumbnail","6":"product_cat-mini-excavator","7":"product_cat-u-15","9":"first","10":"instock","11":"shipping-taxable","12":"product-type-simple"},"_links":{"self":[{"href":"https:\/\/youertejx.com\/fr\/wp-json\/wp\/v2\/product\/2293","targetHints":{"allow":["GET"]}}],"collection":[{"href":"https:\/\/youertejx.com\/fr\/wp-json\/wp\/v2\/product"}],"about":[{"href":"https:\/\/youertejx.com\/fr\/wp-json\/wp\/v2\/types\/product"}],"wp:featuredmedia":[{"embeddable":true,"href":"https:\/\/youertejx.com\/fr\/wp-json\/wp\/v2\/media\/2462"}],"wp:attachment":[{"href":"https:\/\/youertejx.com\/fr\/wp-json\/wp\/v2\/media?parent=2293"}],"wp:term":[{"taxonomy":"product_brand","embeddable":true,"href":"https:\/\/youertejx.com\/fr\/wp-json\/wp\/v2\/product_brand?post=2293"},{"taxonomy":"product_cat","embeddable":true,"href":"https:\/\/youertejx.com\/fr\/wp-json\/wp\/v2\/product_cat?post=2293"},{"taxonomy":"product_tag","embeddable":true,"href":"https:\/\/youertejx.com\/fr\/wp-json\/wp\/v2\/product_tag?post=2293"}],"curies":[{"name":"wp","href":"https:\/\/api.w.org\/{rel}","templated":true}]}}