{"id":2305,"date":"2025-03-14T06:08:12","date_gmt":"2025-03-14T06:08:12","guid":{"rendered":"https:\/\/youertejx.com\/?post_type=product&#038;p=2305"},"modified":"2025-05-24T07:29:19","modified_gmt":"2025-05-24T07:29:19","slug":"chariot-elevateur-electrique-de-2-tonnes","status":"publish","type":"product","link":"https:\/\/youertejx.com\/fr\/product\/2-ton-electric-forklift\/","title":{"rendered":"Chariot \u00e9l\u00e9vateur \u00e9lectrique de 2 tonnes"},"content":{"rendered":"<h3><span style=\"color: #123596;\"><strong>QUE PEUVENT FAIRE NOS PRODUITS POUR VOUS ?<\/strong><\/span><\/h3>\n<p>Le chariot \u00e9l\u00e9vateur \u00e9lectrique de 2 tonnes convient \u00e0 la plupart des situations de manutention. Il est dot\u00e9 d&#039;un moteur haute performance, d&#039;une carrosserie compacte, d&#039;un rayon de braquage minimal d&#039;environ 2 m\u00e8tres, d&#039;une direction assist\u00e9e \u00e9lectrique ais\u00e9e, de vitesses de levage et de conduite raisonnables et d&#039;un fonctionnement efficace. Il est \u00e9quip\u00e9 de freins sensibles et d&#039;un syst\u00e8me de commande de signal \u00e9lectrique \u00e0 r\u00e9ponse rapide, garantissant ainsi la s\u00e9curit\u00e9.<\/p>\n<ul>\n<li>La capacit\u00e9 de levage nominale est de 2 tonnes, ce qui r\u00e9pond \u00e0 la plupart des besoins quotidiens de manutention de marchandises et est applicable \u00e0 un large \u00e9ventail de sc\u00e9narios.<\/li>\n<li>Le moteur de 4 kW est puissant et peut fonctionner efficacement dans diverses conditions de travail.<\/li>\n<li>L&#039;inclinaison du m\u00e2t \u00e0 25\u00b0 am\u00e9liore la flexibilit\u00e9 op\u00e9rationnelle et facilite le chargement, le d\u00e9chargement et l&#039;empilage des marchandises.<\/li>\n<li>La hauteur de levage maximale est de 3000 mm, ce qui permet de r\u00e9pondre \u00e0 la manutention de marchandises sur des \u00e9tag\u00e8res plus hautes et d&#039;\u00e9tendre l&#039;utilisation de l&#039;espace de stockage.<\/li>\n<li>\u00c9quip\u00e9 de roues avant de sp\u00e9cification 650-10, combin\u00e9es \u00e0 un empattement appropri\u00e9, une conduite stable, un petit rayon de braquage minimum et peut s&#039;adapter aux op\u00e9rations dans des espaces \u00e9troits.<\/li>\n<\/ul>\n<p><iframe loading=\"lazy\" title=\"Lecteur vid\u00e9o YouTube\" src=\"https:\/\/www.youtube.com\/embed\/Q4ccgMaeQVA?si=ADtrqylgWHJny_zX\" width=\"750\" height=\"421\" frameborder=\"0\" allowfullscreen=\"allowfullscreen\"><\/iframe><\/p>\n<h3><span style=\"color: #123596;\"><strong>CERTIFICATION<\/strong><\/span><\/h3>\n<p><img loading=\"lazy\" decoding=\"async\" class=\"alignnone  wp-image-2397\" src=\"https:\/\/youertejx.com\/wp-content\/uploads\/2025\/01\/\u5fae\u4fe1\u56fe\u7247_20250322153012.jpg\" alt=\"\" width=\"750\" height=\"688\" srcset=\"https:\/\/youertejx.com\/wp-content\/uploads\/2025\/01\/\u5fae\u4fe1\u56fe\u7247_20250322153012.jpg 750w, https:\/\/youertejx.com\/wp-content\/uploads\/2025\/01\/\u5fae\u4fe1\u56fe\u7247_20250322153012-300x275.jpg 300w, https:\/\/youertejx.com\/wp-content\/uploads\/2025\/01\/\u5fae\u4fe1\u56fe\u7247_20250322153012-13x12.jpg 13w, https:\/\/youertejx.com\/wp-content\/uploads\/2025\/01\/\u5fae\u4fe1\u56fe\u7247_20250322153012-600x550.jpg 600w\" sizes=\"auto, (max-width: 750px) 100vw, 750px\" \/><\/p>\n<h3><span style=\"color: #123596;\"><strong>USINE<\/strong><\/span><\/h3>\n<p><img loading=\"lazy\" decoding=\"async\" class=\"alignnone size-full wp-image-2400\" src=\"https:\/\/youertejx.com\/wp-content\/uploads\/2025\/03\/\u5fae\u4fe1\u56fe\u7247_20250322155120.jpg\" alt=\"\" width=\"750\" height=\"556\" srcset=\"https:\/\/youertejx.com\/wp-content\/uploads\/2025\/03\/\u5fae\u4fe1\u56fe\u7247_20250322155120.jpg 750w, https:\/\/youertejx.com\/wp-content\/uploads\/2025\/03\/\u5fae\u4fe1\u56fe\u7247_20250322155120-300x222.jpg 300w, https:\/\/youertejx.com\/wp-content\/uploads\/2025\/03\/\u5fae\u4fe1\u56fe\u7247_20250322155120-16x12.jpg 16w, https:\/\/youertejx.com\/wp-content\/uploads\/2025\/03\/\u5fae\u4fe1\u56fe\u7247_20250322155120-600x445.jpg 600w\" sizes=\"auto, (max-width: 750px) 100vw, 750px\" \/><\/p>\n<p><img loading=\"lazy\" decoding=\"async\" class=\"alignnone size-full wp-image-2401\" src=\"https:\/\/youertejx.com\/wp-content\/uploads\/2025\/01\/\u5fae\u4fe1\u56fe\u7247_20250322144247-1.jpg\" alt=\"\" width=\"750\" height=\"597\" srcset=\"https:\/\/youertejx.com\/wp-content\/uploads\/2025\/01\/\u5fae\u4fe1\u56fe\u7247_20250322144247-1.jpg 750w, https:\/\/youertejx.com\/wp-content\/uploads\/2025\/01\/\u5fae\u4fe1\u56fe\u7247_20250322144247-1-300x239.jpg 300w, https:\/\/youertejx.com\/wp-content\/uploads\/2025\/01\/\u5fae\u4fe1\u56fe\u7247_20250322144247-1-15x12.jpg 15w, https:\/\/youertejx.com\/wp-content\/uploads\/2025\/01\/\u5fae\u4fe1\u56fe\u7247_20250322144247-1-600x478.jpg 600w\" sizes=\"auto, (max-width: 750px) 100vw, 750px\" \/><\/p>\n<h3><span style=\"color: #123596;\"><strong>NOS SERVICES<\/strong><\/span><\/h3>\n<ul>\n<li>Nous offrons une garantie apr\u00e8s-vente stricte. Si des pi\u00e8ces sont endommag\u00e9es pendant le transport, nous les rempla\u00e7ons gratuitement. Nous assurons \u00e9galement un service apr\u00e8s-vente pendant un an.<\/li>\n<li>Avant de quitter l&#039;usine, nous pouvons prendre en charge le service vid\u00e9o pour garantir la qualit\u00e9 du produit.<\/li>\n<li>Prend en charge les couleurs personnalis\u00e9es et les marques de produits, et diff\u00e9rents produits peuvent \u00eatre d\u00e9velopp\u00e9s en fonction de diff\u00e9rents clients.<\/li>\n<li>Nos produits de chariots \u00e9l\u00e9vateurs \u00e9lectriques ont pass\u00e9 la certification CE et r\u00e9pondent aux normes europ\u00e9ennes et am\u00e9ricaines.<\/li>\n<li>Des manchons de fourche et des bo\u00eetes \u00e0 outils sont ajout\u00e9s gratuitement, et la station de charge peut choisir la prise.<\/li>\n<\/ul>","protected":false},"excerpt":{"rendered":"<ul>\n<li>La capacit\u00e9 de levage nominale est de 2 tonnes, ce qui r\u00e9pond \u00e0 la plupart des besoins quotidiens de manutention de marchandises et est applicable \u00e0 un large \u00e9ventail de sc\u00e9narios.<\/li>\n<li>Le moteur de 4 kW est puissant et peut fonctionner efficacement dans diverses conditions de travail.<\/li>\n<li>L&#039;inclinaison du m\u00e2t \u00e0 25\u00b0 am\u00e9liore la flexibilit\u00e9 op\u00e9rationnelle et facilite le chargement, le d\u00e9chargement et l&#039;empilage des marchandises.<\/li>\n<li>La hauteur de levage maximale est de 3000 mm, ce qui permet de r\u00e9pondre \u00e0 la manutention de marchandises sur des \u00e9tag\u00e8res plus hautes et d&#039;\u00e9tendre l&#039;utilisation de l&#039;espace de stockage.<\/li>\n<li>\u00c9quip\u00e9 de roues avant de sp\u00e9cification 650-10, combin\u00e9es \u00e0 un empattement appropri\u00e9, une conduite stable, un petit rayon de braquage minimum et peut s&#039;adapter aux op\u00e9rations dans des espaces \u00e9troits.<\/li>\n<\/ul>","protected":false},"featured_media":2402,"template":"","meta":{"_gspb_post_css":""},"product_brand":[],"product_cat":[35,32],"product_tag":[],"class_list":{"0":"post-2305","1":"product","2":"type-product","3":"status-publish","4":"has-post-thumbnail","6":"product_cat-cpd-20","7":"product_cat-electric-forklift","9":"first","10":"instock","11":"shipping-taxable","12":"product-type-simple"},"_links":{"self":[{"href":"https:\/\/youertejx.com\/fr\/wp-json\/wp\/v2\/product\/2305","targetHints":{"allow":["GET"]}}],"collection":[{"href":"https:\/\/youertejx.com\/fr\/wp-json\/wp\/v2\/product"}],"about":[{"href":"https:\/\/youertejx.com\/fr\/wp-json\/wp\/v2\/types\/product"}],"wp:featuredmedia":[{"embeddable":true,"href":"https:\/\/youertejx.com\/fr\/wp-json\/wp\/v2\/media\/2402"}],"wp:attachment":[{"href":"https:\/\/youertejx.com\/fr\/wp-json\/wp\/v2\/media?parent=2305"}],"wp:term":[{"taxonomy":"product_brand","embeddable":true,"href":"https:\/\/youertejx.com\/fr\/wp-json\/wp\/v2\/product_brand?post=2305"},{"taxonomy":"product_cat","embeddable":true,"href":"https:\/\/youertejx.com\/fr\/wp-json\/wp\/v2\/product_cat?post=2305"},{"taxonomy":"product_tag","embeddable":true,"href":"https:\/\/youertejx.com\/fr\/wp-json\/wp\/v2\/product_tag?post=2305"}],"curies":[{"name":"wp","href":"https:\/\/api.w.org\/{rel}","templated":true}]}}