{"id":2324,"date":"2025-03-14T08:33:58","date_gmt":"2025-03-14T08:33:58","guid":{"rendered":"https:\/\/youertejx.com\/?post_type=product&#038;p=2324"},"modified":"2025-06-09T08:01:48","modified_gmt":"2025-06-09T08:01:48","slug":"excavatrice-u60","status":"publish","type":"product","link":"https:\/\/youertejx.com\/fr\/product\/u60-excavator\/","title":{"rendered":"Excavatrice U60"},"content":{"rendered":"<p>La petite pelle U60 pr\u00e9sente des avantages en termes de performances, de confort, d&#039;\u00e9conomie, de commodit\u00e9, de service apr\u00e8s-vente,<\/p>\n<p>etc., et peut r\u00e9pondre aux divers besoins des clients sur le march\u00e9 international.<\/p>\n<p><img loading=\"lazy\" decoding=\"async\" class=\"alignnone wp-image-2325 size-full\" src=\"https:\/\/youertejx.com\/wp-content\/uploads\/2025\/03\/29.jpg\" alt=\"\" width=\"1920\" height=\"650\" srcset=\"https:\/\/youertejx.com\/wp-content\/uploads\/2025\/03\/29.jpg 1920w, https:\/\/youertejx.com\/wp-content\/uploads\/2025\/03\/29-300x102.jpg 300w, https:\/\/youertejx.com\/wp-content\/uploads\/2025\/03\/29-1024x347.jpg 1024w, https:\/\/youertejx.com\/wp-content\/uploads\/2025\/03\/29-768x260.jpg 768w, https:\/\/youertejx.com\/wp-content\/uploads\/2025\/03\/29-1536x520.jpg 1536w, https:\/\/youertejx.com\/wp-content\/uploads\/2025\/03\/29-18x6.jpg 18w, https:\/\/youertejx.com\/wp-content\/uploads\/2025\/03\/29-600x203.jpg 600w\" sizes=\"auto, (max-width: 1920px) 100vw, 1920px\" \/><\/p>\n<p><img loading=\"lazy\" decoding=\"async\" class=\"alignnone wp-image-2326 size-full\" src=\"https:\/\/youertejx.com\/wp-content\/uploads\/2025\/03\/30.jpg\" alt=\"\" width=\"1920\" height=\"1080\" srcset=\"https:\/\/youertejx.com\/wp-content\/uploads\/2025\/03\/30.jpg 1920w, https:\/\/youertejx.com\/wp-content\/uploads\/2025\/03\/30-300x169.jpg 300w, https:\/\/youertejx.com\/wp-content\/uploads\/2025\/03\/30-1024x576.jpg 1024w, https:\/\/youertejx.com\/wp-content\/uploads\/2025\/03\/30-768x432.jpg 768w, https:\/\/youertejx.com\/wp-content\/uploads\/2025\/03\/30-1536x864.jpg 1536w, https:\/\/youertejx.com\/wp-content\/uploads\/2025\/03\/30-18x10.jpg 18w, https:\/\/youertejx.com\/wp-content\/uploads\/2025\/03\/30-600x338.jpg 600w\" sizes=\"auto, (max-width: 1920px) 100vw, 1920px\" \/><\/p>\n<p><img loading=\"lazy\" decoding=\"async\" class=\"alignnone wp-image-1956\" src=\"https:\/\/youertejx.com\/wp-content\/uploads\/2024\/12\/U6011-254x300.jpg\" alt=\"\" width=\"769\" height=\"908\" srcset=\"https:\/\/youertejx.com\/wp-content\/uploads\/2024\/12\/U6011-254x300.jpg 254w, https:\/\/youertejx.com\/wp-content\/uploads\/2024\/12\/U6011-10x12.jpg 10w, https:\/\/youertejx.com\/wp-content\/uploads\/2024\/12\/U6011-600x708.jpg 600w, https:\/\/youertejx.com\/wp-content\/uploads\/2024\/12\/U6011.jpg 750w\" sizes=\"auto, (max-width: 769px) 100vw, 769px\" \/><\/p>\n<p><strong>Moteur \u00e9conome en \u00e9nergie<\/strong><br \/>\n\u00c9quip\u00e9 d&#039;un moteur Yanmar, il offre un rendement \u00e9lev\u00e9 et des performances stables, \u00e9prouv\u00e9es sur le march\u00e9.<\/p>\n<p>et fournit un soutien puissant pour la conduite. Le syst\u00e8me hydraulique \u00e0 commande \u00e9lectronique est adopt\u00e9 pour<\/p>\n<p>R\u00e9duisez la consommation de carburant jusqu&#039;\u00e0 7% et optimisez vos \u00e9conomies de carburant. La pompe et la soupape principales sont<\/p>\n<p>contr\u00f4l\u00e9 \u00e9lectroniquement pour obtenir un contr\u00f4le pr\u00e9cis de la puissance hydraulique, r\u00e9duire les pertes de consommation d&#039;\u00e9nergie du syst\u00e8me,<\/p>\n<p>et am\u00e9liorer consid\u00e9rablement l&#039;efficacit\u00e9 \u00e9nerg\u00e9tique de l&#039;excavatrice.<\/p>\n<p><strong>Syst\u00e8me de contr\u00f4le intelligent<\/strong><br \/>\nLes poign\u00e9es et p\u00e9dales de commande enti\u00e8rement \u00e9lectroniques permettent un fonctionnement pr\u00e9cis et pratique. Signaux de retour \u00e9lectroniques<\/p>\n<p>am\u00e9liorer la vitesse de r\u00e9ponse du syst\u00e8me, r\u00e9pondre rapidement aux besoins des clients et am\u00e9liorer l&#039;efficacit\u00e9 du travail.<\/p>\n<p><strong>pompe principale<\/strong><br \/>\nLa pompe \u00e0 huile hydraulique et d&#039;autres syst\u00e8mes de filtration d&#039;huile am\u00e9liorent les performances de filtration du carburant, am\u00e9liorent consid\u00e9rablement<\/p>\n<p>Le rendement \u00e9nerg\u00e9tique et le taux d&#039;utilisation sont am\u00e9lior\u00e9s. La structure est plus compacte et l&#039;entretien est plus ais\u00e9.<\/p>\n<p><img loading=\"lazy\" decoding=\"async\" class=\"alignnone wp-image-1952\" src=\"https:\/\/youertejx.com\/wp-content\/uploads\/2024\/12\/U6015-300x228.jpg\" alt=\"\" width=\"763\" height=\"580\" srcset=\"https:\/\/youertejx.com\/wp-content\/uploads\/2024\/12\/U6015-300x228.jpg 300w, https:\/\/youertejx.com\/wp-content\/uploads\/2024\/12\/U6015-16x12.jpg 16w, https:\/\/youertejx.com\/wp-content\/uploads\/2024\/12\/U6015-600x456.jpg 600w, https:\/\/youertejx.com\/wp-content\/uploads\/2024\/12\/U6015.jpg 750w\" sizes=\"auto, (max-width: 763px) 100vw, 763px\" \/><\/p>\n<p><img loading=\"lazy\" decoding=\"async\" class=\"alignnone wp-image-2315\" src=\"https:\/\/youertejx.com\/wp-content\/uploads\/2025\/03\/\u5361\u72471-1-300x110.jpg\" alt=\"\" width=\"750\" height=\"275\" srcset=\"https:\/\/youertejx.com\/wp-content\/uploads\/2025\/03\/\u5361\u72471-1-300x110.jpg 300w, https:\/\/youertejx.com\/wp-content\/uploads\/2025\/03\/\u5361\u72471-1-1024x376.jpg 1024w, https:\/\/youertejx.com\/wp-content\/uploads\/2025\/03\/\u5361\u72471-1-768x282.jpg 768w, https:\/\/youertejx.com\/wp-content\/uploads\/2025\/03\/\u5361\u72471-1-18x7.jpg 18w, https:\/\/youertejx.com\/wp-content\/uploads\/2025\/03\/\u5361\u72471-1-600x220.jpg 600w, https:\/\/youertejx.com\/wp-content\/uploads\/2025\/03\/\u5361\u72471-1.jpg 1280w\" sizes=\"auto, (max-width: 750px) 100vw, 750px\" \/><\/p>","protected":false},"excerpt":{"rendered":"<p>The U60 small excavator has advantages in performance, comfort, economy, convenience, after-sales service, etc., and can meet the diverse needs of customers in the international market. Energy-efficient engine Equipped with Yanmar engine, it has high efficiency and stable performance. It has been proven by the market and provides strong power support for driving. The electronically [&hellip;]<\/p>\n","protected":false},"featured_media":2337,"template":"","meta":{"_gspb_post_css":""},"product_brand":[],"product_cat":[29,30],"product_tag":[],"class_list":{"0":"post-2324","1":"product","2":"type-product","3":"status-publish","4":"has-post-thumbnail","6":"product_cat-large-excavator","7":"product_cat-u-60","9":"first","10":"instock","11":"shipping-taxable","12":"product-type-simple"},"_links":{"self":[{"href":"https:\/\/youertejx.com\/fr\/wp-json\/wp\/v2\/product\/2324","targetHints":{"allow":["GET"]}}],"collection":[{"href":"https:\/\/youertejx.com\/fr\/wp-json\/wp\/v2\/product"}],"about":[{"href":"https:\/\/youertejx.com\/fr\/wp-json\/wp\/v2\/types\/product"}],"wp:featuredmedia":[{"embeddable":true,"href":"https:\/\/youertejx.com\/fr\/wp-json\/wp\/v2\/media\/2337"}],"wp:attachment":[{"href":"https:\/\/youertejx.com\/fr\/wp-json\/wp\/v2\/media?parent=2324"}],"wp:term":[{"taxonomy":"product_brand","embeddable":true,"href":"https:\/\/youertejx.com\/fr\/wp-json\/wp\/v2\/product_brand?post=2324"},{"taxonomy":"product_cat","embeddable":true,"href":"https:\/\/youertejx.com\/fr\/wp-json\/wp\/v2\/product_cat?post=2324"},{"taxonomy":"product_tag","embeddable":true,"href":"https:\/\/youertejx.com\/fr\/wp-json\/wp\/v2\/product_tag?post=2324"}],"curies":[{"name":"wp","href":"https:\/\/api.w.org\/{rel}","templated":true}]}}