{"id":1851,"date":"2024-12-31T03:00:21","date_gmt":"2024-12-31T03:00:21","guid":{"rendered":"https:\/\/youertejx.com\/?post_type=product&#038;p=1851"},"modified":"2025-03-14T02:39:17","modified_gmt":"2025-03-14T02:39:17","slug":"autobetoniera-in-vendita","status":"publish","type":"product","link":"https:\/\/youertejx.com\/it\/product\/concrete-mixer-truck-for-sale\/","title":{"rendered":"Autobetoniera in vendita"},"content":{"rendered":"<h5>L&#039;autobetoniera autocaricante utilizza pneumatici in filo d&#039;acciaio ad alta pressione e adotta un sistema di pilotaggio completamente idraulico. Il funzionamento \u00e8 flessibile ed efficiente, ed \u00e8 adatto per l&#039;utilizzo in montagna senza carenza d&#039;acqua.<\/h5>\n<p><iframe loading=\"lazy\" title=\"Autobetoniera\" width=\"1500\" height=\"844\" src=\"https:\/\/www.youtube.com\/embed\/hVKsAmJwxIQ?feature=oembed\" frameborder=\"0\" allow=\"accelerometer; autoplay; clipboard-write; encrypted-media; gyroscope; picture-in-picture; web-share\" referrerpolicy=\"strict-origin-when-cross-origin\" allowfullscreen><\/iframe><\/p>\n<p><img loading=\"lazy\" decoding=\"async\" class=\"alignnone wp-image-1857\" src=\"https:\/\/youertejx.com\/wp-content\/uploads\/2024\/12\/CMXQY-300x150.jpg\" alt=\"\" width=\"748\" height=\"374\" srcset=\"https:\/\/youertejx.com\/wp-content\/uploads\/2024\/12\/CMXQY-300x150.jpg 300w, https:\/\/youertejx.com\/wp-content\/uploads\/2024\/12\/CMXQY-1024x512.jpg 1024w, https:\/\/youertejx.com\/wp-content\/uploads\/2024\/12\/CMXQY-768x384.jpg 768w, https:\/\/youertejx.com\/wp-content\/uploads\/2024\/12\/CMXQY-18x9.jpg 18w, https:\/\/youertejx.com\/wp-content\/uploads\/2024\/12\/CMXQY-600x300.jpg 600w, https:\/\/youertejx.com\/wp-content\/uploads\/2024\/12\/CMXQY.jpg 1200w\" sizes=\"auto, (max-width: 748px) 100vw, 748px\" \/><\/p>\n<h3 class=\"magic-5\" data-spm-anchor-id=\"a2700.details.0.i70.92f914b3IRJcaF\"><span class=\"magic-6\" style=\"color: #c4433c;\">Betoniera autocaricante<\/span><\/h3>\n<div class=\"magic-6\">\n<div class=\"magic-7\">\n<div class=\"magic-8\"><span class=\"magic-9\">*L&#039;autobetoniera autocaricante \u00e8 la combinazione di un&#039;autobetoniera e di una betoniera.<\/span><\/div>\n<div class=\"magic-8\"><span class=\"magic-9\"> L&#039;autobetoniera autocaricante \u00e8 in grado di alimentare, misurare, miscelare e scaricare automaticamente la miscela di calcestruzzo. <\/span><\/div>\n<div class=\"magic-8\"><span class=\"magic-9\">Dotato di un motore potente e di 4 ruote sterzanti, l&#039;operatore pu\u00f2 guidarlo ovunque desideri. <\/span><\/div>\n<div class=\"magic-8\"><span class=\"magic-9\">L&#039;autobetoniera autocaricante \u00e8 molto comoda per caricare materiali come cemento, aggregati, pietre. <\/span><\/div>\n<div class=\"magic-8\"><span class=\"magic-9\">La materia prima \u00e8 sparsa nel cantiere.<\/span><\/div>\n<\/div>\n<\/div>\n<p><img loading=\"lazy\" decoding=\"async\" class=\"alignnone wp-image-1858\" src=\"https:\/\/youertejx.com\/wp-content\/uploads\/2024\/12\/CMXQY2-300x300.jpg\" alt=\"\" width=\"748\" height=\"748\" srcset=\"https:\/\/youertejx.com\/wp-content\/uploads\/2024\/12\/CMXQY2-300x300.jpg 300w, https:\/\/youertejx.com\/wp-content\/uploads\/2024\/12\/CMXQY2-150x150.jpg 150w, https:\/\/youertejx.com\/wp-content\/uploads\/2024\/12\/CMXQY2-12x12.jpg 12w, https:\/\/youertejx.com\/wp-content\/uploads\/2024\/12\/CMXQY2-500x500.jpg 500w, https:\/\/youertejx.com\/wp-content\/uploads\/2024\/12\/CMXQY2-600x600.jpg 600w, https:\/\/youertejx.com\/wp-content\/uploads\/2024\/12\/CMXQY2-100x100.jpg 100w, https:\/\/youertejx.com\/wp-content\/uploads\/2024\/12\/CMXQY2.jpg 750w\" sizes=\"auto, (max-width: 748px) 100vw, 748px\" \/><\/p>\n<p><img loading=\"lazy\" decoding=\"async\" class=\"alignnone wp-image-1859\" src=\"https:\/\/youertejx.com\/wp-content\/uploads\/2024\/12\/CMXQY3-300x300.jpg\" alt=\"\" width=\"746\" height=\"746\" srcset=\"https:\/\/youertejx.com\/wp-content\/uploads\/2024\/12\/CMXQY3-300x300.jpg 300w, https:\/\/youertejx.com\/wp-content\/uploads\/2024\/12\/CMXQY3-150x150.jpg 150w, https:\/\/youertejx.com\/wp-content\/uploads\/2024\/12\/CMXQY3-12x12.jpg 12w, https:\/\/youertejx.com\/wp-content\/uploads\/2024\/12\/CMXQY3-500x500.jpg 500w, https:\/\/youertejx.com\/wp-content\/uploads\/2024\/12\/CMXQY3-600x600.jpg 600w, https:\/\/youertejx.com\/wp-content\/uploads\/2024\/12\/CMXQY3-100x100.jpg 100w, https:\/\/youertejx.com\/wp-content\/uploads\/2024\/12\/CMXQY3.jpg 750w\" sizes=\"auto, (max-width: 746px) 100vw, 746px\" \/><\/p>\n<p><img loading=\"lazy\" decoding=\"async\" class=\"alignnone wp-image-1860\" src=\"https:\/\/youertejx.com\/wp-content\/uploads\/2024\/12\/CMXQY4-300x300.jpg\" alt=\"\" width=\"745\" height=\"745\" srcset=\"https:\/\/youertejx.com\/wp-content\/uploads\/2024\/12\/CMXQY4-300x300.jpg 300w, https:\/\/youertejx.com\/wp-content\/uploads\/2024\/12\/CMXQY4-150x150.jpg 150w, https:\/\/youertejx.com\/wp-content\/uploads\/2024\/12\/CMXQY4-12x12.jpg 12w, https:\/\/youertejx.com\/wp-content\/uploads\/2024\/12\/CMXQY4-500x500.jpg 500w, https:\/\/youertejx.com\/wp-content\/uploads\/2024\/12\/CMXQY4-600x600.jpg 600w, https:\/\/youertejx.com\/wp-content\/uploads\/2024\/12\/CMXQY4-100x100.jpg 100w, https:\/\/youertejx.com\/wp-content\/uploads\/2024\/12\/CMXQY4.jpg 750w\" sizes=\"auto, (max-width: 745px) 100vw, 745px\" \/><\/p>\n<p><b class=\"magic-17\">Autobetoniera autocaricante da 0,5 m3, 1,5 m3, 2 m3, 2,6 m3, 3,5 m3, 4 m3, 5 m3 in vendita<\/b><\/p>\n<p><img loading=\"lazy\" decoding=\"async\" class=\"alignnone wp-image-1863\" src=\"https:\/\/youertejx.com\/wp-content\/uploads\/2024\/12\/Concrete-Mixer-Truck6-242x300.jpg\" alt=\"\" width=\"739\" height=\"916\" srcset=\"https:\/\/youertejx.com\/wp-content\/uploads\/2024\/12\/Concrete-Mixer-Truck6-242x300.jpg 242w, https:\/\/youertejx.com\/wp-content\/uploads\/2024\/12\/Concrete-Mixer-Truck6-10x12.jpg 10w, https:\/\/youertejx.com\/wp-content\/uploads\/2024\/12\/Concrete-Mixer-Truck6-600x744.jpg 600w, https:\/\/youertejx.com\/wp-content\/uploads\/2024\/12\/Concrete-Mixer-Truck6.jpg 750w\" sizes=\"auto, (max-width: 739px) 100vw, 739px\" \/><\/p>\n<p><img loading=\"lazy\" decoding=\"async\" class=\"alignnone wp-image-1864\" src=\"https:\/\/youertejx.com\/wp-content\/uploads\/2024\/12\/Concrete-Mixer-Truck7-242x300.jpg\" alt=\"\" width=\"739\" height=\"916\" srcset=\"https:\/\/youertejx.com\/wp-content\/uploads\/2024\/12\/Concrete-Mixer-Truck7-242x300.jpg 242w, https:\/\/youertejx.com\/wp-content\/uploads\/2024\/12\/Concrete-Mixer-Truck7-10x12.jpg 10w, https:\/\/youertejx.com\/wp-content\/uploads\/2024\/12\/Concrete-Mixer-Truck7-600x743.jpg 600w, https:\/\/youertejx.com\/wp-content\/uploads\/2024\/12\/Concrete-Mixer-Truck7.jpg 750w\" sizes=\"auto, (max-width: 739px) 100vw, 739px\" \/><\/p>\n<p><img loading=\"lazy\" decoding=\"async\" class=\"alignnone wp-image-1866\" src=\"https:\/\/youertejx.com\/wp-content\/uploads\/2024\/12\/CMXQY7-242x300.jpg\" alt=\"\" width=\"740\" height=\"917\" srcset=\"https:\/\/youertejx.com\/wp-content\/uploads\/2024\/12\/CMXQY7-242x300.jpg 242w, https:\/\/youertejx.com\/wp-content\/uploads\/2024\/12\/CMXQY7-10x12.jpg 10w, https:\/\/youertejx.com\/wp-content\/uploads\/2024\/12\/CMXQY7-600x743.jpg 600w, https:\/\/youertejx.com\/wp-content\/uploads\/2024\/12\/CMXQY7.jpg 750w\" sizes=\"auto, (max-width: 740px) 100vw, 740px\" \/><\/p>\n<p><b class=\"magic-23\" data-spm-anchor-id=\"a2700.details.0.i75.5f52145e6RymbO\">MOSTRA DI MODELLI DIVERSI<\/b><\/p>\n<p><img loading=\"lazy\" decoding=\"async\" class=\"alignnone wp-image-1865\" src=\"https:\/\/youertejx.com\/wp-content\/uploads\/2024\/12\/Concrete-Mixer-Truck8-198x300.jpg\" alt=\"\" width=\"726\" height=\"1100\" srcset=\"https:\/\/youertejx.com\/wp-content\/uploads\/2024\/12\/Concrete-Mixer-Truck8-198x300.jpg 198w, https:\/\/youertejx.com\/wp-content\/uploads\/2024\/12\/Concrete-Mixer-Truck8-675x1024.jpg 675w, https:\/\/youertejx.com\/wp-content\/uploads\/2024\/12\/Concrete-Mixer-Truck8-8x12.jpg 8w, https:\/\/youertejx.com\/wp-content\/uploads\/2024\/12\/Concrete-Mixer-Truck8-600x910.jpg 600w, https:\/\/youertejx.com\/wp-content\/uploads\/2024\/12\/Concrete-Mixer-Truck8.jpg 750w\" sizes=\"auto, (max-width: 726px) 100vw, 726px\" \/><\/p>\n<table style=\"border-collapse: collapse; width: 536.27pt;\" border=\"0\" width=\"715\" cellspacing=\"0\" cellpadding=\"0\">\n<tbody>\n<tr style=\"height: 40.50pt;\">\n<td class=\"et2\" style=\"height: 40.50pt; width: 116.25pt;\" width=\"155\" height=\"54\">Modello<\/td>\n<td class=\"et2\" style=\"width: 116.25pt;\" width=\"155\">Dimensioni complessive (L\u00d7W\u00d7H)<\/td>\n<td class=\"et2\" style=\"width: 96.75pt;\" width=\"129\">Interasse (mm)<\/td>\n<td class=\"et2\" style=\"width: 103.50pt;\" width=\"138\">Peso a vuoto (kg)<\/td>\n<td class=\"et2\" style=\"width: 103.50pt;\" width=\"138\">Potenza nominale<\/td>\n<\/tr>\n<tr style=\"height: 13.50pt;\">\n<td class=\"et2\" style=\"height: 13.50pt; width: 116.25pt;\" width=\"155\" height=\"18\">U-CM1.5m3<\/td>\n<td class=\"et2\" style=\"width: 116.25pt;\" width=\"155\">5350\u00d71900\u00d72920<\/td>\n<td class=\"et2\" style=\"width: 96.75pt;\" align=\"right\" width=\"129\">2450<\/td>\n<td class=\"et2\" style=\"width: 103.50pt;\" align=\"right\" width=\"138\">4500<\/td>\n<td class=\"et2\" style=\"width: 103.50pt;\" width=\"138\">58 kW<\/td>\n<\/tr>\n<tr style=\"height: 13.50pt;\">\n<td class=\"et2\" style=\"height: 13.50pt; width: 116.25pt;\" width=\"155\" height=\"18\">U-CM2.0m3<\/td>\n<td class=\"et2\" style=\"width: 116.25pt;\" width=\"155\">7040\u00d72695\u00d73000<\/td>\n<td class=\"et2\" style=\"width: 96.75pt;\" align=\"right\" width=\"129\">2570<\/td>\n<td class=\"et2\" style=\"width: 103.50pt;\" align=\"right\" width=\"138\">6200<\/td>\n<td class=\"et2\" style=\"width: 103.50pt;\" width=\"138\">76 kW<\/td>\n<\/tr>\n<tr style=\"height: 13.50pt;\">\n<td class=\"et2\" style=\"height: 13.50pt; width: 116.25pt;\" width=\"155\" height=\"18\">U-CM2.6m3<\/td>\n<td class=\"et2\" style=\"width: 116.25pt;\" width=\"155\">7040\u00d72733\u00d73091<\/td>\n<td class=\"et2\" style=\"width: 96.75pt;\" align=\"right\" width=\"129\">2570<\/td>\n<td class=\"et2\" style=\"width: 103.50pt;\" align=\"right\" width=\"138\">6500<\/td>\n<td class=\"et2\" style=\"width: 103.50pt;\" width=\"138\">77,3 kW<\/td>\n<\/tr>\n<tr style=\"height: 13.50pt;\">\n<td class=\"et2\" style=\"height: 13.50pt; width: 116.25pt;\" width=\"155\" height=\"18\">U-CM3.5m3<\/td>\n<td class=\"et2\" style=\"width: 116.25pt;\" width=\"155\">7600\u00d72872\u00d73374<\/td>\n<td class=\"et2\" style=\"width: 96.75pt;\" align=\"right\" width=\"129\">2600<\/td>\n<td class=\"et2\" style=\"width: 103.50pt;\" align=\"right\" width=\"138\">8300<\/td>\n<td class=\"et2\" style=\"width: 103.50pt;\" width=\"138\">85 kW<\/td>\n<\/tr>\n<tr style=\"height: 13.50pt;\">\n<td class=\"et2\" style=\"height: 13.50pt; width: 116.25pt;\" width=\"155\" height=\"18\">U-CM4.0m3<\/td>\n<td class=\"et2\" style=\"width: 116.25pt;\" width=\"155\">7850\u00d72872\u00d73375<\/td>\n<td class=\"et2\" style=\"width: 96.75pt;\" align=\"right\" width=\"129\">2600<\/td>\n<td class=\"et2\" style=\"width: 103.50pt;\" align=\"right\" width=\"138\">9000<\/td>\n<td class=\"et2\" style=\"width: 103.50pt;\" width=\"138\">91 kW<\/td>\n<\/tr>\n<tr style=\"height: 13.50pt;\">\n<td class=\"et2\" style=\"height: 13.50pt; width: 116.25pt;\" width=\"155\" height=\"18\">U-CM5.0m3<\/td>\n<td class=\"et2\" style=\"width: 116.25pt;\" width=\"155\">8778\u00d73050\u00d73640<\/td>\n<td class=\"et2\" style=\"width: 96.75pt;\" align=\"right\" width=\"129\">2860<\/td>\n<td class=\"et2\" style=\"width: 103.50pt;\" align=\"right\" width=\"138\">10500<\/td>\n<td class=\"et2\" style=\"width: 103.50pt;\" width=\"138\">92 kW<\/td>\n<\/tr>\n<\/tbody>\n<\/table>\n<p>&nbsp;<\/p>\n<p><img loading=\"lazy\" decoding=\"async\" class=\"alignnone wp-image-1861\" src=\"https:\/\/youertejx.com\/wp-content\/uploads\/2024\/12\/CMXQY5-300x285.jpg\" alt=\"\" width=\"748\" height=\"711\" srcset=\"https:\/\/youertejx.com\/wp-content\/uploads\/2024\/12\/CMXQY5-300x285.jpg 300w, https:\/\/youertejx.com\/wp-content\/uploads\/2024\/12\/CMXQY5-13x12.jpg 13w, https:\/\/youertejx.com\/wp-content\/uploads\/2024\/12\/CMXQY5-600x570.jpg 600w, https:\/\/youertejx.com\/wp-content\/uploads\/2024\/12\/CMXQY5.jpg 750w\" sizes=\"auto, (max-width: 748px) 100vw, 748px\" \/><\/p>\n<p><img loading=\"lazy\" decoding=\"async\" class=\"alignnone wp-image-1862\" src=\"https:\/\/youertejx.com\/wp-content\/uploads\/2024\/12\/CMXQY6-300x272.jpg\" alt=\"\" width=\"744\" height=\"675\" srcset=\"https:\/\/youertejx.com\/wp-content\/uploads\/2024\/12\/CMXQY6-300x272.jpg 300w, https:\/\/youertejx.com\/wp-content\/uploads\/2024\/12\/CMXQY6-13x12.jpg 13w, https:\/\/youertejx.com\/wp-content\/uploads\/2024\/12\/CMXQY6-600x543.jpg 600w, https:\/\/youertejx.com\/wp-content\/uploads\/2024\/12\/CMXQY6.jpg 750w\" sizes=\"auto, (max-width: 744px) 100vw, 744px\" \/><\/p>\n<p><b class=\"magic-17\"><i>Potete fidarvi dell&#039;affidabilit\u00e0 della macchina. La nostra macchina \u00e8 fantastica. Personalizzazione degli accessori: pu\u00f2 soddisfare le vostre esigenze per qualsiasi modello, tonnellaggio e colore. Soddisfiamo qualsiasi vostra esigenza con un supporto eccellente: il nostro team di supporto professionale \u00e8 disponibile online 24 ore su 24, 7 giorni su 7 per aiutarvi a risolvere qualsiasi problema o dubbio e garantire la vostra soddisfazione. Prima di lasciare la fabbrica, possiamo supportare i servizi video per garantire la qualit\u00e0 del prodotto.<\/i><\/b><\/p>\n<p><img loading=\"lazy\" decoding=\"async\" class=\"alignnone wp-image-1844\" src=\"https:\/\/youertejx.com\/wp-content\/uploads\/2024\/12\/BLxqy9-212x300.jpg\" alt=\"\" width=\"702\" height=\"993\" srcset=\"https:\/\/youertejx.com\/wp-content\/uploads\/2024\/12\/BLxqy9-212x300.jpg 212w, https:\/\/youertejx.com\/wp-content\/uploads\/2024\/12\/BLxqy9-725x1024.jpg 725w, https:\/\/youertejx.com\/wp-content\/uploads\/2024\/12\/BLxqy9-8x12.jpg 8w\" sizes=\"auto, (max-width: 702px) 100vw, 702px\" \/><\/p>\n<p><img loading=\"lazy\" decoding=\"async\" class=\"alignnone wp-image-1845\" src=\"https:\/\/youertejx.com\/wp-content\/uploads\/2024\/12\/BLxqy10-300x295.jpg\" alt=\"\" width=\"701\" height=\"689\" srcset=\"https:\/\/youertejx.com\/wp-content\/uploads\/2024\/12\/BLxqy10-300x295.jpg 300w, https:\/\/youertejx.com\/wp-content\/uploads\/2024\/12\/BLxqy10-12x12.jpg 12w, https:\/\/youertejx.com\/wp-content\/uploads\/2024\/12\/BLxqy10-600x590.jpg 600w, https:\/\/youertejx.com\/wp-content\/uploads\/2024\/12\/BLxqy10.jpg 750w\" sizes=\"auto, (max-width: 701px) 100vw, 701px\" \/><\/p>\n<p>&nbsp;<\/p>\n<p><img loading=\"lazy\" decoding=\"async\" class=\"alignnone wp-image-1847\" src=\"https:\/\/youertejx.com\/wp-content\/uploads\/2024\/12\/BLxqy12-300x239.jpg\" alt=\"\" width=\"668\" height=\"532\" srcset=\"https:\/\/youertejx.com\/wp-content\/uploads\/2024\/12\/BLxqy12-300x239.jpg 300w, https:\/\/youertejx.com\/wp-content\/uploads\/2024\/12\/BLxqy12-15x12.jpg 15w, https:\/\/youertejx.com\/wp-content\/uploads\/2024\/12\/BLxqy12-600x478.jpg 600w, https:\/\/youertejx.com\/wp-content\/uploads\/2024\/12\/BLxqy12.jpg 750w\" sizes=\"auto, (max-width: 668px) 100vw, 668px\" \/><\/p>\n<p><img loading=\"lazy\" decoding=\"async\" class=\"alignnone wp-image-1848\" src=\"https:\/\/youertejx.com\/wp-content\/uploads\/2024\/12\/BLxqy13-300x108.jpg\" alt=\"\" width=\"661\" height=\"238\" srcset=\"https:\/\/youertejx.com\/wp-content\/uploads\/2024\/12\/BLxqy13-300x108.jpg 300w, https:\/\/youertejx.com\/wp-content\/uploads\/2024\/12\/BLxqy13-18x6.jpg 18w, https:\/\/youertejx.com\/wp-content\/uploads\/2024\/12\/BLxqy13-600x215.jpg 600w, https:\/\/youertejx.com\/wp-content\/uploads\/2024\/12\/BLxqy13.jpg 750w\" sizes=\"auto, (max-width: 661px) 100vw, 661px\" \/><\/p>\n<p>&nbsp;<\/p>\n<p>&nbsp;<\/p>\n<p>&nbsp;<\/p>","protected":false},"excerpt":{"rendered":"<p>The self-loading mixer truck uses high-pressure steel wire tires and adopts full hydraulic pilot system. The operation is flexible and efficient, and it is suitable for mountain operation without water shortage. Self-Loading Concrete Mixer *Self loading concrete mixer truck is the combination of concrete mixer truck and cement mixer. Self loading concrete mixer truck can [&hellip;]<\/p>\n","protected":false},"featured_media":1855,"template":"","meta":{"_gspb_post_css":""},"product_brand":[],"product_cat":[46],"product_tag":[],"class_list":{"0":"post-1851","1":"product","2":"type-product","3":"status-publish","4":"has-post-thumbnail","6":"product_cat-concrete-mixer-truck","8":"first","9":"instock","10":"shipping-taxable","11":"product-type-simple"},"_links":{"self":[{"href":"https:\/\/youertejx.com\/it\/wp-json\/wp\/v2\/product\/1851","targetHints":{"allow":["GET"]}}],"collection":[{"href":"https:\/\/youertejx.com\/it\/wp-json\/wp\/v2\/product"}],"about":[{"href":"https:\/\/youertejx.com\/it\/wp-json\/wp\/v2\/types\/product"}],"wp:featuredmedia":[{"embeddable":true,"href":"https:\/\/youertejx.com\/it\/wp-json\/wp\/v2\/media\/1855"}],"wp:attachment":[{"href":"https:\/\/youertejx.com\/it\/wp-json\/wp\/v2\/media?parent=1851"}],"wp:term":[{"taxonomy":"product_brand","embeddable":true,"href":"https:\/\/youertejx.com\/it\/wp-json\/wp\/v2\/product_brand?post=1851"},{"taxonomy":"product_cat","embeddable":true,"href":"https:\/\/youertejx.com\/it\/wp-json\/wp\/v2\/product_cat?post=1851"},{"taxonomy":"product_tag","embeddable":true,"href":"https:\/\/youertejx.com\/it\/wp-json\/wp\/v2\/product_tag?post=1851"}],"curies":[{"name":"wp","href":"https:\/\/api.w.org\/{rel}","templated":true}]}}