{"id":1869,"date":"2024-12-31T03:33:18","date_gmt":"2024-12-31T03:33:18","guid":{"rendered":"https:\/\/youertejx.com\/?post_type=product&#038;p=1869"},"modified":"2025-03-14T02:39:24","modified_gmt":"2025-03-14T02:39:24","slug":"sinotruck-usato-6x4-8x4-ribaltabile-dumper-autocarri-con-cassone-ribaltabile-in-vendita","status":"publish","type":"product","link":"https:\/\/youertejx.com\/it\/product\/sinotruck-used-6x4-8x4-tipper-dumper-dump-trucks-for-sale\/","title":{"rendered":"Autocarri con cassone ribaltabile 6\u00d74 8\u00d74"},"content":{"rendered":"<h5>Autocarri con cassone ribaltabile Hotsale Sinotruck Howo usati 6\u00d74 8\u00d74 in vendita<\/h5>\n<p><iframe loading=\"lazy\" title=\"Autocarri con cassone ribaltabile\" width=\"1500\" height=\"844\" src=\"https:\/\/www.youtube.com\/embed\/hu3KRMhGakc?feature=oembed\" frameborder=\"0\" allow=\"accelerometer; autoplay; clipboard-write; encrypted-media; gyroscope; picture-in-picture; web-share\" referrerpolicy=\"strict-origin-when-cross-origin\" allowfullscreen><\/iframe><\/p>\n<h3><\/h3>\n<p><img loading=\"lazy\" decoding=\"async\" class=\"alignnone wp-image-1875\" src=\"https:\/\/youertejx.com\/wp-content\/uploads\/2024\/12\/Dump-Trucks6-300x111.jpg\" alt=\"\" width=\"749\" height=\"277\" srcset=\"https:\/\/youertejx.com\/wp-content\/uploads\/2024\/12\/Dump-Trucks6-300x111.jpg 300w, https:\/\/youertejx.com\/wp-content\/uploads\/2024\/12\/Dump-Trucks6-18x7.jpg 18w, https:\/\/youertejx.com\/wp-content\/uploads\/2024\/12\/Dump-Trucks6-600x222.jpg 600w, https:\/\/youertejx.com\/wp-content\/uploads\/2024\/12\/Dump-Trucks6.jpg 750w\" sizes=\"auto, (max-width: 749px) 100vw, 749px\" \/><\/p>\n<div class=\"J_module\">\n<div class=\"detail-decorate-json-renderer-container\">\n<div class=\"magic-3\">\n<h3 class=\"magic-4\"><span class=\"magic-5\">Vendiamo tutti i seguenti tipi di camion nuovi e usati<\/span><\/h3>\n<div class=\"magic-6\">\n<div class=\"magic-7\">\n<div class=\"magic-8\"><span class=\"magic-9\">Garantiamo che ogni camion nuovo e usato \u00e8 di alta qualit\u00e0 e offre ottime prestazioni. <\/span><\/div>\n<div class=\"magic-8\"><span class=\"magic-9\">Assicurati che ogni cliente sia soddisfatto. Puoi scegliere il tipo che desideri e noi possiamo personalizzare i dumper <\/span><\/div>\n<div class=\"magic-8\"><span class=\"magic-9\">con pesi e volumi di carico diversi in base alle esigenze del cliente.<\/span><\/div>\n<\/div>\n<\/div>\n<\/div>\n<\/div>\n<\/div>\n<p><img loading=\"lazy\" decoding=\"async\" class=\"alignnone wp-image-1876\" src=\"https:\/\/youertejx.com\/wp-content\/uploads\/2024\/12\/Dump-Trucks7-300x300.jpg\" alt=\"\" width=\"749\" height=\"749\" srcset=\"https:\/\/youertejx.com\/wp-content\/uploads\/2024\/12\/Dump-Trucks7-300x300.jpg 300w, https:\/\/youertejx.com\/wp-content\/uploads\/2024\/12\/Dump-Trucks7-150x150.jpg 150w, https:\/\/youertejx.com\/wp-content\/uploads\/2024\/12\/Dump-Trucks7-12x12.jpg 12w, https:\/\/youertejx.com\/wp-content\/uploads\/2024\/12\/Dump-Trucks7-500x500.jpg 500w, https:\/\/youertejx.com\/wp-content\/uploads\/2024\/12\/Dump-Trucks7-600x600.jpg 600w, https:\/\/youertejx.com\/wp-content\/uploads\/2024\/12\/Dump-Trucks7-100x100.jpg 100w, https:\/\/youertejx.com\/wp-content\/uploads\/2024\/12\/Dump-Trucks7.jpg 750w\" sizes=\"auto, (max-width: 749px) 100vw, 749px\" \/><\/p>\n<p><img loading=\"lazy\" decoding=\"async\" class=\"alignnone wp-image-1878\" src=\"https:\/\/youertejx.com\/wp-content\/uploads\/2024\/12\/Dump-Trucks9-300x300.jpg\" alt=\"\" width=\"747\" height=\"747\" srcset=\"https:\/\/youertejx.com\/wp-content\/uploads\/2024\/12\/Dump-Trucks9-300x300.jpg 300w, https:\/\/youertejx.com\/wp-content\/uploads\/2024\/12\/Dump-Trucks9-150x150.jpg 150w, https:\/\/youertejx.com\/wp-content\/uploads\/2024\/12\/Dump-Trucks9-12x12.jpg 12w, https:\/\/youertejx.com\/wp-content\/uploads\/2024\/12\/Dump-Trucks9-500x500.jpg 500w, https:\/\/youertejx.com\/wp-content\/uploads\/2024\/12\/Dump-Trucks9-600x600.jpg 600w, https:\/\/youertejx.com\/wp-content\/uploads\/2024\/12\/Dump-Trucks9-100x100.jpg 100w, https:\/\/youertejx.com\/wp-content\/uploads\/2024\/12\/Dump-Trucks9.jpg 750w\" sizes=\"auto, (max-width: 747px) 100vw, 747px\" \/><\/p>\n<p><img loading=\"lazy\" decoding=\"async\" class=\"alignnone wp-image-1877\" src=\"https:\/\/youertejx.com\/wp-content\/uploads\/2024\/12\/Dump-Trucks8-300x300.jpg\" alt=\"\" width=\"747\" height=\"747\" srcset=\"https:\/\/youertejx.com\/wp-content\/uploads\/2024\/12\/Dump-Trucks8-300x300.jpg 300w, https:\/\/youertejx.com\/wp-content\/uploads\/2024\/12\/Dump-Trucks8-150x150.jpg 150w, https:\/\/youertejx.com\/wp-content\/uploads\/2024\/12\/Dump-Trucks8-12x12.jpg 12w, https:\/\/youertejx.com\/wp-content\/uploads\/2024\/12\/Dump-Trucks8-500x500.jpg 500w, https:\/\/youertejx.com\/wp-content\/uploads\/2024\/12\/Dump-Trucks8-600x600.jpg 600w, https:\/\/youertejx.com\/wp-content\/uploads\/2024\/12\/Dump-Trucks8-100x100.jpg 100w, https:\/\/youertejx.com\/wp-content\/uploads\/2024\/12\/Dump-Trucks8.jpg 750w\" sizes=\"auto, (max-width: 747px) 100vw, 747px\" \/><\/p>\n<p><img loading=\"lazy\" decoding=\"async\" class=\"alignnone wp-image-1884\" src=\"https:\/\/youertejx.com\/wp-content\/uploads\/2024\/12\/Dump-Trucks14-300x300.jpg\" alt=\"\" width=\"370\" height=\"370\" srcset=\"https:\/\/youertejx.com\/wp-content\/uploads\/2024\/12\/Dump-Trucks14-300x300.jpg 300w, https:\/\/youertejx.com\/wp-content\/uploads\/2024\/12\/Dump-Trucks14-150x150.jpg 150w, https:\/\/youertejx.com\/wp-content\/uploads\/2024\/12\/Dump-Trucks14-12x12.jpg 12w, https:\/\/youertejx.com\/wp-content\/uploads\/2024\/12\/Dump-Trucks14-500x500.jpg 500w, https:\/\/youertejx.com\/wp-content\/uploads\/2024\/12\/Dump-Trucks14-600x600.jpg 600w, https:\/\/youertejx.com\/wp-content\/uploads\/2024\/12\/Dump-Trucks14-100x100.jpg 100w, https:\/\/youertejx.com\/wp-content\/uploads\/2024\/12\/Dump-Trucks14.jpg 750w\" sizes=\"auto, (max-width: 370px) 100vw, 370px\" \/> <img loading=\"lazy\" decoding=\"async\" class=\"alignnone wp-image-1879\" src=\"https:\/\/youertejx.com\/wp-content\/uploads\/2024\/12\/Dump-Trucks10-300x300.jpg\" alt=\"\" width=\"369\" height=\"369\" srcset=\"https:\/\/youertejx.com\/wp-content\/uploads\/2024\/12\/Dump-Trucks10-300x300.jpg 300w, https:\/\/youertejx.com\/wp-content\/uploads\/2024\/12\/Dump-Trucks10-150x150.jpg 150w, https:\/\/youertejx.com\/wp-content\/uploads\/2024\/12\/Dump-Trucks10-12x12.jpg 12w, https:\/\/youertejx.com\/wp-content\/uploads\/2024\/12\/Dump-Trucks10-500x500.jpg 500w, https:\/\/youertejx.com\/wp-content\/uploads\/2024\/12\/Dump-Trucks10-600x600.jpg 600w, https:\/\/youertejx.com\/wp-content\/uploads\/2024\/12\/Dump-Trucks10-100x100.jpg 100w, https:\/\/youertejx.com\/wp-content\/uploads\/2024\/12\/Dump-Trucks10.jpg 750w\" sizes=\"auto, (max-width: 369px) 100vw, 369px\" \/><\/p>\n<p><img loading=\"lazy\" decoding=\"async\" class=\"alignnone wp-image-1880\" src=\"https:\/\/youertejx.com\/wp-content\/uploads\/2024\/12\/Dump-Trucks11-300x133.jpg\" alt=\"\" width=\"760\" height=\"337\" srcset=\"https:\/\/youertejx.com\/wp-content\/uploads\/2024\/12\/Dump-Trucks11-300x133.jpg 300w, https:\/\/youertejx.com\/wp-content\/uploads\/2024\/12\/Dump-Trucks11-18x8.jpg 18w, https:\/\/youertejx.com\/wp-content\/uploads\/2024\/12\/Dump-Trucks11-600x266.jpg 600w, https:\/\/youertejx.com\/wp-content\/uploads\/2024\/12\/Dump-Trucks11.jpg 750w\" sizes=\"auto, (max-width: 760px) 100vw, 760px\" \/><\/p>\n<p><img loading=\"lazy\" decoding=\"async\" class=\"alignnone wp-image-1881\" src=\"https:\/\/youertejx.com\/wp-content\/uploads\/2024\/12\/Dump-Trucks12-300x105.jpg\" alt=\"\" width=\"783\" height=\"274\" srcset=\"https:\/\/youertejx.com\/wp-content\/uploads\/2024\/12\/Dump-Trucks12-300x105.jpg 300w, https:\/\/youertejx.com\/wp-content\/uploads\/2024\/12\/Dump-Trucks12-18x6.jpg 18w, https:\/\/youertejx.com\/wp-content\/uploads\/2024\/12\/Dump-Trucks12-600x210.jpg 600w, https:\/\/youertejx.com\/wp-content\/uploads\/2024\/12\/Dump-Trucks12.jpg 750w\" sizes=\"auto, (max-width: 783px) 100vw, 783px\" \/><\/p>\n<p><b class=\"magic-25\" data-spm-anchor-id=\"a2700.details.0.i71.16e010d6Kain3Y\">I camion con cassone ribaltabile possono essere utilizzati per: trasporto su strada a breve e media distanza, <\/b><\/p>\n<p><b class=\"magic-25\" data-spm-anchor-id=\"a2700.details.0.i71.16e010d6Kain3Y\">Trasporto di miniere di carbone, trasporto di sabbia e trasporto di fanghi urbani<\/b><\/p>\n<p><img loading=\"lazy\" decoding=\"async\" class=\"alignnone wp-image-1882\" src=\"https:\/\/youertejx.com\/wp-content\/uploads\/2024\/12\/Dump-Trucks13-300x168.jpg\" alt=\"\" width=\"743\" height=\"416\" srcset=\"https:\/\/youertejx.com\/wp-content\/uploads\/2024\/12\/Dump-Trucks13-300x168.jpg 300w, https:\/\/youertejx.com\/wp-content\/uploads\/2024\/12\/Dump-Trucks13-18x10.jpg 18w, https:\/\/youertejx.com\/wp-content\/uploads\/2024\/12\/Dump-Trucks13-600x337.jpg 600w, https:\/\/youertejx.com\/wp-content\/uploads\/2024\/12\/Dump-Trucks13.jpg 750w\" sizes=\"auto, (max-width: 743px) 100vw, 743px\" \/><\/p>\n<div class=\"magic-32\">\n<div class=\"magic-24\">\n<div class=\"J_module\">\n<div class=\"detail-decorate-json-renderer-container\">\n<div class=\"magic-3\">\n<div class=\"magic-6\">\n<div class=\"magic-7\">\n<div>\n<table style=\"border-collapse: collapse; width: 745px; height: 134px;\" border=\"0\" width=\"631\" cellspacing=\"0\" cellpadding=\"0\">\n<tbody>\n<tr style=\"height: 13.50pt;\">\n<td class=\"et2\" style=\"height: 13.50pt; width: 156.75pt;\" width=\"209\" height=\"18\">Modello<\/td>\n<td class=\"et2\" style=\"width: 116.25pt;\" width=\"155\">Misurare<\/td>\n<td class=\"et2\" style=\"width: 96.75pt;\" width=\"129\">Peso<\/td>\n<td class=\"et2\" style=\"width: 103.50pt;\" width=\"138\">Carico<\/td>\n<\/tr>\n<tr style=\"height: 13.50pt;\">\n<td class=\"et2\" style=\"height: 13.50pt;\" height=\"18\">Trazione 6\u00d74<\/td>\n<td class=\"et2\">7,2m x 2,55m x 3,1m<\/td>\n<td class=\"et2\">8,8T<\/td>\n<td class=\"et2\">80T<\/td>\n<\/tr>\n<tr style=\"height: 13.50pt;\">\n<td class=\"et2\" style=\"height: 13.50pt;\" height=\"18\">Scarico 6\u00d74<\/td>\n<td class=\"et2\">8,5m x 2,55m x 3,4m<\/td>\n<td class=\"et2\">13T<\/td>\n<td class=\"et2\"><\/td>\n<\/tr>\n<tr style=\"height: 13.50pt;\">\n<td class=\"et2\" style=\"height: 13.50pt;\" height=\"18\">Scarico 8\u00d74<\/td>\n<td class=\"et2\">11,4m x 2,55m x 3,4<\/td>\n<td class=\"et2\">15T<\/td>\n<td class=\"et2\"><\/td>\n<\/tr>\n<\/tbody>\n<\/table>\n<p>&nbsp;<\/p>\n<\/div>\n<div class=\"magic-8\"><span class=\"magic-9\" style=\"color: #2196ed;\">1. Online 24 ore su 24; <\/span><\/div>\n<div class=\"magic-8\"><span class=\"magic-9\" style=\"color: #2196ed;\">2. Personale esperto risponde a tutte le vostre domande; <\/span><\/div>\n<div class=\"magic-8\"><span class=\"magic-9\" style=\"color: #2196ed;\">3. Il design del cliente \u00e8 disponibile per determinati prodotti (OEM); <\/span><\/div>\n<div class=\"magic-8\"><span class=\"magic-9\" style=\"color: #2196ed;\">4. Pezzi di ricambio per tutti i tipi di macchinari a motore a prezzi ragionevoli;<\/span><\/div>\n<div class=\"magic-8\"><span class=\"magic-9\" style=\"color: #2196ed;\"> 5. Possono essere forniti diversi tipi di semirimorchi a prezzi competitivi.<\/span><\/div>\n<div>\n<p><img loading=\"lazy\" decoding=\"async\" class=\"alignnone wp-image-1844\" src=\"https:\/\/youertejx.com\/wp-content\/uploads\/2024\/12\/BLxqy9-212x300.jpg\" alt=\"\" width=\"702\" height=\"993\" srcset=\"https:\/\/youertejx.com\/wp-content\/uploads\/2024\/12\/BLxqy9-212x300.jpg 212w, https:\/\/youertejx.com\/wp-content\/uploads\/2024\/12\/BLxqy9-725x1024.jpg 725w, https:\/\/youertejx.com\/wp-content\/uploads\/2024\/12\/BLxqy9-8x12.jpg 8w\" sizes=\"auto, (max-width: 702px) 100vw, 702px\" \/><\/p>\n<p><img loading=\"lazy\" decoding=\"async\" class=\"alignnone wp-image-1845\" src=\"https:\/\/youertejx.com\/wp-content\/uploads\/2024\/12\/BLxqy10-300x295.jpg\" alt=\"\" width=\"701\" height=\"689\" srcset=\"https:\/\/youertejx.com\/wp-content\/uploads\/2024\/12\/BLxqy10-300x295.jpg 300w, https:\/\/youertejx.com\/wp-content\/uploads\/2024\/12\/BLxqy10-12x12.jpg 12w, https:\/\/youertejx.com\/wp-content\/uploads\/2024\/12\/BLxqy10-600x590.jpg 600w, https:\/\/youertejx.com\/wp-content\/uploads\/2024\/12\/BLxqy10.jpg 750w\" sizes=\"auto, (max-width: 701px) 100vw, 701px\" \/><\/p>\n<p>&nbsp;<\/p>\n<p><img loading=\"lazy\" decoding=\"async\" class=\"alignnone wp-image-1847\" src=\"https:\/\/youertejx.com\/wp-content\/uploads\/2024\/12\/BLxqy12-300x239.jpg\" alt=\"\" width=\"668\" height=\"532\" srcset=\"https:\/\/youertejx.com\/wp-content\/uploads\/2024\/12\/BLxqy12-300x239.jpg 300w, https:\/\/youertejx.com\/wp-content\/uploads\/2024\/12\/BLxqy12-15x12.jpg 15w, https:\/\/youertejx.com\/wp-content\/uploads\/2024\/12\/BLxqy12-600x478.jpg 600w, https:\/\/youertejx.com\/wp-content\/uploads\/2024\/12\/BLxqy12.jpg 750w\" sizes=\"auto, (max-width: 668px) 100vw, 668px\" \/><\/p>\n<p><img loading=\"lazy\" decoding=\"async\" class=\"alignnone wp-image-1848\" src=\"https:\/\/youertejx.com\/wp-content\/uploads\/2024\/12\/BLxqy13-300x108.jpg\" alt=\"\" width=\"661\" height=\"238\" srcset=\"https:\/\/youertejx.com\/wp-content\/uploads\/2024\/12\/BLxqy13-300x108.jpg 300w, https:\/\/youertejx.com\/wp-content\/uploads\/2024\/12\/BLxqy13-18x6.jpg 18w, https:\/\/youertejx.com\/wp-content\/uploads\/2024\/12\/BLxqy13-600x215.jpg 600w, https:\/\/youertejx.com\/wp-content\/uploads\/2024\/12\/BLxqy13.jpg 750w\" sizes=\"auto, (max-width: 661px) 100vw, 661px\" \/><\/p>\n<\/div>\n<\/div>\n<\/div>\n<\/div>\n<\/div>\n<\/div>\n<div class=\"J_module\">\n<div class=\"icbu-pc-detailSellerRecommend magic-33 J_module\" data-magic=\" \" data-magic-status=\"done\">\n<div class=\"icbu-pc-detailSellerRecommend\" data-reactroot=\"\">\n<div><\/div>\n<\/div>\n<\/div>\n<\/div>\n<\/div>\n<\/div>","protected":false},"excerpt":{"rendered":"<p>Hotsale Sinotruck Howo Brand Used 6&#215;4 8&#215;4 Tipper Dumper Dump Trucks for Sale We sell all the following types of new and used trucks We guarantee that every new truck and used truck has high quality and good performance. Ensure that every customer is satisfied. You can choose the type you want, and we can [&hellip;]<\/p>\n","protected":false},"featured_media":1870,"template":"","meta":{"_gspb_post_css":""},"product_brand":[],"product_cat":[49],"product_tag":[],"class_list":{"0":"post-1869","1":"product","2":"type-product","3":"status-publish","4":"has-post-thumbnail","6":"product_cat-dump-trucks","8":"first","9":"instock","10":"shipping-taxable","11":"product-type-simple"},"_links":{"self":[{"href":"https:\/\/youertejx.com\/it\/wp-json\/wp\/v2\/product\/1869","targetHints":{"allow":["GET"]}}],"collection":[{"href":"https:\/\/youertejx.com\/it\/wp-json\/wp\/v2\/product"}],"about":[{"href":"https:\/\/youertejx.com\/it\/wp-json\/wp\/v2\/types\/product"}],"wp:featuredmedia":[{"embeddable":true,"href":"https:\/\/youertejx.com\/it\/wp-json\/wp\/v2\/media\/1870"}],"wp:attachment":[{"href":"https:\/\/youertejx.com\/it\/wp-json\/wp\/v2\/media?parent=1869"}],"wp:term":[{"taxonomy":"product_brand","embeddable":true,"href":"https:\/\/youertejx.com\/it\/wp-json\/wp\/v2\/product_brand?post=1869"},{"taxonomy":"product_cat","embeddable":true,"href":"https:\/\/youertejx.com\/it\/wp-json\/wp\/v2\/product_cat?post=1869"},{"taxonomy":"product_tag","embeddable":true,"href":"https:\/\/youertejx.com\/it\/wp-json\/wp\/v2\/product_tag?post=1869"}],"curies":[{"name":"wp","href":"https:\/\/api.w.org\/{rel}","templated":true}]}}