{"id":2007,"date":"2025-01-03T07:29:42","date_gmt":"2025-01-03T07:29:42","guid":{"rendered":"https:\/\/youertejx.com\/?post_type=product&#038;p=2007"},"modified":"2025-03-27T08:18:15","modified_gmt":"2025-03-27T08:18:15","slug":"forche-per-carrelli-elevatori-1-5ton-in-vendita","status":"publish","type":"product","link":"https:\/\/youertejx.com\/it\/product\/forklift-forks-1-5ton-for-sale\/","title":{"rendered":"Carrello elevatore elettrico da 1,5 tonnellate"},"content":{"rendered":"<h3><span style=\"color: #123596;\"><strong>COSA POSSONO FARE PER TE I NOSTRI PRODOTTI?<\/strong><\/span><\/h3>\n<p>Il carrello elevatore elettrico da 1,5 tonnellate \u00e8 progettato per una movimentazione efficiente dei materiali. Il suo sistema di trazione elettrica consente di risparmiare manodopera ed \u00e8 ecologico, senza emissioni di gas di scarico, rendendolo particolarmente adatto alle operazioni in ambienti chiusi. Dotato di comandi semplici e intuitivi, gli operatori possono iniziare a lavorare rapidamente, riducendo i costi di formazione. Allo stesso tempo, offre prestazioni di sterzata flessibili e un raggio di sterzata ridotto, che lo rendono facile da spostare e manovrare in corridoi stretti di magazzino, officine affollate e altri spazi.<\/p>\n<ul>\n<li>Potenza elevata: motore di sollevamento da 3 kW, gestisce facilmente un carico nominale di 1500 kg, funzionamento efficiente.<\/li>\n<li>Controllo flessibile: il raggio di sterzata minimo \u00e8 di soli 2020 mm e pu\u00f2 sterzare con flessibilit\u00e0 in spazi ristretti, con un funzionamento comodo.<\/li>\n<li>Sollevamento eccellente: altezza di sollevamento di 3000 mm, velocit\u00e0 di sollevamento di 120 mm\/s, per soddisfare diverse esigenze di carico e scarico.<\/li>\n<li>Stabile e sicuro: angolo di inclinazione del montante di 25\u00b0, abbinato a un passo ragionevole, per garantire la stabilit\u00e0 operativa.<\/li>\n<li>Adattamento delle specifiche: specifiche delle ruote anteriori 650 \u2013 10 con passo da 1560 mm, adatte a varie condizioni di lavoro e superfici stradali.<\/li>\n<\/ul>\n<p><iframe loading=\"lazy\" title=\"Lettore video di YouTube\" src=\"https:\/\/www.youtube.com\/embed\/DkSAd_A3RK0?si=rdcVV0LMqEHwVtnF\" width=\"750\" height=\"421\" frameborder=\"0\" allowfullscreen=\"allowfullscreen\"><\/iframe><\/p>\n<h3><span style=\"color: #123596;\"><strong>CERTIFICAZIONE<\/strong><\/span><\/h3>\n<p><img loading=\"lazy\" decoding=\"async\" class=\"alignnone size-full wp-image-2397\" src=\"https:\/\/youertejx.com\/wp-content\/uploads\/2025\/01\/\u5fae\u4fe1\u56fe\u7247_20250322153012.jpg\" alt=\"\" width=\"750\" height=\"688\" srcset=\"https:\/\/youertejx.com\/wp-content\/uploads\/2025\/01\/\u5fae\u4fe1\u56fe\u7247_20250322153012.jpg 750w, https:\/\/youertejx.com\/wp-content\/uploads\/2025\/01\/\u5fae\u4fe1\u56fe\u7247_20250322153012-300x275.jpg 300w, https:\/\/youertejx.com\/wp-content\/uploads\/2025\/01\/\u5fae\u4fe1\u56fe\u7247_20250322153012-13x12.jpg 13w, https:\/\/youertejx.com\/wp-content\/uploads\/2025\/01\/\u5fae\u4fe1\u56fe\u7247_20250322153012-600x550.jpg 600w\" sizes=\"auto, (max-width: 750px) 100vw, 750px\" \/><\/p>\n<h3><span style=\"color: #123596;\"><strong>FABBRICA<\/strong><\/span><\/h3>\n<p><img loading=\"lazy\" decoding=\"async\" class=\"alignnone size-full wp-image-2400\" src=\"https:\/\/youertejx.com\/wp-content\/uploads\/2025\/03\/\u5fae\u4fe1\u56fe\u7247_20250322155120.jpg\" alt=\"\" width=\"750\" height=\"556\" srcset=\"https:\/\/youertejx.com\/wp-content\/uploads\/2025\/03\/\u5fae\u4fe1\u56fe\u7247_20250322155120.jpg 750w, https:\/\/youertejx.com\/wp-content\/uploads\/2025\/03\/\u5fae\u4fe1\u56fe\u7247_20250322155120-300x222.jpg 300w, https:\/\/youertejx.com\/wp-content\/uploads\/2025\/03\/\u5fae\u4fe1\u56fe\u7247_20250322155120-16x12.jpg 16w, https:\/\/youertejx.com\/wp-content\/uploads\/2025\/03\/\u5fae\u4fe1\u56fe\u7247_20250322155120-600x445.jpg 600w\" sizes=\"auto, (max-width: 750px) 100vw, 750px\" \/><\/p>\n<p><img loading=\"lazy\" decoding=\"async\" class=\"alignnone size-full wp-image-2401\" src=\"https:\/\/youertejx.com\/wp-content\/uploads\/2025\/01\/\u5fae\u4fe1\u56fe\u7247_20250322144247-1.jpg\" alt=\"\" width=\"750\" height=\"597\" srcset=\"https:\/\/youertejx.com\/wp-content\/uploads\/2025\/01\/\u5fae\u4fe1\u56fe\u7247_20250322144247-1.jpg 750w, https:\/\/youertejx.com\/wp-content\/uploads\/2025\/01\/\u5fae\u4fe1\u56fe\u7247_20250322144247-1-300x239.jpg 300w, https:\/\/youertejx.com\/wp-content\/uploads\/2025\/01\/\u5fae\u4fe1\u56fe\u7247_20250322144247-1-15x12.jpg 15w, https:\/\/youertejx.com\/wp-content\/uploads\/2025\/01\/\u5fae\u4fe1\u56fe\u7247_20250322144247-1-600x478.jpg 600w\" sizes=\"auto, (max-width: 750px) 100vw, 750px\" \/><\/p>\n<h3><span style=\"color: #123596;\"><strong>I NOSTRI SERVIZI<\/strong><\/span><\/h3>\n<ul>\n<li>Abbiamo una rigorosa garanzia post-vendita. Se le parti vengono danneggiate durante il trasporto, possiamo fornirle gratuitamente. Allo stesso tempo, forniremo un servizio post-vendita per i nostri prodotti entro un anno.<\/li>\n<li>Prima di lasciare la fabbrica, possiamo effettuare un servizio video per garantire la qualit\u00e0 del prodotto.<\/li>\n<li>Supportiamo colori personalizzati e marchi di prodotti, e possiamo sviluppare prodotti diversi in base alle esigenze dei diversi clienti.<\/li>\n<li>I nostri carrelli elevatori elettrici hanno superato la certificazione CE e soddisfano gli standard europei e americani.<\/li>\n<li>Le forcelle e le cassette degli attrezzi vengono aggiunte gratuitamente e la stazione di ricarica pu\u00f2 scegliere la spina.<\/li>\n<\/ul>","protected":false},"excerpt":{"rendered":"<p>WHAT CAN OUR PRODUCTS DO FOR YOU? The 1.5-ton electric forklift is designed for efficient material handling. Its electric drive system is labor-saving and environmentally friendly, with no exhaust emissions, making it particularly suitable for indoor operations. Equipped with simple and intuitive controls, operators can quickly get started, reducing training costs. At the same time, [&hellip;]<\/p>\n","protected":false},"featured_media":2395,"template":"","meta":{"_gspb_post_css":""},"product_brand":[],"product_cat":[34,32],"product_tag":[],"class_list":{"0":"post-2007","1":"product","2":"type-product","3":"status-publish","4":"has-post-thumbnail","6":"product_cat-cpd-15","7":"product_cat-electric-forklift","9":"first","10":"instock","11":"shipping-taxable","12":"product-type-simple"},"_links":{"self":[{"href":"https:\/\/youertejx.com\/it\/wp-json\/wp\/v2\/product\/2007","targetHints":{"allow":["GET"]}}],"collection":[{"href":"https:\/\/youertejx.com\/it\/wp-json\/wp\/v2\/product"}],"about":[{"href":"https:\/\/youertejx.com\/it\/wp-json\/wp\/v2\/types\/product"}],"wp:featuredmedia":[{"embeddable":true,"href":"https:\/\/youertejx.com\/it\/wp-json\/wp\/v2\/media\/2395"}],"wp:attachment":[{"href":"https:\/\/youertejx.com\/it\/wp-json\/wp\/v2\/media?parent=2007"}],"wp:term":[{"taxonomy":"product_brand","embeddable":true,"href":"https:\/\/youertejx.com\/it\/wp-json\/wp\/v2\/product_brand?post=2007"},{"taxonomy":"product_cat","embeddable":true,"href":"https:\/\/youertejx.com\/it\/wp-json\/wp\/v2\/product_cat?post=2007"},{"taxonomy":"product_tag","embeddable":true,"href":"https:\/\/youertejx.com\/it\/wp-json\/wp\/v2\/product_tag?post=2007"}],"curies":[{"name":"wp","href":"https:\/\/api.w.org\/{rel}","templated":true}]}}