{"id":2044,"date":"2025-01-03T08:52:11","date_gmt":"2025-01-03T08:52:11","guid":{"rendered":"https:\/\/youertejx.com\/?post_type=product&#038;p=2044"},"modified":"2025-03-27T08:01:51","modified_gmt":"2025-03-27T08:01:51","slug":"carrello-elevatore-elettrico-da-35-tonnellate","status":"publish","type":"product","link":"https:\/\/youertejx.com\/it\/product\/electric-lift-truck-3-5ton\/","title":{"rendered":"Carrello elevatore elettrico da 3,5 tonnellate"},"content":{"rendered":"<h3><span style=\"color: #123596;\">Caratteristiche del prodotto<\/span><\/h3>\n<ul>\n<li>Il volante ergonomico dal diametro ridotto e con inclinazione regolabile risulta piacevole per il conducente.<\/li>\n<li>Elevata efficienza del sistema, funzioni di protezione complete, sensore di velocit\u00e0 integrato, sensore di temperatura, affidabilit\u00e0 e durata.<\/li>\n<li>Il design compatto della carrozzeria e il sistema di sterzo a induzione fluido del carico garantiscono un raggio di sterzata ridotto, che consente l&#039;utilizzo in corsie di stoccaggio strette.<\/li>\n<li>Le parti di rivestimento sono tutte realizzate in metallo stampato in un unico pezzo, belle e pratiche, solide e affidabili.<\/li>\n<li>Grazie al design di nuova concezione, non \u00e8 pi\u00f9 necessario appendere la batteria allo spazio superiore della protezione del tetto e la batteria pu\u00f2 essere sostituita rapidamente.<\/li>\n<\/ul>\n<p><iframe loading=\"lazy\" title=\"Lettore video di YouTube\" src=\"https:\/\/www.youtube.com\/embed\/ark9w9J-0pw?si=9IMFxCZL-wjG1c0a\" width=\"750\" height=\"421\" frameborder=\"0\" allowfullscreen=\"allowfullscreen\"><\/iframe><\/p>\n<h3><span style=\"color: #123596;\"><strong>CERTIFICAZIONE<\/strong><\/span><\/h3>\n<p><img loading=\"lazy\" decoding=\"async\" class=\"alignnone size-full wp-image-2397\" src=\"https:\/\/youertejx.com\/wp-content\/uploads\/2025\/01\/%E5%BE%AE%E4%BF%A1%E5%9B%BE%E7%89%87_20250322153012.jpg\" sizes=\"auto, (max-width: 750px) 100vw, 750px\" srcset=\"https:\/\/youertejx.com\/wp-content\/uploads\/2025\/01\/\u5fae\u4fe1\u56fe\u7247_20250322153012.jpg.webp 750w, https:\/\/youertejx.com\/wp-content\/uploads\/2025\/01\/\u5fae\u4fe1\u56fe\u7247_20250322153012-300x275.jpg.webp 300w, https:\/\/youertejx.com\/wp-content\/uploads\/2025\/01\/\u5fae\u4fe1\u56fe\u7247_20250322153012-13x12.jpg.webp 13w, https:\/\/youertejx.com\/wp-content\/uploads\/2025\/01\/\u5fae\u4fe1\u56fe\u7247_20250322153012-600x550.jpg.webp 600w\" alt=\"\" width=\"750\" height=\"688\" \/><\/p>\n<h3><span style=\"color: #123596;\"><strong>FABBRICA<\/strong><\/span><\/h3>\n<p><img loading=\"lazy\" decoding=\"async\" class=\"alignnone size-full wp-image-2400\" src=\"https:\/\/youertejx.com\/wp-content\/uploads\/2025\/03\/%E5%BE%AE%E4%BF%A1%E5%9B%BE%E7%89%87_20250322155120.jpg\" sizes=\"auto, (max-width: 750px) 100vw, 750px\" srcset=\"https:\/\/youertejx.com\/wp-content\/uploads\/2025\/03\/\u5fae\u4fe1\u56fe\u7247_20250322155120.jpg.webp 750w, https:\/\/youertejx.com\/wp-content\/uploads\/2025\/03\/\u5fae\u4fe1\u56fe\u7247_20250322155120-300x222.jpg.webp 300w, https:\/\/youertejx.com\/wp-content\/uploads\/2025\/03\/\u5fae\u4fe1\u56fe\u7247_20250322155120-16x12.jpg.webp 16w, https:\/\/youertejx.com\/wp-content\/uploads\/2025\/03\/\u5fae\u4fe1\u56fe\u7247_20250322155120-600x445.jpg.webp 600w\" alt=\"\" width=\"750\" height=\"556\" \/><\/p>\n<p><img loading=\"lazy\" decoding=\"async\" class=\"alignnone size-full wp-image-2401\" src=\"https:\/\/youertejx.com\/wp-content\/uploads\/2025\/01\/%E5%BE%AE%E4%BF%A1%E5%9B%BE%E7%89%87_20250322144247-1.jpg\" sizes=\"auto, (max-width: 750px) 100vw, 750px\" srcset=\"https:\/\/youertejx.com\/wp-content\/uploads\/2025\/01\/\u5fae\u4fe1\u56fe\u7247_20250322144247-1.jpg.webp 750w, https:\/\/youertejx.com\/wp-content\/uploads\/2025\/01\/\u5fae\u4fe1\u56fe\u7247_20250322144247-1-300x239.jpg.webp 300w, https:\/\/youertejx.com\/wp-content\/uploads\/2025\/01\/\u5fae\u4fe1\u56fe\u7247_20250322144247-1-15x12.jpg.webp 15w, https:\/\/youertejx.com\/wp-content\/uploads\/2025\/01\/\u5fae\u4fe1\u56fe\u7247_20250322144247-1-600x478.jpg.webp 600w\" alt=\"\" width=\"750\" height=\"597\" \/><\/p>\n<h3><span style=\"color: #123596;\"><strong>I NOSTRI SERVIZI<\/strong><\/span><\/h3>\n<ul>\n<li>Abbiamo una rigorosa garanzia post-vendita. Se le parti vengono danneggiate durante il trasporto, possiamo fornirle gratuitamente. Allo stesso tempo, forniremo un servizio post-vendita per i nostri prodotti entro un anno.<\/li>\n<li>Prima di lasciare la fabbrica, possiamo effettuare un servizio video per garantire la qualit\u00e0 del prodotto.<\/li>\n<li>Supportiamo colori personalizzati e marchi di prodotti, e possiamo sviluppare prodotti diversi in base alle esigenze dei diversi clienti.<\/li>\n<li>I nostri carrelli elevatori elettrici hanno superato la certificazione CE e soddisfano gli standard europei e americani.<\/li>\n<li>Le forcelle e le cassette degli attrezzi vengono aggiunte gratuitamente e la stazione di ricarica pu\u00f2 scegliere la spina.<\/li>\n<\/ul>\n<div class=\"J_module\">\n<div class=\"detail-decorate-json-renderer-container\">\n<div class=\"magic-3\">\n<div class=\"magic-6\">\n<div class=\"magic-7\">\n<div>\n<p>&nbsp;<\/p>\n<\/div>\n<\/div>\n<\/div>\n<\/div>\n<\/div>\n<\/div>","protected":false},"excerpt":{"rendered":"<p>Product Features Ergonomically designed small-diameter steering wheel with adjustable inclination feels good to the driver. High system efficiency, complete protection functions, built-in speed sensor, temperature sensor, reliability and service life. The compact body design and the smooth cargo induction steering system have a small turning radius, which can work in narrow storage lanes. Covering parts [&hellip;]<\/p>\n","protected":false},"featured_media":2466,"template":"","meta":{"_gspb_post_css":""},"product_brand":[],"product_cat":[38,32],"product_tag":[],"class_list":{"0":"post-2044","1":"product","2":"type-product","3":"status-publish","4":"has-post-thumbnail","6":"product_cat-cpd-35","7":"product_cat-electric-forklift","9":"first","10":"instock","11":"shipping-taxable","12":"product-type-simple"},"_links":{"self":[{"href":"https:\/\/youertejx.com\/it\/wp-json\/wp\/v2\/product\/2044","targetHints":{"allow":["GET"]}}],"collection":[{"href":"https:\/\/youertejx.com\/it\/wp-json\/wp\/v2\/product"}],"about":[{"href":"https:\/\/youertejx.com\/it\/wp-json\/wp\/v2\/types\/product"}],"wp:featuredmedia":[{"embeddable":true,"href":"https:\/\/youertejx.com\/it\/wp-json\/wp\/v2\/media\/2466"}],"wp:attachment":[{"href":"https:\/\/youertejx.com\/it\/wp-json\/wp\/v2\/media?parent=2044"}],"wp:term":[{"taxonomy":"product_brand","embeddable":true,"href":"https:\/\/youertejx.com\/it\/wp-json\/wp\/v2\/product_brand?post=2044"},{"taxonomy":"product_cat","embeddable":true,"href":"https:\/\/youertejx.com\/it\/wp-json\/wp\/v2\/product_cat?post=2044"},{"taxonomy":"product_tag","embeddable":true,"href":"https:\/\/youertejx.com\/it\/wp-json\/wp\/v2\/product_tag?post=2044"}],"curies":[{"name":"wp","href":"https:\/\/api.w.org\/{rel}","templated":true}]}}