{"id":2050,"date":"2025-01-03T09:14:50","date_gmt":"2025-01-03T09:14:50","guid":{"rendered":"https:\/\/youertejx.com\/?post_type=product&#038;p=2050"},"modified":"2025-03-27T07:45:43","modified_gmt":"2025-03-27T07:45:43","slug":"carrello-elevatore-elettrico-da-4-tonnellate","status":"publish","type":"product","link":"https:\/\/youertejx.com\/it\/product\/electric-forklift-4ton\/","title":{"rendered":"Carrello elevatore elettrico da 4 tonnellate"},"content":{"rendered":"<h3><span style=\"color: #123596;\">Caratteristiche del prodotto<\/span><\/h3>\n<ul>\n<li>Il sistema \u00e8 altamente efficiente, offre funzioni di protezione complete ed \u00e8 dotato di sensori di rilevamento della velocit\u00e0 e della temperatura, il che ne migliora notevolmente l&#039;affidabilit\u00e0 e la durata.<\/li>\n<li>Il cofano completamente aperto, la batteria, il motore, il controller, ecc. sono posizionati in modo ragionevole e semplice.<\/li>\n<li>I principali componenti elettrici sono tutti prodotti di marchi noti, con prestazioni stabili e qualit\u00e0 affidabile.<\/li>\n<li>Dotato di un sistema avanzato di rigenerazione dell&#039;energia, risparmio energetico ed elevata efficienza, batteria a lunga durata.<\/li>\n<\/ul>\n<p><iframe loading=\"lazy\" title=\"Lettore video di YouTube\" src=\"https:\/\/www.youtube.com\/embed\/whcudO_tzXg?si=TE4Qs5ChByu_fLJF\" width=\"750\" height=\"421\" frameborder=\"0\" allowfullscreen=\"allowfullscreen\"><\/iframe><\/p>\n<h3><span style=\"color: #123596;\"><strong>CERTIFICAZIONE<\/strong><\/span><\/h3>\n<p><img loading=\"lazy\" decoding=\"async\" class=\"alignnone size-full wp-image-2397\" src=\"https:\/\/youertejx.com\/wp-content\/uploads\/2025\/01\/%E5%BE%AE%E4%BF%A1%E5%9B%BE%E7%89%87_20250322153012.jpg\" sizes=\"auto, (max-width: 750px) 100vw, 750px\" srcset=\"https:\/\/youertejx.com\/wp-content\/uploads\/2025\/01\/\u5fae\u4fe1\u56fe\u7247_20250322153012.jpg.webp 750w, https:\/\/youertejx.com\/wp-content\/uploads\/2025\/01\/\u5fae\u4fe1\u56fe\u7247_20250322153012-300x275.jpg.webp 300w, https:\/\/youertejx.com\/wp-content\/uploads\/2025\/01\/\u5fae\u4fe1\u56fe\u7247_20250322153012-13x12.jpg.webp 13w, https:\/\/youertejx.com\/wp-content\/uploads\/2025\/01\/\u5fae\u4fe1\u56fe\u7247_20250322153012-600x550.jpg.webp 600w\" alt=\"\" width=\"750\" height=\"688\" \/><\/p>\n<h3><span style=\"color: #123596;\"><strong>FABBRICA<\/strong><\/span><\/h3>\n<p><img loading=\"lazy\" decoding=\"async\" class=\"alignnone size-full wp-image-2400\" src=\"https:\/\/youertejx.com\/wp-content\/uploads\/2025\/03\/%E5%BE%AE%E4%BF%A1%E5%9B%BE%E7%89%87_20250322155120.jpg\" sizes=\"auto, (max-width: 750px) 100vw, 750px\" srcset=\"https:\/\/youertejx.com\/wp-content\/uploads\/2025\/03\/\u5fae\u4fe1\u56fe\u7247_20250322155120.jpg.webp 750w, https:\/\/youertejx.com\/wp-content\/uploads\/2025\/03\/\u5fae\u4fe1\u56fe\u7247_20250322155120-300x222.jpg.webp 300w, https:\/\/youertejx.com\/wp-content\/uploads\/2025\/03\/\u5fae\u4fe1\u56fe\u7247_20250322155120-16x12.jpg.webp 16w, https:\/\/youertejx.com\/wp-content\/uploads\/2025\/03\/\u5fae\u4fe1\u56fe\u7247_20250322155120-600x445.jpg.webp 600w\" alt=\"\" width=\"750\" height=\"556\" \/><\/p>\n<p><img loading=\"lazy\" decoding=\"async\" class=\"alignnone size-full wp-image-2401\" src=\"https:\/\/youertejx.com\/wp-content\/uploads\/2025\/01\/%E5%BE%AE%E4%BF%A1%E5%9B%BE%E7%89%87_20250322144247-1.jpg\" sizes=\"auto, (max-width: 750px) 100vw, 750px\" srcset=\"https:\/\/youertejx.com\/wp-content\/uploads\/2025\/01\/\u5fae\u4fe1\u56fe\u7247_20250322144247-1.jpg.webp 750w, https:\/\/youertejx.com\/wp-content\/uploads\/2025\/01\/\u5fae\u4fe1\u56fe\u7247_20250322144247-1-300x239.jpg.webp 300w, https:\/\/youertejx.com\/wp-content\/uploads\/2025\/01\/\u5fae\u4fe1\u56fe\u7247_20250322144247-1-15x12.jpg.webp 15w, https:\/\/youertejx.com\/wp-content\/uploads\/2025\/01\/\u5fae\u4fe1\u56fe\u7247_20250322144247-1-600x478.jpg.webp 600w\" alt=\"\" width=\"750\" height=\"597\" \/><\/p>\n<h3><span style=\"color: #123596;\"><strong>I NOSTRI SERVIZI<\/strong><\/span><\/h3>\n<ul>\n<li>Abbiamo una rigorosa garanzia post-vendita. Se le parti vengono danneggiate durante il trasporto, possiamo fornirle gratuitamente. Allo stesso tempo, forniremo un servizio post-vendita per i nostri prodotti entro un anno.<\/li>\n<li>Prima di lasciare la fabbrica, possiamo effettuare un servizio video per garantire la qualit\u00e0 del prodotto.<\/li>\n<li>Supportiamo colori personalizzati e marchi di prodotti, e possiamo sviluppare prodotti diversi in base alle esigenze dei diversi clienti.<\/li>\n<li>I nostri carrelli elevatori elettrici hanno superato la certificazione CE e soddisfano gli standard europei e americani.<\/li>\n<li>Le forcelle e le cassette degli attrezzi vengono aggiunte gratuitamente e la stazione di ricarica pu\u00f2 scegliere la spina.<\/li>\n<\/ul>","protected":false},"excerpt":{"rendered":"<p>Product Features The system has high efficiency, complete protection functions, and comes with speed sensing and temperature sensors, which greatly improves reliability and life. The full-open hood, battery, motor, controller, etc. are located ina reasonable position and easy. The main electrical components are all well-known brandproducts, with stable performance and reliable quality. Equipped with advanced [&hellip;]<\/p>\n","protected":false},"featured_media":2475,"template":"","meta":{"_gspb_post_css":""},"product_brand":[],"product_cat":[39,32],"product_tag":[],"class_list":{"0":"post-2050","1":"product","2":"type-product","3":"status-publish","4":"has-post-thumbnail","6":"product_cat-cpd-40","7":"product_cat-electric-forklift","9":"first","10":"instock","11":"shipping-taxable","12":"product-type-simple"},"_links":{"self":[{"href":"https:\/\/youertejx.com\/it\/wp-json\/wp\/v2\/product\/2050","targetHints":{"allow":["GET"]}}],"collection":[{"href":"https:\/\/youertejx.com\/it\/wp-json\/wp\/v2\/product"}],"about":[{"href":"https:\/\/youertejx.com\/it\/wp-json\/wp\/v2\/types\/product"}],"wp:featuredmedia":[{"embeddable":true,"href":"https:\/\/youertejx.com\/it\/wp-json\/wp\/v2\/media\/2475"}],"wp:attachment":[{"href":"https:\/\/youertejx.com\/it\/wp-json\/wp\/v2\/media?parent=2050"}],"wp:term":[{"taxonomy":"product_brand","embeddable":true,"href":"https:\/\/youertejx.com\/it\/wp-json\/wp\/v2\/product_brand?post=2050"},{"taxonomy":"product_cat","embeddable":true,"href":"https:\/\/youertejx.com\/it\/wp-json\/wp\/v2\/product_cat?post=2050"},{"taxonomy":"product_tag","embeddable":true,"href":"https:\/\/youertejx.com\/it\/wp-json\/wp\/v2\/product_tag?post=2050"}],"curies":[{"name":"wp","href":"https:\/\/api.w.org\/{rel}","templated":true}]}}