{"id":2121,"date":"2025-01-07T02:41:35","date_gmt":"2025-01-07T02:41:35","guid":{"rendered":"https:\/\/youertejx.com\/?post_type=product&#038;p=2121"},"modified":"2025-03-27T03:45:54","modified_gmt":"2025-03-27T03:45:54","slug":"mini-escavatore-u30-chiese-mini-escavatore","status":"publish","type":"product","link":"https:\/\/youertejx.com\/it\/product\/mini-excavator-u30-chiese-mini-excavator\/","title":{"rendered":"Miniescavatore da 3 tonnellate"},"content":{"rendered":"<div id=\"features\" class=\"anchor_container\">\n<div class=\"anchor_detail_title\">\n<h3><span style=\"color: #123596;\">Caratteristiche<\/span><\/h3>\n<\/div>\n<\/div>\n<div class=\"features_item\">\n<ul class=\"info\">\n<li class=\"\"><span class=\"text\">Adotta il motore Laidong, \u00e8 dotato di cabina ed \u00e8 adatto a tutti i tipi di condizioni atmosferiche.<\/span>\n<div class=\"clear\"><\/div>\n<\/li>\n<li class=\"\"><span class=\"text\">Il funzionamento meccanico standard pu\u00f2 essere dotato di un funzionamento pilota idraulico, componenti idraulici importati e di joint venture, leggeri e flessibili nel funzionamento, morbidi nell&#039;azione e in grado di garantire un funzionamento preciso.<\/span>\n<div class=\"clear\"><\/div>\n<\/li>\n<li class=\"\"><span class=\"text\">Telaio ultra stabile, riduttore di traslazione su larga scala con potente forza motrice e la flessione del braccio collegata possono essere utilizzati per scavi laterali ad angolo, adatti per un funzionamento sicuro in spazi ristretti.<\/span>\n<div class=\"clear\"><\/div>\n<\/li>\n<li class=\"\"><span class=\"text\">Rispetto allo stesso livello, le dimensioni sono state allungate (profondit\u00e0 di scavo e altezza di scarico) e la piattaforma girevole \u00e8 stata ingrandita (ottimizzando i difetti dei vecchi denti).<\/span>\n<div class=\"clear\"><\/div>\n<\/li>\n<li class=\"\"><span class=\"text\">Allargamento dei telai superiore e inferiore (il passo pi\u00f9 ampio della piastra inferiore aumenta la stabilit\u00e0 e la disposizione della piastra superiore \u00e8 libera per consentire la manutenzione).<\/span>\n<div class=\"clear\"><\/div>\n<\/li>\n<li class=\"\"><span class=\"text\">Ingrandimento della cinghia del cingolo (la superficie della cinghia \u00e8 ampia e antiscivolo, i denti interni sono rialzati e la cinghia non cade facilmente) e ingrandimento del sistema di camminata (miglioramento della forza di salita).<\/span>\n<div class=\"clear\"><\/div>\n<\/li>\n<li class=\"\"><span class=\"text\">La copertura completa anti-sovraccarico (la copertura della macchina, il capannone e il serbatoio del carburante sono galvanizzati e antiruggine, non si arrugginiscono facilmente nei giorni di pioggia e il serbatoio del carburante \u00e8 pi\u00f9 pulito) \u00e8 pi\u00f9 spessa, pi\u00f9 economica e pi\u00f9 applicabile.<\/span>\n<div class=\"clear\"><\/div>\n<\/li>\n<li class=\"\"><span class=\"text\">Condotte ausiliarie standard, \u00e8 possibile configurare vari dispositivi ausiliari.<\/span><\/li>\n<\/ul>\n<p><iframe loading=\"lazy\" title=\"Lettore video di YouTube\" src=\"https:\/\/www.youtube.com\/embed\/zuhz0lMcljY?si=VwPzl5eLGela4Avr\" width=\"750\" height=\"421\" frameborder=\"0\" allowfullscreen=\"allowfullscreen\"><\/iframe>\n<\/div>\n<h3><span style=\"color: #123596;\"><strong>CERTIFICAZIONE<\/strong><\/span><\/h3>\n<p><img loading=\"lazy\" decoding=\"async\" class=\"alignnone size-full wp-image-2397\" src=\"https:\/\/youertejx.com\/wp-content\/uploads\/2025\/01\/%E5%BE%AE%E4%BF%A1%E5%9B%BE%E7%89%87_20250322153012.jpg.webp\" sizes=\"auto, (max-width: 750px) 100vw, 750px\" srcset=\"https:\/\/youertejx.com\/wp-content\/uploads\/2025\/01\/\u5fae\u4fe1\u56fe\u7247_20250322153012.jpg.webp 750w, https:\/\/youertejx.com\/wp-content\/uploads\/2025\/01\/\u5fae\u4fe1\u56fe\u7247_20250322153012-300x275.jpg.webp 300w, https:\/\/youertejx.com\/wp-content\/uploads\/2025\/01\/\u5fae\u4fe1\u56fe\u7247_20250322153012-13x12.jpg.webp 13w, https:\/\/youertejx.com\/wp-content\/uploads\/2025\/01\/\u5fae\u4fe1\u56fe\u7247_20250322153012-600x550.jpg.webp 600w\" alt=\"\" width=\"750\" height=\"688\" \/><\/p>\n<h3><span style=\"color: #123596;\"><strong>FABBRICA<\/strong><\/span><\/h3>\n<p><img loading=\"lazy\" decoding=\"async\" class=\"alignnone size-full wp-image-2509\" src=\"https:\/\/youertejx.com\/wp-content\/uploads\/2025\/01\/1-6.jpg\" alt=\"\" width=\"750\" height=\"556\" srcset=\"https:\/\/youertejx.com\/wp-content\/uploads\/2025\/01\/1-6.jpg 750w, https:\/\/youertejx.com\/wp-content\/uploads\/2025\/01\/1-6-300x222.jpg 300w, https:\/\/youertejx.com\/wp-content\/uploads\/2025\/01\/1-6-16x12.jpg 16w, https:\/\/youertejx.com\/wp-content\/uploads\/2025\/01\/1-6-600x445.jpg 600w\" sizes=\"auto, (max-width: 750px) 100vw, 750px\" \/><\/p>\n<p><img loading=\"lazy\" decoding=\"async\" class=\"alignnone size-full wp-image-2401\" src=\"https:\/\/youertejx.com\/wp-content\/uploads\/2025\/01\/%E5%BE%AE%E4%BF%A1%E5%9B%BE%E7%89%87_20250322144247-1.jpg.webp\" sizes=\"auto, (max-width: 750px) 100vw, 750px\" srcset=\"https:\/\/youertejx.com\/wp-content\/uploads\/2025\/01\/\u5fae\u4fe1\u56fe\u7247_20250322144247-1.jpg.webp 750w, https:\/\/youertejx.com\/wp-content\/uploads\/2025\/01\/\u5fae\u4fe1\u56fe\u7247_20250322144247-1-300x239.jpg.webp 300w, https:\/\/youertejx.com\/wp-content\/uploads\/2025\/01\/\u5fae\u4fe1\u56fe\u7247_20250322144247-1-15x12.jpg.webp 15w, https:\/\/youertejx.com\/wp-content\/uploads\/2025\/01\/\u5fae\u4fe1\u56fe\u7247_20250322144247-1-600x478.jpg.webp 600w\" alt=\"\" width=\"750\" height=\"597\" \/><\/p>\n<h3><span style=\"color: #123596;\"><strong>I NOSTRI SERVIZI<\/strong><\/span><\/h3>\n<ul>\n<li>Abbiamo una rigorosa garanzia post-vendita. Se le parti vengono danneggiate durante il trasporto, possiamo fornirle gratuitamente. Allo stesso tempo, forniremo un servizio post-vendita per i nostri prodotti entro un anno.<\/li>\n<li>Prima di lasciare la fabbrica, possiamo effettuare un servizio video per garantire la qualit\u00e0 del prodotto.<\/li>\n<li>Supportiamo colori personalizzati e marchi di prodotti, e possiamo sviluppare prodotti diversi in base alle esigenze dei diversi clienti.<\/li>\n<li>I nostri miniescavatori hanno superato la certificazione CE e soddisfano gli standard europei e americani.<\/li>\n<li>Le forcelle e le cassette degli attrezzi vengono aggiunte gratuitamente e la stazione di ricarica pu\u00f2 scegliere la spina.<\/li>\n<\/ul>","protected":false},"excerpt":{"rendered":"<p>Features It adopts Laidong engine; it is equipped with a cab and is suitable for all kinds of weather. The standard mechanical operation can be equipped with hydraulic pilot operation, imported and joint venture hydraulic components, which are light and flexible in operation, soft in action, and can ensure precise operation. Ultra-stable chassis, large-scale travel [&hellip;]<\/p>\n","protected":false},"featured_media":2482,"template":"","meta":{"_gspb_post_css":""},"product_brand":[],"product_cat":[17,26],"product_tag":[],"class_list":{"0":"post-2121","1":"product","2":"type-product","3":"status-publish","4":"has-post-thumbnail","6":"product_cat-mini-excavator","7":"product_cat-u-30","9":"first","10":"instock","11":"shipping-taxable","12":"product-type-simple"},"_links":{"self":[{"href":"https:\/\/youertejx.com\/it\/wp-json\/wp\/v2\/product\/2121","targetHints":{"allow":["GET"]}}],"collection":[{"href":"https:\/\/youertejx.com\/it\/wp-json\/wp\/v2\/product"}],"about":[{"href":"https:\/\/youertejx.com\/it\/wp-json\/wp\/v2\/types\/product"}],"wp:featuredmedia":[{"embeddable":true,"href":"https:\/\/youertejx.com\/it\/wp-json\/wp\/v2\/media\/2482"}],"wp:attachment":[{"href":"https:\/\/youertejx.com\/it\/wp-json\/wp\/v2\/media?parent=2121"}],"wp:term":[{"taxonomy":"product_brand","embeddable":true,"href":"https:\/\/youertejx.com\/it\/wp-json\/wp\/v2\/product_brand?post=2121"},{"taxonomy":"product_cat","embeddable":true,"href":"https:\/\/youertejx.com\/it\/wp-json\/wp\/v2\/product_cat?post=2121"},{"taxonomy":"product_tag","embeddable":true,"href":"https:\/\/youertejx.com\/it\/wp-json\/wp\/v2\/product_tag?post=2121"}],"curies":[{"name":"wp","href":"https:\/\/api.w.org\/{rel}","templated":true}]}}