{"id":2150,"date":"2025-01-07T07:07:51","date_gmt":"2025-01-07T07:07:51","guid":{"rendered":"https:\/\/youertejx.com\/?post_type=product&#038;p=2150"},"modified":"2025-03-27T07:18:09","modified_gmt":"2025-03-27T07:18:09","slug":"forche-per-carrelli-elevatori-da-1-tonnellata-in-vendita","status":"publish","type":"product","link":"https:\/\/youertejx.com\/it\/product\/forklift-forks-1ton-for-sale\/","title":{"rendered":"Carrello elevatore elettrico da 1 tonnellata"},"content":{"rendered":"<h3><strong><span style=\"color: #123596;\">COSA POSSONO FARE PER TE I NOSTRI PRODOTTI?<\/span><\/strong><\/h3>\n<p>Il carrello elevatore elettrico da 1 tonnellata \u00e8 efficiente, soddisfa con precisione le esigenze di movimentazione quotidiane ed \u00e8 dotato di un eccellente sistema idraulico. \u00c8 ecologico ed ecologico, non produce gas di scarico ed \u00e8 silenzioso. \u00c8 compatto e flessibile, con un raggio di sterzata ridotto. \u00c8 sicuro e confortevole, con dettagli studiati con cura. Pu\u00f2 essere personalizzato su richiesta.<\/p>\n<ul>\n<li>La capacit\u00e0 di sollevamento nominale \u00e8 di 1000 kg, sufficiente a soddisfare la maggior parte delle esigenze quotidiane di movimentazione delle merci.<\/li>\n<li>Motore di sollevamento da 3 kW, elevata potenza, elevata efficienza di sollevamento.<\/li>\n<li>L&#039;albero ha un angolo di inclinazione di 25\u00b0, \u00e8 flessibile nel funzionamento e si adatta a diversi scenari di carico e scarico.<\/li>\n<li>Altezza di sollevamento di 3000 mm, adatta a ripiani di diverse altezze.<\/li>\n<li>Il raggio di sterzata minimo \u00e8 di 1980 mm, consentendo di svoltare facilmente in spazi ristretti.<\/li>\n<\/ul>\n<p><iframe loading=\"lazy\" title=\"Lettore video di YouTube\" src=\"https:\/\/www.youtube.com\/embed\/Av0BXWsWL7c?si=cRDyRLlEkSLQocS2\" width=\"750\" height=\"421\" frameborder=\"0\" allowfullscreen=\"allowfullscreen\"><\/iframe><\/p>\n<h3><span style=\"color: #123596;\"><strong>CERTIFICAZIONE<\/strong><\/span><\/h3>\n<p><img loading=\"lazy\" decoding=\"async\" class=\"alignnone size-full wp-image-2397\" src=\"https:\/\/youertejx.com\/wp-content\/uploads\/2025\/01\/\u5fae\u4fe1\u56fe\u7247_20250322153012.jpg\" alt=\"\" width=\"750\" height=\"688\" srcset=\"https:\/\/youertejx.com\/wp-content\/uploads\/2025\/01\/\u5fae\u4fe1\u56fe\u7247_20250322153012.jpg 750w, https:\/\/youertejx.com\/wp-content\/uploads\/2025\/01\/\u5fae\u4fe1\u56fe\u7247_20250322153012-300x275.jpg 300w, https:\/\/youertejx.com\/wp-content\/uploads\/2025\/01\/\u5fae\u4fe1\u56fe\u7247_20250322153012-13x12.jpg 13w, https:\/\/youertejx.com\/wp-content\/uploads\/2025\/01\/\u5fae\u4fe1\u56fe\u7247_20250322153012-600x550.jpg 600w\" sizes=\"auto, (max-width: 750px) 100vw, 750px\" \/><\/p>\n<h3><span style=\"color: #123596;\"><strong>FABBRICA<\/strong><\/span><\/h3>\n<p><img loading=\"lazy\" decoding=\"async\" class=\"alignnone size-full wp-image-2400\" src=\"https:\/\/youertejx.com\/wp-content\/uploads\/2025\/03\/\u5fae\u4fe1\u56fe\u7247_20250322155120.jpg\" alt=\"\" width=\"750\" height=\"556\" srcset=\"https:\/\/youertejx.com\/wp-content\/uploads\/2025\/03\/\u5fae\u4fe1\u56fe\u7247_20250322155120.jpg 750w, https:\/\/youertejx.com\/wp-content\/uploads\/2025\/03\/\u5fae\u4fe1\u56fe\u7247_20250322155120-300x222.jpg 300w, https:\/\/youertejx.com\/wp-content\/uploads\/2025\/03\/\u5fae\u4fe1\u56fe\u7247_20250322155120-16x12.jpg 16w, https:\/\/youertejx.com\/wp-content\/uploads\/2025\/03\/\u5fae\u4fe1\u56fe\u7247_20250322155120-600x445.jpg 600w\" sizes=\"auto, (max-width: 750px) 100vw, 750px\" \/> <img loading=\"lazy\" decoding=\"async\" class=\"alignnone size-full wp-image-2401\" src=\"https:\/\/youertejx.com\/wp-content\/uploads\/2025\/01\/\u5fae\u4fe1\u56fe\u7247_20250322144247-1.jpg\" alt=\"\" width=\"750\" height=\"597\" srcset=\"https:\/\/youertejx.com\/wp-content\/uploads\/2025\/01\/\u5fae\u4fe1\u56fe\u7247_20250322144247-1.jpg 750w, https:\/\/youertejx.com\/wp-content\/uploads\/2025\/01\/\u5fae\u4fe1\u56fe\u7247_20250322144247-1-300x239.jpg 300w, https:\/\/youertejx.com\/wp-content\/uploads\/2025\/01\/\u5fae\u4fe1\u56fe\u7247_20250322144247-1-15x12.jpg 15w, https:\/\/youertejx.com\/wp-content\/uploads\/2025\/01\/\u5fae\u4fe1\u56fe\u7247_20250322144247-1-600x478.jpg 600w\" sizes=\"auto, (max-width: 750px) 100vw, 750px\" \/><\/p>\n<h3><strong><span style=\"color: #123596;\">I NOSTRI SERVIZI<\/span><\/strong><\/h3>\n<ul>\n<li>Abbiamo una rigorosa garanzia post-vendita. Se le parti vengono danneggiate durante il trasporto, possiamo fornirle gratuitamente. Allo stesso tempo, forniremo un servizio post-vendita per i nostri prodotti entro un anno.<\/li>\n<li>Prima di lasciare la fabbrica, possiamo effettuare un servizio video per garantire la qualit\u00e0 del prodotto.<\/li>\n<li>Supportiamo colori personalizzati e marchi di prodotti, e possiamo sviluppare prodotti diversi in base alle esigenze dei diversi clienti.<\/li>\n<li>I nostri carrelli elevatori elettrici hanno superato la certificazione CE e soddisfano gli standard europei e americani.<\/li>\n<li>Le forcelle e le cassette degli attrezzi vengono aggiunte gratuitamente e la stazione di ricarica pu\u00f2 scegliere la spina.<\/li>\n<\/ul>","protected":false},"excerpt":{"rendered":"<p>WHAT CAN OUR PRODUCTS DO FOR YOU? 1 ton electric forklift operates efficiently, accurately matches daily handling needs, and has an excellent hydraulic system. It is green and environmentally friendly, has no exhaust gas and low noise. It is compact and flexible with a small turning radius. It is safe and comfortable, with thoughtful details. [&hellip;]<\/p>\n","protected":false},"featured_media":2389,"template":"","meta":{"_gspb_post_css":""},"product_brand":[],"product_cat":[33,32],"product_tag":[],"class_list":{"0":"post-2150","1":"product","2":"type-product","3":"status-publish","4":"has-post-thumbnail","6":"product_cat-cpd-10","7":"product_cat-electric-forklift","9":"first","10":"instock","11":"shipping-taxable","12":"product-type-simple"},"_links":{"self":[{"href":"https:\/\/youertejx.com\/it\/wp-json\/wp\/v2\/product\/2150","targetHints":{"allow":["GET"]}}],"collection":[{"href":"https:\/\/youertejx.com\/it\/wp-json\/wp\/v2\/product"}],"about":[{"href":"https:\/\/youertejx.com\/it\/wp-json\/wp\/v2\/types\/product"}],"wp:featuredmedia":[{"embeddable":true,"href":"https:\/\/youertejx.com\/it\/wp-json\/wp\/v2\/media\/2389"}],"wp:attachment":[{"href":"https:\/\/youertejx.com\/it\/wp-json\/wp\/v2\/media?parent=2150"}],"wp:term":[{"taxonomy":"product_brand","embeddable":true,"href":"https:\/\/youertejx.com\/it\/wp-json\/wp\/v2\/product_brand?post=2150"},{"taxonomy":"product_cat","embeddable":true,"href":"https:\/\/youertejx.com\/it\/wp-json\/wp\/v2\/product_cat?post=2150"},{"taxonomy":"product_tag","embeddable":true,"href":"https:\/\/youertejx.com\/it\/wp-json\/wp\/v2\/product_tag?post=2150"}],"curies":[{"name":"wp","href":"https:\/\/api.w.org\/{rel}","templated":true}]}}