{"id":2305,"date":"2025-03-14T06:08:12","date_gmt":"2025-03-14T06:08:12","guid":{"rendered":"https:\/\/youertejx.com\/?post_type=product&#038;p=2305"},"modified":"2025-05-24T07:29:19","modified_gmt":"2025-05-24T07:29:19","slug":"carrello-elevatore-elettrico-da-2-tonnellate","status":"publish","type":"product","link":"https:\/\/youertejx.com\/it\/product\/2-ton-electric-forklift\/","title":{"rendered":"Carrello elevatore elettrico da 2 tonnellate"},"content":{"rendered":"<h3><span style=\"color: #123596;\"><strong>COSA POSSONO FARE PER TE I NOSTRI PRODOTTI?<\/strong><\/span><\/h3>\n<p>Il carrello elevatore elettrico da 2 tonnellate \u00e8 adatto alla maggior parte degli scenari di movimentazione. Ha un motore ad alte prestazioni, un corpo compatto, un raggio di sterzata minimo di circa 2 metri, un facile servosterzo elettrico, velocit\u00e0 di sollevamento e guida ragionevoli e un funzionamento efficiente; ha freni sensibili e il controllo del segnale elettrico risponde rapidamente, garantendo la sicurezza.<\/p>\n<ul>\n<li>La capacit\u00e0 di sollevamento nominale \u00e8 di 2 tonnellate, il che soddisfa la maggior parte delle esigenze quotidiane di movimentazione delle merci ed \u00e8 applicabile a un&#039;ampia gamma di scenari.<\/li>\n<li>Il motore da 4 kW \u00e8 potente e pu\u00f2 funzionare in modo efficiente in diverse condizioni di lavoro.<\/li>\n<li>L&#039;inclinazione dell&#039;albero di 25\u00b0 migliora la flessibilit\u00e0 operativa e facilita le operazioni di carico, scarico e accatastamento delle merci.<\/li>\n<li>L&#039;altezza massima di sollevamento \u00e8 di 3000 mm, adatta alla movimentazione di carichi su ripiani pi\u00f9 alti e amplia l&#039;utilizzo dello spazio di stoccaggio.<\/li>\n<li>Dotato di ruote anteriori con specifiche 650-10, abbinate a un passo adeguato, offre guida stabile, raggio di sterzata minimo ridotto e pu\u00f2 adattarsi alle operazioni in spazi ristretti.<\/li>\n<\/ul>\n<p><iframe loading=\"lazy\" title=\"Lettore video di YouTube\" src=\"https:\/\/www.youtube.com\/embed\/Q4ccgMaeQVA?si=ADtrqylgWHJny_zX\" width=\"750\" height=\"421\" frameborder=\"0\" allowfullscreen=\"allowfullscreen\"><\/iframe><\/p>\n<h3><span style=\"color: #123596;\"><strong>CERTIFICAZIONE<\/strong><\/span><\/h3>\n<p><img loading=\"lazy\" decoding=\"async\" class=\"alignnone  wp-image-2397\" src=\"https:\/\/youertejx.com\/wp-content\/uploads\/2025\/01\/\u5fae\u4fe1\u56fe\u7247_20250322153012.jpg\" alt=\"\" width=\"750\" height=\"688\" srcset=\"https:\/\/youertejx.com\/wp-content\/uploads\/2025\/01\/\u5fae\u4fe1\u56fe\u7247_20250322153012.jpg 750w, https:\/\/youertejx.com\/wp-content\/uploads\/2025\/01\/\u5fae\u4fe1\u56fe\u7247_20250322153012-300x275.jpg 300w, https:\/\/youertejx.com\/wp-content\/uploads\/2025\/01\/\u5fae\u4fe1\u56fe\u7247_20250322153012-13x12.jpg 13w, https:\/\/youertejx.com\/wp-content\/uploads\/2025\/01\/\u5fae\u4fe1\u56fe\u7247_20250322153012-600x550.jpg 600w\" sizes=\"auto, (max-width: 750px) 100vw, 750px\" \/><\/p>\n<h3><span style=\"color: #123596;\"><strong>FABBRICA<\/strong><\/span><\/h3>\n<p><img loading=\"lazy\" decoding=\"async\" class=\"alignnone size-full wp-image-2400\" src=\"https:\/\/youertejx.com\/wp-content\/uploads\/2025\/03\/\u5fae\u4fe1\u56fe\u7247_20250322155120.jpg\" alt=\"\" width=\"750\" height=\"556\" srcset=\"https:\/\/youertejx.com\/wp-content\/uploads\/2025\/03\/\u5fae\u4fe1\u56fe\u7247_20250322155120.jpg 750w, https:\/\/youertejx.com\/wp-content\/uploads\/2025\/03\/\u5fae\u4fe1\u56fe\u7247_20250322155120-300x222.jpg 300w, https:\/\/youertejx.com\/wp-content\/uploads\/2025\/03\/\u5fae\u4fe1\u56fe\u7247_20250322155120-16x12.jpg 16w, https:\/\/youertejx.com\/wp-content\/uploads\/2025\/03\/\u5fae\u4fe1\u56fe\u7247_20250322155120-600x445.jpg 600w\" sizes=\"auto, (max-width: 750px) 100vw, 750px\" \/><\/p>\n<p><img loading=\"lazy\" decoding=\"async\" class=\"alignnone size-full wp-image-2401\" src=\"https:\/\/youertejx.com\/wp-content\/uploads\/2025\/01\/\u5fae\u4fe1\u56fe\u7247_20250322144247-1.jpg\" alt=\"\" width=\"750\" height=\"597\" srcset=\"https:\/\/youertejx.com\/wp-content\/uploads\/2025\/01\/\u5fae\u4fe1\u56fe\u7247_20250322144247-1.jpg 750w, https:\/\/youertejx.com\/wp-content\/uploads\/2025\/01\/\u5fae\u4fe1\u56fe\u7247_20250322144247-1-300x239.jpg 300w, https:\/\/youertejx.com\/wp-content\/uploads\/2025\/01\/\u5fae\u4fe1\u56fe\u7247_20250322144247-1-15x12.jpg 15w, https:\/\/youertejx.com\/wp-content\/uploads\/2025\/01\/\u5fae\u4fe1\u56fe\u7247_20250322144247-1-600x478.jpg 600w\" sizes=\"auto, (max-width: 750px) 100vw, 750px\" \/><\/p>\n<h3><span style=\"color: #123596;\"><strong>I NOSTRI SERVIZI<\/strong><\/span><\/h3>\n<ul>\n<li>Abbiamo una rigorosa garanzia post-vendita. Se le parti vengono danneggiate durante il trasporto, possiamo fornirle gratuitamente. Allo stesso tempo, forniremo un servizio post-vendita per i nostri prodotti entro un anno.<\/li>\n<li>Prima di lasciare la fabbrica, possiamo effettuare un servizio video per garantire la qualit\u00e0 del prodotto.<\/li>\n<li>Supportiamo colori personalizzati e marchi di prodotti, e possiamo sviluppare prodotti diversi in base alle esigenze dei diversi clienti.<\/li>\n<li>I nostri carrelli elevatori elettrici hanno superato la certificazione CE e soddisfano gli standard europei e americani.<\/li>\n<li>Le forcelle e le cassette degli attrezzi vengono aggiunte gratuitamente e la stazione di ricarica pu\u00f2 scegliere la spina.<\/li>\n<\/ul>","protected":false},"excerpt":{"rendered":"<ul>\n<li>La capacit\u00e0 di sollevamento nominale \u00e8 di 2 tonnellate, il che soddisfa la maggior parte delle esigenze quotidiane di movimentazione delle merci ed \u00e8 applicabile a un&#039;ampia gamma di scenari.<\/li>\n<li>Il motore da 4 kW \u00e8 potente e pu\u00f2 funzionare in modo efficiente in diverse condizioni di lavoro.<\/li>\n<li>L&#039;inclinazione dell&#039;albero di 25\u00b0 migliora la flessibilit\u00e0 operativa e facilita le operazioni di carico, scarico e accatastamento delle merci.<\/li>\n<li>L&#039;altezza massima di sollevamento \u00e8 di 3000 mm, adatta alla movimentazione di carichi su ripiani pi\u00f9 alti e amplia l&#039;utilizzo dello spazio di stoccaggio.<\/li>\n<li>Dotato di ruote anteriori con specifiche 650-10, abbinate a un passo adeguato, offre guida stabile, raggio di sterzata minimo ridotto e pu\u00f2 adattarsi alle operazioni in spazi ristretti.<\/li>\n<\/ul>","protected":false},"featured_media":2402,"template":"","meta":{"_gspb_post_css":""},"product_brand":[],"product_cat":[35,32],"product_tag":[],"class_list":{"0":"post-2305","1":"product","2":"type-product","3":"status-publish","4":"has-post-thumbnail","6":"product_cat-cpd-20","7":"product_cat-electric-forklift","9":"first","10":"instock","11":"shipping-taxable","12":"product-type-simple"},"_links":{"self":[{"href":"https:\/\/youertejx.com\/it\/wp-json\/wp\/v2\/product\/2305","targetHints":{"allow":["GET"]}}],"collection":[{"href":"https:\/\/youertejx.com\/it\/wp-json\/wp\/v2\/product"}],"about":[{"href":"https:\/\/youertejx.com\/it\/wp-json\/wp\/v2\/types\/product"}],"wp:featuredmedia":[{"embeddable":true,"href":"https:\/\/youertejx.com\/it\/wp-json\/wp\/v2\/media\/2402"}],"wp:attachment":[{"href":"https:\/\/youertejx.com\/it\/wp-json\/wp\/v2\/media?parent=2305"}],"wp:term":[{"taxonomy":"product_brand","embeddable":true,"href":"https:\/\/youertejx.com\/it\/wp-json\/wp\/v2\/product_brand?post=2305"},{"taxonomy":"product_cat","embeddable":true,"href":"https:\/\/youertejx.com\/it\/wp-json\/wp\/v2\/product_cat?post=2305"},{"taxonomy":"product_tag","embeddable":true,"href":"https:\/\/youertejx.com\/it\/wp-json\/wp\/v2\/product_tag?post=2305"}],"curies":[{"name":"wp","href":"https:\/\/api.w.org\/{rel}","templated":true}]}}